{"id":2000000993,"date":"2025-06-18T13:59:22","date_gmt":"2025-06-18T13:59:22","guid":{"rendered":"https:\/\/frantoiocongedi.com\/unternehmen\/"},"modified":"2026-04-01T15:15:51","modified_gmt":"2026-04-01T15:15:51","slug":"unternehmen","status":"publish","type":"page","link":"https:\/\/frantoiocongedi.com\/de\/unternehmen\/","title":{"rendered":"Unternehmen"},"content":{"rendered":"\t\t<div data-elementor-type=\"wp-page\" data-elementor-id=\"2000000993\" class=\"elementor elementor-2000000993\">\n\t\t\t\t<div class=\"wd-negative-gap elementor-element elementor-element-c98be3c e-flex e-con-boxed e-con e-parent\" data-id=\"c98be3c\" data-element_type=\"container\" data-e-type=\"container\">\n\t\t\t\t\t<div class=\"e-con-inner\">\n\t\t\t\t<div class=\"elementor-element elementor-element-d0fbb07 elementor-widget elementor-widget-heading\" data-id=\"d0fbb07\" data-element_type=\"widget\" data-e-type=\"widget\" data-widget_type=\"heading.default\">\n\t\t\t\t<div class=\"elementor-widget-container\">\n\t\t\t\t\t<h2 class=\"elementor-heading-title elementor-size-default\">Unsere Mission ist es, die traditionellen Produkte des Salento, unserer Heimat, aufzuwerten und dabei die Umwelt und die Familientradition zu respektieren.<\/h2>\t\t\t\t<\/div>\n\t\t\t\t<\/div>\n\t\t\t\t<div class=\"elementor-element elementor-element-d1ddf93 color-scheme-inherit text-left elementor-widget elementor-widget-text-editor\" data-id=\"d1ddf93\" data-element_type=\"widget\" data-e-type=\"widget\" data-widget_type=\"text-editor.default\">\n\t\t\t\t<div class=\"elementor-widget-container\">\n\t\t\t\t\t\t\t\t\t<p>Unsere St\u00e4rken sind zahlreich. Zun\u00e4chst einmal ist eine der Besonderheiten unseres Oliven\u00f6lunternehmens, auf die wir besonders stolz sind, die Verwendung f\u00fcr die Herstellung des <a href=\"https:\/\/www.oliocongedi.com\/olio-pugliese\" target=\"_blank\" rel=\"noopener\"><strong>nativen Oliven\u00f6ls extra<\/strong> <\/a>innovative, hochmoderne Techniken einzusetzen, die es uns erm\u00f6glichen, v\u00f6llig nachhaltig zu arbeiten und die Auswirkungen auf die Umwelt zu reduzieren, ja sogar ganz auf Null zu reduzieren. Dies haben wir durch verschiedene clevere <strong>, \u00f6kologisch nachhaltige<\/strong> Ma\u00dfnahmen erreicht, wie z.B. die Wiederverwendung von Produktionsabf\u00e4llen als Brennstoff, D\u00fcnger und als Zusatz f\u00fcr Tierfutter oder die Gewinnung der f\u00fcr die Produktionsanlage ben\u00f6tigten Energie aus der Photovoltaikanlage. Dar\u00fcber hinaus ist es uns gelungen, mit modernen Anlagen den Wasserverbrauch f\u00fcr die Herstellung von nativem Oliven\u00f6l extra zu senken und gleichzeitig die <strong>Qualit\u00e4t des<\/strong> Endprodukts zu verbessern. Die Kombination aus Umweltschutz und dem Streben nach hohen Qualit\u00e4tsstandards ist die perfekte Zusammenfassung dessen, was natives Oliven\u00f6l extra von Congedi ausmacht.    <\/p>\t\t\t\t\t\t\t\t<\/div>\n\t\t\t\t<\/div>\n\t\t\t\t<div class=\"elementor-element elementor-element-575a14e elementor-widget elementor-widget-image\" data-id=\"575a14e\" data-element_type=\"widget\" data-e-type=\"widget\" data-widget_type=\"image.default\">\n\t\t\t\t<div class=\"elementor-widget-container\">\n\t\t\t\t\t\t\t\t\t\t\t\t\t\t\t<img loading=\"lazy\" decoding=\"async\" width=\"800\" height=\"533\" src=\"https:\/\/frantoiocongedi.com\/wp-content\/uploads\/2025\/06\/azienda.jpg\" class=\"attachment-large size-large wp-image-2000000994\" alt=\"\" srcset=\"https:\/\/frantoiocongedi.com\/wp-content\/uploads\/2025\/06\/azienda.jpg 800w, https:\/\/frantoiocongedi.com\/wp-content\/uploads\/2025\/06\/azienda-150x100.jpg 150w, https:\/\/frantoiocongedi.com\/wp-content\/uploads\/2025\/06\/azienda-300x200.jpg 300w, https:\/\/frantoiocongedi.com\/wp-content\/uploads\/2025\/06\/azienda-768x512.jpg 768w\" sizes=\"auto, (max-width: 800px) 100vw, 800px\" \/>\t\t\t\t\t\t\t\t\t\t\t\t\t\t\t<\/div>\n\t\t\t\t<\/div>\n\t\t\t\t\t<\/div>\n\t\t\t\t<\/div>\n\t\t<div class=\"wd-negative-gap elementor-element elementor-element-144f4f7 e-flex e-con-boxed e-con e-parent\" data-id=\"144f4f7\" data-element_type=\"container\" data-e-type=\"container\">\n\t\t\t\t\t<div class=\"e-con-inner\">\n\t\t\t\t<div class=\"elementor-element elementor-element-67e49a7 color-scheme-inherit text-left elementor-widget elementor-widget-text-editor\" data-id=\"67e49a7\" data-element_type=\"widget\" data-e-type=\"widget\" data-widget_type=\"text-editor.default\">\n\t\t\t\t<div class=\"elementor-widget-container\">\n\t\t\t\t\t\t\t\t\t<p><br>Die gesamte T\u00e4tigkeit unseres Unternehmens, von den gro\u00dfen Produktionsprozessen bis hin zu den kleinsten Details, wird mit Hingabe und Leidenschaft betrieben, um unseren Kunden eine st\u00e4ndige und progressive Verbesserung des Endergebnisses zu garantieren. Unser Kunde &#8211; der wahre Dreh- und Angelpunkt, um den sich unser t\u00e4gliches Engagement dreht &#8211; und dem wir <strong>Aufmerksamkeit<\/strong>, <strong>Qualit\u00e4t<\/strong> und <strong>Innovation<\/strong> garantieren, wird somit ein <strong>Produkt von h\u00f6chster Qualit\u00e4t<\/strong> nach Hause nehmen, ein <strong>100% italienisches<\/strong>, ein <strong>apulisches \u00d6l<\/strong>, <a href=\"https:\/\/www.oliocongedi.com\/coltivato-nel-salento\" target=\"_blank\" rel=\"noopener\"><strong>angebaut im Salento<\/strong> <\/a>. <\/p><p><strong>Olio Congedi<\/strong> ist ein <strong>Unternehmen aus dem Salento<\/strong>, das sich in seiner langen Geschichte stets durch sein Bestreben ausgezeichnet hat, das <a href=\"https:\/\/www.oliocongedi.com\/olio-extravergine-italiano\" target=\"_blank\" rel=\"noopener\"><strong>Natives Oliven\u00f6l extra<\/strong> <\/a>das es mit Stolz herstellt, angefangen bei der Pflege des <strong>Olivenbaums<\/strong> bis hin zur Herstellung und anschlie\u00dfenden Konservierung des <a href=\"https:\/\/www.oliocongedi.com\/olio-del-salento\" target=\"_blank\" rel=\"noopener\"><strong>nativen Oliven\u00f6ls extra aus dem Salento<\/strong> <\/a>Dies geschieht unter kontrollierter Temperatur und in Edelstahltanks, die anschlie\u00dfend unter Stickstoff gelagert werden, um eine hohe Produktqualit\u00e4t w\u00e4hrend der Lagerung und Verpackung zu gew\u00e4hrleisten.<br><br>Die Familientradition hat in der Geschichte unseres Unternehmens eine grundlegende Rolle gespielt, denn sie hat die Weitergabe von Wissen und Geheimnissen alter Herkunft erm\u00f6glicht, die den Lauf der Zeit \u00fcberdauert haben und heute unserem Land, dem <a href=\"https:\/\/www.oliocongedi.com\/salento\" target=\"_blank\" rel=\"noopener\"><strong>Salento<\/strong> <\/a>die M\u00f6glichkeit, ein <strong>handwerklich hergestelltes<\/strong>, <strong>f\u00fcr den Salento typisches<\/strong> <strong>Produkt<\/strong> zu haben, das nicht nur den Bed\u00fcrfnissen des Marktes nach Innovation und Nachhaltigkeit entspricht, sondern auch ein Pfund hat, das es einzigartig und von allen anderen unterscheidbar macht: die <strong>Kraft der Tradition<\/strong>. Gleichzeitig tr\u00e4gt die <strong>gro\u00dfe Leidenschaft<\/strong>, mit der sich alle Familienmitglieder und Mitarbeiter t\u00e4glich ihrer Arbeit widmen, wesentlich zur Herstellung eines Spitzenprodukts bei.  Letzteres war eine wichtige Voraussetzung f\u00fcr den Erhalt mehrerer <a href=\"https:\/\/www.oliocongedi.com\/riconoscimenti\" target=\"_blank\" rel=\"noopener\"><strong>Preise und Auszeichnungen<\/strong> <\/a>prestigetr\u00e4chtigen Auszeichnungen in der Branche.<\/p>\t\t\t\t\t\t\t\t<\/div>\n\t\t\t\t<\/div>\n\t\t\t\t\t<\/div>\n\t\t\t\t<\/div>\n\t\t<div class=\"wd-negative-gap elementor-element elementor-element-40fe323 e-flex e-con-boxed e-con e-parent\" data-id=\"40fe323\" data-element_type=\"container\" data-e-type=\"container\">\n\t\t\t\t\t<div class=\"e-con-inner\">\n\t\t\t\t<div class=\"elementor-element elementor-element-df904a5 elementor-widget elementor-widget-image\" data-id=\"df904a5\" data-element_type=\"widget\" data-e-type=\"widget\" data-widget_type=\"image.default\">\n\t\t\t\t<div class=\"elementor-widget-container\">\n\t\t\t\t\t\t\t\t\t\t\t\t\t\t\t<img loading=\"lazy\" decoding=\"async\" width=\"900\" height=\"600\" src=\"https:\/\/frantoiocongedi.com\/wp-content\/uploads\/2025\/06\/IMG_5655.jpg\" class=\"attachment-large size-large wp-image-2000000995\" alt=\"\" srcset=\"https:\/\/frantoiocongedi.com\/wp-content\/uploads\/2025\/06\/IMG_5655.jpg 900w, https:\/\/frantoiocongedi.com\/wp-content\/uploads\/2025\/06\/IMG_5655-150x100.jpg 150w, https:\/\/frantoiocongedi.com\/wp-content\/uploads\/2025\/06\/IMG_5655-300x200.jpg 300w, https:\/\/frantoiocongedi.com\/wp-content\/uploads\/2025\/06\/IMG_5655-768x512.jpg 768w\" sizes=\"auto, (max-width: 900px) 100vw, 900px\" \/>\t\t\t\t\t\t\t\t\t\t\t\t\t\t\t<\/div>\n\t\t\t\t<\/div>\n\t\t\t\t<div class=\"elementor-element elementor-element-797cfd2 color-scheme-inherit text-left elementor-widget elementor-widget-text-editor\" data-id=\"797cfd2\" data-element_type=\"widget\" data-e-type=\"widget\" data-widget_type=\"text-editor.default\">\n\t\t\t\t<div class=\"elementor-widget-container\">\n\t\t\t\t\t\t\t\t\t<p> <\/p><p>Nicht zuletzt ist das <strong>Meer<\/strong> eine der St\u00e4rken des Unternehmens, und das ganz ohne Kosten <strong>.<\/strong> Das herrliche <strong>Meer des Salento<\/strong>, das sich vom Blau seiner Tiefen bis zu den sonnigen, gelben <strong>B\u00f6den des Salento<\/strong> erstreckt, wo sich die <strong>Olivenhaine<\/strong> des Unternehmens <strong>Olio Congedi<\/strong> erstrecken, bietet ein Mikroklima, das das Wachstum und die gesunde Erhaltung des <strong>Olivenbaums<\/strong> beg\u00fcnstigt und so schon vor der Reifung und Ernte <strong>der Oliven<\/strong> die Entwicklung eines Umfelds erm\u00f6glicht, das alle Voraussetzungen f\u00fcr den Erfolg bietet. <\/p><p> <\/p>\t\t\t\t\t\t\t\t<\/div>\n\t\t\t\t<\/div>\n\t\t\t\t\t<\/div>\n\t\t\t\t<\/div>\n\t\t\t\t<\/div>\n\t\t","protected":false},"excerpt":{"rendered":"<p>Unsere Mission ist es, die traditionellen Produkte des Salento, unserer Heimat, aufzuwerten und dabei die Umwelt und die Familientradition zu<\/p>\n","protected":false},"author":1,"featured_media":0,"parent":0,"menu_order":0,"comment_status":"closed","ping_status":"closed","template":"","meta":{"footnotes":""},"class_list":["post-2000000993","page","type-page","status-publish","hentry"],"jetpack_sharing_enabled":true,"_links":{"self":[{"href":"https:\/\/frantoiocongedi.com\/de\/wp-json\/wp\/v2\/pages\/2000000993","targetHints":{"allow":["GET"]}}],"collection":[{"href":"https:\/\/frantoiocongedi.com\/de\/wp-json\/wp\/v2\/pages"}],"about":[{"href":"https:\/\/frantoiocongedi.com\/de\/wp-json\/wp\/v2\/types\/page"}],"author":[{"embeddable":true,"href":"https:\/\/frantoiocongedi.com\/de\/wp-json\/wp\/v2\/users\/1"}],"replies":[{"embeddable":true,"href":"https:\/\/frantoiocongedi.com\/de\/wp-json\/wp\/v2\/comments?post=2000000993"}],"version-history":[{"count":1,"href":"https:\/\/frantoiocongedi.com\/de\/wp-json\/wp\/v2\/pages\/2000000993\/revisions"}],"predecessor-version":[{"id":2000000997,"href":"https:\/\/frantoiocongedi.com\/de\/wp-json\/wp\/v2\/pages\/2000000993\/revisions\/2000000997"}],"wp:attachment":[{"href":"https:\/\/frantoiocongedi.com\/de\/wp-json\/wp\/v2\/media?parent=2000000993"}],"curies":[{"name":"wp","href":"https:\/\/api.w.org\/{rel}","templated":true}]}}