{"id":2000001001,"date":"2025-06-18T13:10:55","date_gmt":"2025-06-18T13:10:55","guid":{"rendered":"https:\/\/frantoiocongedi.com\/produktionszyklus\/"},"modified":"2026-04-01T15:16:18","modified_gmt":"2026-04-01T15:16:18","slug":"produktionszyklus","status":"publish","type":"page","link":"https:\/\/frantoiocongedi.com\/de\/produktionszyklus\/","title":{"rendered":"Produktionszyklus"},"content":{"rendered":"\t\t<div data-elementor-type=\"wp-page\" data-elementor-id=\"2000001001\" class=\"elementor elementor-2000001001\">\n\t\t\t\t\t\t<section class=\"wd-negative-gap elementor-section elementor-top-section elementor-element elementor-element-1d025e51 elementor-section-boxed elementor-section-height-default elementor-section-height-default\" data-id=\"1d025e51\" data-element_type=\"section\" data-e-type=\"section\">\n\t\t\t\t\t\t<div class=\"elementor-container elementor-column-gap-default\">\n\t\t\t\t\t<div class=\"elementor-column elementor-col-100 elementor-top-column elementor-element elementor-element-51590a3c\" data-id=\"51590a3c\" data-element_type=\"column\" data-e-type=\"column\">\n\t\t\t<div class=\"elementor-widget-wrap elementor-element-populated\">\n\t\t\t\t\t\t<div class=\"elementor-element elementor-element-253b13b2 wd-width-100 elementor-widget elementor-widget-wd_title\" data-id=\"253b13b2\" data-element_type=\"widget\" data-e-type=\"widget\" data-widget_type=\"wd_title.default\">\n\t\t\t\t<div class=\"elementor-widget-container\">\n\t\t\t\t\t\t\t<div class=\"title-wrapper wd-set-mb reset-last-child wd-title-color-primary wd-title-style-bordered wd-title-size-default text-center\">\n\n\t\t\t\t\t\t\t\t\t\t\t<div class=\"title-subtitle subtitle-color-primary subtitle-style-default wd-fontsize-xs\">\n\t\t\t\t\tWie es passiert\t\t\t\t<\/div>\n\t\t\t\n\t\t\t<div class=\"liner-continer\">\n\t\t\t\t<h4 class=\"woodmart-title-container title wd-fontsize-l\">Der Transformationsprozess<\/h4> \n\t\t\t\t\t\t\t<\/div>\n\n\t\t\t\t\t\t\t<div class=\"title-after_title reset-last-child wd-fontsize-xs\">\n\t\t\t\t\t<p>Der Prozess der Verarbeitung von Oliven zu 100% italienischem nativem Oliven\u00f6l extra umfasst mehrere Arbeitsschritte, die sich gegenseitig vorbereiten und bis ins kleinste Detail durchdacht sind.<\/p>\t\t\t\t<\/div>\n\t\t\t\t\t<\/div>\n\t\t\t\t\t\t<\/div>\n\t\t\t\t<\/div>\n\t\t\t\t<div class=\"elementor-element elementor-element-5d0c33c3 elementor-widget elementor-widget-wd_timeline\" data-id=\"5d0c33c3\" data-element_type=\"widget\" data-e-type=\"widget\" data-widget_type=\"wd_timeline.default\">\n\t\t\t\t<div class=\"elementor-widget-container\">\n\t\t\t\t\t\t\t<div class=\"wd-timeline-wrapper wd-item-shadow wd-line-dashed\">\n\t\t\t<div class=\"woodmart-timeline-line\">\n\t\t\t\t<span class=\"line-dot dot-start\"><\/span>\n\t\t\t\t<span class=\"line-dot dot-end\"><\/span>\n\t\t\t<\/div>\n\n\t\t\t<div class=\"wd-timeline\">\n\t\t\t\t\t\t\t\t\t\t\t\t\t\t\t\t\t\t\t\t<div class=\"wd-timeline-breakpoint elementor-repeater-item-72517f7\">\n\t\t\t\t\t\t\t<span class=\"woodmart-timeline-breakpoint-title\">\n\t\t\t\t\t\t\t\tDie Kollektion\t\t\t\t\t\t\t<\/span>\n\t\t\t\t\t\t<\/div>\n\t\t\t\t\t\t\t\t\t\t\t\t\t\t\t\t\t\t\t\t\t\t\t\t\t<div class=\"wd-timeline-item wd-item-position-left elementor-repeater-item-aef73d4\">\n\t\t\t\t\t\t\t<div class=\"woodmart-timeline-dot\"><\/div>\n\n\t\t\t\t\t\t\t<div class=\"timeline-col timeline-col-primary\">\n\t\t\t\t\t\t\t\t<span class=\"timeline-arrow\"><\/span>\n\t\t\t\t\t\t\t\t\n\t\t\t\t\t\t\t\t\n\t\t\t\t\t\t\t\t<div class=\"wd-timeline-content wd-set-mb reset-last-child\">\n\t\t\t\t\t\t\t\t\t<div class=\"col-content left-history\"><p>Die <strong>Olivenernte<\/strong> in Apulien beginnt im Allgemeinen von Oktober bis Dezember. Die Salento-Oliven werden <strong>direkt vom Baum<\/strong> gepfl\u00fcckt, wenn sie den <strong>richtigen Reifegrad<\/strong>, die sogenannte <strong>Veraison<\/strong>, erreicht haben. Die Erntemethode h\u00e4ngt vom jeweiligen Baum ab; sie kann teilweise mechanisch durch Sch\u00fctteln und teilweise manuell durch Handpfl\u00fccken erfolgen. Die traditionellen apulischen Oliven werden in bel\u00fcftete Kisten gelegt und sofort zur <strong>\u00d6lm\u00fchle<\/strong> gebracht, wo sie verarbeitet werden. Diese Phase ist sehr wichtig, um den Beginn von G\u00e4rung und Oxidation zu vermeiden. Zur Gewinnung des<a href=\"https:\/\/www.oliocongedi.com\/coltivato-nel-salento\" target=\"_blank\" rel=\"noopener\"><strong>hochwertiges natives Oliven\u00f6l extra<\/strong> <strong>das im Salento angebaut wird<\/strong><\/a>zu erhalten, muss jeder Moment der Verarbeitung sorgf\u00e4ltig \u00fcberwacht und an den kritischen Punkten kontrolliert werden, denn ein Fehler w\u00e4hrend der Verarbeitung w\u00fcrde die Qualit\u00e4t des Produkts entscheidend beeinflussen. <a href=\"https:\/\/www.oliocongedi.com\/qualita-olio-extravergine-pugliese\" target=\"_blank\" rel=\"noopener\"><strong>Qualit\u00e4t des Produkts<\/strong><\/a> und nur schwer wiederhergestellt werden kann.     <\/p><\/div><div class=\"col-content right-history\"> <\/div>\t\t\t\t\t\t\t\t<\/div>\n\t\t\t\t\t\t\t<\/div>\n\n\t\t\t\t\t\t\t<div class=\"timeline-col timeline-col-secondary\">\n\t\t\t\t\t\t\t\t<span class=\"timeline-arrow\"><\/span>\n\t\t\t\t\t\t\t\t\t\t\t\t\t\t\t\t\t<div class=\"wd-timeline-image\">\n\t\t\t\t\t\t\t\t\t\t<img loading=\"lazy\" decoding=\"async\" width=\"1500\" height=\"1000\" src=\"https:\/\/frantoiocongedi.com\/wp-content\/uploads\/2025\/06\/2-2.jpg\" class=\"attachment-full size-full\" alt=\"\" srcset=\"https:\/\/frantoiocongedi.com\/wp-content\/uploads\/2025\/06\/2-2.jpg 1500w, https:\/\/frantoiocongedi.com\/wp-content\/uploads\/2025\/06\/2-2-150x100.jpg 150w, https:\/\/frantoiocongedi.com\/wp-content\/uploads\/2025\/06\/2-2-1200x800.jpg 1200w, https:\/\/frantoiocongedi.com\/wp-content\/uploads\/2025\/06\/2-2-300x200.jpg 300w, https:\/\/frantoiocongedi.com\/wp-content\/uploads\/2025\/06\/2-2-1024x683.jpg 1024w, https:\/\/frantoiocongedi.com\/wp-content\/uploads\/2025\/06\/2-2-768x512.jpg 768w\" sizes=\"auto, (max-width: 1500px) 100vw, 1500px\" \/>\t\t\t\t\t\t\t\t\t<\/div>\n\t\t\t\t\t\t\t\t\n\t\t\t\t\t\t\t\t\n\t\t\t\t\t\t\t\t<div class=\"wd-timeline-content wd-set-mb reset-last-child\">\n\t\t\t\t\t\t\t\t\t\t\t\t\t\t\t\t\t<\/div>\n\t\t\t\t\t\t\t<\/div>\n\t\t\t\t\t\t<\/div>\n\t\t\t\t\t\t\t\t\t\t\t\t\t\t\t\t\t\t\t\t\t\t\t\t\t<div class=\"wd-timeline-breakpoint elementor-repeater-item-be949da\">\n\t\t\t\t\t\t\t<span class=\"woodmart-timeline-breakpoint-title\">\n\t\t\t\t\t\t\t\tEntbl\u00e4ttern und Waschen\t\t\t\t\t\t\t<\/span>\n\t\t\t\t\t\t<\/div>\n\t\t\t\t\t\t\t\t\t\t\t\t\t\t\t\t\t\t\t\t\t\t\t\t\t<div class=\"wd-timeline-item wd-item-position-right elementor-repeater-item-f40ab6a\">\n\t\t\t\t\t\t\t<div class=\"woodmart-timeline-dot\"><\/div>\n\n\t\t\t\t\t\t\t<div class=\"timeline-col timeline-col-primary\">\n\t\t\t\t\t\t\t\t<span class=\"timeline-arrow\"><\/span>\n\t\t\t\t\t\t\t\t\n\t\t\t\t\t\t\t\t\n\t\t\t\t\t\t\t\t<div class=\"wd-timeline-content wd-set-mb reset-last-child\">\n\t\t\t\t\t\t\t\t\t<p>Einer der ersten Arbeitsschritte bei der Verarbeitung der Oliven zu nativem Oliven\u00f6l extra nach der Ernte ist das Entbl\u00e4ttern, das wichtig ist, um verfaulte Bl\u00e4tter und Zweige, die w\u00e4hrend der Ernte gefallen sind, zu entfernen. Das Waschen der Oliven ist wichtig, um den \"schmutzigen\" und \"erdigen\" Geruch des apulischen \u00d6ls zu beseitigen, das aus Oliven gewonnen wird, die Spuren von Erde aufweisen, und um die Bruchorgane vor abnormalem Verschlei\u00df zu sch\u00fctzen. <\/p>\t\t\t\t\t\t\t\t<\/div>\n\t\t\t\t\t\t\t<\/div>\n\n\t\t\t\t\t\t\t<div class=\"timeline-col timeline-col-secondary\">\n\t\t\t\t\t\t\t\t<span class=\"timeline-arrow\"><\/span>\n\t\t\t\t\t\t\t\t\t\t\t\t\t\t\t\t\t<div class=\"wd-timeline-image\">\n\t\t\t\t\t\t\t\t\t\t<img loading=\"lazy\" decoding=\"async\" width=\"1500\" height=\"1000\" src=\"https:\/\/frantoiocongedi.com\/wp-content\/uploads\/2025\/06\/DSC06022.jpg\" class=\"attachment-full size-full\" alt=\"\" srcset=\"https:\/\/frantoiocongedi.com\/wp-content\/uploads\/2025\/06\/DSC06022.jpg 1500w, https:\/\/frantoiocongedi.com\/wp-content\/uploads\/2025\/06\/DSC06022-150x100.jpg 150w, https:\/\/frantoiocongedi.com\/wp-content\/uploads\/2025\/06\/DSC06022-1200x800.jpg 1200w, https:\/\/frantoiocongedi.com\/wp-content\/uploads\/2025\/06\/DSC06022-300x200.jpg 300w, https:\/\/frantoiocongedi.com\/wp-content\/uploads\/2025\/06\/DSC06022-1024x683.jpg 1024w, https:\/\/frantoiocongedi.com\/wp-content\/uploads\/2025\/06\/DSC06022-768x512.jpg 768w\" sizes=\"auto, (max-width: 1500px) 100vw, 1500px\" \/>\t\t\t\t\t\t\t\t\t<\/div>\n\t\t\t\t\t\t\t\t\n\t\t\t\t\t\t\t\t\n\t\t\t\t\t\t\t\t<div class=\"wd-timeline-content wd-set-mb reset-last-child\">\n\t\t\t\t\t\t\t\t\t\t\t\t\t\t\t\t\t<\/div>\n\t\t\t\t\t\t\t<\/div>\n\t\t\t\t\t\t<\/div>\n\t\t\t\t\t\t\t\t\t\t\t\t\t\t\t\t\t\t\t\t\t\t\t\t\t<div class=\"wd-timeline-breakpoint elementor-repeater-item-85d82fc\">\n\t\t\t\t\t\t\t<span class=\"woodmart-timeline-breakpoint-title\">\n\t\t\t\t\t\t\t\tZerkleinern\t\t\t\t\t\t\t<\/span>\n\t\t\t\t\t\t<\/div>\n\t\t\t\t\t\t\t\t\t\t\t\t\t\t\t\t\t\t\t\t\t\t\t\t\t<div class=\"wd-timeline-item wd-item-position-left elementor-repeater-item-d06a9fb\">\n\t\t\t\t\t\t\t<div class=\"woodmart-timeline-dot\"><\/div>\n\n\t\t\t\t\t\t\t<div class=\"timeline-col timeline-col-primary\">\n\t\t\t\t\t\t\t\t<span class=\"timeline-arrow\"><\/span>\n\t\t\t\t\t\t\t\t\n\t\t\t\t\t\t\t\t\n\t\t\t\t\t\t\t\t<div class=\"wd-timeline-content wd-set-mb reset-last-child\">\n\t\t\t\t\t\t\t\t\t<p>Das Pressen ist ein wichtiger kritischer Punkt f\u00fcr die Qualit\u00e4t des nativen Oliven\u00f6ls extra, da es die organoleptischen und gesundheitlichen Eigenschaften des traditionellen apulischen Handwerksprodukts Salento\u00f6l beeinflusst. Die Oliven aus Apulien werden mechanisch gepresst, wodurch das Fruchtfleisch, der Stein und die Schale stark zerrissen und zerquetscht werden. Auf diese Weise wird ein Produkt von h\u00f6chster Qualit\u00e4t gewonnen, dessen organoleptische Eigenschaften sich nicht ver\u00e4ndern, so dass die hohen Qualit\u00e4ts- und Hygienestandards des typischen Salento-Produkts erhalten bleiben.  <\/p>\t\t\t\t\t\t\t\t<\/div>\n\t\t\t\t\t\t\t<\/div>\n\n\t\t\t\t\t\t\t<div class=\"timeline-col timeline-col-secondary\">\n\t\t\t\t\t\t\t\t<span class=\"timeline-arrow\"><\/span>\n\t\t\t\t\t\t\t\t\t\t\t\t\t\t\t\t\t<div class=\"wd-timeline-image\">\n\t\t\t\t\t\t\t\t\t\t<img loading=\"lazy\" decoding=\"async\" width=\"1500\" height=\"1000\" src=\"https:\/\/frantoiocongedi.com\/wp-content\/uploads\/2025\/06\/12-1.jpg\" class=\"attachment-full size-full\" alt=\"\" srcset=\"https:\/\/frantoiocongedi.com\/wp-content\/uploads\/2025\/06\/12-1.jpg 1500w, https:\/\/frantoiocongedi.com\/wp-content\/uploads\/2025\/06\/12-1-150x100.jpg 150w, https:\/\/frantoiocongedi.com\/wp-content\/uploads\/2025\/06\/12-1-1200x800.jpg 1200w, https:\/\/frantoiocongedi.com\/wp-content\/uploads\/2025\/06\/12-1-300x200.jpg 300w, https:\/\/frantoiocongedi.com\/wp-content\/uploads\/2025\/06\/12-1-1024x683.jpg 1024w, https:\/\/frantoiocongedi.com\/wp-content\/uploads\/2025\/06\/12-1-768x512.jpg 768w\" sizes=\"auto, (max-width: 1500px) 100vw, 1500px\" \/>\t\t\t\t\t\t\t\t\t<\/div>\n\t\t\t\t\t\t\t\t\n\t\t\t\t\t\t\t\t\n\t\t\t\t\t\t\t\t<div class=\"wd-timeline-content wd-set-mb reset-last-child\">\n\t\t\t\t\t\t\t\t\t\t\t\t\t\t\t\t\t<\/div>\n\t\t\t\t\t\t\t<\/div>\n\t\t\t\t\t\t<\/div>\n\t\t\t\t\t\t\t\t\t\t\t\t\t\t\t\t\t\t\t\t\t\t\t\t\t<div class=\"wd-timeline-breakpoint elementor-repeater-item-968e310\">\n\t\t\t\t\t\t\t<span class=\"woodmart-timeline-breakpoint-title\">\n\t\t\t\t\t\t\t\tGrammatik\t\t\t\t\t\t\t<\/span>\n\t\t\t\t\t\t<\/div>\n\t\t\t\t\t\t\t\t\t\t\t\t\t\t\t\t\t\t\t\t\t\t\t\t\t<div class=\"wd-timeline-item wd-item-position-right elementor-repeater-item-342b79d\">\n\t\t\t\t\t\t\t<div class=\"woodmart-timeline-dot\"><\/div>\n\n\t\t\t\t\t\t\t<div class=\"timeline-col timeline-col-primary\">\n\t\t\t\t\t\t\t\t<span class=\"timeline-arrow\"><\/span>\n\t\t\t\t\t\t\t\t\n\t\t\t\t\t\t\t\t\n\t\t\t\t\t\t\t\t<div class=\"wd-timeline-content wd-set-mb reset-last-child\">\n\t\t\t\t\t\t\t\t\t<p>Die Gramolatura ist ein weiterer wichtiger Punkt im Extraktionsprozess. W\u00e4hrend des Knetvorgangs wird die Salento-Olivenpaste, um eine positive enzymatische Wirkung zu beg\u00fcnstigen, bei einer Temperatur von 24-27\u00b0 C gehalten und einem langsamen R\u00fchren unterzogen, das die Aggregation des urspr\u00fcnglichen Salento\u00f6ls in Tropfen einer Gr\u00f6\u00dfe beg\u00fcnstigt, die eine anschlie\u00dfende Trennung durch Zentrifugieren erm\u00f6glicht. <\/p>\t\t\t\t\t\t\t\t<\/div>\n\t\t\t\t\t\t\t<\/div>\n\n\t\t\t\t\t\t\t<div class=\"timeline-col timeline-col-secondary\">\n\t\t\t\t\t\t\t\t<span class=\"timeline-arrow\"><\/span>\n\t\t\t\t\t\t\t\t\t\t\t\t\t\t\t\t\t<div class=\"wd-timeline-image\">\n\t\t\t\t\t\t\t\t\t\t<img loading=\"lazy\" decoding=\"async\" width=\"1500\" height=\"1000\" src=\"https:\/\/frantoiocongedi.com\/wp-content\/uploads\/2025\/06\/2-2.jpg\" class=\"attachment-full size-full\" alt=\"\" srcset=\"https:\/\/frantoiocongedi.com\/wp-content\/uploads\/2025\/06\/2-2.jpg 1500w, https:\/\/frantoiocongedi.com\/wp-content\/uploads\/2025\/06\/2-2-150x100.jpg 150w, https:\/\/frantoiocongedi.com\/wp-content\/uploads\/2025\/06\/2-2-1200x800.jpg 1200w, https:\/\/frantoiocongedi.com\/wp-content\/uploads\/2025\/06\/2-2-300x200.jpg 300w, https:\/\/frantoiocongedi.com\/wp-content\/uploads\/2025\/06\/2-2-1024x683.jpg 1024w, https:\/\/frantoiocongedi.com\/wp-content\/uploads\/2025\/06\/2-2-768x512.jpg 768w\" sizes=\"auto, (max-width: 1500px) 100vw, 1500px\" \/>\t\t\t\t\t\t\t\t\t<\/div>\n\t\t\t\t\t\t\t\t\n\t\t\t\t\t\t\t\t\n\t\t\t\t\t\t\t\t<div class=\"wd-timeline-content wd-set-mb reset-last-child\">\n\t\t\t\t\t\t\t\t\t\t\t\t\t\t\t\t\t<\/div>\n\t\t\t\t\t\t\t<\/div>\n\t\t\t\t\t\t<\/div>\n\t\t\t\t\t\t\t\t\t\t\t\t\t\t\t\t\t\t\t\t\t\t\t\t\t<div class=\"wd-timeline-breakpoint elementor-repeater-item-797a9bb\">\n\t\t\t\t\t\t\t<span class=\"woodmart-timeline-breakpoint-title\">\n\t\t\t\t\t\t\t\tExtraktion\t\t\t\t\t\t\t<\/span>\n\t\t\t\t\t\t<\/div>\n\t\t\t\t\t\t\t\t\t\t\t\t\t\t\t\t\t\t\t\t\t\t\t\t\t<div class=\"wd-timeline-item wd-item-position-left elementor-repeater-item-82ec359\">\n\t\t\t\t\t\t\t<div class=\"woodmart-timeline-dot\"><\/div>\n\n\t\t\t\t\t\t\t<div class=\"timeline-col timeline-col-primary\">\n\t\t\t\t\t\t\t\t<span class=\"timeline-arrow\"><\/span>\n\t\t\t\t\t\t\t\t\n\t\t\t\t\t\t\t\t\n\t\t\t\t\t\t\t\t<div class=\"wd-timeline-content wd-set-mb reset-last-child\">\n\t\t\t\t\t\t\t\t\t<p>Extraktionssysteme k\u00f6nnen die Zusammensetzung und das organoleptische Profil des Oliven\u00f6ls erheblich beeinflussen.<a href=\"https:\/\/www.oliocongedi.com\/olio-doliva-italiano-puglia\" target=\"_blank\" rel=\"noopener\"><strong>nativen Oliven\u00f6ls extra<\/strong><\/a> und insbesondere auf die aromatischen Substanzen und kleinere antioxidative Komponenten. Unser <strong>kontinuierlicher Zentrifugationsprozess<\/strong> erm\u00f6glicht es uns, <strong>einen hohen Anteil an phenolischen Substanzen im apulischen \u00d6l<\/strong> zu erhalten, die f\u00fcr unseren Organismus wichtig sind. Dank einer sorgf\u00e4ltigen und genauen Trennung des nativen Oliven\u00f6ls extra, die von st\u00e4ndig \u00fcberwachten Maschinen durchgef\u00fchrt wird, sind wir in der Lage, ein hochwertiges Produkt zu erhalten, das urspr\u00fcnglich aus dem Salento stammt. <\/p>\t\t\t\t\t\t\t\t<\/div>\n\t\t\t\t\t\t\t<\/div>\n\n\t\t\t\t\t\t\t<div class=\"timeline-col timeline-col-secondary\">\n\t\t\t\t\t\t\t\t<span class=\"timeline-arrow\"><\/span>\n\t\t\t\t\t\t\t\t\t\t\t\t\t\t\t\t\t<div class=\"wd-timeline-image\">\n\t\t\t\t\t\t\t\t\t\t<img loading=\"lazy\" decoding=\"async\" width=\"1500\" height=\"1000\" src=\"https:\/\/frantoiocongedi.com\/wp-content\/uploads\/2025\/06\/DSC09383.jpg\" class=\"attachment-full size-full\" alt=\"\" srcset=\"https:\/\/frantoiocongedi.com\/wp-content\/uploads\/2025\/06\/DSC09383.jpg 1500w, https:\/\/frantoiocongedi.com\/wp-content\/uploads\/2025\/06\/DSC09383-150x100.jpg 150w, https:\/\/frantoiocongedi.com\/wp-content\/uploads\/2025\/06\/DSC09383-1200x800.jpg 1200w, https:\/\/frantoiocongedi.com\/wp-content\/uploads\/2025\/06\/DSC09383-300x200.jpg 300w, https:\/\/frantoiocongedi.com\/wp-content\/uploads\/2025\/06\/DSC09383-1024x683.jpg 1024w, https:\/\/frantoiocongedi.com\/wp-content\/uploads\/2025\/06\/DSC09383-768x512.jpg 768w\" sizes=\"auto, (max-width: 1500px) 100vw, 1500px\" \/>\t\t\t\t\t\t\t\t\t<\/div>\n\t\t\t\t\t\t\t\t\n\t\t\t\t\t\t\t\t\n\t\t\t\t\t\t\t\t<div class=\"wd-timeline-content wd-set-mb reset-last-child\">\n\t\t\t\t\t\t\t\t\t\t\t\t\t\t\t\t\t<\/div>\n\t\t\t\t\t\t\t<\/div>\n\t\t\t\t\t\t<\/div>\n\t\t\t\t\t\t\t\t\t\t\t\t<\/div>\n\t\t<\/div>\n\t\t\t\t\t\t<\/div>\n\t\t\t\t<\/div>\n\t\t\t\t\t<\/div>\n\t\t<\/div>\n\t\t\t\t\t<\/div>\n\t\t<\/section>\n\t\t\t\t<\/div>\n\t\t","protected":false},"excerpt":{"rendered":"<p>Wie es passiert Der Transformationsprozess Der Prozess der Verarbeitung von Oliven zu 100% italienischem nativem Oliven\u00f6l extra umfasst mehrere Arbeitsschritte,<\/p>\n","protected":false},"author":1,"featured_media":0,"parent":0,"menu_order":0,"comment_status":"closed","ping_status":"closed","template":"","meta":{"footnotes":""},"class_list":["post-2000001001","page","type-page","status-publish","hentry"],"jetpack_sharing_enabled":true,"_links":{"self":[{"href":"https:\/\/frantoiocongedi.com\/de\/wp-json\/wp\/v2\/pages\/2000001001","targetHints":{"allow":["GET"]}}],"collection":[{"href":"https:\/\/frantoiocongedi.com\/de\/wp-json\/wp\/v2\/pages"}],"about":[{"href":"https:\/\/frantoiocongedi.com\/de\/wp-json\/wp\/v2\/types\/page"}],"author":[{"embeddable":true,"href":"https:\/\/frantoiocongedi.com\/de\/wp-json\/wp\/v2\/users\/1"}],"replies":[{"embeddable":true,"href":"https:\/\/frantoiocongedi.com\/de\/wp-json\/wp\/v2\/comments?post=2000001001"}],"version-history":[{"count":1,"href":"https:\/\/frantoiocongedi.com\/de\/wp-json\/wp\/v2\/pages\/2000001001\/revisions"}],"predecessor-version":[{"id":2000001002,"href":"https:\/\/frantoiocongedi.com\/de\/wp-json\/wp\/v2\/pages\/2000001001\/revisions\/2000001002"}],"wp:attachment":[{"href":"https:\/\/frantoiocongedi.com\/de\/wp-json\/wp\/v2\/media?parent=2000001001"}],"curies":[{"name":"wp","href":"https:\/\/api.w.org\/{rel}","templated":true}]}}