{"id":2000001005,"date":"2025-06-18T13:29:43","date_gmt":"2025-06-18T13:29:43","guid":{"rendered":"https:\/\/frantoiocongedi.com\/beguenstigt\/"},"modified":"2026-04-01T15:16:18","modified_gmt":"2026-04-01T15:16:18","slug":"beguenstigt","status":"publish","type":"page","link":"https:\/\/frantoiocongedi.com\/de\/beguenstigt\/","title":{"rendered":"Beg\u00fcnstigt"},"content":{"rendered":"\t\t<div data-elementor-type=\"wp-page\" data-elementor-id=\"2000001005\" class=\"elementor elementor-2000001005\">\n\t\t\t\t<div class=\"wd-negative-gap elementor-element elementor-element-6dfb80d e-flex e-con-boxed e-con e-parent\" data-id=\"6dfb80d\" data-element_type=\"container\" data-e-type=\"container\">\n\t\t\t\t\t<div class=\"e-con-inner\">\n\t\t\t\t<div class=\"elementor-element elementor-element-1ca1c7f elementor-widget elementor-widget-heading\" data-id=\"1ca1c7f\" data-element_type=\"widget\" data-e-type=\"widget\" data-widget_type=\"heading.default\">\n\t\t\t\t<div class=\"elementor-widget-container\">\n\t\t\t\t\t<h2 class=\"elementor-heading-title elementor-size-default\">Beg\u00fcnstigt\n<\/h2>\t\t\t\t<\/div>\n\t\t\t\t<\/div>\n\t\t\t\t<div class=\"elementor-element elementor-element-640ef26 elementor-widget elementor-widget-image\" data-id=\"640ef26\" data-element_type=\"widget\" data-e-type=\"widget\" data-widget_type=\"image.default\">\n\t\t\t\t<div class=\"elementor-widget-container\">\n\t\t\t\t\t\t\t\t\t\t\t\t\t\t\t<img loading=\"lazy\" decoding=\"async\" width=\"1024\" height=\"683\" src=\"https:\/\/frantoiocongedi.com\/wp-content\/uploads\/2026\/02\/bomboniere-frantoio-congedi.jpg-1024x683.jpeg\" class=\"attachment-large size-large wp-image-2000001008\" alt=\"\" srcset=\"https:\/\/frantoiocongedi.com\/wp-content\/uploads\/2026\/02\/bomboniere-frantoio-congedi.jpg-1024x683.jpeg 1024w, https:\/\/frantoiocongedi.com\/wp-content\/uploads\/2026\/02\/bomboniere-frantoio-congedi.jpg-300x200.jpeg 300w, https:\/\/frantoiocongedi.com\/wp-content\/uploads\/2026\/02\/bomboniere-frantoio-congedi.jpg-768x512.jpeg 768w, https:\/\/frantoiocongedi.com\/wp-content\/uploads\/2026\/02\/bomboniere-frantoio-congedi.jpg-1536x1024.jpeg 1536w, https:\/\/frantoiocongedi.com\/wp-content\/uploads\/2026\/02\/bomboniere-frantoio-congedi.jpg-1200x800.jpeg 1200w, https:\/\/frantoiocongedi.com\/wp-content\/uploads\/2026\/02\/bomboniere-frantoio-congedi.jpg-150x100.jpeg 150w, https:\/\/frantoiocongedi.com\/wp-content\/uploads\/2026\/02\/bomboniere-frantoio-congedi.jpg.jpeg 1620w\" sizes=\"auto, (max-width: 1024px) 100vw, 1024px\" \/>\t\t\t\t\t\t\t\t\t\t\t\t\t\t\t<\/div>\n\t\t\t\t<\/div>\n\t\t\t\t<div class=\"elementor-element elementor-element-25aea5f color-scheme-inherit text-left elementor-widget elementor-widget-text-editor\" data-id=\"25aea5f\" data-element_type=\"widget\" data-e-type=\"widget\" data-widget_type=\"text-editor.default\">\n\t\t\t\t<div class=\"elementor-widget-container\">\n\t\t\t\t\t\t\t\t\t<p>Gastgeschenke sind kleine Geschenke, die den G\u00e4sten eines Ereignisses (Hochzeiten, Taufen, Kommunionen, Konfirmationen, Geburtstage oder Jubil\u00e4en) als Dankesch\u00f6n f\u00fcr die Teilnahme an einem wichtigen Tag \u00fcberreicht werden und um ihnen eine Erinnerung an diesen Tag zu hinterlassen.  <\/p><h2>Besondere Gef\u00e4lligkeiten<\/h2><p>Im Laufe der Jahre, in denen immer mehr Anl\u00e4sse gefeiert werden, sind Gef\u00e4lligkeiten als Geschenke f\u00fcr die G\u00e4ste immer wichtiger geworden. Dies hat zur Entwicklung vieler neuer und individueller Geschenkartikel gef\u00fchrt, w\u00e4hrend man in fr\u00fcheren Jahren eher zu klassischem Schmuck aus Muranoglas, Kristall und Keramik griff.<\/p><h2>Gef\u00e4lligkeiten von Olio Congedi<\/h2><p>Wir von olio Congedi, als Hersteller von nativem Oliven\u00f6l extra, haben uns \u00fcberlegt, ein Produkt herzustellen, das sich durch sein Aussehen, seine Qualit\u00e4t, die Verwendung unseres besten kaltgepressten, sorgf\u00e4ltig ausgew\u00e4hlten \u00d6ls aus den besten Oliven und eine individuelle Verpackung auszeichnet.  <br>Damit Sie ein besonderes, einzigartiges und hochwertiges Geschenk erhalten, das Sie nicht nur als Nippes aufbewahren, sondern jeden Tag auf Ihrem Tisch verwenden, haben wir eine individuelle Amphore in 4 Farben entworfen und mit unserem Qualit\u00e4ts\u00f6l gef\u00fcllt.  <\/p><h2>Handgefertigte Amphoren<\/h2><p>Unsere Amphoren werden vollst\u00e4ndig von Hand gefertigt, so dass ihre Farben und Eigenschaften im Laufe der Zeit erhalten bleiben. Eine handwerklich hergestellte Amphore tr\u00e4gt au\u00dferdem zur Einzigartigkeit des Objekts bei, da jedes Detail sie einzigartig macht.<\/p><h3>Warum haben wir an eine Keramikamphore gedacht?<\/h3><p>Wir kamen auf die Idee einer Keramikamphore, weil uns in der Geschichte gelehrt wird, dass \u00d6l, Wein und andere Lebensmittel in gro\u00dfen Amphoren aufbewahrt wurden, die ihre Qualit\u00e4t bewahrten und f\u00fcr den Transport in Schiffen verwendet wurden, um die Konservierung und unver\u00e4nderte Qualit\u00e4t zu garantieren.  <br>Da die Amphore nicht durchsichtig ist, f\u00e4ngt das \u00d6l kein Licht ein und kann daher \u00fcber l\u00e4ngere Zeit gelagert werden, ohne zu verderben.<\/p><h2>Die Amphoren<\/h2><p>Unsere Amphoren in der Form und Qualit\u00e4t, die heute durch die Emaille-Oberfl\u00e4chen erreicht wird, sind ein einzigartiges Geschenk, das Sie nicht nur zur Schau stellen k\u00f6nnen, sondern auch n\u00fctzlich und f\u00fcr den t\u00e4glichen Gebrauch geeignet ist, da es mit einem f\u00fcr Sie ausgew\u00e4hlten Qualit\u00e4ts\u00f6l gef\u00fcllt ist.<\/p><h2>Unser natives Oliven\u00f6l extra<\/h2><p>Unser <strong>\u00d6l<\/strong> stammt aus dem Salento und wird mit viel Liebe und Sorgfalt bei der Auswahl der Rohstoffe hergestellt, damit Sie den wahren Geschmack des 100%ig in Italien hergestellten <strong>nativen Oliven\u00f6ls extra<\/strong> genie\u00dfen k\u00f6nnen. In unserem Katalog finden Sie verschiedene \u00d6lsorten, w\u00e4hlen Sie diejenige aus, die Ihnen am besten gef\u00e4llt und schenken Sie sie Ihren G\u00e4sten!<\/p>\t\t\t\t\t\t\t\t<\/div>\n\t\t\t\t<\/div>\n\t\t\t\t\t<\/div>\n\t\t\t\t<\/div>\n\t\t<div class=\"wd-negative-gap elementor-element elementor-element-be2c8d0 e-flex e-con-boxed e-con e-parent\" data-id=\"be2c8d0\" data-element_type=\"container\" data-e-type=\"container\">\n\t\t\t\t\t<div class=\"e-con-inner\">\n\t\t\t\t<div class=\"elementor-element elementor-element-31ebf08 elementor-widget elementor-widget-image\" data-id=\"31ebf08\" data-element_type=\"widget\" data-e-type=\"widget\" data-widget_type=\"image.default\">\n\t\t\t\t<div class=\"elementor-widget-container\">\n\t\t\t\t\t\t\t\t\t\t\t\t\t\t\t<img loading=\"lazy\" decoding=\"async\" width=\"683\" height=\"1024\" src=\"https:\/\/frantoiocongedi.com\/wp-content\/uploads\/2025\/06\/Bomboniera_anfora_Congedi_1-683x1024.jpg\" class=\"attachment-large size-large wp-image-2000001007\" alt=\"\" srcset=\"https:\/\/frantoiocongedi.com\/wp-content\/uploads\/2025\/06\/Bomboniera_anfora_Congedi_1-683x1024.jpg 683w, https:\/\/frantoiocongedi.com\/wp-content\/uploads\/2025\/06\/Bomboniera_anfora_Congedi_1-scaled-150x225.jpg 150w, https:\/\/frantoiocongedi.com\/wp-content\/uploads\/2025\/06\/Bomboniera_anfora_Congedi_1-scaled-1200x1800.jpg 1200w, https:\/\/frantoiocongedi.com\/wp-content\/uploads\/2025\/06\/Bomboniera_anfora_Congedi_1-200x300.jpg 200w, https:\/\/frantoiocongedi.com\/wp-content\/uploads\/2025\/06\/Bomboniera_anfora_Congedi_1-768x1152.jpg 768w, https:\/\/frantoiocongedi.com\/wp-content\/uploads\/2025\/06\/Bomboniera_anfora_Congedi_1-1024x1536.jpg 1024w, https:\/\/frantoiocongedi.com\/wp-content\/uploads\/2025\/06\/Bomboniera_anfora_Congedi_1-1366x2048.jpg 1366w, https:\/\/frantoiocongedi.com\/wp-content\/uploads\/2025\/06\/Bomboniera_anfora_Congedi_1-scaled.jpg 1707w\" sizes=\"auto, (max-width: 683px) 100vw, 683px\" \/>\t\t\t\t\t\t\t\t\t\t\t\t\t\t\t<\/div>\n\t\t\t\t<\/div>\n\t\t\t\t<div class=\"elementor-element elementor-element-040acb7 color-scheme-inherit text-left elementor-widget elementor-widget-text-editor\" data-id=\"040acb7\" data-element_type=\"widget\" data-e-type=\"widget\" data-widget_type=\"text-editor.default\">\n\t\t\t\t<div class=\"elementor-widget-container\">\n\t\t\t\t\t\t\t\t\t<h4>Warum fordern wir das Angebot an?<\/h4><p>Indem wir Ihnen die M\u00f6glichkeit geben, die Farbe und die Menge aller Gef\u00e4lligkeiten auszuw\u00e4hlen, stellen wir sicher, dass alles vor der Veranstaltung, die Sie organisieren m\u00f6chten, verf\u00fcgbar ist und versandt wird.<\/p>\t\t\t\t\t\t\t\t<\/div>\n\t\t\t\t<\/div>\n\t\t\t\t<div class=\"elementor-element elementor-element-e481400 wd-cf7 elementor-widget elementor-widget-wd_contact_form_7\" data-id=\"e481400\" data-element_type=\"widget\" data-e-type=\"widget\" data-widget_type=\"wd_contact_form_7.default\">\n\t\t\t\t<div class=\"elementor-widget-container\">\n\t\t\t\t\t\n<div class=\"wpcf7 no-js\" id=\"wpcf7-f14-o1\" lang=\"it-IT\" dir=\"ltr\" data-wpcf7-id=\"14\">\n<div class=\"screen-reader-response\"><p role=\"status\" aria-live=\"polite\" aria-atomic=\"true\"><\/p> <ul><\/ul><\/div>\n<form action=\"\/de\/wp-json\/wp\/v2\/pages\/2000001005#wpcf7-f14-o1\" method=\"post\" class=\"wpcf7-form init\" aria-label=\"Modulo di contatto\" novalidate=\"novalidate\" data-status=\"init\">\n<fieldset class=\"hidden-fields-container\"><input type=\"hidden\" name=\"_wpcf7\" value=\"14\" \/><input type=\"hidden\" name=\"_wpcf7_version\" value=\"6.1.5\" \/><input type=\"hidden\" name=\"_wpcf7_locale\" value=\"it_IT\" \/><input type=\"hidden\" name=\"_wpcf7_unit_tag\" value=\"wpcf7-f14-o1\" \/><input type=\"hidden\" name=\"_wpcf7_container_post\" value=\"0\" \/><input type=\"hidden\" name=\"_wpcf7_posted_data_hash\" value=\"\" \/><input type=\"hidden\" name=\"_wpcf7_recaptcha_response\" value=\"\" \/>\n<\/fieldset>\n<p><label> Il tuo nome<br \/>\n<span class=\"wpcf7-form-control-wrap\" data-name=\"your-name\"><input size=\"40\" maxlength=\"400\" class=\"wpcf7-form-control wpcf7-text wpcf7-validates-as-required\" autocomplete=\"name\" aria-required=\"true\" aria-invalid=\"false\" value=\"\" type=\"text\" name=\"your-name\" \/><\/span> <\/label>\n<\/p>\n<p><label> La tua email<br \/>\n<span class=\"wpcf7-form-control-wrap\" data-name=\"your-email\"><input size=\"40\" maxlength=\"400\" class=\"wpcf7-form-control wpcf7-email wpcf7-validates-as-required wpcf7-text wpcf7-validates-as-email\" autocomplete=\"email\" aria-required=\"true\" aria-invalid=\"false\" value=\"\" type=\"email\" name=\"your-email\" \/><\/span> <\/label>\n<\/p>\n<p><label> Oggetto<br \/>\n<span class=\"wpcf7-form-control-wrap\" data-name=\"your-subject\"><input size=\"40\" maxlength=\"400\" class=\"wpcf7-form-control wpcf7-text wpcf7-validates-as-required\" aria-required=\"true\" aria-invalid=\"false\" value=\"\" type=\"text\" name=\"your-subject\" \/><\/span> <\/label>\n<\/p>\n<p><label> Il tuo messaggio (facoltativo)<br \/>\n<span class=\"wpcf7-form-control-wrap\" data-name=\"your-message\"><textarea cols=\"40\" rows=\"10\" maxlength=\"2000\" class=\"wpcf7-form-control wpcf7-textarea\" aria-invalid=\"false\" name=\"your-message\"><\/textarea><\/span> <\/label>\n<\/p>\n<p><input class=\"wpcf7-form-control wpcf7-submit has-spinner\" type=\"submit\" value=\"Invia\" \/>\n<\/p><p style=\"display: none !important;\" class=\"akismet-fields-container\" data-prefix=\"_wpcf7_ak_\"><label>&#916;<textarea name=\"_wpcf7_ak_hp_textarea\" cols=\"45\" rows=\"8\" maxlength=\"100\"><\/textarea><\/label><input type=\"hidden\" id=\"ak_js_1\" name=\"_wpcf7_ak_js\" value=\"46\"\/><script>document.getElementById( \"ak_js_1\" ).setAttribute( \"value\", ( new Date() ).getTime() );<\/script><\/p><div class=\"wpcf7-response-output\" aria-hidden=\"true\"><\/div>\n<\/form>\n<\/div>\n\t\t\t\t<\/div>\n\t\t\t\t<\/div>\n\t\t\t\t\t<\/div>\n\t\t\t\t<\/div>\n\t\t\t\t<\/div>\n\t\t","protected":false},"excerpt":{"rendered":"<p>Beg\u00fcnstigt Gastgeschenke sind kleine Geschenke, die den G\u00e4sten eines Ereignisses (Hochzeiten, Taufen, Kommunionen, Konfirmationen, Geburtstage oder Jubil\u00e4en) als Dankesch\u00f6n f\u00fcr<\/p>\n","protected":false},"author":1,"featured_media":0,"parent":0,"menu_order":0,"comment_status":"closed","ping_status":"closed","template":"","meta":{"footnotes":""},"class_list":["post-2000001005","page","type-page","status-publish","hentry"],"jetpack_sharing_enabled":true,"_links":{"self":[{"href":"https:\/\/frantoiocongedi.com\/de\/wp-json\/wp\/v2\/pages\/2000001005","targetHints":{"allow":["GET"]}}],"collection":[{"href":"https:\/\/frantoiocongedi.com\/de\/wp-json\/wp\/v2\/pages"}],"about":[{"href":"https:\/\/frantoiocongedi.com\/de\/wp-json\/wp\/v2\/types\/page"}],"author":[{"embeddable":true,"href":"https:\/\/frantoiocongedi.com\/de\/wp-json\/wp\/v2\/users\/1"}],"replies":[{"embeddable":true,"href":"https:\/\/frantoiocongedi.com\/de\/wp-json\/wp\/v2\/comments?post=2000001005"}],"version-history":[{"count":3,"href":"https:\/\/frantoiocongedi.com\/de\/wp-json\/wp\/v2\/pages\/2000001005\/revisions"}],"predecessor-version":[{"id":2000001016,"href":"https:\/\/frantoiocongedi.com\/de\/wp-json\/wp\/v2\/pages\/2000001005\/revisions\/2000001016"}],"wp:attachment":[{"href":"https:\/\/frantoiocongedi.com\/de\/wp-json\/wp\/v2\/media?parent=2000001005"}],"curies":[{"name":"wp","href":"https:\/\/api.w.org\/{rel}","templated":true}]}}