{"id":2000001021,"date":"2025-11-19T10:14:12","date_gmt":"2025-11-19T10:14:12","guid":{"rendered":"https:\/\/frantoiocongedi.com\/italienisches-olivenoel\/"},"modified":"2026-04-01T15:16:26","modified_gmt":"2026-04-01T15:16:26","slug":"italienisches-olivenoel","status":"publish","type":"page","link":"https:\/\/frantoiocongedi.com\/de\/italienisches-olivenoel\/","title":{"rendered":"Italienisches Oliven\u00f6l"},"content":{"rendered":"\n<p>100%<strong>italienisches Oliven\u00f6l<\/strong> ist seit jeher eine <strong>Garantie<\/strong> f\u00fcr die <strong>Authentizit\u00e4t<\/strong> <strong>unserer Produkte<\/strong>.<\/p>\n\n<hr class=\"wp-block-separator has-alpha-channel-opacity\"\/>\n\n<p>In unseren Produktkategorien, \u00d6l, Mediterran und Aromatisiert, garantieren wir unseren Kunden <strong>italienisches Oliven\u00f6l<\/strong>!<\/p>\n\n<p>Aus der Verbindung von <strong>Tradition<\/strong> und <strong>Innovation<\/strong> entsteht das<a href=\"https:\/\/www.oliocongedi.com\/olio-e-salute\/\" target=\"_blank\" rel=\"noopener\"><strong>Congedi Natives Oliven\u00f6l Extra<\/strong><\/a>. Seit vier Generationen pflegt <strong>Olio Congedi<\/strong> sein Imperium von <strong>Olivenhainen<\/strong> in der warmen und feuchten Landschaft des <a href=\"https:\/\/www.oliocongedi.com\/salento\/\" target=\"_blank\" rel=\"noopener\"><strong>Salento,<\/strong><\/a> im S\u00fcden von <a href=\"https:\/\/www.oliocongedi.com\/puglia\/\" target=\"_blank\" rel=\"noopener\"><strong>Apulien,<\/strong><\/a> um ein <a href=\"https:\/\/www.oliocongedi.com\/olio-doliva-italiano-puglia\/\" target=\"_blank\" rel=\"noopener\">100% italienisches \u00d6l<\/a> zu produzieren, das dem Verbraucher garantiert wird und das Ergebnis der Leidenschaft dieser Familie f\u00fcr ihre Arbeit und der Kraft der Tradition ist. Die modernen Anlagen unserer \u00d6lfirma haben es m\u00f6glich gemacht, ein <a href=\"https:\/\/www.oliocongedi.com\/olio-del-salento\/\" target=\"_blank\" rel=\"noopener\">\u00d6l aus der<\/a> <strong>Region<\/strong> Salento unter v\u00f6llig umweltfreundlichen Gesichtspunkten zu produzieren <strong>,<\/strong> mit maximalem <strong>Schutz des Bodens<\/strong> und ohne Auswirkungen auf die Umwelt.  <\/p>\n\n<p>Das<a href=\"https:\/\/www.oliocongedi.com\/coltivato-nel-salento\/\" target=\"_blank\" rel=\"noopener\">im Salento angebaute \u00d6l<\/a> hat einen S\u00e4uregehalt, der 1% nie \u00fcbersteigt, und ist somit die beste Zutat f\u00fcr die Zubereitung eines perfekten Gerichts. Nur ein paar Tropfen des <strong>italienischen nativen \u00d6ls extra<\/strong>, die Sie kurz vor dem Servieren roh hinzuf\u00fcgen, machen Ihr Gericht<strong> schmackhafter<\/strong>, <strong>echter<\/strong> und <strong>k\u00f6stlicher<\/strong>. <\/p>\n\n<p>Unser natives Oliven\u00f6l extra, das zu 100% aus Italien stammt, ist <strong>weltweit anerkannt<\/strong> und kann sich zahlreicher <a href=\"https:\/\/www.oliocongedi.com\/riconoscimenti\/\" target=\"_blank\" rel=\"noopener\">Auszeichnungen und Anerkennungen<\/a> r\u00fchmen. Es wurde mit der <strong>gesch\u00fctzten Ursprungsbezeichnung<\/strong> <strong>Olio delle Terre d&#8217;Otranto<\/strong> f\u00fcr die hohe Qualit\u00e4t des Produkts ausgezeichnet und hat mehrere prestigetr\u00e4chtige <a href=\"https:\/\/www.oliocongedi.com\/qualita-olio-extravergine-pugliese\/\" target=\"_blank\" rel=\"noopener\">Qualit\u00e4tszertifikate<\/a> in der Branche erhalten. <\/p>\n\n<p>Dar\u00fcber hinaus garantieren wir unseren Kunden dank des H.A.C.C.P.-Selbstkontrollsystems die <strong>Lebensmittelsicherheit<\/strong> und die <strong>hygienisch-sanit\u00e4ren Eigenschaften<\/strong> des<a href=\"https:\/\/www.oliocongedi.com\/olio-puglia\/\" target=\"_blank\" rel=\"noopener\">apulischen Oliven\u00f6ls<\/a>, die jede Phase der Produktion, der Verarbeitung und der Aufbereitung bis zum Erhalt des endg\u00fcltigen nativen Oliven\u00f6ls extra kennzeichnen.<\/p>\n\n<figure class=\"wp-block-gallery has-nested-images columns-default is-cropped wp-block-gallery-1 is-layout-flex wp-block-gallery-is-layout-flex\">\n<figure class=\"wp-block-image size-large\"><img loading=\"lazy\" decoding=\"async\" width=\"500\" height=\"500\" data-id=\"1087\" src=\"https:\/\/frantoiocongedi.com\/wp-content\/uploads\/2025\/06\/Bag-In-Box-3-Lt.-Olio-Extra-Vergine-di-oliva-100-Italiano-Estratto-a-freddo-22Coratina22-.jpg\" alt=\"\" class=\"wp-image-1087\" srcset=\"https:\/\/frantoiocongedi.com\/wp-content\/uploads\/2025\/06\/Bag-In-Box-3-Lt.-Olio-Extra-Vergine-di-oliva-100-Italiano-Estratto-a-freddo-22Coratina22-.jpg 500w, https:\/\/frantoiocongedi.com\/wp-content\/uploads\/2025\/06\/Bag-In-Box-3-Lt.-Olio-Extra-Vergine-di-oliva-100-Italiano-Estratto-a-freddo-22Coratina22--150x150.jpg 150w, https:\/\/frantoiocongedi.com\/wp-content\/uploads\/2025\/06\/Bag-In-Box-3-Lt.-Olio-Extra-Vergine-di-oliva-100-Italiano-Estratto-a-freddo-22Coratina22--300x300.jpg 300w\" sizes=\"auto, (max-width: 500px) 100vw, 500px\" \/><\/figure>\n\n\n\n<figure class=\"wp-block-image size-large\"><img loading=\"lazy\" decoding=\"async\" width=\"500\" height=\"500\" data-id=\"1084\" src=\"https:\/\/frantoiocongedi.com\/wp-content\/uploads\/2025\/06\/Bag-In-Box-3-Lt.-Olio-Extra-Vergine-di-oliva-100-Italiano-Estratto-a-freddo-22Ogliarola22-.jpg\" alt=\"\" class=\"wp-image-1084\" srcset=\"https:\/\/frantoiocongedi.com\/wp-content\/uploads\/2025\/06\/Bag-In-Box-3-Lt.-Olio-Extra-Vergine-di-oliva-100-Italiano-Estratto-a-freddo-22Ogliarola22-.jpg 500w, https:\/\/frantoiocongedi.com\/wp-content\/uploads\/2025\/06\/Bag-In-Box-3-Lt.-Olio-Extra-Vergine-di-oliva-100-Italiano-Estratto-a-freddo-22Ogliarola22--150x150.jpg 150w, https:\/\/frantoiocongedi.com\/wp-content\/uploads\/2025\/06\/Bag-In-Box-3-Lt.-Olio-Extra-Vergine-di-oliva-100-Italiano-Estratto-a-freddo-22Ogliarola22--300x300.jpg 300w\" sizes=\"auto, (max-width: 500px) 100vw, 500px\" \/><\/figure>\n\n\n\n<figure class=\"wp-block-image size-large\"><img loading=\"lazy\" decoding=\"async\" width=\"500\" height=\"500\" data-id=\"1081\" src=\"https:\/\/frantoiocongedi.com\/wp-content\/uploads\/2025\/06\/Bag-In-Box-3-Lt.-Olio-Extra-Vergine-di-oliva-100-Italiano-Estratto-a-freddo-22DOP22.jpg\" alt=\"\" class=\"wp-image-1081\" srcset=\"https:\/\/frantoiocongedi.com\/wp-content\/uploads\/2025\/06\/Bag-In-Box-3-Lt.-Olio-Extra-Vergine-di-oliva-100-Italiano-Estratto-a-freddo-22DOP22.jpg 500w, https:\/\/frantoiocongedi.com\/wp-content\/uploads\/2025\/06\/Bag-In-Box-3-Lt.-Olio-Extra-Vergine-di-oliva-100-Italiano-Estratto-a-freddo-22DOP22-150x150.jpg 150w, https:\/\/frantoiocongedi.com\/wp-content\/uploads\/2025\/06\/Bag-In-Box-3-Lt.-Olio-Extra-Vergine-di-oliva-100-Italiano-Estratto-a-freddo-22DOP22-300x300.jpg 300w\" sizes=\"auto, (max-width: 500px) 100vw, 500px\" \/><\/figure>\n\n\n\n<figure class=\"wp-block-image size-large\"><img loading=\"lazy\" decoding=\"async\" width=\"500\" height=\"500\" data-id=\"1101\" src=\"https:\/\/frantoiocongedi.com\/wp-content\/uploads\/2025\/06\/Bag-In-Box-3-Lt.-Olio-Extra-Vergine-di-oliva-100-Italiano-Estratto-a-freddo-22Favolosa22.jpg\" alt=\"\" class=\"wp-image-1101\" srcset=\"https:\/\/frantoiocongedi.com\/wp-content\/uploads\/2025\/06\/Bag-In-Box-3-Lt.-Olio-Extra-Vergine-di-oliva-100-Italiano-Estratto-a-freddo-22Favolosa22.jpg 500w, https:\/\/frantoiocongedi.com\/wp-content\/uploads\/2025\/06\/Bag-In-Box-3-Lt.-Olio-Extra-Vergine-di-oliva-100-Italiano-Estratto-a-freddo-22Favolosa22-150x150.jpg 150w, https:\/\/frantoiocongedi.com\/wp-content\/uploads\/2025\/06\/Bag-In-Box-3-Lt.-Olio-Extra-Vergine-di-oliva-100-Italiano-Estratto-a-freddo-22Favolosa22-300x300.jpg 300w\" sizes=\"auto, (max-width: 500px) 100vw, 500px\" \/><\/figure>\n\n\n\n<figure class=\"wp-block-image size-large\"><img loading=\"lazy\" decoding=\"async\" width=\"500\" height=\"500\" data-id=\"1104\" src=\"https:\/\/frantoiocongedi.com\/wp-content\/uploads\/2025\/06\/Bag-In-Box-3-Lt.-Olio-Extra-Vergine-di-oliva-100-Italiano-Estratto-a-freddo-22IGP22-.jpg\" alt=\"\" class=\"wp-image-1104\" srcset=\"https:\/\/frantoiocongedi.com\/wp-content\/uploads\/2025\/06\/Bag-In-Box-3-Lt.-Olio-Extra-Vergine-di-oliva-100-Italiano-Estratto-a-freddo-22IGP22-.jpg 500w, https:\/\/frantoiocongedi.com\/wp-content\/uploads\/2025\/06\/Bag-In-Box-3-Lt.-Olio-Extra-Vergine-di-oliva-100-Italiano-Estratto-a-freddo-22IGP22--150x150.jpg 150w, https:\/\/frantoiocongedi.com\/wp-content\/uploads\/2025\/06\/Bag-In-Box-3-Lt.-Olio-Extra-Vergine-di-oliva-100-Italiano-Estratto-a-freddo-22IGP22--300x300.jpg 300w\" sizes=\"auto, (max-width: 500px) 100vw, 500px\" \/><\/figure>\n<\/figure>\n","protected":false},"excerpt":{"rendered":"<p>100%italienisches Oliven\u00f6l ist seit jeher eine Garantie f\u00fcr die Authentizit\u00e4t unserer Produkte. In unseren Produktkategorien, \u00d6l, Mediterran und Aromatisiert, garantieren<\/p>\n","protected":false},"author":1,"featured_media":0,"parent":0,"menu_order":0,"comment_status":"closed","ping_status":"closed","template":"","meta":{"footnotes":""},"class_list":["post-2000001021","page","type-page","status-publish","hentry"],"jetpack_sharing_enabled":true,"_links":{"self":[{"href":"https:\/\/frantoiocongedi.com\/de\/wp-json\/wp\/v2\/pages\/2000001021","targetHints":{"allow":["GET"]}}],"collection":[{"href":"https:\/\/frantoiocongedi.com\/de\/wp-json\/wp\/v2\/pages"}],"about":[{"href":"https:\/\/frantoiocongedi.com\/de\/wp-json\/wp\/v2\/types\/page"}],"author":[{"embeddable":true,"href":"https:\/\/frantoiocongedi.com\/de\/wp-json\/wp\/v2\/users\/1"}],"replies":[{"embeddable":true,"href":"https:\/\/frantoiocongedi.com\/de\/wp-json\/wp\/v2\/comments?post=2000001021"}],"version-history":[{"count":1,"href":"https:\/\/frantoiocongedi.com\/de\/wp-json\/wp\/v2\/pages\/2000001021\/revisions"}],"predecessor-version":[{"id":2000001024,"href":"https:\/\/frantoiocongedi.com\/de\/wp-json\/wp\/v2\/pages\/2000001021\/revisions\/2000001024"}],"wp:attachment":[{"href":"https:\/\/frantoiocongedi.com\/de\/wp-json\/wp\/v2\/media?parent=2000001021"}],"curies":[{"name":"wp","href":"https:\/\/api.w.org\/{rel}","templated":true}]}}