{"id":2000001029,"date":"2025-11-19T10:12:22","date_gmt":"2025-11-19T10:12:22","guid":{"rendered":"https:\/\/frantoiocongedi.com\/salento-oel\/"},"modified":"2026-04-12T08:43:12","modified_gmt":"2026-04-12T08:43:12","slug":"salento-oel","status":"publish","type":"page","link":"https:\/\/frantoiocongedi.com\/de\/salento-oel\/","title":{"rendered":"Salento \u00d6l"},"content":{"rendered":"\n<p>Seit \u00fcber <strong>4 Generationen<\/strong> produzieren wir im Salento hochwertiges <strong>natives Oliven\u00f6l extra<\/strong>, das <strong>Qualit\u00e4t<\/strong>, <strong>Tradition<\/strong> und technologische <strong>Innovation<\/strong> miteinander verbindet.<\/p>\n\n\n\n<hr class=\"wp-block-separator has-alpha-channel-opacity\">\n\n\n\n<p>Das \u00d6l aus dem Salento verdankt seinen Reichtum, seine Zartheit und seine G\u00fcte der besonderen Mischung von Elementen, die die Region Salento charakterisieren.<\/p>\n\n\n\n<p>Zwischen dem Adriatischen Meer im Osten und dem Ionischen Meer im Westen liegt das <strong><a href=\"https:\/\/frantoiocongedi.com\/de\/salento\/\" data-type=\"link\" data-id=\"https:\/\/frantoiocongedi.com\/it\/salento\/\">Salento<\/a><\/strong>s\u00fcdlich von <strong><a href=\"https:\/\/frantoiocongedi.com\/de\/apulien\/\" data-type=\"link\" data-id=\"https:\/\/frantoiocongedi.com\/it\/puglia\/\">Apulien<\/a><\/strong>ist ein zerkl\u00fcftetes, trockenes Land, reich an Olivenhainen und Weinbergen, die sich zwischen den Felsen erheben.<br><br>Das<strong>Gold des Salento<\/strong> ist das<a href=\"https:\/\/frantoiocongedi.com\/de\/cat\/ol\/\">native Oliven\u00f6l extra<\/a>, der Reichtum und das Wohlbefinden einer Gegend, in der seit Jahrhunderten Tausende von <strong>Olivenb\u00e4umen<\/strong> das Land bev\u00f6lkern. Das nicht weit entfernte <strong>Meer<\/strong>, das der Olivenbaum liebt, f\u00f6rdert sein Wachstum und bereichert den <strong>Geschmack<\/strong> zus\u00e4tzlich, was das Erlebnis f\u00fcr die Sinne noch angenehmer macht. <br><br>In der Region Salento werden verschiedene Arten von <strong>Oliven<\/strong> geerntet. Dazu geh\u00f6ren die Arten <strong>Oglialora<\/strong>, <strong>Leccina<\/strong> und <strong>Cellina<\/strong>. Letztere, die Sorte Cellina di Nard\u00f2, wird von einem Olivenbaum gewonnen, der als <strong>ertragreich<\/strong> und <strong>mittelproduktiv<\/strong> bezeichnet werden kann. Er zeichnet sich durch langsames Wachstum und Fr\u00fcchte aus, aus denen erst dann natives Oliven\u00f6l extra gewonnen wird, wenn sie voll ausgereift sind. Im Gegensatz dazu ist die Ogliarola, die zweite Sorte, aus der im Salento natives Oliven\u00f6l extra gewonnen wird, <strong>schnellw\u00fcchsig<\/strong> und ebenso robust wie die Cellina. Sie bringt reichlich, perfekt elliptische und symmetrische Fr\u00fcchte hervor, aus denen ein <a href=\"https:\/\/frantoiocongedi.com\/de\/olio-pugliese\/\">apulisches \u00d6l<\/a> gewonnen wird, das allgemein f\u00fcr seine G\u00fcte anerkannt ist.   <br><br>Die <strong>Frantoio Congedi-\u00d6lm\u00fchle<\/strong> hat auf<strong> der Suche nach dem <a href=\"https:\/\/frantoiocongedi.com\/de\/\">besten nativen Oliven\u00f6l extra<\/a><\/strong> schon immer <strong>Innovation, Tradition <\/strong>und<strong> h\u00f6chste Qualit\u00e4t gesucht<\/strong> und kombiniert.<br><br>Es kann sich zahlreicher <a href=\"https:\/\/frantoiocongedi.com\/de\/danksagung\/\" data-type=\"link\" data-id=\"https:\/\/frantoiocongedi.com\/it\/riconoscimenti\/\">Auszeichnungen<\/a> und <a href=\"https:\/\/frantoiocongedi.com\/de\/zertifizierungen\/\" data-type=\"link\" data-id=\"https:\/\/frantoiocongedi.com\/it\/certificazioni\/\">Zertifizierungen<\/a> r\u00fchmen. Insbesondere wurde das<strong>native Oliven\u00f6l extra von Terra d&#8217;Otranto<\/strong> mit dem <strong>D.O.P.-Siegel<\/strong> ausgezeichnet, das die organoleptischen Eigenschaften und die Produktionsstandards des \u00d6ls w\u00fcrdigt. Aber das ist noch nicht alles: Das<strong>native Oliven\u00f6l extra &#8211; Monocultivar Coratina<\/strong> wurde von der renommierten Zeitschrift <strong>Gambero Rosso<\/strong> unter den <strong>besten italienischen \u00d6len<\/strong> mit der <strong>h\u00f6chsten Punktzahl<\/strong> ausgezeichnet: Drei Bl\u00e4tter, Exzellente \u00d6le, mit au\u00dfergew\u00f6hnlichen D\u00fcften und Aromen!  <\/p>\n\n\n\n<figure class=\"wp-block-gallery has-nested-images columns-default is-cropped wp-block-gallery-1 is-layout-flex wp-block-gallery-is-layout-flex\">\n<figure class=\"wp-block-image size-large\"><a href=\"https:\/\/frantoiocongedi.com\/de\/prodotto\/natives-olivenoel-extra-monokultivar-ogliarola-050-l\/\"><img loading=\"lazy\" decoding=\"async\" width=\"500\" height=\"500\" data-id=\"1063\" src=\"https:\/\/frantoiocongedi.com\/wp-content\/uploads\/2025\/06\/Olio-extra-vergine-di-oliva-Monocultivar-Ogliarola.png\" alt=\"\" class=\"wp-image-1063\" srcset=\"https:\/\/frantoiocongedi.com\/wp-content\/uploads\/2025\/06\/Olio-extra-vergine-di-oliva-Monocultivar-Ogliarola.png 500w, https:\/\/frantoiocongedi.com\/wp-content\/uploads\/2025\/06\/Olio-extra-vergine-di-oliva-Monocultivar-Ogliarola-150x150.png 150w, https:\/\/frantoiocongedi.com\/wp-content\/uploads\/2025\/06\/Olio-extra-vergine-di-oliva-Monocultivar-Ogliarola-300x300.png 300w\" sizes=\"auto, (max-width: 500px) 100vw, 500px\" \/><\/a><\/figure>\n\n\n\n<figure class=\"wp-block-image size-large\"><a href=\"https:\/\/frantoiocongedi.com\/de\/prodotto\/natives-olivenoel-extra-g-g-a-puglia-050-l\/\"><img loading=\"lazy\" decoding=\"async\" width=\"500\" height=\"500\" data-id=\"1060\" src=\"https:\/\/frantoiocongedi.com\/wp-content\/uploads\/2025\/06\/Olio-extra-vergine-di-oliva-IGP-PUGLIA.png\" alt=\"\" class=\"wp-image-1060\" srcset=\"https:\/\/frantoiocongedi.com\/wp-content\/uploads\/2025\/06\/Olio-extra-vergine-di-oliva-IGP-PUGLIA.png 500w, https:\/\/frantoiocongedi.com\/wp-content\/uploads\/2025\/06\/Olio-extra-vergine-di-oliva-IGP-PUGLIA-150x150.png 150w, https:\/\/frantoiocongedi.com\/wp-content\/uploads\/2025\/06\/Olio-extra-vergine-di-oliva-IGP-PUGLIA-300x300.png 300w\" sizes=\"auto, (max-width: 500px) 100vw, 500px\" \/><\/a><\/figure>\n\n\n\n<figure class=\"wp-block-image size-large\"><a href=\"https:\/\/frantoiocongedi.com\/de\/prodotto\/natives-olivenoel-extra-monokultivar-favolosa-0-50-l\/\"><img loading=\"lazy\" decoding=\"async\" width=\"500\" height=\"500\" data-id=\"1098\" src=\"https:\/\/frantoiocongedi.com\/wp-content\/uploads\/2025\/06\/Olio-extra-vergine-di-oliva-Monocultivar-Favolosa.png\" alt=\"\" class=\"wp-image-1098\" srcset=\"https:\/\/frantoiocongedi.com\/wp-content\/uploads\/2025\/06\/Olio-extra-vergine-di-oliva-Monocultivar-Favolosa.png 500w, https:\/\/frantoiocongedi.com\/wp-content\/uploads\/2025\/06\/Olio-extra-vergine-di-oliva-Monocultivar-Favolosa-150x150.png 150w, https:\/\/frantoiocongedi.com\/wp-content\/uploads\/2025\/06\/Olio-extra-vergine-di-oliva-Monocultivar-Favolosa-300x300.png 300w\" sizes=\"auto, (max-width: 500px) 100vw, 500px\" \/><\/a><\/figure>\n\n\n\n<figure class=\"wp-block-image size-large\"><a href=\"https:\/\/frantoiocongedi.com\/de\/prodotto\/natives-olivenoel-extra-g-u-terra-dotranto-050-l\/\"><img decoding=\"async\" data-id=\"1054\" src=\"https:\/\/frantoiocongedi.com\/wp-content\/uploads\/2025\/06\/Olio-extra-vergine-di-oliva-Dop-Terra-dOtranto.png\" alt=\"\" class=\"wp-image-1054\"><\/a><\/figure>\n\n\n\n<figure class=\"wp-block-image size-large\"><a href=\"https:\/\/frantoiocongedi.com\/de\/prodotto\/natives-olivenoel-extra-monokultivar-05-lt-coratina\/\"><img loading=\"lazy\" decoding=\"async\" width=\"500\" height=\"500\" data-id=\"1051\" src=\"https:\/\/frantoiocongedi.com\/wp-content\/uploads\/2025\/06\/Olio-extra-vergine-di-oliva-Monocultivar-05-Lt-Coratina.png\" alt=\"\" class=\"wp-image-1051\" srcset=\"https:\/\/frantoiocongedi.com\/wp-content\/uploads\/2025\/06\/Olio-extra-vergine-di-oliva-Monocultivar-05-Lt-Coratina.png 500w, https:\/\/frantoiocongedi.com\/wp-content\/uploads\/2025\/06\/Olio-extra-vergine-di-oliva-Monocultivar-05-Lt-Coratina-150x150.png 150w, https:\/\/frantoiocongedi.com\/wp-content\/uploads\/2025\/06\/Olio-extra-vergine-di-oliva-Monocultivar-05-Lt-Coratina-300x300.png 300w\" sizes=\"auto, (max-width: 500px) 100vw, 500px\" \/><\/a><\/figure>\n<\/figure>\n","protected":false},"excerpt":{"rendered":"<p>Seit \u00fcber 4 Generationen produzieren wir im Salento hochwertiges natives Oliven\u00f6l extra, das Qualit\u00e4t, Tradition und technologische Innovation miteinander verbindet.<\/p>\n","protected":false},"author":1,"featured_media":0,"parent":0,"menu_order":0,"comment_status":"closed","ping_status":"closed","template":"","meta":{"footnotes":""},"class_list":["post-2000001029","page","type-page","status-publish","hentry"],"jetpack_sharing_enabled":true,"_links":{"self":[{"href":"https:\/\/frantoiocongedi.com\/de\/wp-json\/wp\/v2\/pages\/2000001029","targetHints":{"allow":["GET"]}}],"collection":[{"href":"https:\/\/frantoiocongedi.com\/de\/wp-json\/wp\/v2\/pages"}],"about":[{"href":"https:\/\/frantoiocongedi.com\/de\/wp-json\/wp\/v2\/types\/page"}],"author":[{"embeddable":true,"href":"https:\/\/frantoiocongedi.com\/de\/wp-json\/wp\/v2\/users\/1"}],"replies":[{"embeddable":true,"href":"https:\/\/frantoiocongedi.com\/de\/wp-json\/wp\/v2\/comments?post=2000001029"}],"version-history":[{"count":5,"href":"https:\/\/frantoiocongedi.com\/de\/wp-json\/wp\/v2\/pages\/2000001029\/revisions"}],"predecessor-version":[{"id":2000001678,"href":"https:\/\/frantoiocongedi.com\/de\/wp-json\/wp\/v2\/pages\/2000001029\/revisions\/2000001678"}],"wp:attachment":[{"href":"https:\/\/frantoiocongedi.com\/de\/wp-json\/wp\/v2\/media?parent=2000001029"}],"curies":[{"name":"wp","href":"https:\/\/api.w.org\/{rel}","templated":true}]}}