{"id":2000001033,"date":"2025-11-19T10:21:45","date_gmt":"2025-11-19T10:21:45","guid":{"rendered":"https:\/\/frantoiocongedi.com\/natives-italienisches-olivenoel-extra\/"},"modified":"2026-04-01T15:16:50","modified_gmt":"2026-04-01T15:16:50","slug":"natives-italienisches-olivenoel-extra","status":"publish","type":"page","link":"https:\/\/frantoiocongedi.com\/de\/natives-italienisches-olivenoel-extra\/","title":{"rendered":"Natives italienisches Oliven\u00f6l extra"},"content":{"rendered":"\n<figure class=\"wp-block-image size-full\"><img loading=\"lazy\" decoding=\"async\" width=\"1125\" height=\"348\" src=\"https:\/\/frantoiocongedi.com\/wp-content\/uploads\/2025\/11\/gambero-rosso.jpg\" alt=\"\" class=\"wp-image-1648\" srcset=\"https:\/\/frantoiocongedi.com\/wp-content\/uploads\/2025\/11\/gambero-rosso.jpg 1125w, https:\/\/frantoiocongedi.com\/wp-content\/uploads\/2025\/11\/gambero-rosso-150x46.jpg 150w\" sizes=\"auto, (max-width: 1125px) 100vw, 1125px\" \/><\/figure>\n\n<p>Mit Stolz teilt die Frantoio Congedi \u00d6lm\u00fchle ihr italienisches natives Oliven\u00f6l extra, das mit Leidenschaft und Liebe hergestellt wird, mit Ihnen allen, \u00fcberall auf der Welt&#8230;<\/p>\n\n<hr class=\"wp-block-separator has-alpha-channel-opacity\"\/>\n\n<p>Von der Olivenernte bis zum Mahlen ist es unser Hauptziel, f\u00fcr unsere Kunden <strong>100% italienisches natives Oliven\u00f6l extra<\/strong> zu produzieren.<\/p>\n\n<p>Seit 1917, in der sonnigen und \u00fcppigen <a href=\"https:\/\/www.oliocongedi.com\/salento\" target=\"_blank\" rel=\"noopener\"><strong>Land des Salento<\/strong><\/a>, in <a href=\"https:\/\/www.oliocongedi.com\/puglia\" target=\"_blank\" rel=\"noopener\"><strong>Apulien<\/strong><\/a>produziert die Familie Congedi, die Authentizit\u00e4t und Aufopferung, Tradition und Innovation miteinander verbindet, mit Stolz reines <a href=\"https:\/\/www.oliocongedi.com\/olio-del-salento\" target=\"_blank\" rel=\"noopener\"><strong>hochwertiges italienisches Oliven\u00f6l extra vergine<\/strong><\/a>.<br\/><br\/>Seit \u00fcber einem Jahrhundert kultiviert und verarbeitet die Familie Congedi die wichtigste Frucht des <strong><a href=\"https:\/\/www.oliocongedi.com\/salento\" target=\"_blank\" rel=\"noopener\">Salento<\/a><\/strong>die heute in die ganze Welt exportiert wird: die<strong>Olive<\/strong>, das Hauptergebnis des Baumes, der das herrliche Land des Salento symbolisiert, der<strong>Olivenbaum<\/strong>.<br\/><br\/>Olio Congedi wird das Verdienst zugeschrieben, die Verarbeitung von nativem Oliven\u00f6l extra im letzten Jahrhundert durch die Verbindung von <strong>Qualit\u00e4t<\/strong>, <strong>Tradition<\/strong> und<strong> technologischer Innovation<\/strong> modern gemacht zu haben.<br\/><br\/>Natives Oliven\u00f6l extra ist ein <strong>Grundnahrungsmittel<\/strong> der <strong>mediterranen Ern\u00e4hrung. Es<\/strong> ist nicht nur f\u00fcr seinen Geschmack bekannt, der jedes Gericht verfeinert, sondern auch f\u00fcr seine gesundheitlichen und k\u00f6rperlichen Vorteile.<br\/><br\/>Was<strong>natives Oliven\u00f6l extra<\/strong> im Vergleich zu anderen \u00d6len einzigartig macht, ist, dass es das einzige ist, das durch einfaches Pressen der<strong>Oliven<\/strong> gewonnen wird, ohne die Hilfe von chemischen L\u00f6sungsmitteln oder anderen industriellen Eingriffen, wie es bei anderen pflanzlichen \u00d6len oder Fetten der Fall ist. Au\u00dferdem wird in der <strong>Frantoio Congedi \u00d6lm\u00fchle<\/strong> die Olivenernte noch immer von Hand durchgef\u00fchrt, um die Olivenb\u00e4ume nicht durch das Schlagen der Zweige zu besch\u00e4digen, in dem Bem\u00fchen, die Erhaltung einer einzigartigen und wunderbaren Umwelt wie der des Salento immer an erste Stelle zu setzen. <br\/><br\/>Der gesamte Produktionszyklus wird von der <strong>Familie Congedi<\/strong> mit Hingabe und Leidenschaft bis ins kleinste Detail gepflegt, um unseren Kunden eine st\u00e4ndige und progressive Verbesserung des Endergebnisses zu garantieren. Wir garantieren unseren Kunden <strong>Aufmerksamkeit, Innovation, Umweltschutz<\/strong>, <strong>Lebensmittelsicherheit<\/strong> und <strong>h\u00f6chste Qualit\u00e4t<\/strong>, was durch zahlreiche Zertifizierungen best\u00e4tigt wird. Unser Kunde nimmt ein <a href=\"https:\/\/www.oliocongedi.com\/qualita-olio-extravergine-pugliese\" target=\"_blank\" rel=\"noopener\"><strong>Produkt von hervorragender Qualit\u00e4t<\/strong><\/a><strong>100% italienisch<\/strong>, ein <a href=\"https:\/\/www.oliocongedi.com\/olio-pugliese\" target=\"_blank\" rel=\"noopener\"><strong>ein apulisches \u00d6l<\/strong><\/a><a href=\"https:\/\/www.oliocongedi.com\/coltivato-nel-salento\" target=\"_blank\" rel=\"noopener\">das im Salento angebaut wird<\/a>.  <\/p>\n\n<p><\/p>\n","protected":false},"excerpt":{"rendered":"<p>Mit Stolz teilt die Frantoio Congedi \u00d6lm\u00fchle ihr italienisches natives Oliven\u00f6l extra, das mit Leidenschaft und Liebe hergestellt wird, mit<\/p>\n","protected":false},"author":1,"featured_media":0,"parent":0,"menu_order":0,"comment_status":"closed","ping_status":"closed","template":"","meta":{"footnotes":""},"class_list":["post-2000001033","page","type-page","status-publish","hentry"],"jetpack_sharing_enabled":true,"_links":{"self":[{"href":"https:\/\/frantoiocongedi.com\/de\/wp-json\/wp\/v2\/pages\/2000001033","targetHints":{"allow":["GET"]}}],"collection":[{"href":"https:\/\/frantoiocongedi.com\/de\/wp-json\/wp\/v2\/pages"}],"about":[{"href":"https:\/\/frantoiocongedi.com\/de\/wp-json\/wp\/v2\/types\/page"}],"author":[{"embeddable":true,"href":"https:\/\/frantoiocongedi.com\/de\/wp-json\/wp\/v2\/users\/1"}],"replies":[{"embeddable":true,"href":"https:\/\/frantoiocongedi.com\/de\/wp-json\/wp\/v2\/comments?post=2000001033"}],"version-history":[{"count":1,"href":"https:\/\/frantoiocongedi.com\/de\/wp-json\/wp\/v2\/pages\/2000001033\/revisions"}],"predecessor-version":[{"id":2000001035,"href":"https:\/\/frantoiocongedi.com\/de\/wp-json\/wp\/v2\/pages\/2000001033\/revisions\/2000001035"}],"wp:attachment":[{"href":"https:\/\/frantoiocongedi.com\/de\/wp-json\/wp\/v2\/media?parent=2000001033"}],"curies":[{"name":"wp","href":"https:\/\/api.w.org\/{rel}","templated":true}]}}