{"id":2000001036,"date":"2025-11-19T10:24:57","date_gmt":"2025-11-19T10:24:57","guid":{"rendered":"https:\/\/frantoiocongedi.com\/olio-pugliese\/"},"modified":"2026-04-01T15:22:37","modified_gmt":"2026-04-01T15:22:37","slug":"olio-pugliese","status":"publish","type":"page","link":"https:\/\/frantoiocongedi.com\/de\/olio-pugliese\/","title":{"rendered":"Olio Pugliese"},"content":{"rendered":"\n<p>Gekennzeichnet durch einen unverwechselbaren Geschmack und ein ebenso einzigartiges Aroma ist das apulische Oliven\u00f6l das ges\u00fcndeste W\u00fcrzmittel, das man verwenden kann, um eine ausgewogene Ern\u00e4hrung beizubehalten, ohne auf guten Geschmack zu verzichten.<\/p>\n\n<hr class=\"wp-block-separator has-alpha-channel-opacity\"\/>\n\n<p>Jeder Tropfen unseres apulischen Oliven\u00f6ls ist kostbar und vereint in sich eine ganze Welt aus Wissen und einzigartigen, unverwechselbaren Aromen.<\/p>\n\n<p>Die Familie Congedi hat sich im Laufe von vier Generationen im sonnenverw\u00f6hnten und zugleich rauen Land des <a href=\"https:\/\/www.oliocongedi.com\/salento\" target=\"_blank\" rel=\"noopener\">Salento<\/a> stets durch den Willen ausgezeichnet, das von ihr mit Stolz produzierte native <a href=\"https:\/\/www.oliocongedi.com\/olio-del-salento\" target=\"_blank\" rel=\"noopener\">Oliven\u00f6l extra kontinuierlich<\/a> zu verbessern. Dabei widmet sich die Frantoio Congedi dem Olivenbaum von Anfang an \u2013 von der Pflege bis hin zur Herstellung und anschlie\u00dfenden Lagerung des nativen Oliven\u00f6ls extra aus dem Salento. Diese erfolgt unter kontrollierter Temperatur in Edelstahltanks und wird anschlie\u00dfend unter Stickstoff gelagert, um w\u00e4hrend der Lager- und Abf\u00fcllphase eine gleichbleibend hohe Qualit\u00e4t des Produkts zu gew\u00e4hrleisten. <br\/><br\/>Das Geheimnis unseres Erfolgs ist eine Kombination grundlegender Faktoren. Neben der kontinuierlichen Modernisierung der Anlagen im Sinne fortschreitender Innovation und unter vollst\u00e4ndiger Wahrung der Umwelt stellt eine weitere wertvolle Eigenschaft, die dieses Oliven\u00f6lunternehmen unter den Betrieben des Salento besonders macht, die Familientradition dar.<br\/>Diese ist in der Tat die geheime Zutat, die das Endergebnis noch besser macht, da sie die Weitergabe von Wissen und sehr alten, \u00fcber Generationen bewahrten Geheimnissen erm\u00f6glicht hat, die dem Lauf der Zeit standgehalten haben.<br\/>Dar\u00fcber hinaus wird bei der Arbeit in einer Familie wie der Familie Congedi die gro\u00dfe Leidenschaft deutlich, die alle Familienmitglieder und Mitarbeitenden t\u00e4glich in ihre T\u00e4tigkeit einbringen \u2013 umso mehr, wenn man bedenkt, dass dieses Unternehmen bereits vor \u00fcber einem Jahrhundert, im Jahr 1918, gegr\u00fcndet wurde.   <br\/><br\/>Letzteres war eine wichtige Voraussetzung f\u00fcr den Erhalt mehrerer <a href=\"https:\/\/www.oliocongedi.com\/riconoscimenti\" target=\"_blank\" rel=\"noopener\">Preise und Auszeichnungen<\/a> prestigetr\u00e4chtigen Auszeichnungen in der Branche.<br\/><br\/>Modernit\u00e4t, Tradition, Qualit\u00e4t und Liebe zum Detail: Das sind die Leitprinzipien des nativen Oliven\u00f6ls extra von Congedi \u2013 ein <a href=\"https:\/\/www.oliocongedi.com\/olio-pugliese\" target=\"_blank\" rel=\"noopener\">apulisches Oliven\u00f6l<\/a>, <a href=\"https:\/\/www.oliocongedi.com\/coltivato-nel-salento\" target=\"_blank\" rel=\"noopener\">angebaut im Salento.<\/a><\/p>\n\n<figure class=\"wp-block-gallery has-nested-images columns-default is-cropped wp-block-gallery-1 is-layout-flex wp-block-gallery-is-layout-flex\">\n<figure class=\"wp-block-image\"><img loading=\"lazy\" decoding=\"async\" width=\"741\" height=\"1000\" data-id=\"1023\" src=\"https:\/\/frantoiocongedi.com\/wp-content\/uploads\/2025\/06\/pomodori-secchi-e-aglio.jpg\" alt=\"\" class=\"wp-image-1023\" srcset=\"https:\/\/frantoiocongedi.com\/wp-content\/uploads\/2025\/06\/pomodori-secchi-e-aglio.jpg 741w, https:\/\/frantoiocongedi.com\/wp-content\/uploads\/2025\/06\/pomodori-secchi-e-aglio-150x202.jpg 150w, https:\/\/frantoiocongedi.com\/wp-content\/uploads\/2025\/06\/pomodori-secchi-e-aglio-222x300.jpg 222w\" sizes=\"auto, (max-width: 741px) 100vw, 741px\" \/><\/figure>\n\n\n\n<figure class=\"wp-block-image\"><img loading=\"lazy\" decoding=\"async\" width=\"741\" height=\"1000\" data-id=\"1026\" src=\"https:\/\/frantoiocongedi.com\/wp-content\/uploads\/2025\/06\/tartufo.jpg\" alt=\"\" class=\"wp-image-1026\" srcset=\"https:\/\/frantoiocongedi.com\/wp-content\/uploads\/2025\/06\/tartufo.jpg 741w, https:\/\/frantoiocongedi.com\/wp-content\/uploads\/2025\/06\/tartufo-150x202.jpg 150w, https:\/\/frantoiocongedi.com\/wp-content\/uploads\/2025\/06\/tartufo-222x300.jpg 222w\" sizes=\"auto, (max-width: 741px) 100vw, 741px\" \/><\/figure>\n\n\n\n<figure class=\"wp-block-image\"><img loading=\"lazy\" decoding=\"async\" width=\"741\" height=\"1000\" data-id=\"1042\" src=\"https:\/\/frantoiocongedi.com\/wp-content\/uploads\/2025\/06\/Olio-extra-vergine-di-oliva-aromatizzato-al-peperoncino.jpg\" alt=\"\" class=\"wp-image-1042\" srcset=\"https:\/\/frantoiocongedi.com\/wp-content\/uploads\/2025\/06\/Olio-extra-vergine-di-oliva-aromatizzato-al-peperoncino.jpg 741w, https:\/\/frantoiocongedi.com\/wp-content\/uploads\/2025\/06\/Olio-extra-vergine-di-oliva-aromatizzato-al-peperoncino-150x202.jpg 150w, https:\/\/frantoiocongedi.com\/wp-content\/uploads\/2025\/06\/Olio-extra-vergine-di-oliva-aromatizzato-al-peperoncino-222x300.jpg 222w\" sizes=\"auto, (max-width: 741px) 100vw, 741px\" \/><\/figure>\n\n\n\n<figure class=\"wp-block-image\"><img loading=\"lazy\" decoding=\"async\" width=\"741\" height=\"1000\" data-id=\"1039\" src=\"https:\/\/frantoiocongedi.com\/wp-content\/uploads\/2025\/06\/Olio-extra-vergine-di-oliva-aromatizzato-al-basilico.jpg\" alt=\"\" class=\"wp-image-1039\" srcset=\"https:\/\/frantoiocongedi.com\/wp-content\/uploads\/2025\/06\/Olio-extra-vergine-di-oliva-aromatizzato-al-basilico.jpg 741w, https:\/\/frantoiocongedi.com\/wp-content\/uploads\/2025\/06\/Olio-extra-vergine-di-oliva-aromatizzato-al-basilico-150x202.jpg 150w, https:\/\/frantoiocongedi.com\/wp-content\/uploads\/2025\/06\/Olio-extra-vergine-di-oliva-aromatizzato-al-basilico-222x300.jpg 222w\" sizes=\"auto, (max-width: 741px) 100vw, 741px\" \/><\/figure>\n\n\n\n<figure class=\"wp-block-image\"><img loading=\"lazy\" decoding=\"async\" width=\"741\" height=\"1000\" data-id=\"1036\" src=\"https:\/\/frantoiocongedi.com\/wp-content\/uploads\/2025\/06\/Olio-extra-vergine-di-oliva-aromatizzato-al-limone.jpg\" alt=\"\" class=\"wp-image-1036\" srcset=\"https:\/\/frantoiocongedi.com\/wp-content\/uploads\/2025\/06\/Olio-extra-vergine-di-oliva-aromatizzato-al-limone.jpg 741w, https:\/\/frantoiocongedi.com\/wp-content\/uploads\/2025\/06\/Olio-extra-vergine-di-oliva-aromatizzato-al-limone-150x202.jpg 150w, https:\/\/frantoiocongedi.com\/wp-content\/uploads\/2025\/06\/Olio-extra-vergine-di-oliva-aromatizzato-al-limone-222x300.jpg 222w\" sizes=\"auto, (max-width: 741px) 100vw, 741px\" \/><\/figure>\n\n\n\n<figure class=\"wp-block-image\"><img loading=\"lazy\" decoding=\"async\" width=\"741\" height=\"1000\" data-id=\"1033\" src=\"https:\/\/frantoiocongedi.com\/wp-content\/uploads\/2025\/06\/Olio-extra-vergine-di-oliva-aromatizzato-allaglio-025-l.jpg\" alt=\"\" class=\"wp-image-1033\" srcset=\"https:\/\/frantoiocongedi.com\/wp-content\/uploads\/2025\/06\/Olio-extra-vergine-di-oliva-aromatizzato-allaglio-025-l.jpg 741w, https:\/\/frantoiocongedi.com\/wp-content\/uploads\/2025\/06\/Olio-extra-vergine-di-oliva-aromatizzato-allaglio-025-l-150x202.jpg 150w, https:\/\/frantoiocongedi.com\/wp-content\/uploads\/2025\/06\/Olio-extra-vergine-di-oliva-aromatizzato-allaglio-025-l-222x300.jpg 222w\" sizes=\"auto, (max-width: 741px) 100vw, 741px\" \/><\/figure>\n\n\n\n<figure class=\"wp-block-image\"><img loading=\"lazy\" decoding=\"async\" width=\"741\" height=\"1000\" data-id=\"1030\" src=\"https:\/\/frantoiocongedi.com\/wp-content\/uploads\/2025\/06\/limone-menta-pepe-rosa.jpg\" alt=\"\" class=\"wp-image-1030\" srcset=\"https:\/\/frantoiocongedi.com\/wp-content\/uploads\/2025\/06\/limone-menta-pepe-rosa.jpg 741w, https:\/\/frantoiocongedi.com\/wp-content\/uploads\/2025\/06\/limone-menta-pepe-rosa-150x202.jpg 150w, https:\/\/frantoiocongedi.com\/wp-content\/uploads\/2025\/06\/limone-menta-pepe-rosa-222x300.jpg 222w\" sizes=\"auto, (max-width: 741px) 100vw, 741px\" \/><\/figure>\n<\/figure>\n","protected":false},"excerpt":{"rendered":"<p>Gekennzeichnet durch einen unverwechselbaren Geschmack und ein ebenso einzigartiges Aroma ist das apulische Oliven\u00f6l das ges\u00fcndeste W\u00fcrzmittel, das man verwenden<\/p>\n","protected":false},"author":1,"featured_media":0,"parent":0,"menu_order":0,"comment_status":"closed","ping_status":"closed","template":"","meta":{"footnotes":""},"class_list":["post-2000001036","page","type-page","status-publish","hentry"],"jetpack_sharing_enabled":true,"_links":{"self":[{"href":"https:\/\/frantoiocongedi.com\/de\/wp-json\/wp\/v2\/pages\/2000001036","targetHints":{"allow":["GET"]}}],"collection":[{"href":"https:\/\/frantoiocongedi.com\/de\/wp-json\/wp\/v2\/pages"}],"about":[{"href":"https:\/\/frantoiocongedi.com\/de\/wp-json\/wp\/v2\/types\/page"}],"author":[{"embeddable":true,"href":"https:\/\/frantoiocongedi.com\/de\/wp-json\/wp\/v2\/users\/1"}],"replies":[{"embeddable":true,"href":"https:\/\/frantoiocongedi.com\/de\/wp-json\/wp\/v2\/comments?post=2000001036"}],"version-history":[{"count":1,"href":"https:\/\/frantoiocongedi.com\/de\/wp-json\/wp\/v2\/pages\/2000001036\/revisions"}],"predecessor-version":[{"id":2000001037,"href":"https:\/\/frantoiocongedi.com\/de\/wp-json\/wp\/v2\/pages\/2000001036\/revisions\/2000001037"}],"wp:attachment":[{"href":"https:\/\/frantoiocongedi.com\/de\/wp-json\/wp\/v2\/media?parent=2000001036"}],"curies":[{"name":"wp","href":"https:\/\/api.w.org\/{rel}","templated":true}]}}