{"id":3502,"date":"2025-06-18T12:55:55","date_gmt":"2025-06-18T12:55:55","guid":{"rendered":"https:\/\/frantoiocongedi.com\/oel-und-gesundheit\/"},"modified":"2026-02-25T11:19:43","modified_gmt":"2026-02-25T11:19:43","slug":"oel-und-gesundheit","status":"publish","type":"page","link":"https:\/\/frantoiocongedi.com\/de\/oel-und-gesundheit\/","title":{"rendered":"\u00d6l und Gesundheit"},"content":{"rendered":"\t\t<div data-elementor-type=\"wp-page\" data-elementor-id=\"3502\" class=\"elementor elementor-3502\">\n\t\t\t\t<div class=\"elementor-element elementor-element-ba521a8 e-con-full e-flex e-con e-parent\" data-id=\"ba521a8\" data-element_type=\"container\" data-e-type=\"container\">\n\t\t\t\t<div class=\"elementor-element elementor-element-ad85069 elementor-widget elementor-widget-heading\" data-id=\"ad85069\" data-element_type=\"widget\" data-e-type=\"widget\" data-widget_type=\"heading.default\">\n\t\t\t\t<div class=\"elementor-widget-container\">\n\t\t\t\t\t<h2 class=\"elementor-heading-title elementor-size-default\">Hochwertiges natives Oliven\u00f6l extra ist gut f\u00fcr Sie, weil es gut ist<\/h2>\t\t\t\t<\/div>\n\t\t\t\t<\/div>\n\t\t\t\t<div class=\"elementor-element elementor-element-14b7664 color-scheme-inherit text-left elementor-widget elementor-widget-text-editor\" data-id=\"14b7664\" data-element_type=\"widget\" data-e-type=\"widget\" data-widget_type=\"text-editor.default\">\n\t\t\t\t<div class=\"elementor-widget-container\">\n\t\t\t\t\t\t\t\t\t<p><em>Unser <strong>\u00d6l<\/strong> ist gut f\u00fcr Ihre <strong>Gesundheit!<\/strong><a href=\"https:\/\/www.oliocongedi.com\/olio-doliva-italiano-puglia\/\" target=\"_blank\" rel=\"noopener\">Natives Oliven\u00f6l extra<\/a> ist ein Grundnahrungsmittel der <strong>&#8222;mediterranen Di\u00e4t&#8220;<\/strong>, die seit einigen Jahren in der ganzen Welt als Synonym f\u00fcr Geschmack und Gesundheit gilt. Im Vergleich zu anderen Gew\u00fcrzen pflanzlichen Ursprungs ist <strong>natives Oliven\u00f6l extra<\/strong> nicht nur das schmackhafteste, sondern auch das ges\u00fcndeste. <\/em><\/p>\t\t\t\t\t\t\t\t<\/div>\n\t\t\t\t<\/div>\n\t\t\t\t<div class=\"elementor-element elementor-element-0480567 color-scheme-inherit text-left elementor-widget elementor-widget-text-editor\" data-id=\"0480567\" data-element_type=\"widget\" data-e-type=\"widget\" data-widget_type=\"text-editor.default\">\n\t\t\t\t<div class=\"elementor-widget-container\">\n\t\t\t\t\t\t\t\t\t<p>Diese Eigenschaft r\u00fchrt in erster Linie daher, dass es das einzige \u00d6l ist, das einfach durch Pressen <strong>der Olive<\/strong> gewonnen wird <strong>,<\/strong> ohne die Hilfe von chemischen L\u00f6sungsmitteln oder anderen industriellen Eingriffen, wie es bei anderen pflanzlichen \u00d6len oder Fetten der Fall ist.<a href=\"https:\/\/www.oliocongedi.com\/olio-extravergine-italiano\/\" target=\"_blank\" rel=\"noopener\">Natives Oliven\u00f6l extra<\/a> enth\u00e4lt starke Antioxidantien, <strong>Vitamin E<\/strong> und <strong>Polyphenole<\/strong>, in betr\u00e4chtlichen Mengen. <\/p><p>Dar\u00fcber hinaus ist<a href=\"https:\/\/www.oliocongedi.com\/qualita-olio-extravergine-pugliese\/\" target=\"_blank\" rel=\"noopener\">hochwertiges natives Oliven\u00f6l extra<\/a> <strong>gut<\/strong> f\u00fcr Sie, weil es <strong>gut<\/strong> ist <strong>: Es<\/strong> verleiht den Speisen Geschmack und ist das Gew\u00fcrz mit dem besten Verh\u00e4ltnis an Fetten. Es ist n\u00e4mlich arm an ges\u00e4ttigten Fetten, den Hauptschuldigen f\u00fcr den Anstieg des Cholesterinspiegels im Blut, es ist reich an einfach unges\u00e4ttigten Fetten, d.h. \u00d6ls\u00e4ure, und es enth\u00e4lt essentielle mehrfach unges\u00e4ttigte Fette w6 und w3 im richtigen Verh\u00e4ltnis zueinander, die praktisch dem Fett in der Muttermilch \u00e4hneln und unseren Organismus positiv beeinflussen. <\/p><p>In den meisten Samen\u00f6len sind die mehrfach unges\u00e4ttigten Fette w6 und w3 nicht nur nicht in einem optimalen Verh\u00e4ltnis vorhanden, sondern auch in gro\u00dfen Mengen, was zur Bildung von freien Radikalen f\u00fchrt und Vitamin E ausschlie\u00dflich auf seine antioxidative Rolle festlegt, wodurch seine Vitaminwirkung zunichte gemacht wird.<\/p>\t\t\t\t\t\t\t\t<\/div>\n\t\t\t\t<\/div>\n\t\t\t\t<div class=\"elementor-element elementor-element-68475c7 elementor-widget elementor-widget-heading\" data-id=\"68475c7\" data-element_type=\"widget\" data-e-type=\"widget\" data-widget_type=\"heading.default\">\n\t\t\t\t<div class=\"elementor-widget-container\">\n\t\t\t\t\t<h2 class=\"elementor-heading-title elementor-size-default\">Ein gesundes Leben erfordert eine gesunde Ern\u00e4hrung<\/h2>\t\t\t\t<\/div>\n\t\t\t\t<\/div>\n\t\t\t\t<div class=\"elementor-element elementor-element-ec92b2c color-scheme-inherit text-left elementor-widget elementor-widget-text-editor\" data-id=\"ec92b2c\" data-element_type=\"widget\" data-e-type=\"widget\" data-widget_type=\"text-editor.default\">\n\t\t\t\t<div class=\"elementor-widget-container\">\n\t\t\t\t\t\t\t\t\t<p>Dies ist das Konzept hinter den Studien, die der amerikanische Wissenschaftler <strong>Ancel Keys<\/strong> in den 1970er Jahren durchgef\u00fchrt hat und deren Ergebnisse in der <strong>&#8218;Mittelmeerdi\u00e4t&#8216;<\/strong> zusammengefasst wurden.<br>Zusammenfassend l\u00e4sst sich sagen, dass die Ern\u00e4hrung der <strong>Mittelmeeranrainer<\/strong> eine der h\u00f6chsten Lebenserwartungen der Welt hat und dass die H\u00e4ufigkeit von Herz-Kreislauf-Erkrankungen, bestimmten Tumorarten und vielen anderen Krankheiten, die alle mit dem Ern\u00e4hrungsstil zusammenh\u00e4ngen, drastisch gesunken ist. Dies wurde durch 20 Jahre dauernde Untersuchungen in Finnland, Japan, Griechenland, Italien, Holland, den Vereinigten Staaten und Jugoslawien nachgewiesen.<\/p><p>Zu einer<strong> gesunden Ern\u00e4hrung<\/strong> geh\u00f6rt erstens, dass man ma\u00dfvoll isst, und zweitens, dass man auf die chemische Zusammensetzung der Lebensmittel achtet.<br>Das von Ancel Keys entwickelte Ern\u00e4hrungsmodell, das als &#8222;Mittelmeerdi\u00e4t&#8220; bekannt wurde, st\u00fctzt sich auf bestimmte <strong>Lebensmittel<\/strong>, zu denen im Hinblick auf die Art der zu verzehrenden Lipide auch das<strong>native Oliven\u00f6l extra<\/strong> geh\u00f6rt. Das \u00d6l spielt in der mediterranen Ern\u00e4hrung aufgrund seiner Konzentration an einfach und mehrfach unges\u00e4ttigten Fetts\u00e4uren eine grundlegende Rolle. <\/p>\t\t\t\t\t\t\t\t<\/div>\n\t\t\t\t<\/div>\n\t\t\t\t<div class=\"elementor-element elementor-element-1b1bfe4 elementor-widget elementor-widget-image\" data-id=\"1b1bfe4\" data-element_type=\"widget\" data-e-type=\"widget\" data-widget_type=\"image.default\">\n\t\t\t\t<div class=\"elementor-widget-container\">\n\t\t\t\t\t\t\t\t\t\t\t\t\t\t\t<img loading=\"lazy\" decoding=\"async\" width=\"1000\" height=\"667\" src=\"https:\/\/frantoiocongedi.com\/wp-content\/uploads\/2025\/06\/olio-e-salute_1.jpg\" class=\"attachment-large size-large wp-image-3504\" alt=\"\" srcset=\"https:\/\/frantoiocongedi.com\/wp-content\/uploads\/2025\/06\/olio-e-salute_1.jpg 1000w, https:\/\/frantoiocongedi.com\/wp-content\/uploads\/2025\/06\/olio-e-salute_1-150x100.jpg 150w, https:\/\/frantoiocongedi.com\/wp-content\/uploads\/2025\/06\/olio-e-salute_1-300x200.jpg 300w, https:\/\/frantoiocongedi.com\/wp-content\/uploads\/2025\/06\/olio-e-salute_1-768x512.jpg 768w\" sizes=\"auto, (max-width: 1000px) 100vw, 1000px\" \/>\t\t\t\t\t\t\t\t\t\t\t\t\t\t\t<\/div>\n\t\t\t\t<\/div>\n\t\t\t\t<div class=\"elementor-element elementor-element-eb30fa1 elementor-widget elementor-widget-heading\" data-id=\"eb30fa1\" data-element_type=\"widget\" data-e-type=\"widget\" data-widget_type=\"heading.default\">\n\t\t\t\t<div class=\"elementor-widget-container\">\n\t\t\t\t\t<h2 class=\"elementor-heading-title elementor-size-default\">Natives Oliven\u00f6l extra und andere Fette<\/h2>\t\t\t\t<\/div>\n\t\t\t\t<\/div>\n\t\t\t\t<div class=\"elementor-element elementor-element-89da830 color-scheme-inherit text-left elementor-widget elementor-widget-text-editor\" data-id=\"89da830\" data-element_type=\"widget\" data-e-type=\"widget\" data-widget_type=\"text-editor.default\">\n\t\t\t\t<div class=\"elementor-widget-container\">\n\t\t\t\t\t\t\t\t\t<p>Alle Fette und \u00d6le enthalten zu 98 Prozent Triglyceride, die wiederum aus Fetts\u00e4uren bestehen. Fetts\u00e4uren k\u00f6nnen in der ges\u00e4ttigten Form, in der einfach unges\u00e4ttigten Form und schlie\u00dflich in der mehrfach unges\u00e4ttigten Form vorliegen. Um das richtige Gleichgewicht f\u00fcr unsere Ern\u00e4hrung zu finden, m\u00fcssen wir das wissen:  <\/p><p><strong>Ges\u00e4ttigte Fetts\u00e4uren<\/strong>, die in tierischen Fetten reichlich vorhanden sind, erh\u00f6hen den Cholesterinspiegel im Blut erheblich, mit allen Folgen, die inzwischen \u00fcber Arteriosklerose und koronare Herzkrankheiten bekannt sind;<\/p><p><strong>Mehrfach unges\u00e4ttigte Fetts\u00e4uren (Linol- und Linolens\u00e4ure)<\/strong>, die reichlich in Samen\u00f6len vorkommen, senken das LDL-Cholesterin (das schlechte) im Blut, aber auch das HDL-Cholesterin (das gute!). Wir m\u00fcssen noch wissen, dass tierische Organismen nicht in der Lage sind, Linol- und Linolens\u00e4ure herzustellen, so dass wir sie mit der Nahrung zu uns nehmen m\u00fcssen. ABER OHNE ES ZU \u00dcBERTREIBEN! Tats\u00e4chlich sind mehrfach unges\u00e4ttigte S\u00e4uren auch sehr instabil und ein \u00dcberma\u00df an ihnen ist nicht nur unn\u00f6tig, sondern sogar sch\u00e4dlich f\u00fcr den K\u00f6rper. Sie oxidieren sehr schnell, bilden freie Radikale, tragen so zur Zellalterung bei und verursachen verschiedene Krebsarten, insbesondere Darm- und Brustkrebs.    <\/p><p><strong>Einfach unges\u00e4ttigte Fetts\u00e4uren (\u00d6ls\u00e4ure)<\/strong>, die in Oliven\u00f6l reichlich vorhanden sind, senken das LDL-Cholesterin (das schlechte!) erheblich, ohne das gute oder HDL-Cholesterin zu senken. Sie haben au\u00dferdem eine ausgezeichnete Oxidationsbest\u00e4ndigkeit. <\/p>\t\t\t\t\t\t\t\t<\/div>\n\t\t\t\t<\/div>\n\t\t\t\t<div class=\"elementor-element elementor-element-66b6bca elementor-widget elementor-widget-heading\" data-id=\"66b6bca\" data-element_type=\"widget\" data-e-type=\"widget\" data-widget_type=\"heading.default\">\n\t\t\t\t<div class=\"elementor-widget-container\">\n\t\t\t\t\t<h2 class=\"elementor-heading-title elementor-size-default\">Ein Konzentrat von Antioxidantien<\/h2>\t\t\t\t<\/div>\n\t\t\t\t<\/div>\n\t\t\t\t<\/div>\n\t\t<div class=\"wd-negative-gap elementor-element elementor-element-5639e7c e-flex e-con-boxed e-con e-parent\" data-id=\"5639e7c\" data-element_type=\"container\" data-e-type=\"container\">\n\t\t\t\t\t<div class=\"e-con-inner\">\n\t\t\t\t<div class=\"elementor-element elementor-element-0a7be27 color-scheme-inherit text-left elementor-widget elementor-widget-text-editor\" data-id=\"0a7be27\" data-element_type=\"widget\" data-e-type=\"widget\" data-widget_type=\"text-editor.default\">\n\t\t\t\t<div class=\"elementor-widget-container\">\n\t\t\t\t\t\t\t\t\t<p><strong>Vitamin &#8218;E&#8216;:<\/strong> Der Oxidation von Fetten wird durch die Antioxidantien in der Nahrung selbst entgegengewirkt. Ein ausgewogenes Verh\u00e4ltnis ist erreicht, wenn das Verh\u00e4ltnis von Vitamin E zu Linols\u00e4ure \u00fcber 0,79 liegt. In Samen\u00f6len ist dieses Verh\u00e4ltnis ung\u00fcnstig und schwankt zwischen 0,30 und 0,50, w\u00e4hrend es in Oliven\u00f6l 1,87 betr\u00e4gt, d.h. mehr als doppelt so hoch ist wie n\u00f6tig, um die Bildung von Endoperoxiden zu verhindern, die durch die Aktivierung der Thrombozytenaggregation das Thromboserisiko erh\u00f6hen. Das gute Verh\u00e4ltnis von Vitamin E zu mehrfach unges\u00e4ttigten S\u00e4uren bek\u00e4mpft auch die Bildung von freien Radikalen im K\u00f6rper und wirkt so den Prozessen der Alterung von Zellstrukturen, der Karzinogenese, der Lebersch\u00e4digung und der Atherosklerose selbst entgegen.  <\/p><p><strong>Polyphenole:<\/strong> Die Olive ist eine gl\u00fcckliche Ausnahme in der Natur: Sie ist eine Frucht, bei der das Fett zu einem kleinen Teil im Samen (dem Kern) und zum anderen Teil in der w\u00e4ssrigen Frucht enthalten ist. Bei \u00d6len, die aus Samen gewonnen werden, ist das Fett dagegen vollst\u00e4ndig im Samen enthalten. Die Natur hat daher die Olive und damit auch ihr \u00d6l mit einer Gruppe von Substanzen ausgestattet, die neben dem hohen Vitamin-E-Gehalt starke Antioxidantien sind: die Polyphenole. Neben ihrer antioxidativen Wirkung spielen sie auch eine sehr wichtige Rolle, wenn es darum geht, dem nativen Oliven\u00f6l extra diesen lebendigen, leicht bitteren und w\u00fcrzigen Geschmack zu verleihen, der eine sehr wichtige ern\u00e4hrungsphysiologische Rolle spielt, indem er die Schmackhaftigkeit der Nahrung verbessert und sie leichter verdaulich macht.   <\/p>\t\t\t\t\t\t\t\t<\/div>\n\t\t\t\t<\/div>\n\t\t\t\t\t<\/div>\n\t\t\t\t<\/div>\n\t\t\t\t<\/div>\n\t\t","protected":false},"excerpt":{"rendered":"<p>Hochwertiges natives Oliven\u00f6l extra ist gut f\u00fcr Sie, weil es gut ist Unser \u00d6l ist gut f\u00fcr Ihre Gesundheit!Natives Oliven\u00f6l<\/p>\n","protected":false},"author":1,"featured_media":0,"parent":0,"menu_order":0,"comment_status":"closed","ping_status":"closed","template":"","meta":{"footnotes":""},"class_list":["post-3502","page","type-page","status-publish","hentry"],"jetpack_sharing_enabled":true,"_links":{"self":[{"href":"https:\/\/frantoiocongedi.com\/de\/wp-json\/wp\/v2\/pages\/3502","targetHints":{"allow":["GET"]}}],"collection":[{"href":"https:\/\/frantoiocongedi.com\/de\/wp-json\/wp\/v2\/pages"}],"about":[{"href":"https:\/\/frantoiocongedi.com\/de\/wp-json\/wp\/v2\/types\/page"}],"author":[{"embeddable":true,"href":"https:\/\/frantoiocongedi.com\/de\/wp-json\/wp\/v2\/users\/1"}],"replies":[{"embeddable":true,"href":"https:\/\/frantoiocongedi.com\/de\/wp-json\/wp\/v2\/comments?post=3502"}],"version-history":[{"count":1,"href":"https:\/\/frantoiocongedi.com\/de\/wp-json\/wp\/v2\/pages\/3502\/revisions"}],"predecessor-version":[{"id":3506,"href":"https:\/\/frantoiocongedi.com\/de\/wp-json\/wp\/v2\/pages\/3502\/revisions\/3506"}],"wp:attachment":[{"href":"https:\/\/frantoiocongedi.com\/de\/wp-json\/wp\/v2\/media?parent=3502"}],"curies":[{"name":"wp","href":"https:\/\/api.w.org\/{rel}","templated":true}]}}