{"id":3507,"date":"2025-06-18T13:06:17","date_gmt":"2025-06-18T13:06:17","guid":{"rendered":"https:\/\/frantoiocongedi.com\/nachhaltigkeit-und-biodiversitaet\/"},"modified":"2026-04-03T09:58:36","modified_gmt":"2026-04-03T09:58:36","slug":"nachhaltigkeit-und-biodiversitaet","status":"publish","type":"page","link":"https:\/\/frantoiocongedi.com\/de\/nachhaltigkeit-und-biodiversitaet\/","title":{"rendered":"Nachhaltigkeit und Biodiversit\u00e4t"},"content":{"rendered":"\t\t<div data-elementor-type=\"wp-page\" data-elementor-id=\"3507\" class=\"elementor elementor-3507\">\n\t\t\t\t<div class=\"wd-negative-gap elementor-element elementor-element-1e0e65d e-flex e-con-boxed e-con e-parent\" data-id=\"1e0e65d\" data-element_type=\"container\" data-e-type=\"container\">\n\t\t\t\t\t<div class=\"e-con-inner\">\n\t\t\t\t<div class=\"elementor-element elementor-element-ddb6609 elementor-widget elementor-widget-heading\" data-id=\"ddb6609\" data-element_type=\"widget\" data-e-type=\"widget\" data-widget_type=\"heading.default\">\n\t\t\t\t<div class=\"elementor-widget-container\">\n\t\t\t\t\t<h2 class=\"elementor-heading-title elementor-size-default\">Text hier hinzuf\u00fcgen Das Schicksal der Umwelt zu beherzigen, ist jedermanns Pflicht.<\/h2>\t\t\t\t<\/div>\n\t\t\t\t<\/div>\n\t\t\t\t\t<\/div>\n\t\t\t\t<\/div>\n\t\t<div class=\"wd-negative-gap elementor-element elementor-element-b022dbc e-flex e-con-boxed e-con e-parent\" data-id=\"b022dbc\" data-element_type=\"container\" data-e-type=\"container\">\n\t\t\t\t\t<div class=\"e-con-inner\">\n\t\t\t\t<div class=\"elementor-element elementor-element-e765635 color-scheme-inherit text-left elementor-widget elementor-widget-text-editor\" data-id=\"e765635\" data-element_type=\"widget\" data-e-type=\"widget\" data-widget_type=\"text-editor.default\">\n\t\t\t\t<div class=\"elementor-widget-container\">\n\t\t\t\t\t\t\t\t\t<p>Neben dem Wachstum auf rein landwirtschaftlicher Ebene investiert Frantoio Oleario Congedi seit einigen Jahren in \u00f6kologische Nachhaltigkeit und setzt dabei auf erneuerbare Energiequellen, Energieeinsparung und CO2-Reduzierung. Seit 2010 ist in der Anlage eine hochmoderne Photovoltaikanlage installiert, die den gesamten Energiebedarf f\u00fcr die \u00d6lproduktion deckt. Au\u00dferdem wird der Trester mit Hilfe einer Anlage, die den Trester vom Kern trennt, zur\u00fcckgewonnen.  <\/p><p>W\u00e4hrend das Fruchtfleisch als D\u00fcngemittel auf den Feldern verwendet wird, wird aus den Kernen Trester hergestellt, ein umweltfreundlicher und wenig belastender Brennstoff, der sowohl zum Heizen der gesamten Anlage als auch f\u00fcr den \u00d6lproduktionszyklus verwendet wird.<\/p><p>Die Frantoio Congedi-\u00d6lm\u00fchle hat in ein wichtiges Bildungsprojekt investiert, das die Praktiken der Wiederverwendung von Abf\u00e4llen aus der \u00d6lproduktion hervorhebt. Weitere umweltfreundliche Entscheidungen in der Frantoio Congedi sind der Einsatz von elektrischen Gabelstaplern f\u00fcr den Transport und die Lagerung von Waren sowie energiesparende LED-Leuchten. <\/p><p>Und schlie\u00dflich die plastikfreie Kampagne, denn die Eliminierung von Plastik aus dem Unternehmen ist ein Akt der Verantwortung. Dies wurde durch die Herstellung von Wasserflaschen aus Aluminium praktiziert, die es den Mitarbeitern erm\u00f6glichen, auf praktische und nachhaltige Weise Trinkwasser aus Spendern zu entnehmen.<\/p>\t\t\t\t\t\t\t\t<\/div>\n\t\t\t\t<\/div>\n\t\t\t\t<div class=\"elementor-element elementor-element-4b67e5a elementor-widget elementor-widget-heading\" data-id=\"4b67e5a\" data-element_type=\"widget\" data-e-type=\"widget\" data-widget_type=\"heading.default\">\n\t\t\t\t<div class=\"elementor-widget-container\">\n\t\t\t\t\t<h2 class=\"elementor-heading-title elementor-size-default\">Der Geschmack der Artenvielfalt<\/h2>\t\t\t\t<\/div>\n\t\t\t\t<\/div>\n\t\t\t\t<div class=\"elementor-element elementor-element-c172f0c color-scheme-inherit text-left elementor-widget elementor-widget-text-editor\" data-id=\"c172f0c\" data-element_type=\"widget\" data-e-type=\"widget\" data-widget_type=\"text-editor.default\">\n\t\t\t\t<div class=\"elementor-widget-container\">\n\t\t\t\t\t\t\t\t\t<p>Tomate, Walnuss, Mandel, Chicor\u00e9e, Apfel, geschnittenes Gras, aromatische Kr\u00e4uter, Saubohnen, Beeren &#8211; es gibt so viele D\u00fcfte, die uns das native Oliven\u00f6l extra schenkt, so viele Sorten und so viele Emotionen, ein Zeichen f\u00fcr die reiche Artenvielfalt, die uns zur Verf\u00fcgung steht. Unser \u00d6l stammt ausschlie\u00dflich von Sorten, die typisch f\u00fcr das Gebiet sind, in dem wir t\u00e4tig sind, denn es sind die einheimischen Sorten, die unserer Arbeit Bedeutung und unserem Produkt Einzigartigkeit verleihen. <\/p>\t\t\t\t\t\t\t\t<\/div>\n\t\t\t\t<\/div>\n\t\t\t\t\t<\/div>\n\t\t\t\t<\/div>\n\t\t\t\t<\/div>\n\t\t","protected":false},"excerpt":{"rendered":"<p>Es ist die Pflicht eines jeden, sich um das Schicksal der Umwelt zu k\u00fcmmern. Neben dem Wachstum auf rein landwirtschaftlicher<\/p>\n","protected":false},"author":1,"featured_media":0,"parent":0,"menu_order":0,"comment_status":"closed","ping_status":"closed","template":"","meta":{"footnotes":""},"class_list":["post-3507","page","type-page","status-publish","hentry"],"jetpack_sharing_enabled":true,"_links":{"self":[{"href":"https:\/\/frantoiocongedi.com\/de\/wp-json\/wp\/v2\/pages\/3507","targetHints":{"allow":["GET"]}}],"collection":[{"href":"https:\/\/frantoiocongedi.com\/de\/wp-json\/wp\/v2\/pages"}],"about":[{"href":"https:\/\/frantoiocongedi.com\/de\/wp-json\/wp\/v2\/types\/page"}],"author":[{"embeddable":true,"href":"https:\/\/frantoiocongedi.com\/de\/wp-json\/wp\/v2\/users\/1"}],"replies":[{"embeddable":true,"href":"https:\/\/frantoiocongedi.com\/de\/wp-json\/wp\/v2\/comments?post=3507"}],"version-history":[{"count":3,"href":"https:\/\/frantoiocongedi.com\/de\/wp-json\/wp\/v2\/pages\/3507\/revisions"}],"predecessor-version":[{"id":2000001174,"href":"https:\/\/frantoiocongedi.com\/de\/wp-json\/wp\/v2\/pages\/3507\/revisions\/2000001174"}],"wp:attachment":[{"href":"https:\/\/frantoiocongedi.com\/de\/wp-json\/wp\/v2\/media?parent=3507"}],"curies":[{"name":"wp","href":"https:\/\/api.w.org\/{rel}","templated":true}]}}