{"id":3513,"date":"2025-06-18T12:52:31","date_gmt":"2025-06-18T12:52:31","guid":{"rendered":"https:\/\/frantoiocongedi.com\/zertifizierungen\/"},"modified":"2026-02-25T11:19:44","modified_gmt":"2026-02-25T11:19:44","slug":"zertifizierungen","status":"publish","type":"page","link":"https:\/\/frantoiocongedi.com\/de\/zertifizierungen\/","title":{"rendered":"Zertifizierungen"},"content":{"rendered":"\t\t<div data-elementor-type=\"wp-page\" data-elementor-id=\"3513\" class=\"elementor elementor-3513\">\n\t\t\t\t<div class=\"wd-negative-gap elementor-element elementor-element-5623860 e-flex e-con-boxed e-con e-parent\" data-id=\"5623860\" data-element_type=\"container\" data-e-type=\"container\">\n\t\t\t\t\t<div class=\"e-con-inner\">\n\t\t\t\t<div class=\"elementor-element elementor-element-3c47a1e elementor-widget elementor-widget-heading\" data-id=\"3c47a1e\" data-element_type=\"widget\" data-e-type=\"widget\" data-widget_type=\"heading.default\">\n\t\t\t\t<div class=\"elementor-widget-container\">\n\t\t\t\t\t<h2 class=\"elementor-heading-title elementor-size-default\">Qualit\u00e4t ist immer das Ergebnis von zertifizierter Arbeit<\/h2>\t\t\t\t<\/div>\n\t\t\t\t<\/div>\n\t\t\t\t\t<\/div>\n\t\t\t\t<\/div>\n\t\t<div class=\"wd-negative-gap elementor-element elementor-element-075dfe0 e-flex e-con-boxed e-con e-parent\" data-id=\"075dfe0\" data-element_type=\"container\" data-e-type=\"container\">\n\t\t\t\t\t<div class=\"e-con-inner\">\n\t\t\t\t<div class=\"elementor-element elementor-element-8a5c196 elementor-widget elementor-widget-spacer\" data-id=\"8a5c196\" data-element_type=\"widget\" data-e-type=\"widget\" data-widget_type=\"spacer.default\">\n\t\t\t\t<div class=\"elementor-widget-container\">\n\t\t\t\t\t\t\t<div class=\"elementor-spacer\">\n\t\t\t<div class=\"elementor-spacer-inner\"><\/div>\n\t\t<\/div>\n\t\t\t\t\t\t<\/div>\n\t\t\t\t<\/div>\n\t\t\t\t\t<\/div>\n\t\t\t\t<\/div>\n\t\t<div class=\"wd-negative-gap elementor-element elementor-element-5069d31 e-flex e-con-boxed e-con e-parent\" data-id=\"5069d31\" data-element_type=\"container\" data-e-type=\"container\">\n\t\t\t\t\t<div class=\"e-con-inner\">\n\t\t<div class=\"elementor-element elementor-element-a7db58f e-con-full e-flex e-con e-child\" data-id=\"a7db58f\" data-element_type=\"container\" data-e-type=\"container\">\n\t\t\t\t<\/div>\n\t\t<div class=\"elementor-element elementor-element-9d50e4d e-con-full e-flex e-con e-child\" data-id=\"9d50e4d\" data-element_type=\"container\" data-e-type=\"container\">\n\t\t\t\t<div class=\"elementor-element elementor-element-0873f3f elementor-widget elementor-widget-image\" data-id=\"0873f3f\" data-element_type=\"widget\" data-e-type=\"widget\" data-widget_type=\"image.default\">\n\t\t\t\t<div class=\"elementor-widget-container\">\n\t\t\t\t\t\t\t\t\t\t\t\t\t\t\t<img loading=\"lazy\" decoding=\"async\" width=\"690\" height=\"520\" src=\"https:\/\/frantoiocongedi.com\/wp-content\/uploads\/2025\/06\/BRCGS_CERT_FOOD_LOGO_CMYK_2.jpg\" class=\"attachment-large size-large wp-image-3515\" alt=\"\" srcset=\"https:\/\/frantoiocongedi.com\/wp-content\/uploads\/2025\/06\/BRCGS_CERT_FOOD_LOGO_CMYK_2.jpg 690w, https:\/\/frantoiocongedi.com\/wp-content\/uploads\/2025\/06\/BRCGS_CERT_FOOD_LOGO_CMYK_2-150x113.jpg 150w, https:\/\/frantoiocongedi.com\/wp-content\/uploads\/2025\/06\/BRCGS_CERT_FOOD_LOGO_CMYK_2-300x226.jpg 300w\" sizes=\"auto, (max-width: 690px) 100vw, 690px\" \/>\t\t\t\t\t\t\t\t\t\t\t\t\t\t\t<\/div>\n\t\t\t\t<\/div>\n\t\t\t\t<\/div>\n\t\t<div class=\"elementor-element elementor-element-9798f55 e-con-full e-flex e-con e-child\" data-id=\"9798f55\" data-element_type=\"container\" data-e-type=\"container\">\n\t\t\t\t<div class=\"elementor-element elementor-element-9f02479 elementor-widget elementor-widget-image\" data-id=\"9f02479\" data-element_type=\"widget\" data-e-type=\"widget\" data-widget_type=\"image.default\">\n\t\t\t\t<div class=\"elementor-widget-container\">\n\t\t\t\t\t\t\t\t\t\t\t\t\t\t\t<img loading=\"lazy\" decoding=\"async\" width=\"928\" height=\"556\" src=\"https:\/\/frantoiocongedi.com\/wp-content\/uploads\/2025\/06\/ifs_food_2_.png\" class=\"attachment-large size-large wp-image-3516\" alt=\"\" srcset=\"https:\/\/frantoiocongedi.com\/wp-content\/uploads\/2025\/06\/ifs_food_2_.png 928w, https:\/\/frantoiocongedi.com\/wp-content\/uploads\/2025\/06\/ifs_food_2_-150x90.png 150w, https:\/\/frantoiocongedi.com\/wp-content\/uploads\/2025\/06\/ifs_food_2_-300x180.png 300w, https:\/\/frantoiocongedi.com\/wp-content\/uploads\/2025\/06\/ifs_food_2_-768x460.png 768w\" sizes=\"auto, (max-width: 928px) 100vw, 928px\" \/>\t\t\t\t\t\t\t\t\t\t\t\t\t\t\t<\/div>\n\t\t\t\t<\/div>\n\t\t\t\t<\/div>\n\t\t<div class=\"elementor-element elementor-element-90f5b93 e-con-full e-flex e-con e-child\" data-id=\"90f5b93\" data-element_type=\"container\" data-e-type=\"container\">\n\t\t\t\t<\/div>\n\t\t\t\t\t<\/div>\n\t\t\t\t<\/div>\n\t\t<div class=\"wd-negative-gap elementor-element elementor-element-52e0840 e-flex e-con-boxed e-con e-parent\" data-id=\"52e0840\" data-element_type=\"container\" data-e-type=\"container\">\n\t\t\t\t\t<div class=\"e-con-inner\">\n\t\t\t\t<div class=\"elementor-element elementor-element-f583307 color-scheme-inherit text-left elementor-widget elementor-widget-text-editor\" data-id=\"f583307\" data-element_type=\"widget\" data-e-type=\"widget\" data-widget_type=\"text-editor.default\">\n\t\t\t\t<div class=\"elementor-widget-container\">\n\t\t\t\t\t\t\t\t\t<p>Seit 1917 besteht das Hauptziel von Frantoio Oleario Congedi darin, einen hohen Qualit\u00e4tsstandard zu erreichen. Heute garantiert die M\u00fchle die Lebensmittelsicherheit und die hygienisch-sanit\u00e4ren Qualit\u00e4ten, die jede Phase des Produktions-, Verarbeitungs- und Zubereitungsprozesses bis hin zum Endprodukt kennzeichnen, und erm\u00f6glicht es dem Verbraucher, die Bewegungen seines Produkts vom Ursprung bis zum kommerziellen Bestimmungsort durch das zertifizierte System der R\u00fcckverfolgbarkeit der Lieferkette zu verfolgen, das den Rohstoff vom Feld bis zum verpackten Endprodukt verfolgt. <\/p><p>Dieses System ist von grundlegender Bedeutung, denn es garantiert eine gr\u00f6\u00dfere Transparenz und die richtigen Informationen f\u00fcr den Endverbraucher, der den genauen Ort der Produktion der Oliven und ihrer anschlie\u00dfenden Verarbeitung in der M\u00fchle wissen m\u00f6chte. Die M\u00fchle hat auch die Zertifizierung nach den internationalen Standards f\u00fcr Lebensmittelsicherheit BRC und IFS erhalten, die heute eine grundlegende Voraussetzung f\u00fcr viele europ\u00e4ische Einzelhandelsketten ist. <\/p>\t\t\t\t\t\t\t\t<\/div>\n\t\t\t\t<\/div>\n\t\t\t\t\t<\/div>\n\t\t\t\t<\/div>\n\t\t\t\t<\/div>\n\t\t","protected":false},"excerpt":{"rendered":"<p>Qualit\u00e4t ist immer das Ergebnis von zertifizierter Arbeit Seit 1917 besteht das Hauptziel von Frantoio Oleario Congedi darin, einen hohen<\/p>\n","protected":false},"author":1,"featured_media":0,"parent":0,"menu_order":0,"comment_status":"closed","ping_status":"closed","template":"","meta":{"footnotes":""},"class_list":["post-3513","page","type-page","status-publish","hentry"],"jetpack_sharing_enabled":true,"_links":{"self":[{"href":"https:\/\/frantoiocongedi.com\/de\/wp-json\/wp\/v2\/pages\/3513","targetHints":{"allow":["GET"]}}],"collection":[{"href":"https:\/\/frantoiocongedi.com\/de\/wp-json\/wp\/v2\/pages"}],"about":[{"href":"https:\/\/frantoiocongedi.com\/de\/wp-json\/wp\/v2\/types\/page"}],"author":[{"embeddable":true,"href":"https:\/\/frantoiocongedi.com\/de\/wp-json\/wp\/v2\/users\/1"}],"replies":[{"embeddable":true,"href":"https:\/\/frantoiocongedi.com\/de\/wp-json\/wp\/v2\/comments?post=3513"}],"version-history":[{"count":1,"href":"https:\/\/frantoiocongedi.com\/de\/wp-json\/wp\/v2\/pages\/3513\/revisions"}],"predecessor-version":[{"id":3517,"href":"https:\/\/frantoiocongedi.com\/de\/wp-json\/wp\/v2\/pages\/3513\/revisions\/3517"}],"wp:attachment":[{"href":"https:\/\/frantoiocongedi.com\/de\/wp-json\/wp\/v2\/media?parent=3513"}],"curies":[{"name":"wp","href":"https:\/\/api.w.org\/{rel}","templated":true}]}}