{"id":3522,"date":"2025-06-18T12:59:27","date_gmt":"2025-06-18T12:59:27","guid":{"rendered":"https:\/\/frantoiocongedi.com\/kultiviert-in-salento\/"},"modified":"2026-02-25T11:19:47","modified_gmt":"2026-02-25T11:19:47","slug":"kultiviert-in-salento","status":"publish","type":"page","link":"https:\/\/frantoiocongedi.com\/de\/kultiviert-in-salento\/","title":{"rendered":"Kultiviert in Salento"},"content":{"rendered":"\t\t<div data-elementor-type=\"wp-page\" data-elementor-id=\"3522\" class=\"elementor elementor-3522\">\n\t\t\t\t<div class=\"wd-negative-gap elementor-element elementor-element-486d34e e-flex e-con-boxed e-con e-parent\" data-id=\"486d34e\" data-element_type=\"container\" data-e-type=\"container\">\n\t\t\t\t\t<div class=\"e-con-inner\">\n\t\t\t\t<div class=\"elementor-element elementor-element-cef4447 elementor-widget elementor-widget-heading\" data-id=\"cef4447\" data-element_type=\"widget\" data-e-type=\"widget\" data-widget_type=\"heading.default\">\n\t\t\t\t<div class=\"elementor-widget-container\">\n\t\t\t\t\t<h2 class=\"elementor-heading-title elementor-size-default\">Entdecken Sie den einzigartigen Geschmack unseres wunderbaren Landes<\/h2>\t\t\t\t<\/div>\n\t\t\t\t<\/div>\n\t\t\t\t<div class=\"elementor-element elementor-element-e973cb7 color-scheme-inherit text-left elementor-widget elementor-widget-text-editor\" data-id=\"e973cb7\" data-element_type=\"widget\" data-e-type=\"widget\" data-widget_type=\"text-editor.default\">\n\t\t\t\t<div class=\"elementor-widget-container\">\n\t\t\t\t\t\t\t\t\t<p><em>Entdecken Sie den <strong>einzigartigen Geschmack<\/strong> unseres <strong>wunderbaren Landes<\/strong>. Das<a href=\"https:\/\/www.oliocongedi.com\/it\/olio-del-salento\" target=\"_blank\" rel=\"noopener\">\u00d6l aus dem Salento<\/a> verdankt seinen Reichtum, seine K\u00f6stlichkeit und seine G\u00fcte der besonderen Mischung von Elementen, die f\u00fcr das <a href=\"https:\/\/www.oliocongedi.com\/it\/salento\" target=\"_blank\" rel=\"noopener\"><strong>Gebiet des Salento<\/strong><\/a>, einem magischen Land in S\u00fcditalien, mit Orten, an denen die Natur noch unber\u00fchrt ist und wo das Zusammentreffen <strong>von Meer und Land<\/strong> atemberaubende Landschaften schafft und Herz und Seele regeneriert. <\/em><\/p>\t\t\t\t\t\t\t\t<\/div>\n\t\t\t\t<\/div>\n\t\t\t\t<div class=\"elementor-element elementor-element-4d8ad57 color-scheme-inherit text-left elementor-widget elementor-widget-text-editor\" data-id=\"4d8ad57\" data-element_type=\"widget\" data-e-type=\"widget\" data-widget_type=\"text-editor.default\">\n\t\t\t\t<div class=\"elementor-widget-container\">\n\t\t\t\t\t\t\t\t\t<p>Gelegen zwischen den beiden Meeren der Adria im Osten und des Ionischen Meeres im Westen, <a href=\"https:\/\/www.oliocongedi.com\/it\/puglia\" target=\"_blank\" rel=\"noopener\"><strong>s\u00fcdlich von Apulien<\/strong><\/a>, das <a href=\"https:\/\/www.oliocongedi.com\/it\/salento\" target=\"_blank\" rel=\"noopener\"><strong>Salento<\/strong> <\/a>zeichnet sich durch ein besonders zerkl\u00fcftetes, trockenes Land aus, in dem Karstfelsen pl\u00f6tzliche L\u00fccken im Gel\u00e4nde \u00f6ffnen, mit Hochebenen, auf denen sich zwischen den Felsen <strong>bewirtschaftete Felder<\/strong>, <strong>Weinberge<\/strong> und <strong>Olivenhaine<\/strong> abzeichnen, das Ergebnis jahrhundertelanger geduldiger Arbeit von Generationen von Landwirten, denen das Verdienst zukommt, fruchtbare B\u00f6den f\u00fcr die Herstellung des<a href=\"https:\/\/www.oliocongedi.com\/it\/olio-doliva-italiano-puglia\" target=\"_blank\" rel=\"noopener\">italienischen Oliven\u00f6ls bereitgestellt zu haben.<\/a><\/p>\t\t\t\t\t\t\t\t<\/div>\n\t\t\t\t<\/div>\n\t\t\t\t\t<\/div>\n\t\t\t\t<\/div>\n\t\t<div class=\"wd-negative-gap elementor-element elementor-element-846561a e-flex e-con-boxed e-con e-parent\" data-id=\"846561a\" data-element_type=\"container\" data-e-type=\"container\">\n\t\t\t\t\t<div class=\"e-con-inner\">\n\t\t<div class=\"elementor-element elementor-element-142f07b e-con-full e-flex e-con e-child\" data-id=\"142f07b\" data-element_type=\"container\" data-e-type=\"container\">\n\t\t\t\t<div class=\"elementor-element elementor-element-2eef9db elementor-widget elementor-widget-heading\" data-id=\"2eef9db\" data-element_type=\"widget\" data-e-type=\"widget\" data-widget_type=\"heading.default\">\n\t\t\t\t<div class=\"elementor-widget-container\">\n\t\t\t\t\t<h2 class=\"elementor-heading-title elementor-size-default\">Eine pr\u00e4chtige Farbe, ein k\u00f6stlicher Geschmack, ein \u00fcberw\u00e4ltigendes Aroma.<\/h2>\t\t\t\t<\/div>\n\t\t\t\t<\/div>\n\t\t\t\t<div class=\"elementor-element elementor-element-d298677 color-scheme-inherit text-left elementor-widget elementor-widget-text-editor\" data-id=\"d298677\" data-element_type=\"widget\" data-e-type=\"widget\" data-widget_type=\"text-editor.default\">\n\t\t\t\t<div class=\"elementor-widget-container\">\n\t\t\t\t\t\t\t\t\t<p>Das nicht weit entfernte Meer, das der Olivenbaum liebt, f\u00f6rdert sein Wachstum und bereichert seinen Geschmack noch zus\u00e4tzlich, was das Erlebnis f\u00fcr die Sinne noch angenehmer macht.<\/p><p>Eine pr\u00e4chtige Farbe, ein k\u00f6stlicher Geschmack, ein \u00fcberw\u00e4ltigendes Aroma. Die meisten <strong>Olivenb\u00e4ume<\/strong>, aus denen das native Oliven\u00f6l extra gewonnen wird, geh\u00f6ren zu den monovarietalen Sorten <strong>Favolosa, Coratina, Leccino und Frantoio<\/strong>. <\/p>\t\t\t\t\t\t\t\t<\/div>\n\t\t\t\t<\/div>\n\t\t\t\t<\/div>\n\t\t<div class=\"elementor-element elementor-element-615e21e e-con-full e-flex e-con e-child\" data-id=\"615e21e\" data-element_type=\"container\" data-e-type=\"container\">\n\t\t\t\t<div class=\"elementor-element elementor-element-e82ec39 elementor-widget elementor-widget-image\" data-id=\"e82ec39\" data-element_type=\"widget\" data-e-type=\"widget\" data-widget_type=\"image.default\">\n\t\t\t\t<div class=\"elementor-widget-container\">\n\t\t\t\t\t\t\t\t\t\t\t\t\t\t\t<img loading=\"lazy\" decoding=\"async\" width=\"900\" height=\"900\" src=\"https:\/\/frantoiocongedi.com\/wp-content\/uploads\/2025\/06\/collage-olio.png\" class=\"attachment-large size-large wp-image-3523\" alt=\"\" srcset=\"https:\/\/frantoiocongedi.com\/wp-content\/uploads\/2025\/06\/collage-olio.png 900w, https:\/\/frantoiocongedi.com\/wp-content\/uploads\/2025\/06\/collage-olio-600x600.png 600w, https:\/\/frantoiocongedi.com\/wp-content\/uploads\/2025\/06\/collage-olio-150x150.png 150w, https:\/\/frantoiocongedi.com\/wp-content\/uploads\/2025\/06\/collage-olio-300x300.png 300w, https:\/\/frantoiocongedi.com\/wp-content\/uploads\/2025\/06\/collage-olio-768x768.png 768w\" sizes=\"auto, (max-width: 900px) 100vw, 900px\" \/>\t\t\t\t\t\t\t\t\t\t\t\t\t\t\t<\/div>\n\t\t\t\t<\/div>\n\t\t\t\t<\/div>\n\t\t\t\t\t<\/div>\n\t\t\t\t<\/div>\n\t\t<div class=\"wd-negative-gap elementor-element elementor-element-2b3542e e-flex e-con-boxed e-con e-parent\" data-id=\"2b3542e\" data-element_type=\"container\" data-e-type=\"container\">\n\t\t\t\t\t<div class=\"e-con-inner\">\n\t\t\t\t<div class=\"elementor-element elementor-element-88b3969 color-scheme-inherit text-left elementor-widget elementor-widget-text-editor\" data-id=\"88b3969\" data-element_type=\"widget\" data-e-type=\"widget\" data-widget_type=\"text-editor.default\">\n\t\t\t\t<div class=\"elementor-widget-container\">\n\t\t\t\t\t\t\t\t\t<p>Die erste Art zeichnet sich durch <strong>rustikale<\/strong>, <strong>langsam wachsende<\/strong> <strong>B\u00e4ume<\/strong> und Fr\u00fcchte aus, aus denen erst bei voller Reife<strong>extra natives Oliven\u00f6l<\/strong> gewonnen werden kann. Die Cellina ist eine Olivensorte mit hohem Ertrag und mittlerer Produktivit\u00e4t, die sich durch ihre elliptisch geformten Fr\u00fcchte auszeichnet, die in ihrer Symmetrie leicht unregelm\u00e4\u00dfig sind. <\/p><p>Ogliarola, die zweite Sorte, aus der im Salento natives Oliven\u00f6l extra gewonnen wird, ist dagegen <strong>schnellw\u00fcchsig<\/strong> und <strong>ebenso robust wie Cellina<\/strong>. Sie bringt reichlich, perfekt elliptische und symmetrische Fr\u00fcchte hervor, aus denen ein <a href=\"https:\/\/www.oliocongedi.com\/it\/olio-puglia\" target=\"_blank\" rel=\"noopener\">apulisches \u00d6l<\/a> gewonnen wird <strong>, das allgemein<\/strong> f\u00fcr seine G\u00fcte <strong>anerkannt ist<\/strong>, und der prozentuale Ertrag ist sehr hoch.<\/p>\t\t\t\t\t\t\t\t<\/div>\n\t\t\t\t<\/div>\n\t\t\t\t\t<\/div>\n\t\t\t\t<\/div>\n\t\t<div class=\"wd-negative-gap elementor-element elementor-element-53866b9 e-flex e-con-boxed e-con e-parent\" data-id=\"53866b9\" data-element_type=\"container\" data-e-type=\"container\">\n\t\t\t\t\t<div class=\"e-con-inner\">\n\t\t\t\t<div class=\"elementor-element elementor-element-cced17f elementor-widget elementor-widget-image\" data-id=\"cced17f\" data-element_type=\"widget\" data-e-type=\"widget\" data-widget_type=\"image.default\">\n\t\t\t\t<div class=\"elementor-widget-container\">\n\t\t\t\t\t\t\t\t\t\t\t\t\t\t\t<img loading=\"lazy\" decoding=\"async\" width=\"1000\" height=\"667\" src=\"https:\/\/frantoiocongedi.com\/wp-content\/uploads\/2025\/06\/ulivi-tramonto.jpg\" class=\"attachment-large size-large wp-image-3524\" alt=\"\" srcset=\"https:\/\/frantoiocongedi.com\/wp-content\/uploads\/2025\/06\/ulivi-tramonto.jpg 1000w, https:\/\/frantoiocongedi.com\/wp-content\/uploads\/2025\/06\/ulivi-tramonto-150x100.jpg 150w, https:\/\/frantoiocongedi.com\/wp-content\/uploads\/2025\/06\/ulivi-tramonto-300x200.jpg 300w, https:\/\/frantoiocongedi.com\/wp-content\/uploads\/2025\/06\/ulivi-tramonto-768x512.jpg 768w\" sizes=\"auto, (max-width: 1000px) 100vw, 1000px\" \/>\t\t\t\t\t\t\t\t\t\t\t\t\t\t\t<\/div>\n\t\t\t\t<\/div>\n\t\t\t\t<div class=\"elementor-element elementor-element-68c318e color-scheme-inherit text-left elementor-widget elementor-widget-text-editor\" data-id=\"68c318e\" data-element_type=\"widget\" data-e-type=\"widget\" data-widget_type=\"text-editor.default\">\n\t\t\t\t<div class=\"elementor-widget-container\">\n\t\t\t\t\t\t\t\t\t<p>Das<a href=\"https:\/\/www.oliocongedi.com\/it\/olio-del-salento\" target=\"_blank\" rel=\"noopener\">\u00d6l aus dem Salento<\/a> ist weltweit bekannt f\u00fcr seinen Wert als <strong>typisches Produkt aus dem Salento<\/strong>, ein Sohn der <strong>apulischen Tradition<\/strong>, der in viele L\u00e4nder der Welt exportiert wird und viele <a href=\"https:\/\/www.oliocongedi.com\/it\/riconoscimenti\" target=\"_blank\" rel=\"noopener\">Preise und Anerkennungen<\/a> erhalten hat. Zu den wichtigsten z\u00e4hlt das<a href=\"https:\/\/www.oliocongedi.com\/it\/salento\" target=\"_blank\" rel=\"noopener\"><strong>\u00d6l aus Salento<\/strong><\/a> unter dem Namen <strong>Olio delle Terre d&#8217;Otranto<\/strong> die <strong>gesch\u00fctzte Ursprungsbezeichnung<\/strong> f\u00fcr die<a href=\"https:\/\/www.oliocongedi.com\/it\/qualita-olio-extravergine-pugliese\" target=\"_blank\" rel=\"noopener\">hohe Qualit\u00e4t seines Produkts<\/a> erhalten. Die Oliven werden immer noch <strong>von Hand geerntet<\/strong>, um die Traumata und St\u00f6\u00dfe des Ernteprozesses zu vermeiden, der durch das Schlagen der Zweige erfolgt. Sie werden sofort gemahlen und in den Produktionsst\u00e4tten, modernen Industriebetrieben oder alten M\u00fchlen mit traditionellen Techniken verarbeitet, um das <strong><a href=\"https:\/\/www.oliocongedi.com\/it\/\" target=\"_blank\" rel=\"noopener\">bestm\u00f6gliche native Oliven\u00f6l extra<\/a><\/strong> zu erhalten, eines der Grundnahrungsmittel unserer K\u00fcche und der gesunden und <a href=\"https:\/\/www.oliocongedi.com\/it\/olio-e-salute\" target=\"_blank\" rel=\"noopener\">nahrhaften mediterranen Ern\u00e4hrung<\/a>.  <br><br>Das<a href=\"https:\/\/www.oliocongedi.com\/it\/coltivato-nel-salento\" target=\"_blank\" rel=\"noopener\">im Salento angebaute \u00d6l<\/a> ist ausschlie\u00dflich extra nativ und sein S\u00e4uregehalt \u00fcbersteigt nie 0,8 %, was es zu einem <strong>idealen<\/strong> Begleiter f\u00fcr unsere Gerichte, Suppen und Salate macht. Angesichts <strong>seiner St\u00e4rke<\/strong> und seines <strong>Geschmacks<\/strong> gen\u00fcgen schon wenige Tropfen, ein Nieselregen von<a href=\"https:\/\/www.oliocongedi.com\/it\/olio-extravergine-italiano\" target=\"_blank\" rel=\"noopener\">italienischem nativem Oliven\u00f6l extra<\/a>, der kurz vor dem Servieren roh hinzugef\u00fcgt wird, um unseren Gerichten das gewisse Extra zu verleihen, das sie perfekt macht. <\/p>\t\t\t\t\t\t\t\t<\/div>\n\t\t\t\t<\/div>\n\t\t\t\t\t<\/div>\n\t\t\t\t<\/div>\n\t\t\t\t<\/div>\n\t\t","protected":false},"excerpt":{"rendered":"<p>Entdecken Sie den einzigartigen Geschmack unseres wunderbaren Landes Entdecken Sie den einzigartigen Geschmack unseres wunderbaren Landes. Das\u00d6l aus dem Salento<\/p>\n","protected":false},"author":1,"featured_media":0,"parent":0,"menu_order":0,"comment_status":"closed","ping_status":"closed","template":"","meta":{"footnotes":""},"class_list":["post-3522","page","type-page","status-publish","hentry"],"jetpack_sharing_enabled":true,"_links":{"self":[{"href":"https:\/\/frantoiocongedi.com\/de\/wp-json\/wp\/v2\/pages\/3522","targetHints":{"allow":["GET"]}}],"collection":[{"href":"https:\/\/frantoiocongedi.com\/de\/wp-json\/wp\/v2\/pages"}],"about":[{"href":"https:\/\/frantoiocongedi.com\/de\/wp-json\/wp\/v2\/types\/page"}],"author":[{"embeddable":true,"href":"https:\/\/frantoiocongedi.com\/de\/wp-json\/wp\/v2\/users\/1"}],"replies":[{"embeddable":true,"href":"https:\/\/frantoiocongedi.com\/de\/wp-json\/wp\/v2\/comments?post=3522"}],"version-history":[{"count":1,"href":"https:\/\/frantoiocongedi.com\/de\/wp-json\/wp\/v2\/pages\/3522\/revisions"}],"predecessor-version":[{"id":3525,"href":"https:\/\/frantoiocongedi.com\/de\/wp-json\/wp\/v2\/pages\/3522\/revisions\/3525"}],"wp:attachment":[{"href":"https:\/\/frantoiocongedi.com\/de\/wp-json\/wp\/v2\/media?parent=3522"}],"curies":[{"name":"wp","href":"https:\/\/api.w.org\/{rel}","templated":true}]}}