{"id":3636,"date":"2024-03-15T14:59:16","date_gmt":"2024-03-15T14:59:16","guid":{"rendered":"https:\/\/frantoiocongedi.com\/geschichte\/"},"modified":"2026-04-13T20:12:15","modified_gmt":"2026-04-13T20:12:15","slug":"geschichte","status":"publish","type":"page","link":"https:\/\/frantoiocongedi.com\/de\/geschichte\/","title":{"rendered":"Geschichte"},"content":{"rendered":"\t\t<div data-elementor-type=\"wp-page\" data-elementor-id=\"3636\" class=\"elementor elementor-3636\">\n\t\t\t\t<div class=\"wd-negative-gap elementor-element elementor-element-f512870 e-flex e-con-boxed e-con e-parent\" data-id=\"f512870\" data-element_type=\"container\" data-e-type=\"container\">\n\t\t\t\t\t<div class=\"e-con-inner\">\n\t\t<div class=\"elementor-element elementor-element-769b672 e-con-full e-flex e-con e-child\" data-id=\"769b672\" data-element_type=\"container\" data-e-type=\"container\">\n\t\t\t\t<div class=\"elementor-element elementor-element-4394cb6 elementor-widget elementor-widget-wd_image_or_svg\" data-id=\"4394cb6\" data-element_type=\"widget\" data-e-type=\"widget\" data-widget_type=\"wd_image_or_svg.default\">\n\t\t\t\t<div class=\"elementor-widget-container\">\n\t\t\t\t\t\n\t\t<div class=\"wd-image text-left\">\n\t\t\t\t\t\t\t\t\t\t\t\t\t<\/div>\n\n\t\t\t\t\t\t<\/div>\n\t\t\t\t<\/div>\n\t\t\t\t<div class=\"elementor-element elementor-element-618ad1e wd-width-100 elementor-widget elementor-widget-wd_title\" data-id=\"618ad1e\" data-element_type=\"widget\" data-e-type=\"widget\" data-widget_type=\"wd_title.default\">\n\t\t\t\t<div class=\"elementor-widget-container\">\n\t\t\t\t\t\t\t<div class=\"title-wrapper wd-set-mb reset-last-child wd-title-color-default wd-title-style-default wd-title-size-default text-left\">\n\n\t\t\t\n\t\t\t<div class=\"liner-continer\">\n\t\t\t\t<h4 class=\"woodmart-title-container title wd-fontsize-l\">Die Geschichte einer Familie und ihrer Liebe zu nativem Oliven\u00f6l extra<\/h4> \n\t\t\t\t\t\t\t<\/div>\n\n\t\t\t\t\t<\/div>\n\t\t\t\t\t\t<\/div>\n\t\t\t\t<\/div>\n\t\t\t\t<div class=\"elementor-element elementor-element-2ed134e elementor-widget elementor-widget-wd_text_block\" data-id=\"2ed134e\" data-element_type=\"widget\" data-e-type=\"widget\" data-widget_type=\"wd_text_block.default\">\n\t\t\t\t<div class=\"elementor-widget-container\">\n\t\t\t\t\t\t\t<div class=\"wd-text-block reset-last-child text-left\">\n\t\t\t\n\t\t\t<h5 class=\"heading_title\"><em>Seit vier Generationen produziert die Familie Congedi in der sonnigen, \u00fcppigen Landschaft des Salento in Apulien mit Stolz ein reines, hochwertiges natives Oliven\u00f6l extra, das Authentizit\u00e4t und Opferbereitschaft, Tradition und Innovation vereint.<\/em><\/h5>\n\t\t\t\t\t<\/div>\n\t\t\t\t\t\t<\/div>\n\t\t\t\t<\/div>\n\t\t\t\t<div class=\"elementor-element elementor-element-de48fed elementor-widget elementor-widget-wd_text_block\" data-id=\"de48fed\" data-element_type=\"widget\" data-e-type=\"widget\" data-widget_type=\"wd_text_block.default\">\n\t\t\t\t<div class=\"elementor-widget-container\">\n\t\t\t\t\t\t\t<div class=\"wd-text-block reset-last-child text-left\">\n\t\t\t\n\t\t\t<p>Seit \u00fcber einem Jahrhundert kultiviert und verarbeitet die Familie Congedi die wichtigste Frucht des <a href=\"https:\/\/www.oliocongedi.com\/salento\" target=\"_blank\" rel=\"noopener\"><strong>Salento<\/strong><\/a>die heute in die ganze Welt exportiert wird: die Olive, das Hauptergebnis des Baumes, der das herrliche Land des Salento symbolisiert, der<strong>Olivenbaum<\/strong>. Seit vier Generationen entsteht aus dieser Leidenschaft das reinste <a href=\"https:\/\/www.oliocongedi.com\/olio-del-salento\" target=\"_blank\" rel=\"noopener\"><strong>natives Oliven\u00f6l extra<\/strong><\/a>und wurde vom Vater an den Sohn weitergegeben, wie jeder antike und anachronistische Wert, der es wert ist, sorgf\u00e4ltig bewahrt zu werden und nicht in der Vergangenheit zu bleiben, weil er zu kostbar ist, um ihn aufzugeben. <\/p>\n\t\t\t\t\t<\/div>\n\t\t\t\t\t\t<\/div>\n\t\t\t\t<\/div>\n\t\t\t\t<\/div>\n\t\t<div class=\"elementor-element elementor-element-51ccb3a e-con-full e-flex e-con e-child\" data-id=\"51ccb3a\" data-element_type=\"container\" data-e-type=\"container\">\n\t\t\t\t<div class=\"elementor-element elementor-element-9ba85a7 wd-width-100 elementor-widget elementor-widget-wd_video\" data-id=\"9ba85a7\" data-element_type=\"widget\" data-e-type=\"widget\" data-widget_type=\"wd_video.default\">\n\t\t\t\t<div class=\"elementor-widget-container\">\n\t\t\t\t\t\n\t\t<div class=\"wd-el-video wd-action-without wd-video-hosted\">\n\t\t\t\t\t\t\t<video src=\"https:\/\/frantoiocongedi.com\/wp-content\/uploads\/2025\/06\/Olio-Congedi-Dettagli-Nuove-Bottiglie.mp4\" playsinline loop muted autoplay><\/video>\t\t\t\n\t\t\t\n\t\t\t\n\t\t\t\t\t<\/div>\n\t\t\t\t\t\t<\/div>\n\t\t\t\t<\/div>\n\t\t\t\t<\/div>\n\t\t\t\t\t<\/div>\n\t\t\t\t<\/div>\n\t\t<div class=\"wd-negative-gap elementor-element elementor-element-05a4f08 wd-section-stretch-content e-flex e-con-boxed e-con e-parent\" data-id=\"05a4f08\" data-element_type=\"container\" data-e-type=\"container\" data-settings=\"{&quot;background_background&quot;:&quot;classic&quot;}\">\n\t\t\t\t\t<div class=\"e-con-inner\">\n\t\t\t\t<div class=\"elementor-element elementor-element-c01917d wd-width-100 elementor-widget elementor-widget-wd_images_gallery\" data-id=\"c01917d\" data-element_type=\"widget\" data-e-type=\"widget\" data-widget_type=\"wd_images_gallery.default\">\n\t\t\t\t<div class=\"elementor-widget-container\">\n\t\t\t\t\t\t\t<div class=\"wd-images-gallery wd-carousel-container\" style=\"--wd-align-items:center; --wd-justify-content:center;\">\n\t\t\t\t\t\t\t<div class=\"wd-carousel-inner\">\n\t\t\t\t\t\t<div class=\"wd-carousel wd-grid\" data-scroll_per_page=\"yes\" style=\"--wd-col-lg:5;--wd-col-md:4;--wd-col-sm:2;--wd-gap-lg:30px;--wd-gap-sm:10px;\">\n\t\t\t\t\t\t\t\t\t<div class=\"wd-carousel-wrap\">\n\t\t\t\t\t\t\t\t\t\t\t\t\t\t\t\t\t\t<div class=\"wd-gallery-item wd-carousel-item\">\n\t\t\t\t\t\t\n\t\t\t\t\t\t<img loading=\"lazy\" decoding=\"async\" width=\"1000\" height=\"1500\" src=\"https:\/\/frantoiocongedi.com\/wp-content\/uploads\/2025\/06\/DSC09393-copia.jpg\" class=\"attachment-full size-full\" alt=\"DSC09393 copia\" srcset=\"https:\/\/frantoiocongedi.com\/wp-content\/uploads\/2025\/06\/DSC09393-copia.jpg 1000w, https:\/\/frantoiocongedi.com\/wp-content\/uploads\/2025\/06\/DSC09393-copia-150x225.jpg 150w, https:\/\/frantoiocongedi.com\/wp-content\/uploads\/2025\/06\/DSC09393-copia-200x300.jpg 200w, https:\/\/frantoiocongedi.com\/wp-content\/uploads\/2025\/06\/DSC09393-copia-683x1024.jpg 683w, https:\/\/frantoiocongedi.com\/wp-content\/uploads\/2025\/06\/DSC09393-copia-768x1152.jpg 768w\" sizes=\"auto, (max-width: 1000px) 100vw, 1000px\" \/>\n\t\t\t\t\t\t\t\t\t\t\t<\/div>\n\t\t\t\t\t\t\t\t\t\t\t\t\t\t\t<div class=\"wd-gallery-item wd-carousel-item\">\n\t\t\t\t\t\t\n\t\t\t\t\t\t<img loading=\"lazy\" decoding=\"async\" width=\"1000\" height=\"1500\" src=\"https:\/\/frantoiocongedi.com\/wp-content\/uploads\/2025\/06\/DSC09421-copia-3.jpg\" class=\"attachment-full size-full\" alt=\"DSC09421 copia 3\" srcset=\"https:\/\/frantoiocongedi.com\/wp-content\/uploads\/2025\/06\/DSC09421-copia-3.jpg 1000w, https:\/\/frantoiocongedi.com\/wp-content\/uploads\/2025\/06\/DSC09421-copia-3-150x225.jpg 150w, https:\/\/frantoiocongedi.com\/wp-content\/uploads\/2025\/06\/DSC09421-copia-3-200x300.jpg 200w, https:\/\/frantoiocongedi.com\/wp-content\/uploads\/2025\/06\/DSC09421-copia-3-683x1024.jpg 683w, https:\/\/frantoiocongedi.com\/wp-content\/uploads\/2025\/06\/DSC09421-copia-3-768x1152.jpg 768w\" sizes=\"auto, (max-width: 1000px) 100vw, 1000px\" \/>\n\t\t\t\t\t\t\t\t\t\t\t<\/div>\n\t\t\t\t\t\t\t\t\t\t\t\t\t\t\t<div class=\"wd-gallery-item wd-carousel-item\">\n\t\t\t\t\t\t\n\t\t\t\t\t\t<img loading=\"lazy\" decoding=\"async\" width=\"1000\" height=\"1500\" src=\"https:\/\/frantoiocongedi.com\/wp-content\/uploads\/2025\/06\/DSC09344-copia.jpg\" class=\"attachment-full size-full\" alt=\"DSC09344 copia\" srcset=\"https:\/\/frantoiocongedi.com\/wp-content\/uploads\/2025\/06\/DSC09344-copia.jpg 1000w, https:\/\/frantoiocongedi.com\/wp-content\/uploads\/2025\/06\/DSC09344-copia-150x225.jpg 150w, https:\/\/frantoiocongedi.com\/wp-content\/uploads\/2025\/06\/DSC09344-copia-200x300.jpg 200w, https:\/\/frantoiocongedi.com\/wp-content\/uploads\/2025\/06\/DSC09344-copia-683x1024.jpg 683w, https:\/\/frantoiocongedi.com\/wp-content\/uploads\/2025\/06\/DSC09344-copia-768x1152.jpg 768w\" sizes=\"auto, (max-width: 1000px) 100vw, 1000px\" \/>\n\t\t\t\t\t\t\t\t\t\t\t<\/div>\n\t\t\t\t\t\t\t\t\t\t\t\t\t\t\t<div class=\"wd-gallery-item wd-carousel-item\">\n\t\t\t\t\t\t\n\t\t\t\t\t\t<img loading=\"lazy\" decoding=\"async\" width=\"1000\" height=\"1500\" src=\"https:\/\/frantoiocongedi.com\/wp-content\/uploads\/2025\/06\/DSC09260-copia.jpg\" class=\"attachment-full size-full\" alt=\"DSC09260 copia\" srcset=\"https:\/\/frantoiocongedi.com\/wp-content\/uploads\/2025\/06\/DSC09260-copia.jpg 1000w, https:\/\/frantoiocongedi.com\/wp-content\/uploads\/2025\/06\/DSC09260-copia-150x225.jpg 150w, https:\/\/frantoiocongedi.com\/wp-content\/uploads\/2025\/06\/DSC09260-copia-200x300.jpg 200w, https:\/\/frantoiocongedi.com\/wp-content\/uploads\/2025\/06\/DSC09260-copia-683x1024.jpg 683w, https:\/\/frantoiocongedi.com\/wp-content\/uploads\/2025\/06\/DSC09260-copia-768x1152.jpg 768w\" sizes=\"auto, (max-width: 1000px) 100vw, 1000px\" \/>\n\t\t\t\t\t\t\t\t\t\t\t<\/div>\n\t\t\t\t\t\t\t\t\t\t\t\t\t\t\t<div class=\"wd-gallery-item wd-carousel-item\">\n\t\t\t\t\t\t\n\t\t\t\t\t\t<img loading=\"lazy\" decoding=\"async\" width=\"1000\" height=\"1500\" src=\"https:\/\/frantoiocongedi.com\/wp-content\/uploads\/2025\/06\/37.jpg\" class=\"attachment-full size-full\" alt=\"37\" srcset=\"https:\/\/frantoiocongedi.com\/wp-content\/uploads\/2025\/06\/37.jpg 1000w, https:\/\/frantoiocongedi.com\/wp-content\/uploads\/2025\/06\/37-150x225.jpg 150w, https:\/\/frantoiocongedi.com\/wp-content\/uploads\/2025\/06\/37-200x300.jpg 200w, https:\/\/frantoiocongedi.com\/wp-content\/uploads\/2025\/06\/37-683x1024.jpg 683w, https:\/\/frantoiocongedi.com\/wp-content\/uploads\/2025\/06\/37-768x1152.jpg 768w\" sizes=\"auto, (max-width: 1000px) 100vw, 1000px\" \/>\n\t\t\t\t\t\t\t\t\t\t\t<\/div>\n\t\t\t\t\t\t\t\t\t\t\t\t\t\t\t<div class=\"wd-gallery-item wd-carousel-item\">\n\t\t\t\t\t\t\n\t\t\t\t\t\t<img loading=\"lazy\" decoding=\"async\" width=\"1000\" height=\"1500\" src=\"https:\/\/frantoiocongedi.com\/wp-content\/uploads\/2025\/06\/TAPPO-3.jpg\" class=\"attachment-full size-full\" alt=\"TAPPO 3\" srcset=\"https:\/\/frantoiocongedi.com\/wp-content\/uploads\/2025\/06\/TAPPO-3.jpg 1000w, https:\/\/frantoiocongedi.com\/wp-content\/uploads\/2025\/06\/TAPPO-3-150x225.jpg 150w, https:\/\/frantoiocongedi.com\/wp-content\/uploads\/2025\/06\/TAPPO-3-200x300.jpg 200w, https:\/\/frantoiocongedi.com\/wp-content\/uploads\/2025\/06\/TAPPO-3-683x1024.jpg 683w, https:\/\/frantoiocongedi.com\/wp-content\/uploads\/2025\/06\/TAPPO-3-768x1152.jpg 768w\" sizes=\"auto, (max-width: 1000px) 100vw, 1000px\" \/>\n\t\t\t\t\t\t\t\t\t\t\t<\/div>\n\t\t\t\t\t\t\t\t\t\t\t\t\t\t\t<div class=\"wd-gallery-item wd-carousel-item\">\n\t\t\t\t\t\t\n\t\t\t\t\t\t<img loading=\"lazy\" decoding=\"async\" width=\"1000\" height=\"1500\" src=\"https:\/\/frantoiocongedi.com\/wp-content\/uploads\/2025\/06\/OLIO-TARTUFO-3.jpg\" class=\"attachment-full size-full\" alt=\"OLIO TARTUFO 3\" srcset=\"https:\/\/frantoiocongedi.com\/wp-content\/uploads\/2025\/06\/OLIO-TARTUFO-3.jpg 1000w, https:\/\/frantoiocongedi.com\/wp-content\/uploads\/2025\/06\/OLIO-TARTUFO-3-150x225.jpg 150w, https:\/\/frantoiocongedi.com\/wp-content\/uploads\/2025\/06\/OLIO-TARTUFO-3-200x300.jpg 200w, https:\/\/frantoiocongedi.com\/wp-content\/uploads\/2025\/06\/OLIO-TARTUFO-3-683x1024.jpg 683w, https:\/\/frantoiocongedi.com\/wp-content\/uploads\/2025\/06\/OLIO-TARTUFO-3-768x1152.jpg 768w\" sizes=\"auto, (max-width: 1000px) 100vw, 1000px\" \/>\n\t\t\t\t\t\t\t\t\t\t\t<\/div>\n\t\t\t\t\t\t\t\t\t\t\t\t\t\t\t\t<\/div>\n\t\t\t\t\t\t\t\t<\/div>\n\t\t\t\t\t\t\t\t\t\t\t\t\t\t<div class=\"wd-nav-arrows wd-pos-sep wd-hover-1 wd-icon-1\">\n\t\t\t<div class=\"wd-btn-arrow wd-prev wd-disabled\">\n\t\t\t\t<div class=\"wd-arrow-inner\"><\/div>\n\t\t\t<\/div>\n\t\t\t<div class=\"wd-btn-arrow wd-next\">\n\t\t\t\t<div class=\"wd-arrow-inner\"><\/div>\n\t\t\t<\/div>\n\t\t<\/div>\n\t\t\t\t\t\t\n\t\t\t\t<\/div>\n\n\t\t\t\t\t\t\t\t\t\t\t\t\t<\/div>\n\t\t\t\t\t\t<\/div>\n\t\t\t\t<\/div>\n\t\t\t\t<div class=\"elementor-element elementor-element-eec4b9e elementor-widget elementor-widget-wd_marquee\" data-id=\"eec4b9e\" data-element_type=\"widget\" data-e-type=\"widget\" data-widget_type=\"wd_marquee.default\">\n\t\t\t\t<div class=\"elementor-widget-container\">\n\t\t\t\t\t\t\t<div class=\"wd-marquee \">\n\t\t\t<div class=\"wd-marquee-content\">\n\t\t\t\t\t\t\t<span class=\"wd-marquee-item\">\n\t\t\t\t\n\t\t\t\t\t\t\t\t\tFrantoio Congedi \/ Natives Oliven\u00f6l Extra\t\t\t\t\n\t\t\t\t\t\t\t<\/span>\n\t\t\t\t\t\t<\/div>\n\t\t\t<div class=\"wd-marquee-content\">\n\t\t\t\t\t\t\t<span class=\"wd-marquee-item\">\n\t\t\t\t\n\t\t\t\t\t\t\t\t\tFrantoio Congedi \/ Natives Oliven\u00f6l Extra\t\t\t\t\n\t\t\t\t\t\t\t<\/span>\n\t\t\t\t\t\t<\/div>\n\t\t<\/div>\n\t\t\t\t\t\t<\/div>\n\t\t\t\t<\/div>\n\t\t\t\t\t<\/div>\n\t\t\t\t<\/div>\n\t\t<div class=\"wd-negative-gap elementor-element elementor-element-78ff699 e-flex e-con-boxed e-con e-parent\" data-id=\"78ff699\" data-element_type=\"container\" data-e-type=\"container\">\n\t\t\t\t\t<div class=\"e-con-inner\">\n\t\t<div class=\"elementor-element elementor-element-9d092cc e-con-full e-flex e-con e-child\" data-id=\"9d092cc\" data-element_type=\"container\" data-e-type=\"container\">\n\t\t<div class=\"elementor-element elementor-element-1eedc19 e-con-full e-flex e-con e-child\" data-id=\"1eedc19\" data-element_type=\"container\" data-e-type=\"container\">\n\t\t\t\t<div class=\"elementor-element elementor-element-41f0dc0 wd-width-100 elementor-widget elementor-widget-wd_title\" data-id=\"41f0dc0\" data-element_type=\"widget\" data-e-type=\"widget\" data-widget_type=\"wd_title.default\">\n\t\t\t\t<div class=\"elementor-widget-container\">\n\t\t\t\t\t\t\t<div class=\"title-wrapper wd-set-mb reset-last-child wd-title-color-default wd-title-style-default wd-title-size-default text-left\">\n\n\t\t\t\n\t\t\t<div class=\"liner-continer\">\n\t\t\t\t<h4 class=\"woodmart-title-container title wd-fontsize-l\">Die Anf\u00e4nge<\/h4> \n\t\t\t\t\t\t\t<\/div>\n\n\t\t\t\t\t<\/div>\n\t\t\t\t\t\t<\/div>\n\t\t\t\t<\/div>\n\t\t\t\t<div class=\"elementor-element elementor-element-40f5bb8 elementor-widget elementor-widget-wd_text_block\" data-id=\"40f5bb8\" data-element_type=\"widget\" data-e-type=\"widget\" data-widget_type=\"wd_text_block.default\">\n\t\t\t\t<div class=\"elementor-widget-container\">\n\t\t\t\t\t\t\t<div class=\"wd-text-block reset-last-child text-left\">\n\t\t\t\n\t\t\t<p>So hat Luce Damiani eine Geschichte geschrieben, die von Mut und Hingabe gepr\u00e4gt ist und sich den Konventionen einer Welt widersetzt, in der es nur Platz f\u00fcr M\u00e4nner gibt. Im Jahr <strong>1917<\/strong> verwandelte sie das Land, das sie von ihrem Vater geerbt hatte, in eine moderne, produktive Realit\u00e4t. Die Landwirtschaft ist das Bindeglied zwischen den Generationen und den Erinnerungen der Familie, eine wahre Lebensader zu den Urspr\u00fcngen. Von seinen sieben Kindern hat der \u00e4lteste Sohn Antonio Congedi, \u00d6lm\u00fcllermeister, die Hartn\u00e4ckigkeit seiner Mutter geerbt und den Betrieb noch weiter verbessert, indem er den Prozess der Umwandlung des<a href=\"https:\/\/www.oliocongedi.com\/olio-extravergine-italiano\" target=\"_blank\" rel=\"noopener\"><strong>Natives Oliven\u00f6l extra<\/strong><\/a>. Auf diese Weise gelang es ihm, die Produktion des<a href=\"https:\/\/www.oliocongedi.com\/olio-pugliese\" target=\"_blank\" rel=\"noopener\"><strong>apulischen \u00d6ls<\/strong><\/a>und insbesondere des<a href=\"https:\/\/www.oliocongedi.com\/coltivato-nel-salento\" target=\"_blank\" rel=\"noopener\"><strong>im Salento angebauten \u00d6ls<\/strong><\/a>in einem Land wie dem Salento, das oft sich selbst \u00fcberlassen war, aber die Chance hatte, sich einen Namen zu machen, dank derer, die mit Intelligenz und Leidenschaft das zu nutzen wissen, was das Land ohne Anstrengung schenkt.    <\/p>\n\t\t\t\t\t<\/div>\n\t\t\t\t\t\t<\/div>\n\t\t\t\t<\/div>\n\t\t\t\t<\/div>\n\t\t<div class=\"elementor-element elementor-element-d0379f6 e-con-full e-flex e-con e-child\" data-id=\"d0379f6\" data-element_type=\"container\" data-e-type=\"container\">\n\t\t\t\t<div class=\"elementor-element elementor-element-fd62e09 elementor-widget elementor-widget-wd_image_or_svg\" data-id=\"fd62e09\" data-element_type=\"widget\" data-e-type=\"widget\" data-widget_type=\"wd_image_or_svg.default\">\n\t\t\t\t<div class=\"elementor-widget-container\">\n\t\t\t\t\t\n\t\t<div class=\"wd-image text-left\">\n\t\t\t\t\t\t\t\t<img loading=\"lazy\" decoding=\"async\" width=\"664\" height=\"758\" src=\"https:\/\/frantoiocongedi.com\/wp-content\/uploads\/2025\/06\/la_storia.jpg\" class=\"attachment-full size-full\" alt=\"\" srcset=\"https:\/\/frantoiocongedi.com\/wp-content\/uploads\/2025\/06\/la_storia.jpg 664w, https:\/\/frantoiocongedi.com\/wp-content\/uploads\/2025\/06\/la_storia-150x171.jpg 150w, https:\/\/frantoiocongedi.com\/wp-content\/uploads\/2025\/06\/la_storia-263x300.jpg 263w\" sizes=\"auto, (max-width: 664px) 100vw, 664px\" \/>\t\t\t\t\t<\/div>\n\n\t\t\t\t\t\t<\/div>\n\t\t\t\t<\/div>\n\t\t\t\t<\/div>\n\t\t\t\t<\/div>\n\t\t\t\t\t<\/div>\n\t\t\t\t<\/div>\n\t\t<div class=\"wd-negative-gap elementor-element elementor-element-d57715e wd-section-stretch e-flex e-con-boxed e-con e-parent\" data-id=\"d57715e\" data-element_type=\"container\" data-e-type=\"container\" data-settings=\"{&quot;background_background&quot;:&quot;classic&quot;}\">\n\t\t\t\t\t<div class=\"e-con-inner\">\n\t\t\t\t<div class=\"elementor-element elementor-element-489e308 wd-width-100 elementor-widget elementor-widget-wd_title\" data-id=\"489e308\" data-element_type=\"widget\" data-e-type=\"widget\" data-widget_type=\"wd_title.default\">\n\t\t\t\t<div class=\"elementor-widget-container\">\n\t\t\t\t\t\t\t<div class=\"title-wrapper wd-set-mb reset-last-child wd-title-color-default wd-title-style-default wd-title-size-default text-center\">\n\n\t\t\t\n\t\t\t<div class=\"liner-continer\">\n\t\t\t\t<h4 class=\"woodmart-title-container title wd-fontsize-l\">Entwicklung<\/h4> \n\t\t\t\t\t\t\t<\/div>\n\n\t\t\t\t\t\t\t<div class=\"title-after_title reset-last-child wd-fontsize-xs\">\n\t\t\t\t\t<p>Im Jahr 1989 wurde die Produktion von <a href=\"https:\/\/www.oliocongedi.com\/olio-del-salento\" target=\"_blank\" rel=\"noopener\"><strong>nativem Oliven\u00f6l extra<\/strong><\/a> in die H\u00e4nde von Luigi, seinem \u00e4ltesten Sohn, der, dem Rat seines Vaters folgend, <strong>Qualit\u00e4t<\/strong>, <strong>Tradition<\/strong> und <strong>technologische Innovation<\/strong> mit dem unsch\u00e4tzbaren Beitrag seiner S\u00f6hne Ettore und Matteo verbindet, die nach Abschluss ihres Studiums die Leitung des Unternehmens \u00fcbernommen haben. Die neue Generation an der Spitze eines Unternehmens im Salento, das auf eine jahrzehntelange Geschichte zur\u00fcckblicken kann, erfindet sich neu, um die Produktion des<a href=\"https:\/\/www.oliocongedi.com\/coltivato-nel-salento\" target=\"_blank\" rel=\"noopener\"><strong>\u00d6l, das im Salento angebaut wird<\/strong><\/a>Es waren Ettore und Matteo, die auf die Idee kamen, den ersten Zentrifugal-Dekanter zu installieren, der es erm\u00f6glicht, keinerlei Verarbeitungsabf\u00e4lle zu produzieren. So konnte das Unternehmen 2014 einen seiner gro\u00dfen W\u00fcnsche verwirklichen: vollst\u00e4ndig <strong>\u00f6kologisch nachhaltig<\/strong> zu sein. <\/p>\t\t\t\t<\/div>\n\t\t\t\t\t<\/div>\n\t\t\t\t\t\t<\/div>\n\t\t\t\t<\/div>\n\t\t\t\t<div class=\"elementor-element elementor-element-783c5c0 elementor-widget elementor-widget-image\" data-id=\"783c5c0\" data-element_type=\"widget\" data-e-type=\"widget\" data-widget_type=\"image.default\">\n\t\t\t\t<div class=\"elementor-widget-container\">\n\t\t\t\t\t\t\t\t\t\t\t\t\t\t\t<img loading=\"lazy\" decoding=\"async\" width=\"1000\" height=\"667\" src=\"https:\/\/frantoiocongedi.com\/wp-content\/uploads\/2025\/06\/fratelli-congedo.jpg\" class=\"attachment-large size-large wp-image-3639\" alt=\"\" srcset=\"https:\/\/frantoiocongedi.com\/wp-content\/uploads\/2025\/06\/fratelli-congedo.jpg 1000w, https:\/\/frantoiocongedi.com\/wp-content\/uploads\/2025\/06\/fratelli-congedo-150x100.jpg 150w, https:\/\/frantoiocongedi.com\/wp-content\/uploads\/2025\/06\/fratelli-congedo-300x200.jpg 300w, https:\/\/frantoiocongedi.com\/wp-content\/uploads\/2025\/06\/fratelli-congedo-768x512.jpg 768w\" sizes=\"auto, (max-width: 1000px) 100vw, 1000px\" \/>\t\t\t\t\t\t\t\t\t\t\t\t\t\t\t<\/div>\n\t\t\t\t<\/div>\n\t\t\t\t<div class=\"elementor-element elementor-element-ed67692 elementor-widget elementor-widget-wd_text_block\" data-id=\"ed67692\" data-element_type=\"widget\" data-e-type=\"widget\" data-widget_type=\"wd_text_block.default\">\n\t\t\t\t<div class=\"elementor-widget-container\">\n\t\t\t\t\t\t\t<div class=\"wd-text-block reset-last-child text-center\">\n\t\t\t\n\t\t\t<p><em>Tradition und Spitzentechnologie f\u00fchren das Unternehmen zu neuen Zielen, f\u00fcr die es in den renommiertesten Branchenf\u00fchrern erw\u00e4hnt und ausgezeichnet wird. Und es erf\u00fcllt uns mit Stolz, dass die Frantoio Congedi \u00d6lm\u00fchle heute ihr mit Leidenschaft und Liebe hergestelltes \u00d6l mit Ihnen allen teilt, \u00fcberall auf der Welt... <\/em><\/p>\n\t\t\t\t\t<\/div>\n\t\t\t\t\t\t<\/div>\n\t\t\t\t<\/div>\n\t\t\t\t\t<\/div>\n\t\t\t\t<\/div>\n\t\t\t\t<\/div>\n\t\t","protected":false},"excerpt":{"rendered":"<p>Die Geschichte einer Familie und ihrer Liebe zu nativem Oliven\u00f6l extra Seit vier Generationen produziert die Familie Congedi in der<\/p>\n","protected":false},"author":1,"featured_media":0,"parent":0,"menu_order":0,"comment_status":"closed","ping_status":"closed","template":"","meta":{"footnotes":""},"class_list":["post-3636","page","type-page","status-publish","hentry"],"jetpack_sharing_enabled":true,"_links":{"self":[{"href":"https:\/\/frantoiocongedi.com\/de\/wp-json\/wp\/v2\/pages\/3636","targetHints":{"allow":["GET"]}}],"collection":[{"href":"https:\/\/frantoiocongedi.com\/de\/wp-json\/wp\/v2\/pages"}],"about":[{"href":"https:\/\/frantoiocongedi.com\/de\/wp-json\/wp\/v2\/types\/page"}],"author":[{"embeddable":true,"href":"https:\/\/frantoiocongedi.com\/de\/wp-json\/wp\/v2\/users\/1"}],"replies":[{"embeddable":true,"href":"https:\/\/frantoiocongedi.com\/de\/wp-json\/wp\/v2\/comments?post=3636"}],"version-history":[{"count":3,"href":"https:\/\/frantoiocongedi.com\/de\/wp-json\/wp\/v2\/pages\/3636\/revisions"}],"predecessor-version":[{"id":2000001746,"href":"https:\/\/frantoiocongedi.com\/de\/wp-json\/wp\/v2\/pages\/3636\/revisions\/2000001746"}],"wp:attachment":[{"href":"https:\/\/frantoiocongedi.com\/de\/wp-json\/wp\/v2\/media?parent=3636"}],"curies":[{"name":"wp","href":"https:\/\/api.w.org\/{rel}","templated":true}]}}