{"id":3674,"date":"2025-06-17T16:53:22","date_gmt":"2025-06-17T16:53:22","guid":{"rendered":"https:\/\/frantoiocongedi.com\/datenschutzbestimmungen\/"},"modified":"2026-02-25T11:20:17","modified_gmt":"2026-02-25T11:20:17","slug":"datenschutzbestimmungen","status":"publish","type":"page","link":"https:\/\/frantoiocongedi.com\/de\/datenschutzbestimmungen\/","title":{"rendered":"Datenschutzbestimmungen"},"content":{"rendered":"\n<h2 class=\"wp-block-heading\">Informationen gem\u00e4\u00df Art. 13 der Verordnung (EU) 2016\/679 (kurz: Verordnung) &#8211; f\u00fcr Nutzer, die die Website www.frantoiocongedi.com aufrufen <\/h2>\n\n<p>Mit der vorliegenden Datenschutzerkl\u00e4rung m\u00f6chte <strong> die OLEARIA CONGEDI SRL<\/strong>, Eigent\u00fcmerin der Marke und der Website frantoiocongedi.com, die Besucher der Website &#8222;frantoiocongedi.com&#8220; (nachfolgend die &#8222;Website&#8220;) \u00fcber die Politik informieren, die sie in Bezug auf den Schutz personenbezogener Daten verfolgt, und ihr Engagement und ihre Aufmerksamkeit in Bezug auf den Schutz der Privatsph\u00e4re der Besucher der Website unterstreichen. Wir bitten Sie, unsere Datenschutzpolitik sorgf\u00e4ltig zu lesen. Sie gilt sowohl f\u00fcr den Fall, dass Sie auf die Website zugreifen und einfach nur unsere Dienste in Anspruch nehmen, ohne ein Produkt zu kaufen, als auch f\u00fcr den Fall, dass Sie einen Kauf t\u00e4tigen. <\/p>\n\n<p>Die Navigation auf der Website ist kostenlos und erfordert keine Registrierung, mit Ausnahme bestimmter Bereiche, in denen der Nutzer freiwillig und ausdr\u00fccklich eine Reihe von ihn betreffenden Daten angeben kann, um Zugang zu speziell gekennzeichneten Diensten zu erhalten (z.B. um Eink\u00e4ufe t\u00e4tigen zu k\u00f6nnen, den Newsletter zu abonnieren oder Informationen anzufordern, usw.).<\/p>\n\n<p>Wenn der Besucher also beabsichtigt, seine eigenen pers\u00f6nlichen Daten anzugeben, um Zugang zu diesen weiteren Diensten zu erhalten, wird er ausdr\u00fccklich gem\u00e4\u00df dem Gesetzesdekret Nr. 196 vom 30. Juni 2003, &#8222;Datenschutzkodex&#8220;, (der &#8222;Kodex&#8220;) und der EU-Verordnung 679\/2016 &#8222;Allgemeine Datenschutzverordnung&#8220; (die &#8222;Verordnung&#8220;) mit einem Hinweis (als Beispiel) auf die Zwecke und Methoden der Verwendung der Daten durch frantoiocongedi.com sowie dem Recht, jederzeit die L\u00f6schung der Daten oder ihre Aktualisierung zu verlangen, informiert. Jeder Verweis auf den Kodex, der in der Datenschutzerkl\u00e4rung und auf der Website im Allgemeinen enthalten ist, muss als g\u00fcltig und wirksam in den Grenzen und in dem Umfang verstanden werden, in dem die Regeln, auf die verwiesen wird, nach Inkrafttreten der Verordnung (25. Mai 2018) in Kraft bleiben.   <\/p>\n\n<p>Die Website ist nicht f\u00fcr die Nutzung durch Kinder unter sechzehn Jahren bestimmt, denen es auch untersagt ist, ein Konto zu erstellen oder anderweitig pers\u00f6nliche Daten anzugeben.<\/p>\n\n<p>In \u00dcbereinstimmung mit dem Kodex und der Verordnung stellt <strong>OLEARIA CONGEDI SRL<\/strong> die folgenden Informationen zur Verf\u00fcgung.<\/p>\n\n<h2 class=\"wp-block-heading\"><strong>Der Datenverantwortliche und die Datenverarbeiter<\/strong><\/h2>\n\n<p>Der Inhaber der pers\u00f6nlichen Daten ist <strong>OLEARIA CONGEDI SRL<\/strong>, mit Sitz in Via Mare snc &#8211; C.da Masseria Bianco, 73059 Ugento (LE), P.IVA 04230250757, Reg. Imp di LECCE, e-mail info@frantoiocongedi.com <\/p>\n\n<h2 class=\"wp-block-heading\"><strong>1. GEGENSTAND DER VERARBEITUNG<\/strong><\/h2>\n\n<p>Der f\u00fcr die Verarbeitung Verantwortliche verarbeitet personenbezogene, identifizierende Daten (z.B. Vorname, Nachname, Firmenname, Adresse, Telefonnummer, E-Mail, Bank- und Zahlungsreferenzen), im Folgenden als &#8222;personenbezogene Daten&#8220; oder auch &#8222;Daten&#8220; bezeichnet, die Sie im Zusammenhang mit dem Abschluss von Vertr\u00e4gen \u00fcber die Dienstleistungen des f\u00fcr die Verarbeitung Verantwortlichen mitgeteilt haben.<\/p>\n\n<h2 class=\"wp-block-heading\"><strong>2. ZWECK<\/strong><\/h2>\n\n<p>Ihre pers\u00f6nlichen Daten werden verarbeitet A) ohne Ihre ausdr\u00fcckliche Zustimmung (Art. 24 Buchst. a), b), c) Datenschutzgesetz und Art. 6 Buchst. b), e) GDPR), f\u00fcr folgende Dienstleistungszwecke verarbeitet: &#8211; zum Abschluss von Vertr\u00e4gen \u00fcber die Dienstleistungen des f\u00fcr die Verarbeitung Verantwortlichen; &#8211; zur Erf\u00fcllung vorvertraglicher, vertraglicher und steuerlicher Verpflichtungen, die sich aus den bestehenden Beziehungen mit Ihnen ergeben; &#8211; zur Erf\u00fcllung von Verpflichtungen, die durch ein Gesetz, eine Verordnung, eine EU-Rechtsvorschrift oder eine Anordnung der Beh\u00f6rde vorgesehen sind (z.B. zur Bek\u00e4mpfung der Geldw\u00e4sche); &#8211; zur Aus\u00fcbung der Rechte des f\u00fcr die Verarbeitung Verantwortlichen, z.B. des Rechts auf Verteidigung vor Gericht; B) nur mit Ihrer ausdr\u00fccklichen und gesonderten Zustimmung (Art. B) nur mit Ihrer ausdr\u00fccklichen und gesonderten Zustimmung (Art. 23 und 130 des Datenschutzgesetzes und Art. 7 der DSGVO) f\u00fcr die folgenden Marketingzwecke: &#8211; um Ihnen Newsletter, kommerzielle Mitteilungen und\/oder Werbematerial zu den vom f\u00fcr die Verarbeitung Verantwortlichen angebotenen Produkten oder Dienstleistungen sowie Zufriedenheitsumfragen zur Qualit\u00e4t der Dienstleistungen zuzusenden; &#8211; um Ihnen kommerzielle und\/oder werbliche Mitteilungen und\/oder telefonische Kontakte von Dritten per E-Mail, Post und\/oder SMS und\/oder telefonische Kontakte zuzusenden. Wir m\u00f6chten Sie darauf hinweisen, dass wir Ihnen, wenn Sie bereits Kunde bei uns sind, kommerzielle Mitteilungen \u00fcber Dienstleistungen und Produkte des Inhabers der Datenverarbeitung zusenden k\u00f6nnen, die denen \u00e4hnlich sind, die Sie bereits genutzt haben, es sei denn, Sie sind damit nicht einverstanden (Art. 130 c. 4 Datenschutzgesetz).        <\/p>\n\n<p>F\u00fcr den Zugriff auf die Website ist keine Registrierung erforderlich. Es gibt jedoch Bereiche der Website, die eine Registrierung oder die Verwendung eines Benutzernamens und eines Passworts erfordern (z.B. f\u00fcr die Registrierung im pers\u00f6nlichen Bereich oder f\u00fcr den Abschluss des Online-Einkaufsprozesses), oder Dienste, f\u00fcr deren Nutzung die Angabe Ihrer Daten erforderlich ist (z.B. k\u00f6nnen Ihre Daten f\u00fcr den Zugang zu Newsletter-Diensten, zur Kontaktaufnahme mit uns usw. erforderlich sein). <\/p>\n\n<p>Falls frantoiocongedi.com Informationen und personenbezogene Daten erh\u00e4lt, werden die Nutzer im Voraus \u00fcber die Zwecke, f\u00fcr die diese Daten angefordert werden, und die Art und Weise, wie sie verwendet werden, informiert. Falls erforderlich, holt frantoiocongedi.com die ausdr\u00fcckliche Zustimmung des Benutzers zur entsprechenden Verwendung der Daten ein. So k\u00f6nnen beispielsweise personenbezogene Daten wie Vor- und Nachname, Telefonnummer, E-Mail-Adresse und andere Informationen abgefragt werden, die der Nutzer bereit ist, anzugeben, um die Dienste der Website zu nutzen, indem er ein spezielles Registrierungsformular ausf\u00fcllt (z.B. um Zugang zum reservierten Bereich der Website zu erhalten). frantoiocongedi.com verwendet die online erfassten personenbezogenen Daten nur f\u00fcr die bei der Registrierung angegebenen Zwecke.   <\/p>\n\n<p><em>Newsletters und kommerzielle Mitteilungen<\/em><\/p>\n\n<p>Der Nutzer kann sich freiwillig f\u00fcr den Erhalt von Newslettern und kommerziellen Mitteilungen entscheiden. Die Website bittet um eine ausdr\u00fcckliche und freie Zustimmung, bevor sie solche Werbema\u00dfnahmen durchf\u00fchrt, und kann den Nutzer um zus\u00e4tzliche Informationen bitten, um personalisierte und relevantere Mitteilungen zu erstellen. Der Nutzer kann seine Einwilligung jederzeit problemlos widerrufen, was die Rechtsgrundlage f\u00fcr diese Verarbeitung ist (Art. 6.1.a der Verordnung).  <\/p>\n\n<p><em>Kommerzielle Auftr\u00e4ge<\/em><\/p>\n\n<p>Wenn Sie eine Bestellung aufgeben, bittet frantoiocongedi.com den Nutzer um die Angabe personenbezogener Daten f\u00fcr den wesentlichen Zweck der Erbringung der gekauften Dienstleistung oder Ware, einschlie\u00dflich der Nachverkaufsphase (z.B. Lieferverfolgung, Hilfsdienste, Kundenzufriedenheit) und der Verhinderung von Betrug und unzul\u00e4ssiger Nutzung der Website. Die Rechtsgrundlage der Verarbeitung ist die Erf\u00fcllung der vertraglichen Verpflichtungen (Art. 6.1.b der Verordnung). F\u00fcr Zahlungen nutzt die Website Drittanbieter und speichert keine Bankdaten des Nutzers. Der f\u00fcr die Datenverarbeitung Verantwortliche hat keine Kontrolle \u00fcber den Anbieter dieser Art von Dienstleistung und der Nutzer muss sich daher an die Datenschutzbestimmungen und Nutzungsbedingungen dieses Anbieters halten.   <\/p>\n\n<p><em>Profiling<\/em><\/p>\n\n<p>Der Zweck der Profilerstellung besteht darin, Produkte, Dienstleistungen und Initiativen vorzuschlagen, die den Vorlieben, Gewohnheiten und Interessen der Nutzer besser entsprechen. Personenbezogene Daten k\u00f6nnen auch f\u00fcr Remarketing, Retargeting oder Profiling durch Dritte (z.B. soziale Netzwerke) verwendet werden. Was die Nutzer der Website anbelangt, so liegt es im legitimen Interesse der Website, personenbezogene Daten zu verarbeiten, um interessantere und personalisierte Dienste anzubieten, indem die Leistung der Website verbessert wird.  <\/p>\n\n<p><em>Minderj\u00e4hrige<\/em><\/p>\n\n<p>Die Website fordert Eltern und alle Personen, die Minderj\u00e4hrige beaufsichtigen, auf, sie \u00fcber den sicheren und verantwortungsvollen Umgang mit pers\u00f6nlichen Daten im Internet zu unterrichten. Minderj\u00e4hrige sollten ohne die Zustimmung ihrer Eltern keine pers\u00f6nlichen Daten an die Website \u00fcbermitteln. Die Website verpflichtet sich, personenbezogene Daten von Minderj\u00e4hrigen nicht absichtlich zu sammeln, sie in keiner Weise zu verwenden und sie nicht an Dritte weiterzugeben.  <\/p>\n\n<h2 class=\"wp-block-heading\"><strong>3. METHODEN, DAUER DER DATENVERARBEITUNG UND UMFANG DER KOMMUNIKATION<\/strong><\/h2>\n\n<p>Die Verarbeitung Ihrer personenbezogenen Daten erfolgt mittels der in Artikel 4 des Datenschutzgesetzes und Artikel 4 Nr. 2) GDPR genannten Vorg\u00e4nge, n\u00e4mlich: &#8211; Erhebung, Erfassung, Organisation, Speicherung, Abfrage, Verarbeitung, \u00c4nderung, Auswahl, Extraktion, Vergleich, Verwendung, Verkn\u00fcpfung, Sperrung, Mitteilung, L\u00f6schung und Vernichtung von Daten. Ihre personenbezogenen Daten werden sowohl in Papierform als auch elektronisch und\/oder automatisiert verarbeitet. Der f\u00fcr die Verarbeitung Verantwortliche wird Ihre personenbezogenen Daten so lange verarbeiten, wie es f\u00fcr die Erf\u00fcllung der oben genannten Zwecke erforderlich ist, in jedem Fall aber nicht l\u00e4nger als 10 Jahre nach Beendigung der Beziehung zu Servicezwecken und nicht l\u00e4nger als 2 Jahre nach der Erhebung der Daten zu Marketingzwecken.     <\/p>\n\n<h2 class=\"wp-block-heading\"><strong>4. ZUGANG ZU DATEN<\/strong><\/h2>\n\n<p>A) und 2.B): &#8211; an Angestellte und Mitarbeiter des Inhabers der Datenverarbeitung und im Ausland in ihrer Eigenschaft als Verantwortliche und\/oder interne Datenverarbeiter und\/oder Systemadministratoren; &#8211; an Drittunternehmen oder andere Einrichtungen (z.B. Kreditinstitute, Fachfirmen usw.), die Outsourcing-Aktivit\u00e4ten im Auftrag des Inhabers der Datenverarbeitung durchf\u00fchren, in ihrer Eigenschaft als externe Datenverarbeiter. Die Daten k\u00f6nnen sowohl elektronisch als auch in Papierform (z.B. f\u00fcr die Verwaltung der Eink\u00e4ufe auf der Website) verarbeitet werden. frantoiocongedi.com garantiert die rechtm\u00e4\u00dfige und korrekte Verarbeitung der \u00fcber die Website zur Verf\u00fcgung gestellten personenbezogenen Daten unter vollst\u00e4ndiger Einhaltung der geltenden Vorschriften sowie die maximale Vertraulichkeit der bei der Registrierung angegebenen Daten. Alle gesammelten Informationen werden \u00fcber eine gesch\u00fctzte Verbindung \u00fcbertragen, um zu verhindern, dass sie von Au\u00dfenstehenden abgefangen werden k\u00f6nnen.    <\/p>\n\n<p>Die von den Nutzern zur Verf\u00fcgung gestellten Daten werden f\u00fcr die Zeitr\u00e4ume verarbeitet, die in den spezifischen Informationen zum Zeitpunkt der Datenerfassung angegeben sind.<\/p>\n\n<p>Bez\u00fcglich der Aufbewahrungszeit von Daten, die durch die Verwendung von Profiling-Tools (z.B. Cookies) erfasst werden, siehe unsere Cookie-Richtlinie.<\/p>\n\n<p>Die Daten werden nicht an Dritte weitergegeben oder offengelegt, es sei denn, dies geschieht innerhalb der Grenzen und unter den Bedingungen, die ausdr\u00fccklich in der dem Nutzer von Zeit zu Zeit zur Verf\u00fcgung gestellten Informationsschrift angegeben sind, und vorbehaltlich der vorherigen Zustimmung des Nutzers.<\/p>\n\n<h2 class=\"wp-block-heading\"><strong>5. \u00dcBERMITTLUNG VON DATEN<\/strong><\/h2>\n\n<p>Ohne Ihre ausdr\u00fcckliche Zustimmung (ex Art. 24 lit. a), b), d) Datenschutzgesetz und Art. 6 lit. b) und c) GDPR) kann der Verantwortliche Ihre Daten f\u00fcr die in Art. 2.A) genannten Zwecke an Kontrollorgane, Justizbeh\u00f6rden sowie an diejenigen Personen weitergeben, denen die Weitergabe zur Erf\u00fcllung der genannten Zwecke gesetzlich vorgeschrieben ist. Diese Personen werden die Daten in ihrer Eigenschaft als eigenst\u00e4ndige Inhaber der Datenverarbeitung verarbeiten. Ihre Daten werden nicht weitergegeben.       <\/p>\n\n<p>Der f\u00fcr die Verarbeitung Verantwortliche kann die personenbezogenen Daten des Nutzers an Dritte weitergeben, die als Datenverarbeiter oder f\u00fcr die Verarbeitung Verantwortliche qualifiziert sind, um technische oder kommerzielle Operationen durchzuf\u00fchren, die f\u00fcr die Erbringung von Dienstleistungen im Zusammenhang mit der verbesserten Verwaltung der Website erforderlich sind (z.B. Kuriere und Postdienstleister; Werbe-, Handels- und Social-Media-Agenturen; IT-Dienstleister; Zahlungsdienstleister; Dienstleister f\u00fcr die Kundenbetreuung). In diesen F\u00e4llen ist die Bereitstellung von Daten unerl\u00e4sslich, um vertragliche Verpflichtungen zu erf\u00fcllen und die Leistung der Website zu verbessern. Der f\u00fcr die Verarbeitung Verantwortliche verpflichtet sich im Rahmen von Datenverarbeitungsvertr\u00e4gen, daf\u00fcr zu sorgen, dass die Verantwortlichen die Daten ordnungsgem\u00e4\u00df und sicher behandeln.  <\/p>\n\n<p>Der Nutzer kann die Liste der f\u00fcr die Datenverarbeitung Verantwortlichen \u00fcber die E-Mail-Adresse des f\u00fcr die Datenverarbeitung Verantwortlichen anfordern. Dar\u00fcber hinaus kann der f\u00fcr die Verarbeitung Verantwortliche verpflichtet sein, Ihre personenbezogenen Daten weiterzugeben, wenn er dazu gesetzlich oder durch beh\u00f6rdliche Anordnung verpflichtet ist oder um seine eigenen Rechte oder die Rechte Dritter zu sch\u00fctzen. <\/p>\n\n<p><em>Websites von Dritten<\/em><\/p>\n\n<p>Diese Richtlinie gilt nicht f\u00fcr andere Websites oder Plattformen, zu denen die Website einen Link enth\u00e4lt (z. B. Banner, Werbung und andere Links zu Websites oder Plattformen Dritter), auf die Sie sich bitte durch Lesen der entsprechenden Cookie-Richtlinie beziehen.<\/p>\n\n<h2 class=\"wp-block-heading\"><strong>6. DATEN\u00dcBERTRAGUNG<\/strong><\/h2>\n\n<p>Die personenbezogenen Daten werden in den R\u00e4umlichkeiten des Data Controller innerhalb der Europ\u00e4ischen Union gespeichert. Es versteht sich jedoch von selbst, dass der Data Controller das Recht hat, die Server in ein Land au\u00dferhalb der EU zu verlagern, sollte dies notwendig werden. In diesem Fall versichert der Data Controller bereits jetzt, dass die \u00dcbertragung von Daten au\u00dferhalb der EU in \u00dcbereinstimmung mit den geltenden gesetzlichen Bestimmungen erfolgt, vorbehaltlich der Festlegung der von der Europ\u00e4ischen Kommission vorgesehenen Standardvertragsklauseln.  <\/p>\n\n<p>Die Verarbeitung im Zusammenhang mit den auf der Website angebotenen Dienstleistungen erfolgt in den R\u00e4umlichkeiten von <strong><strong>OLEARIA CONGEDI SRL<\/strong> <\/strong> wie unter Punkt 1 angegeben, und werden von den Datenverarbeitern der Marketingabteilung sowie den Unternehmen durchgef\u00fchrt, die funktionelle Dienstleistungen f\u00fcr die Verwaltung der Website erbringen und als externe Datenverarbeiter ernannt wurden.<\/p>\n\n<h2 class=\"wp-block-heading\"><strong>7. ART DER BEREITSTELLUNG VON DATEN UND FOLGEN EINER ANTWORTVERWEIGERUNG<\/strong><\/h2>\n\n<p>Die Bereitstellung der Daten f\u00fcr die Zwecke von Art. 2.A) ist obligatorisch. In Ermangelung dieser Daten k\u00f6nnen wir Ihnen die in Art. 2.A) genannten Dienstleistungen nicht garantieren. Die Bereitstellung von Daten f\u00fcr die Zwecke von Artikel 2.B) ist hingegen freiwillig. Sie k\u00f6nnen also beschlie\u00dfen, keine Daten zur Verf\u00fcgung zu stellen oder nachtr\u00e4glich die M\u00f6glichkeit der Verarbeitung bereits zur Verf\u00fcgung gestellter Daten zu verweigern: In diesem Fall k\u00f6nnen Sie keine Newsletter, kommerziellen Mitteilungen und Werbematerialien in Bezug auf die vom Eigent\u00fcmer angebotenen Dienstleistungen erhalten. Sie haben jedoch weiterhin Anspruch auf die in Artikel 2 genannten Dienstleistungen). Mittels einer Mitteilung an die E-Mail-Adresse<strong> info@frantoiocongedi.com<\/strong> k\u00f6nnen Sie jederzeit Ihre Rechte gem\u00e4\u00df Artikel 15 bis 23 der Verordnung aus\u00fcben, d.h. Sie k\u00f6nnen erfahren, welche Daten wir verarbeiten, wie und zu welchen Zwecken wir sie verwenden, die von Ihnen zur Verf\u00fcgung gestellten Daten \u00e4ndern oder l\u00f6schen, uns auffordern, die Verwendung Ihrer Daten einzuschr\u00e4nken, den Erhalt oder die \u00dcbermittlung Ihrer Daten verlangen, unbeschadet der M\u00f6glichkeit, Ihre Zustimmung (falls vorhanden) zu \u00e4ndern. Sie k\u00f6nnen auch jederzeit der Verarbeitung Ihrer Daten widersprechen, die insbesondere zu Marketingzwecken oder zur Analyse Ihrer Pr\u00e4ferenzen erfolgt.          <\/p>\n\n<h2 class=\"wp-block-heading\"><strong>8. RECHTE DER BETROFFENEN PERSON<\/strong><\/h2>\n\n<p>In Ihrer Eigenschaft als betroffene Person haben Sie die in Art. 7 des Datenschutzgesetzes und Art. 15 GDPR festgelegten Rechte, insbesondere das Recht auf &#8211; eine Best\u00e4tigung dar\u00fcber zu erhalten, ob Sie betreffende personenbezogene Daten vorhanden sind oder nicht, auch wenn diese noch nicht gespeichert sind, und die Mitteilung dieser Daten in verst\u00e4ndlicher Form; &#8211; Auskunft \u00fcber die Herkunft der personenbezogenen Daten, die Zwecke und Modalit\u00e4ten der Verarbeitung und die angewandte Logik im Falle einer Verarbeitung mit Hilfe elektronischer Mittel sowie die Identit\u00e4t des Inhabers der Datenverarbeitung, der Verantwortlichen und des gem\u00e4\u00df Art. 5, Absatz 2 des Datenschutzgesetzes und Art. 3, Absatz 1, GDPR; &#8211; die Aktualisierung, die Berichtigung oder, falls interessiert, die Erg\u00e4nzung der Daten; die L\u00f6schung, die Umwandlung in anonyme Form oder die Sperrung von Daten, die unter Verletzung des Gesetzes verarbeitet wurden, einschlie\u00dflich Daten, deren Aufbewahrung f\u00fcr die Zwecke, f\u00fcr die die Daten erhoben oder sp\u00e4ter verarbeitet wurden, nicht erforderlich ist; &#8211; gegebenenfalls auch die Rechte gem\u00e4\u00df Art. 16-21 DSGVO (Recht auf Berichtigung, Recht auf Vergessenwerden, Recht auf Einschr\u00e4nkung der Verarbeitung, Recht auf Daten\u00fcbertragbarkeit, Recht auf Widerspruch) sowie das Recht auf Beschwerde bei der Aufsichtsbeh\u00f6rde. Gem\u00e4\u00df Art. 13 Abs. 2 und Art. 14 Abs. 2 GDPR haben Sie das Recht zu erfahren: &#8211; wie lange Ihre personenbezogenen Daten gespeichert werden &#8211; von dem f\u00fcr die Verarbeitung Verantwortlichen Zugang zu Ihren personenbezogenen Daten und deren Berichtigung oder L\u00f6schung oder die Einschr\u00e4nkung der Verarbeitung Ihrer personenbezogenen Daten zu verlangen oder der Verarbeitung Ihrer personenbezogenen Daten zu widersprechen, sowie das Recht auf Daten\u00fcbertragbarkeit; beschr\u00e4nkt auf personenbezogene Daten, die nicht bei Ihnen erhoben wurden, haben Sie das Recht &#8211; eine Beschwerde bei einer Aufsichtsbeh\u00f6rde einzureichen; &#8211; die Quelle zu erfahren, aus der Ihre personenbezogenen Daten stammen, und gegebenenfalls, ob die Daten aus \u00f6ffentlich zug\u00e4nglichen Quellen stammen; &#8211; zu erfahren, ob eine automatisierte Entscheidungsfindung, einschlie\u00dflich Profiling gem\u00e4\u00df Artikel 22 Abs\u00e4tze 1 und 4 DSGVO, stattfindet, und zumindest in solchen F\u00e4llen aussagekr\u00e4ftige Informationen \u00fcber die verwendete Logik sowie die Bedeutung und die voraussichtlichen Folgen einer solchen Verarbeitung f\u00fcr Sie.     <\/p>\n\n<h2 class=\"wp-block-heading\"><strong>9. M\u00d6GLICHKEITEN DER RECHTSAUS\u00dcBUNG<\/strong><\/h2>\n\n<p>Sie k\u00f6nnen Ihre Rechte jederzeit aus\u00fcben, indem Sie uns eine E-Mail schicken:<\/p>\n\n<p>Einschreiben a.r. an: <strong><strong>OLEARIA CONGEDI SRL<\/strong> <\/strong> <\/p>\n\n<p>Via Mare snc &#8211; C.da Masseria Bianco, 73059 Ugento (LE), eine E-Mail an: info@frantoiocongedi.com<\/p>\n\n<h2 class=\"wp-block-heading\"><strong>10. EIGENT\u00dcMER, MANAGER UND BEAUFTRAGTE<\/strong><\/h2>\n\n<p>Der f\u00fcr die Datenverarbeitung Verantwortliche ist:<\/p>\n\n<p><strong><strong>OLEARIA CONGEDI SRL<\/strong> <\/strong><\/p>\n\n<p>Via F. Quarta 65\/S &#8211; 73055 Racale (LE).<\/p>\n\n<p>DSB-Manager <strong><strong>OLEARIA CONGEDI SRL<\/strong> <\/strong> <\/p>\n\n<p>Die aktualisierte Liste der Datenverarbeiter und der mit der Verarbeitung beauftragten Personen wird am Sitz des Inhabers der Datenverarbeitung aufbewahrt. frantoiocongedi.com beh\u00e4lt sich das Recht vor, diese Datenschutzrichtlinie nach eigenem Ermessen ganz oder teilweise zu \u00fcberpr\u00fcfen, zu \u00e4ndern oder einfach zu aktualisieren, und zwar auf jede Art und Weise und\/oder jederzeit und ohne vorherige Ank\u00fcndigung, auch unter Ber\u00fccksichtigung von \u00c4nderungen der Gesetze oder Vorschriften zum Schutz personenbezogener Daten. \u00c4nderungen und Aktualisierungen der Datenschutzrichtlinie werden den Nutzern per E-Mail an die registrierten Nutzer der Website und durch Ver\u00f6ffentlichung auf der Homepage der Website mitgeteilt und sind ab dem Zeitpunkt ihrer Ver\u00f6ffentlichung und Mitteilung verbindlich. Wir bitten Sie daher, regelm\u00e4\u00dfig auf diesen Abschnitt zuzugreifen, um die Ver\u00f6ffentlichung der neuesten und aktualisierten Datenschutzrichtlinie zu \u00fcberpr\u00fcfen oder Ihren E-Mail-Posteingang zu kontrollieren.   <\/p>\n","protected":false},"excerpt":{"rendered":"<p>Informationen gem\u00e4\u00df Art. 13 der Verordnung (EU) 2016\/679 (kurz: Verordnung) &#8211; f\u00fcr Nutzer, die die Website www.frantoiocongedi.com aufrufen Mit der<\/p>\n","protected":false},"author":1,"featured_media":0,"parent":0,"menu_order":0,"comment_status":"closed","ping_status":"open","template":"","meta":{"footnotes":""},"class_list":["post-3674","page","type-page","status-publish","hentry"],"jetpack_sharing_enabled":true,"_links":{"self":[{"href":"https:\/\/frantoiocongedi.com\/de\/wp-json\/wp\/v2\/pages\/3674","targetHints":{"allow":["GET"]}}],"collection":[{"href":"https:\/\/frantoiocongedi.com\/de\/wp-json\/wp\/v2\/pages"}],"about":[{"href":"https:\/\/frantoiocongedi.com\/de\/wp-json\/wp\/v2\/types\/page"}],"author":[{"embeddable":true,"href":"https:\/\/frantoiocongedi.com\/de\/wp-json\/wp\/v2\/users\/1"}],"replies":[{"embeddable":true,"href":"https:\/\/frantoiocongedi.com\/de\/wp-json\/wp\/v2\/comments?post=3674"}],"version-history":[{"count":1,"href":"https:\/\/frantoiocongedi.com\/de\/wp-json\/wp\/v2\/pages\/3674\/revisions"}],"predecessor-version":[{"id":3676,"href":"https:\/\/frantoiocongedi.com\/de\/wp-json\/wp\/v2\/pages\/3674\/revisions\/3676"}],"wp:attachment":[{"href":"https:\/\/frantoiocongedi.com\/de\/wp-json\/wp\/v2\/media?parent=3674"}],"curies":[{"name":"wp","href":"https:\/\/api.w.org\/{rel}","templated":true}]}}