{"id":4309,"date":"2025-11-19T10:28:07","date_gmt":"2025-11-19T10:28:07","guid":{"rendered":"https:\/\/frantoiocongedi.com\/apulien\/"},"modified":"2026-02-25T11:26:09","modified_gmt":"2026-02-25T11:26:09","slug":"apulien","status":"publish","type":"page","link":"https:\/\/frantoiocongedi.com\/de\/apulien\/","title":{"rendered":"Apulien"},"content":{"rendered":"\n<p>La <a href=\"https:\/\/it.wikipedia.org\/wiki\/Puglia\" target=\"_blank\" rel=\"noreferrer noopener\"><strong>Apulien<\/strong> <\/a>ist eine Region in <strong>S\u00fcditalien<\/strong> mit 4 051 846 Einwohnern. Sie grenzt im Nordwesten an Molise, im Westen an Kampanien und Basilikata und wird im Osten und Norden von der <strong>Adria<\/strong> und im S\u00fcden vom <strong>Ionischen Meer<\/strong> umsp\u00fclt. Die Hauptstadt ist <strong>Bari<\/strong>, w\u00e4hrend die Provinzen <strong>Foggia<\/strong>, <strong>Barletta-Andria-Trani<\/strong>, <strong>Tarent<\/strong>, <strong>Brindisi<\/strong> und <strong>Lecce<\/strong> sind. Eine der Unterregionen von Apulien, die s\u00fcdlichste, ist der <a href=\"https:\/\/www.oliocongedi.com\/salento\" target=\"_blank\" rel=\"noopener\"><strong>Salento<\/strong><\/a>auch die <strong>Halbinsel Salento<\/strong> genannt, die den Absatz des italienischen Stiefels bildet.   <br\/><br\/>Der historische Ortsname <strong>Apulien<\/strong> (lateinische Ableitung des griechischen \u1f38\u03b1\u03c0\u03c5\u03b3\u03af\u03b1, Japigia) leitet sich von der antiken Bev\u00f6lkerung der <strong>Apuli<\/strong> ab, die in vorr\u00f6mischer Zeit den zentralen und n\u00f6rdlichen Teil der Region bewohnten, w\u00e4hrend im S\u00fcden das verwandte Volk der <strong>Messapi<\/strong> siedelte. Nach einer weit verbreiteten Pseudo-Ethymologie leitet sich Apulien jedoch von Apluvia ab, was Land ohne Regen bedeutet. Bis vor der Bildung von Regionen wurde der Name <strong>Apulien<\/strong> auch gleichg\u00fcltig f\u00fcr das heutige Apulien verwendet.  <br\/><br\/>Apulien ist die \u00f6stlichste <strong>Region Italiens<\/strong> (der \u00f6stlichste Ort ist Punta Palasc\u00eca) und ist auch eine der italienischen Regionen mit der gr\u00f6\u00dften K\u00fcstenentwicklung: Die K\u00fcstenlinie erstreckt sich \u00fcber etwa 865 km und wechselt zwischen felsigen Abschnitten (wie am Gargano), Klippen (steile Felsk\u00fcsten) und sandigen K\u00fcsten (wie am Golf von Taranto).<br\/><br\/>Das apulische <strong>H\u00fcgelland<\/strong> umfasst die <strong>Murge<\/strong> und das<strong> Salento-Gew\u00e4chshaus<\/strong>. Die <strong>Murgia<\/strong> oder Murge ist eine sehr ausgedehnte Teilregion Apuliens, die einem rechteckigen Karstplateau entspricht, das gr\u00f6\u00dftenteils in den Provinzen Bari und Barletta-Andria-Trani liegt, sich aber auch nach S\u00fcden hin in die Provinzen Tarent und Brindisi erstreckt. Sie ist unterteilt in Alta Murgia, den h\u00f6chstgelegenen und felsigsten Teil, der haupts\u00e4chlich aus Mischw\u00e4ldern besteht und in dem die Vegetation eher karg ist, und Bassa Murgia, wo das Land fruchtbarer ist und haupts\u00e4chlich mit Olivenhainen bedeckt ist. Die <strong>Salento-Gew\u00e4chsh\u00e4user<\/strong> hingegen sind ein h\u00fcgeliges Element, das sich im s\u00fcdlichen Teil der Provinz Lecce befindet.   <\/p>\n\n<p>In ganz Apulien herrscht ein typisch mediterranes <strong>Klima<\/strong>: In den K\u00fcsten- und Tieflandgebieten gibt es hei\u00dfe, windige und trockene Sommer und milde Winter; Schneef\u00e4lle in den Ebenen sind keine Seltenheit. Die Niederschl\u00e4ge, die sich auf den Sp\u00e4therbst und den Winter konzentrieren, sind sp\u00e4rlich und in den Ebenen meist regnerisch, w\u00e4hrend es auf der Murge-Hochebene bei kalten Str\u00f6mungen aus dem Osten h\u00e4ufig zu Schneef\u00e4llen kommt. <br\/><br\/>Aus wirtschaftlicher Sicht ist es <strong>Apulien<\/strong> gelungen, seine <strong>Traditionen<\/strong>, seine <strong>Geschichte <\/strong>und seine Produktionsberufe mit<strong>Innovation<\/strong> und <strong>Technologie<\/strong> zu verbinden. In der Tat hat Apulien in zahlreichen Industriesektoren ein hohes Ma\u00df an Spezialisierung erreicht. Eine Reihe von Ma\u00dfnahmen zur Entwicklung von Innovationsprozessen in Verbindung mit einer Vielzahl von Investitionsanreizen haben daf\u00fcr gesorgt, dass das lokale Produktionssystem gewachsen ist und \u00fcber 40 internationale Industriekonzerne aus den Bereichen Luft- und Raumfahrt, Automobil, Chemie und IKT angezogen hat. Im Bereich der <strong>Forschung<\/strong> gibt es 5.000 Forscher, 103.000 Universit\u00e4tsstudenten und fast 15.000 neue Absolventen pro Jahr. Das spezialisierte wissenschaftliche Fachwissen ist in mehrere interdisziplin\u00e4re Bereiche unterteilt: Biologie, IKT und Nanotechnologie, die zur Entstehung und Konsolidierung von drei Technologieclustern beigetragen haben: <strong>Biotechnologie<\/strong>,<strong> Hochtechnologie<\/strong> und <strong>Mechatronik<\/strong>.    <br\/><br\/>Unter den s\u00fcditalienischen Regionen ist die Wirtschaft Apuliens diejenige, die sich in den letzten Jahren am besten entwickelt hat, mit einem BIP-Wachstum von +1,8%, das vor allem auf die Entwicklung des <strong>terti\u00e4ren Sektors<\/strong> und der<strong>Industrie<\/strong> zur\u00fcckzuf\u00fchren ist, aber auch auf einen R\u00fcckgang des <strong>Agrarsektors<\/strong>.<br\/><br\/>Die strategische <strong>geografische Lage<\/strong> dank der j\u00fcngsten Bedeutung der \u00f6stlichen und mediterranen Volkswirtschaften, das diskrete <strong>Infrastrukturnetz<\/strong> und die Solidit\u00e4t der kulturellen Beziehungen und des Handels mit dem <strong>Mittelmeerraum<\/strong> machen <strong>Apulien<\/strong> zu einer Region mit <strong>hohem Wirtschaftspotenzial<\/strong>.<br\/><br\/>In <strong>Apulien<\/strong> hat die<strong>Landwirtschaft<\/strong> schon immer eine wichtige Rolle in der Wirtschaft gespielt. Heute ist es eine absolut intensive und moderne Landwirtschaft, die es der Region erm\u00f6glicht, bei der Produktion vieler Produkte, wie <strong>Hartweizen<\/strong> und <strong>Tomaten<\/strong>, sowie bei der Herstellung von Oliven\u00f6l an der Spitze Italiens zu stehen. <a href=\"https:\/\/www.oliocongedi.com\/olio-pugliese\" target=\"_blank\" rel=\"noopener\"><strong>Oliven\u00f6l<\/strong><\/a>das mit seinen gesch\u00e4tzten 50 Millionen<strong> Olivenb\u00e4umen<\/strong> <strong>Apulien<\/strong> an die <strong>erste<\/strong> Stelle setzt, sowie <strong>Tafeltrauben<\/strong>. Auch Kopfsalat, Artischocken, Fenchel, Kohl, Sellerie und Hafer spielen eine wichtige Rolle. Ein altes Primat war die <strong>Mandelproduktion<\/strong> in Apulien, die heute trotz der Versuche, moderne Mandelhaine nach kalifornischem Vorbild anzulegen, leider r\u00fcckl\u00e4ufig ist, w\u00e4hrend erfolgreiche Obstkulturen wie Pfirsich und Kiwi angebaut werden. Einer der Nachteile der apulischen Landwirtschaft ist die Wasserknappheit. W\u00e4ren <strong>die D\u00fcrren<\/strong> nicht so weit verbreitet, k\u00f6nnte in dieser Region viel mehr produziert werden, ohne dass es Probleme mit der schlechten Bew\u00e4sserung des Bodens g\u00e4be.    <br\/><br\/>Besonders hervorzuheben ist der <strong>Tourismussektor<\/strong>, der in den letzten Jahren ein exponentielles Wachstum erfahren hat. Es handelt sich dabei haupts\u00e4chlich um nationalen Tourismus, der saisonabh\u00e4ngig ist (haupts\u00e4chlich w\u00e4hrend der Sommersaison) und sich vor allem auf die Gebiete des <a href=\"https:\/\/www.oliocongedi.com\/salento\" target=\"_blank\" rel=\"noopener\"><strong>Salento<\/strong> <\/a>und dem <strong>Gargano<\/strong>. Die Region wurde von National Geographic zur &#8222;Best Value Travel Region in the World&#8220; ernannt. Im Jahr 2009 gab es rund 3 Millionen Ank\u00fcnfte und mehr als 12 Millionen Aufenthalte. Der durchschnittliche Aufenthalt der italienischen Touristen in Apulien betr\u00e4gt 4 Tage, ein Wert, der seit dem letzten Jahr konstant geblieben ist. Der gr\u00f6\u00dfte Zustrom italienischer und ausl\u00e4ndischer Touristen &#8211; sowohl bei den Ank\u00fcnften als auch bei den Aufenthalten &#8211; findet in der Region <strong>Gargano<\/strong> statt, w\u00e4hrend die zweite Provinz, die einen gro\u00dfen Teil der Touristen anzieht, <strong>Lecce<\/strong> ist, wo 2009 813.524 Ank\u00fcnfte und 4.180.888 Aufenthalte verzeichnet wurden.     <\/p>\n","protected":false},"excerpt":{"rendered":"<p>La Apulien ist eine Region in S\u00fcditalien mit 4 051 846 Einwohnern. Sie grenzt im Nordwesten an Molise, im Westen<\/p>\n","protected":false},"author":1,"featured_media":0,"parent":0,"menu_order":0,"comment_status":"closed","ping_status":"closed","template":"","meta":{"footnotes":""},"class_list":["post-4309","page","type-page","status-publish","hentry"],"jetpack_sharing_enabled":true,"_links":{"self":[{"href":"https:\/\/frantoiocongedi.com\/de\/wp-json\/wp\/v2\/pages\/4309","targetHints":{"allow":["GET"]}}],"collection":[{"href":"https:\/\/frantoiocongedi.com\/de\/wp-json\/wp\/v2\/pages"}],"about":[{"href":"https:\/\/frantoiocongedi.com\/de\/wp-json\/wp\/v2\/types\/page"}],"author":[{"embeddable":true,"href":"https:\/\/frantoiocongedi.com\/de\/wp-json\/wp\/v2\/users\/1"}],"replies":[{"embeddable":true,"href":"https:\/\/frantoiocongedi.com\/de\/wp-json\/wp\/v2\/comments?post=4309"}],"version-history":[{"count":1,"href":"https:\/\/frantoiocongedi.com\/de\/wp-json\/wp\/v2\/pages\/4309\/revisions"}],"predecessor-version":[{"id":4310,"href":"https:\/\/frantoiocongedi.com\/de\/wp-json\/wp\/v2\/pages\/4309\/revisions\/4310"}],"wp:attachment":[{"href":"https:\/\/frantoiocongedi.com\/de\/wp-json\/wp\/v2\/media?parent=4309"}],"curies":[{"name":"wp","href":"https:\/\/api.w.org\/{rel}","templated":true}]}}