{"id":2000001366,"date":"2026-04-03T14:27:51","date_gmt":"2026-04-03T14:27:51","guid":{"rendered":"https:\/\/frantoiocongedi.com\/prodotto\/deno-natives-olivenol-extra-entsteint-05-l-mit-karton\/"},"modified":"2026-04-03T14:29:12","modified_gmt":"2026-04-03T14:29:12","slug":"deno-natives-olivenol-extra-entsteint-05-l-mit-karton","status":"publish","type":"product","link":"https:\/\/frantoiocongedi.com\/de\/prodotto\/deno-natives-olivenol-extra-entsteint-05-l-mit-karton\/","title":{"rendered":"Den\u00f2 &#8211; Natives Oliven\u00f6l extra entsteint &#8211; 0,5 l mit Karton"},"content":{"rendered":"<h3>Den\u00f2 &#8211; Natives Oliven\u00f6l Extra eignet sich hervorragend als Geschenkidee<\/h3>\n<p><strong>Den\u00f2<\/strong> ist ein hochwertiges natives Oliven\u00f6l extra, das von dem renommierten <strong>Frantoio Congedi<\/strong> nach einer innovativen und einzigartigen Methode hergestellt wird. Dieses \u00d6l zeichnet sich nicht nur durch seine Exzellenz aus, sondern auch durch das besondere Verfahren, mit dem es hergestellt wird. <\/p>\n<h3>Die innovative Methode der Frantoio Congedi-M\u00fchle<\/h3>\n<p>Die Besonderheit der Den\u00f2-\u00d6lproduktion ist die <strong>Technik der fr\u00fchen Trennung des Kerns<\/strong> von den Steinfr\u00fcchten. Dieses einzigartige Verfahren erlaubt es, nur das Fruchtfleisch der Oliven zu verarbeiten, was ein Endprodukt von h\u00f6chster Qualit\u00e4t garantiert. <\/p>\n<h3>Besondere Merkmale von Den\u00f2 \u00d6l<\/h3>\n<p>Das Den\u00f2-\u00d6l hat eine <strong>helle, intensiv gr\u00fcne Farbe<\/strong>, die das Ergebnis einer sorgf\u00e4ltigen und gewissenhaften Verarbeitung ist. Sein Geschmack ist reichhaltig und harmonisch, perfekt ausgewogen zwischen bitteren und w\u00fcrzigen Fruchtnoten. Diese Eigenschaften machen Den\u00f2 \u00d6l nicht nur zu einem Gew\u00fcrz, sondern zu einem einzigartigen sensorischen Erlebnis.  <\/p>\n<h3>Warum Den\u00f2 Natives Oliven\u00f6l Extra w\u00e4hlen<\/h3>\n<p>Wer auf der Suche nach einem unverwechselbaren, hochwertigen nativen Oliven\u00f6l extra ist, f\u00fcr den ist Den\u00f2 die perfekte Wahl. Das Den\u00f2 \u00d6l von Frantoio Congedi ist ideal, um Gerichte mit einem Hauch von Exzellenz zu bereichern. Es ist der perfekte Begleiter f\u00fcr alle, die das Beste in ihrer K\u00fcche wollen. Den\u00f2 extra natives Oliven\u00f6l ist die perfekte Mischung aus <strong>Tradition und Innovation<\/strong>, die Frantoio Congedi anbietet. Dank seines einzigartigen Herstellungsverfahrens und seiner organoleptischen Eigenschaften ist Den\u00f2 die ideale Wahl f\u00fcr alle, die ein hochwertiges Produkt auf den Tisch bringen m\u00f6chten.   <\/p>\n","protected":false},"excerpt":{"rendered":"<p>Den\u00f2 &#8211; Natives Oliven\u00f6l Extra eignet sich hervorragend als Geschenkidee Den\u00f2 ist ein hochwertiges natives Oliven\u00f6l extra, das von dem<\/p>\n","protected":false},"featured_media":4573,"template":"","meta":[],"product_brand":[46],"product_cat":[112],"product_tag":[],"class_list":{"0":"post-2000001366","1":"product","2":"type-product","3":"status-publish","4":"has-post-thumbnail","6":"product_brand-frantoio-congedi","7":"product_cat-geschenk-ideen","9":"first","10":"instock","11":"taxable","12":"shipping-taxable","13":"purchasable","14":"product-type-simple"},"jetpack_sharing_enabled":true,"_links":{"self":[{"href":"https:\/\/frantoiocongedi.com\/de\/wp-json\/wp\/v2\/product\/2000001366","targetHints":{"allow":["GET"]}}],"collection":[{"href":"https:\/\/frantoiocongedi.com\/de\/wp-json\/wp\/v2\/product"}],"about":[{"href":"https:\/\/frantoiocongedi.com\/de\/wp-json\/wp\/v2\/types\/product"}],"version-history":[{"count":1,"href":"https:\/\/frantoiocongedi.com\/de\/wp-json\/wp\/v2\/product\/2000001366\/revisions"}],"predecessor-version":[{"id":2000001370,"href":"https:\/\/frantoiocongedi.com\/de\/wp-json\/wp\/v2\/product\/2000001366\/revisions\/2000001370"}],"wp:featuredmedia":[{"embeddable":true,"href":"https:\/\/frantoiocongedi.com\/de\/wp-json\/wp\/v2\/media\/4573"}],"wp:attachment":[{"href":"https:\/\/frantoiocongedi.com\/de\/wp-json\/wp\/v2\/media?parent=2000001366"}],"wp:term":[{"taxonomy":"product_brand","embeddable":true,"href":"https:\/\/frantoiocongedi.com\/de\/wp-json\/wp\/v2\/product_brand?post=2000001366"},{"taxonomy":"product_cat","embeddable":true,"href":"https:\/\/frantoiocongedi.com\/de\/wp-json\/wp\/v2\/product_cat?post=2000001366"},{"taxonomy":"product_tag","embeddable":true,"href":"https:\/\/frantoiocongedi.com\/de\/wp-json\/wp\/v2\/product_tag?post=2000001366"}],"curies":[{"name":"wp","href":"https:\/\/api.w.org\/{rel}","templated":true}]}}