{"id":2000001379,"date":"2026-04-03T14:29:20","date_gmt":"2026-04-03T14:29:20","guid":{"rendered":"https:\/\/frantoiocongedi.com\/prodotto\/100-grand-cru-05-l-2\/"},"modified":"2026-04-03T14:29:20","modified_gmt":"2026-04-03T14:29:20","slug":"100-grand-cru-05-l-2","status":"publish","type":"product","link":"https:\/\/frantoiocongedi.com\/de\/prodotto\/100-grand-cru-05-l-2\/","title":{"rendered":"100 Grand Cru &#8211; 0,5 l"},"content":{"rendered":"<p>Natives Oliven\u00f6l extra 100 Grand Cru<\/p>\n<p>Das native Oliven\u00f6l extra<em>&#8222;Cento Grand Cru<\/em>&#8220; wird aus Oliven gewonnen, die im Oktober von Hand geerntet werden.<br \/>\n<strong>Sensorisches Profil: <\/strong>Natives Oliven\u00f6l extra mit einem mittleren fruchtigen sensorischen Profil, perfekt harmonisch, mit ausgepr\u00e4gten bitteren und w\u00fcrzigen T\u00f6nen, es l\u00f6st Empfindungen von gr\u00fcnem Apfel, gem\u00e4htem Gras aus.<br \/>\n<strong>Serviervorschl\u00e4ge:<\/strong> Mit diesem \u00d6l liegen Sie nicht falsch, wenn Sie es zu H\u00fclsenfr\u00fcchtesuppen, M\u00fcsli, gegrilltem Fleisch und gr\u00fcnen Salaten reichen.<\/p>\n","protected":false},"excerpt":{"rendered":"<p>Das extra native Oliven\u00f6l<em>&#8218;Cento Grand Cru<\/em>&#8218; ist das Emblem f\u00fcr das hervorragende Oliven\u00f6l des Frantoio Oleario Congedi. Das Label feiert die 100-j\u00e4hrige Geschichte der Familie Congedi, die seit \u00fcber einem Jahrhundert die wichtigste Frucht des Salento anbaut und verarbeitet: die Olive. <\/p>\n<p>Das \u00d6l<em>&#8218;Cento Grand Cru<\/em>&#8218; wird von Branchenexperten als eine der h\u00f6chsten Auspr\u00e4gungen von hochwertigem nativem Oliven\u00f6l extra definiert. Durch die Vereinigung der drei Monovariet\u00e4ten (Coratina, Frantoio und Leccino) bringt die Azienda Olearia Congedi die besten Eigenschaften des Jahrgangs nach dem Prinzip der QUALIT\u00c4T w\u00e4hrend des gesamten Produktionszyklus zum Ausdruck. <\/p>\n","protected":false},"featured_media":4372,"template":"","meta":[],"product_brand":[],"product_cat":[129],"product_tag":[],"class_list":{"0":"post-2000001379","1":"product","2":"type-product","3":"status-publish","4":"has-post-thumbnail","6":"product_cat-ol","8":"first","9":"instock","10":"taxable","11":"shipping-taxable","12":"purchasable","13":"product-type-simple"},"jetpack_sharing_enabled":true,"_links":{"self":[{"href":"https:\/\/frantoiocongedi.com\/de\/wp-json\/wp\/v2\/product\/2000001379","targetHints":{"allow":["GET"]}}],"collection":[{"href":"https:\/\/frantoiocongedi.com\/de\/wp-json\/wp\/v2\/product"}],"about":[{"href":"https:\/\/frantoiocongedi.com\/de\/wp-json\/wp\/v2\/types\/product"}],"version-history":[{"count":0,"href":"https:\/\/frantoiocongedi.com\/de\/wp-json\/wp\/v2\/product\/2000001379\/revisions"}],"wp:featuredmedia":[{"embeddable":true,"href":"https:\/\/frantoiocongedi.com\/de\/wp-json\/wp\/v2\/media\/4372"}],"wp:attachment":[{"href":"https:\/\/frantoiocongedi.com\/de\/wp-json\/wp\/v2\/media?parent=2000001379"}],"wp:term":[{"taxonomy":"product_brand","embeddable":true,"href":"https:\/\/frantoiocongedi.com\/de\/wp-json\/wp\/v2\/product_brand?post=2000001379"},{"taxonomy":"product_cat","embeddable":true,"href":"https:\/\/frantoiocongedi.com\/de\/wp-json\/wp\/v2\/product_cat?post=2000001379"},{"taxonomy":"product_tag","embeddable":true,"href":"https:\/\/frantoiocongedi.com\/de\/wp-json\/wp\/v2\/product_tag?post=2000001379"}],"curies":[{"name":"wp","href":"https:\/\/api.w.org\/{rel}","templated":true}]}}