{"id":2000002386,"date":"2026-05-06T13:05:29","date_gmt":"2026-05-06T13:05:29","guid":{"rendered":"https:\/\/frantoiocongedi.com\/prodotto\/monokultivar-und-flavour-box-natives-olivenol-extra-evo\/"},"modified":"2026-05-06T13:12:47","modified_gmt":"2026-05-06T13:12:47","slug":"monokultivar-und-flavour-box-natives-olivenol-extra-evo","status":"publish","type":"product","link":"https:\/\/frantoiocongedi.com\/de\/prodotto\/monokultivar-und-flavour-box-natives-olivenol-extra-evo\/","title":{"rendered":"Monokultivar und Flavour Box | Natives Oliven\u00f6l Extra EVO"},"content":{"rendered":"<h2 data-section-id=\"18d4gsi\" data-start=\"992\" data-end=\"1075\">Monokultivar und Arom Box &#8211; Natives Oliven\u00f6l Extra EVO<\/h2>\n<p data-start=\"1077\" data-end=\"1290\">Box Monocultivar und Aromi, die authentischen Aromen der apulischen Region mit <strong data-start=\"1134\" data-end=\"1158\">Box Tesori di Puglia<\/strong>, einer exklusiven Auswahl an <strong data-start=\"1187\" data-end=\"1217\">nativem Oliven\u00f6l extra<\/strong> f\u00fcr alle, die Qualit\u00e4t, Tradition und Kreativit\u00e4t in der K\u00fcche lieben.<\/p>\n<p data-start=\"1292\" data-end=\"1507\">Diese elegante Box enth\u00e4lt vier Frantoio Congedi Delikatessen: zwei wertvolle <strong data-start=\"1391\" data-end=\"1416\">EVO-\u00d6le aus Monokultivar<\/strong> und zwei raffinierte W\u00fcrzmittel <strong data-start=\"1467\" data-end=\"1506\">auf Basis von apulischem nativem Oliven\u00f6l extra<\/strong>.<\/p>\n<p data-start=\"1509\" data-end=\"1639\">Perfekt als Gourmet-Geschenkidee, f\u00fcr Verkostungen oder um jedes Gericht mit authentischen mediterranen Aromen und Geschm\u00e4ckern zu bereichern.<\/p>\n<h3 data-section-id=\"x1iacd\" data-start=\"1641\" data-end=\"1661\">Die Box enth\u00e4lt:<\/h3>\n<ul data-start=\"1662\" data-end=\"2285\">\n<li data-section-id=\"fo8sll\" data-start=\"1662\" data-end=\"1801\"><a href=\"https:\/\/frantoiocongedi.com\/de\/prodotto\/natives-olivenoel-extra-monokultivar-favolosa-0-50-l\/\" target=\"_blank\" rel=\"noopener\"><strong data-start=\"1664\" data-end=\"1724\">Natives Oliven\u00f6l Extra Monocultivar Favolosa &#8211; 0.25L<\/strong><\/a><br data-start=\"1724\" data-end=\"1727\">Ausgewogener und delikater Geschmack, ideal f\u00fcr Vorspeisen, Gem\u00fcse und Fisch.<\/li>\n<li data-section-id=\"38t00z\" data-start=\"1803\" data-end=\"1967\"><a href=\"https:\/\/frantoiocongedi.com\/de\/prodotto\/natives-olivenoel-extra-monokultivar-05-lt-coratina\/\" target=\"_blank\" rel=\"noopener\"><strong data-start=\"1805\" data-end=\"1865\">Natives Oliven\u00f6l Extra Monokultivar Coratina &#8211; 0.25L<\/strong><\/a><br data-start=\"1865\" data-end=\"1868\">Intensiv und vollmundig, typisch f\u00fcr die apulische Tradition, reich an Charakter und starken aromatischen Noten.<\/li>\n<li data-section-id=\"1yt1su0\" data-start=\"1969\" data-end=\"2117\"><a href=\"https:\/\/frantoiocongedi.com\/de\/prodotto\/orangenrelish-natives-olivenoel-extra-0-25-ml\/\" target=\"_blank\" rel=\"noopener\"><strong data-start=\"1971\" data-end=\"2036\">Orangendressing mit nativem Oliven\u00f6l extra &#8211; 0.25L<\/strong><\/a><br data-start=\"2036\" data-end=\"2039\">Frisch und duftend, perfekt f\u00fcr Salate, Carpaccio, Fisch und Gourmetgerichte.<\/li>\n<li data-section-id=\"76u298\" data-start=\"2119\" data-end=\"2285\"><a href=\"https:\/\/frantoiocongedi.com\/de\/prodotto\/frische-chilipfeffer-wuerze-natives-olivenoel-extra-0-25-ml\/\" target=\"_blank\" rel=\"noopener\"><strong data-start=\"2121\" data-end=\"2196\">Frische Chilipfefferw\u00fcrze mit nativem Oliven\u00f6l extra &#8211; 0.25L<\/strong><\/a><br data-start=\"2196\" data-end=\"2199\">Lebendiger und w\u00fcrziger Geschmack, ideal f\u00fcr Pizza, Bruschetta, Nudelgerichte und gegrilltes Fleisch.<\/li>\n<\/ul>\n<h3 data-section-id=\"km7elh\" data-start=\"2287\" data-end=\"2319\">Warum diese Box w\u00e4hlen?<\/h3>\n<ul data-start=\"2320\" data-end=\"2564\">\n<li data-section-id=\"e04oax\" data-start=\"2320\" data-end=\"2382\">Erstklassige Auswahl an <strong data-start=\"2343\" data-end=\"2382\">apulischem nativem Oliven\u00f6l extra<\/strong><\/li>\n<li data-section-id=\"104bk2w\" data-start=\"2383\" data-end=\"2413\">Hochwertige Monokultivare<\/li>\n<li data-section-id=\"1ywqhat\" data-start=\"2414\" data-end=\"2448\">Nat\u00fcrlich aromatisierte Gew\u00fcrze<\/li>\n<li data-section-id=\"dqv5z4\" data-start=\"2449\" data-end=\"2484\">Perfekt als Gourmet-Geschenk<\/li>\n<li data-section-id=\"1ea6ruz\" data-start=\"2485\" data-end=\"2532\">Ideal f\u00fcr Verkostungen und Gourmet-Paarungen<\/li>\n<li data-section-id=\"1bj340v\" data-start=\"2533\" data-end=\"2564\">Italienisches Handwerksprodukt<\/li>\n<\/ul>\n<p data-start=\"2566\" data-end=\"2714\">Bringen Sie den wahren Geschmack Apuliens auf den Tisch mit einer einzigartigen Auswahl an <strong data-start=\"2636\" data-end=\"2666\">extra nativem Oliven\u00f6l<\/strong>, das jedes kulinarische Erlebnis bereichert.<\/p>\n","protected":false},"excerpt":{"rendered":"<p data-start=\"1064\" data-end=\"1315\">Ein Boxset, das Tradition und Kreativit\u00e4t vereint. Die beiden Flaschen mit Monokultivar-\u00d6l erz\u00e4hlen von der Reinheit der einzelnen Olivensorten, w\u00e4hrend die beiden aromatisierten Dressings eine innovative und \u00fcberraschende Note hinzuf\u00fcgen. <\/p>\n<p data-start=\"1317\" data-end=\"1509\">Perfekt f\u00fcr alle, die in der K\u00fcche gerne experimentieren. Mit dieser Box k\u00f6nnen Sie zwischen authentischen Geschmacksrichtungen und aromatischen Kombinationen w\u00e4hlen, die sich ideal zum W\u00fcrzen, Marinieren oder zur stilvollen Vollendung jeder Zubereitung eignen.<\/p>\n","protected":false},"featured_media":2000002377,"template":"","meta":[],"product_brand":[46],"product_cat":[112],"product_tag":[],"class_list":{"0":"post-2000002386","1":"product","2":"type-product","3":"status-publish","4":"has-post-thumbnail","6":"product_brand-frantoio-congedi","7":"product_cat-geschenk-ideen","9":"first","10":"instock","11":"taxable","12":"shipping-taxable","13":"purchasable","14":"product-type-simple"},"jetpack_sharing_enabled":true,"_links":{"self":[{"href":"https:\/\/frantoiocongedi.com\/de\/wp-json\/wp\/v2\/product\/2000002386","targetHints":{"allow":["GET"]}}],"collection":[{"href":"https:\/\/frantoiocongedi.com\/de\/wp-json\/wp\/v2\/product"}],"about":[{"href":"https:\/\/frantoiocongedi.com\/de\/wp-json\/wp\/v2\/types\/product"}],"version-history":[{"count":1,"href":"https:\/\/frantoiocongedi.com\/de\/wp-json\/wp\/v2\/product\/2000002386\/revisions"}],"predecessor-version":[{"id":2000002392,"href":"https:\/\/frantoiocongedi.com\/de\/wp-json\/wp\/v2\/product\/2000002386\/revisions\/2000002392"}],"wp:featuredmedia":[{"embeddable":true,"href":"https:\/\/frantoiocongedi.com\/de\/wp-json\/wp\/v2\/media\/2000002377"}],"wp:attachment":[{"href":"https:\/\/frantoiocongedi.com\/de\/wp-json\/wp\/v2\/media?parent=2000002386"}],"wp:term":[{"taxonomy":"product_brand","embeddable":true,"href":"https:\/\/frantoiocongedi.com\/de\/wp-json\/wp\/v2\/product_brand?post=2000002386"},{"taxonomy":"product_cat","embeddable":true,"href":"https:\/\/frantoiocongedi.com\/de\/wp-json\/wp\/v2\/product_cat?post=2000002386"},{"taxonomy":"product_tag","embeddable":true,"href":"https:\/\/frantoiocongedi.com\/de\/wp-json\/wp\/v2\/product_tag?post=2000002386"}],"curies":[{"name":"wp","href":"https:\/\/api.w.org\/{rel}","templated":true}]}}