{"id":2000002393,"date":"2026-05-06T13:12:10","date_gmt":"2026-05-06T13:12:10","guid":{"rendered":"https:\/\/frantoiocongedi.com\/prodotto\/pdo-und-monokultivar-box-natives-olivenol-extra-evo\/"},"modified":"2026-05-06T14:44:22","modified_gmt":"2026-05-06T14:44:22","slug":"pdo-und-monokultivar-box-natives-olivenol-extra-evo","status":"publish","type":"product","link":"https:\/\/frantoiocongedi.com\/de\/prodotto\/pdo-und-monokultivar-box-natives-olivenol-extra-evo\/","title":{"rendered":"PDO und Monokultivar Box | Natives Oliven\u00f6l Extra EVO"},"content":{"rendered":"<h1 data-section-id=\"hopup5\" data-start=\"313\" data-end=\"366\">PDO und Monokultivar Box &#8211; Natives Oliven\u00f6l Extra EVO<\/h1>\n<p data-start=\"368\" data-end=\"515\">Box DOP und Monocultivar, eine Reise durch die Exzellenz des apulischen Oliven\u00f6ls in einer eleganten Schachtel f\u00fcr Liebhaber von <strong data-start=\"484\" data-end=\"514\">nativem Oliven\u00f6l extra<\/strong>.<\/p>\n<p data-start=\"517\" data-end=\"755\">Die <strong data-start=\"520\" data-end=\"575\">Box Tesori di Puglia &#8211; Selezione DOP &amp; Monocultivar<\/strong> bietet vier feine Ausdrucksformen des apulischen EVO-\u00d6ls: eine ideale Auswahl, um die Aromen, D\u00fcfte und Eigenschaften der repr\u00e4sentativsten Kultivare der Region zu verkosten.<\/p>\n<p data-start=\"757\" data-end=\"899\">Ideal als Gourmet-Geschenk, f\u00fcr Verkostungen oder um jedes Gericht mit der authentischen Qualit\u00e4t des italienischen nativen Oliven\u00f6ls extra zu bereichern.<\/p>\n<h3 data-section-id=\"x1iacd\" data-start=\"901\" data-end=\"921\">Die Box enth\u00e4lt:<\/h3>\n<ul data-start=\"922\" data-end=\"1477\">\n<li data-section-id=\"173xyok\" data-start=\"922\" data-end=\"1079\"><a href=\"https:\/\/frantoiocongedi.com\/de\/prodotto\/natives-olivenoel-extra-g-u-terra-dotranto-050-l\/\" target=\"_blank\" rel=\"noopener\"><strong data-start=\"924\" data-end=\"982\">Terra d&#8217;Otranto g.U. Natives Oliven\u00f6l Extra &#8211; 0.25L<\/strong><\/a><br data-start=\"982\" data-end=\"985\">Ein g.U.-zertifiziertes \u00d6l mit einem harmonischen und authentischen Geschmack, ein Symbol der Tradition des Salento.<\/li>\n<li data-section-id=\"1tqb0j9\" data-start=\"1081\" data-end=\"1202\"><a href=\"https:\/\/frantoiocongedi.com\/de\/prodotto\/natives-olivenoel-extra-monokultivar-ogliarola-050-l\/\"><strong data-start=\"1083\" data-end=\"1144\">Natives Oliven\u00f6l Extra Monokultivar Ogliarola &#8211; 0.25L<\/strong><\/a><br data-start=\"1144\" data-end=\"1147\">Zart und ausgewogen, mit weichen, fruchtigen Noten.<\/li>\n<li data-section-id=\"1mwftvg\" data-start=\"1204\" data-end=\"1343\"><a href=\"https:\/\/frantoiocongedi.com\/de\/prodotto\/natives-olivenoel-extra-monokultivar-favolosa-0-50-l\/\"><strong data-start=\"1206\" data-end=\"1266\">Natives Oliven\u00f6l Extra Monokultivar Favolosa &#8211; 0.25L<\/strong><\/a><br data-start=\"1266\" data-end=\"1269\">Elegant und vielseitig, ideal zum Verfeinern leichter, mediterraner Gerichte.<\/li>\n<li data-section-id=\"1cryv9x\" data-start=\"1345\" data-end=\"1477\"><a href=\"https:\/\/frantoiocongedi.com\/de\/prodotto\/natives-olivenoel-extra-monokultivar-05-lt-coratina\/\"><strong data-start=\"1347\" data-end=\"1407\">Natives Oliven\u00f6l Extra Monokultivar Coratina &#8211; 0.25L<\/strong><\/a><br data-start=\"1407\" data-end=\"1410\">Intensiv und entschieden, gekennzeichnet durch einen reichen und anhaltenden Geschmack.<\/li>\n<\/ul>\n<h3 data-section-id=\"km7elh\" data-start=\"1479\" data-end=\"1511\">Warum diese Box w\u00e4hlen?<\/h3>\n<ul data-start=\"1512\" data-end=\"1740\">\n<li data-section-id=\"153n4eh\" data-start=\"1512\" data-end=\"1570\">Erstklassige Auswahl an apulischem nativem Oliven\u00f6l extra<\/li>\n<li data-section-id=\"xm9s12\" data-start=\"1571\" data-end=\"1609\">Enth\u00e4lt EVO Terra d&#8217;Otranto DOP-\u00d6l<\/li>\n<li data-section-id=\"vn6tal\" data-start=\"1610\" data-end=\"1646\">Feine und authentische Monokultivare<\/li>\n<li data-section-id=\"1tu4c4y\" data-start=\"1647\" data-end=\"1680\">Ideal f\u00fcr Gourmet-Verkostungen<\/li>\n<li data-section-id=\"xmc9j0\" data-start=\"1681\" data-end=\"1708\">Perfekt als Geschenkidee<\/li>\n<li data-section-id=\"1bj340v\" data-start=\"1709\" data-end=\"1740\">Italienisches Handwerksprodukt<\/li>\n<\/ul>\n<p data-start=\"1742\" data-end=\"1891\">Entdecken Sie den authentischen Geschmack Apuliens durch eine exklusive Auswahl an hochwertigem <strong data-start=\"1819\" data-end=\"1849\">nativem Oliven\u00f6l extra<\/strong> von Frantoio Congedi.<\/p>\n","protected":false},"excerpt":{"rendered":"<p data-start=\"337\" data-end=\"664\">Diese Box ist f\u00fcr diejenigen gedacht, die die Welt des nativen Oliven\u00f6ls extra durch Qualit\u00e4t und territoriale Identit\u00e4t entdecken m\u00f6chten. Darin finden Sie ein g.U.-\u00d6l, ein zertifizierter Ausdruck von Herkunft und Tradition, begleitet von drei Monokultivaren, die jeweils aus einer einzigen Olivensorte gewonnen werden. <\/p>\n<p data-start=\"666\" data-end=\"872\">Jede Flasche bietet ein einzigartiges aromatisches Profil: von zarter Fruchtigkeit bis hin zu intensiveren und strukturierten Noten. Ideal f\u00fcr gef\u00fchrte Verkostungen, Speisekombinationen oder als raffiniertes Geschenk f\u00fcr echte Liebhaber. <\/p>\n","protected":false},"featured_media":2000002371,"template":"","meta":[],"product_brand":[46],"product_cat":[112,129],"product_tag":[],"class_list":{"0":"post-2000002393","1":"product","2":"type-product","3":"status-publish","4":"has-post-thumbnail","6":"product_brand-frantoio-congedi","7":"product_cat-geschenk-ideen","8":"product_cat-ol","10":"first","11":"instock","12":"taxable","13":"shipping-taxable","14":"purchasable","15":"product-type-simple"},"jetpack_sharing_enabled":true,"_links":{"self":[{"href":"https:\/\/frantoiocongedi.com\/de\/wp-json\/wp\/v2\/product\/2000002393","targetHints":{"allow":["GET"]}}],"collection":[{"href":"https:\/\/frantoiocongedi.com\/de\/wp-json\/wp\/v2\/product"}],"about":[{"href":"https:\/\/frantoiocongedi.com\/de\/wp-json\/wp\/v2\/types\/product"}],"version-history":[{"count":1,"href":"https:\/\/frantoiocongedi.com\/de\/wp-json\/wp\/v2\/product\/2000002393\/revisions"}],"predecessor-version":[{"id":2000002399,"href":"https:\/\/frantoiocongedi.com\/de\/wp-json\/wp\/v2\/product\/2000002393\/revisions\/2000002399"}],"wp:featuredmedia":[{"embeddable":true,"href":"https:\/\/frantoiocongedi.com\/de\/wp-json\/wp\/v2\/media\/2000002371"}],"wp:attachment":[{"href":"https:\/\/frantoiocongedi.com\/de\/wp-json\/wp\/v2\/media?parent=2000002393"}],"wp:term":[{"taxonomy":"product_brand","embeddable":true,"href":"https:\/\/frantoiocongedi.com\/de\/wp-json\/wp\/v2\/product_brand?post=2000002393"},{"taxonomy":"product_cat","embeddable":true,"href":"https:\/\/frantoiocongedi.com\/de\/wp-json\/wp\/v2\/product_cat?post=2000002393"},{"taxonomy":"product_tag","embeddable":true,"href":"https:\/\/frantoiocongedi.com\/de\/wp-json\/wp\/v2\/product_tag?post=2000002393"}],"curies":[{"name":"wp","href":"https:\/\/api.w.org\/{rel}","templated":true}]}}