{"id":3737,"date":"2025-06-18T11:22:26","date_gmt":"2025-06-18T11:22:26","guid":{"rendered":"https:\/\/frantoiocongedi.com\/product\/scharfe-chili-pfeffer-creme-in-nativem-olivenoel-extra\/"},"modified":"2026-04-15T18:20:53","modified_gmt":"2026-04-15T18:20:53","slug":"scharfe-chili-pfeffer-creme-in-nativem-olivenoel-extra","status":"publish","type":"product","link":"https:\/\/frantoiocongedi.com\/de\/prodotto\/scharfe-chili-pfeffer-creme-in-nativem-olivenoel-extra\/","title":{"rendered":"Scharfe Chili-Pfeffer-Creme in Nativem Oliven\u00f6l Extra"},"content":{"rendered":"<p>Scharfe Chili-Pfeffer-Sahnesauce in nativem Oliven\u00f6l extra aus dem Salento.<br \/>\nHervorragend zu Aperitifs und Pasta.<br \/>\nVerpackt in 230 g Gl\u00e4sern<\/p>\n<p>CONGEDI Paprikacreme ist eine pflanzliche Paprikasauce in nativem Oliven\u00f6l extra, die einfach und leicht zuzubereiten ist.<\/p>\n<p>Eine <strong>scharfe Chilisauce<\/strong> mit nativem Oliven\u00f6l extra. Eine ausgezeichnete W\u00fcrze f\u00fcr Gem\u00fcse, Pasta und gebratene Speisen. Genie\u00dfen Sie sie zu Aperitifs.  <\/p>\n<p>Entdecken Sie das Rezept zur Verwendung auf der Website: <em>giallozafferano<\/em><\/p>\n<p data-pm-slice=\"1 1 []\">Entdecken Sie den einzigartigen Geschmack der scharfen Chilicreme in nativem Oliven\u00f6l extra, indem Sie sie als perfekte Begleitung f\u00fcr verschiedene Gerichte verwenden: Fisch, Fleisch, Huhn, Salate und gef\u00fcllte Pasta.<\/p>\n<p data-pm-slice=\"1 1 []\">Diese scharfe Chilicreme zeichnet sich auch als perfektes Gew\u00fcrz f\u00fcr ger\u00e4uchertes oder gebratenes Fleisch aus. Besonders geeignet, wenn Sie Ihr Leben mit einer Injektion von scharfem Chiligeschmack aufpeppen m\u00f6chten, ohne dass es brennt. <\/p>\n<p>Scharfe Chilicreme in nativem Oliven\u00f6l extra ist eine dicke Chilicreme f\u00fcr Ihre Speisen. Sie ist das perfekte Gew\u00fcrz f\u00fcr die t\u00e4gliche K\u00fcche und macht Ihre Gerichte extrem scharf! Erfreuen Sie Ihre G\u00e4ste mit dieser k\u00f6stlich scharfen Creme.  <\/p>\n<p>Unsere Chilicreme wird nach traditionellen, handwerklichen Methoden hergestellt, um eine Reihe von w\u00fcrzigen Produkten mit echtem regionalen Geschmack und hohem N\u00e4hrwert zu produzieren.<\/p>\n<p>Die Paprika und das Gem\u00fcse werden angebaut, geerntet, reif gemacht und geschnitten. Das Ergebnis ist ein feines, intensives Produkt, das als natives Oliven\u00f6l extra oder als W\u00fcrze zu Ihren Lieblingsgerichten verwendet werden kann. <\/p>\n<p>Chilis sind die perfekte Zutat, wenn Sie Ihren Mahlzeiten einen ganz besonderen und einzigartigen Geschmack verleihen m\u00f6chten. Chilicreme in nativem Oliven\u00f6l extra ist ein schmackhaftes Produkt aus dem Bereich der Chilisaucen, Chilicreme und Chilirezepte. <\/p>\n","protected":false},"excerpt":{"rendered":"<p>Scharfe Chilisauce in nativem Oliven\u00f6l extra CONGEDI. Passt hervorragend zu Aperitifs und Pasta. <\/p>\n<p>Verpackt im 220 g Glas<\/p>\n","protected":false},"featured_media":3739,"template":"","meta":[],"product_brand":[46],"product_cat":[111,116],"product_tag":[],"class_list":{"0":"post-3737","1":"product","2":"type-product","3":"status-publish","4":"has-post-thumbnail","6":"product_brand-frantoio-congedi","7":"product_cat-die-speisekammer","8":"product_cat-sottoli","10":"first","11":"instock","12":"taxable","13":"shipping-taxable","14":"purchasable","15":"product-type-simple"},"jetpack_sharing_enabled":true,"_links":{"self":[{"href":"https:\/\/frantoiocongedi.com\/de\/wp-json\/wp\/v2\/product\/3737","targetHints":{"allow":["GET"]}}],"collection":[{"href":"https:\/\/frantoiocongedi.com\/de\/wp-json\/wp\/v2\/product"}],"about":[{"href":"https:\/\/frantoiocongedi.com\/de\/wp-json\/wp\/v2\/types\/product"}],"version-history":[{"count":1,"href":"https:\/\/frantoiocongedi.com\/de\/wp-json\/wp\/v2\/product\/3737\/revisions"}],"predecessor-version":[{"id":2000001836,"href":"https:\/\/frantoiocongedi.com\/de\/wp-json\/wp\/v2\/product\/3737\/revisions\/2000001836"}],"wp:featuredmedia":[{"embeddable":true,"href":"https:\/\/frantoiocongedi.com\/de\/wp-json\/wp\/v2\/media\/3739"}],"wp:attachment":[{"href":"https:\/\/frantoiocongedi.com\/de\/wp-json\/wp\/v2\/media?parent=3737"}],"wp:term":[{"taxonomy":"product_brand","embeddable":true,"href":"https:\/\/frantoiocongedi.com\/de\/wp-json\/wp\/v2\/product_brand?post=3737"},{"taxonomy":"product_cat","embeddable":true,"href":"https:\/\/frantoiocongedi.com\/de\/wp-json\/wp\/v2\/product_cat?post=3737"},{"taxonomy":"product_tag","embeddable":true,"href":"https:\/\/frantoiocongedi.com\/de\/wp-json\/wp\/v2\/product_tag?post=3737"}],"curies":[{"name":"wp","href":"https:\/\/api.w.org\/{rel}","templated":true}]}}