{"id":3740,"date":"2025-06-18T11:14:25","date_gmt":"2025-06-18T11:14:25","guid":{"rendered":"https:\/\/frantoiocongedi.com\/product\/bruschetta-mediterranea-in-nativem-olivenoel-extra\/"},"modified":"2025-06-18T11:14:25","modified_gmt":"2025-06-18T11:14:25","slug":"bruschetta-mediterranea-in-nativem-olivenoel-extra","status":"publish","type":"product","link":"https:\/\/frantoiocongedi.com\/de\/prodotto\/bruschetta-mediterranea-in-nativem-olivenoel-extra\/","title":{"rendered":"Bruschetta Mediterranea in Nativem Oliven\u00f6l Extra"},"content":{"rendered":"<p>Ein ideales Gew\u00fcrz f\u00fcr Aperitifs und Croutons, bestehend aus Karotten, wei\u00dfen R\u00fcben, Sellerie, Paprika, Zwiebeln, Gurken und Blumenkohl), nativem Oliven\u00f6l extra aus dem Salento (urspr\u00fcnglich hergestellt), Oliven, Salz, Zitrone und nat\u00fcrlichen Gew\u00fcrzen.<br \/>\nVerpackt im 220 g Glas.<\/p>\n","protected":false},"excerpt":{"rendered":"<p>Ideales Gew\u00fcrz f\u00fcr Aperitifs und Croutons, bestehend aus Karotten, wei\u00dfen R\u00fcben, Sellerie, Paprika, Zwiebeln, Gurken und Blumenkohl), nativem Oliven\u00f6l extra (urspr\u00fcnglich), Oliven, Salz, Zitrone und nat\u00fcrlichen Gew\u00fcrzen<\/p>\n<p>Verpackt in 220 g-Glas<\/p>\n","protected":false},"featured_media":3742,"template":"","meta":[],"product_brand":[46],"product_cat":[111,116],"product_tag":[],"class_list":{"0":"post-3740","1":"product","2":"type-product","3":"status-publish","4":"has-post-thumbnail","6":"product_brand-frantoio-congedi","7":"product_cat-die-speisekammer","8":"product_cat-sottoli","10":"first","11":"instock","12":"taxable","13":"shipping-taxable","14":"purchasable","15":"product-type-simple"},"jetpack_sharing_enabled":true,"_links":{"self":[{"href":"https:\/\/frantoiocongedi.com\/de\/wp-json\/wp\/v2\/product\/3740","targetHints":{"allow":["GET"]}}],"collection":[{"href":"https:\/\/frantoiocongedi.com\/de\/wp-json\/wp\/v2\/product"}],"about":[{"href":"https:\/\/frantoiocongedi.com\/de\/wp-json\/wp\/v2\/types\/product"}],"version-history":[{"count":0,"href":"https:\/\/frantoiocongedi.com\/de\/wp-json\/wp\/v2\/product\/3740\/revisions"}],"wp:featuredmedia":[{"embeddable":true,"href":"https:\/\/frantoiocongedi.com\/de\/wp-json\/wp\/v2\/media\/3742"}],"wp:attachment":[{"href":"https:\/\/frantoiocongedi.com\/de\/wp-json\/wp\/v2\/media?parent=3740"}],"wp:term":[{"taxonomy":"product_brand","embeddable":true,"href":"https:\/\/frantoiocongedi.com\/de\/wp-json\/wp\/v2\/product_brand?post=3740"},{"taxonomy":"product_cat","embeddable":true,"href":"https:\/\/frantoiocongedi.com\/de\/wp-json\/wp\/v2\/product_cat?post=3740"},{"taxonomy":"product_tag","embeddable":true,"href":"https:\/\/frantoiocongedi.com\/de\/wp-json\/wp\/v2\/product_tag?post=3740"}],"curies":[{"name":"wp","href":"https:\/\/api.w.org\/{rel}","templated":true}]}}