{"id":3748,"date":"2025-06-18T11:13:13","date_gmt":"2025-06-18T11:13:13","guid":{"rendered":"https:\/\/frantoiocongedi.com\/product\/steckruebenpesto-in-nativem-olivenoel-extra\/"},"modified":"2025-06-18T11:13:13","modified_gmt":"2025-06-18T11:13:13","slug":"steckruebenpesto-in-nativem-olivenoel-extra","status":"publish","type":"product","link":"https:\/\/frantoiocongedi.com\/de\/prodotto\/steckruebenpesto-in-nativem-olivenoel-extra\/","title":{"rendered":"Steckr\u00fcbenpesto in Nativem Oliven\u00f6l Extra"},"content":{"rendered":"<p>Pesto mit R\u00fcben ist eines der typischen Gerichte, die Apulien am meisten repr\u00e4sentieren.<br \/>\nHervorragend und schnell zu w\u00fcrzen, ebenso wie die typischen apulischen Orecchiette-Nudeln.<br \/>\nVerpackt im 220 g-Glas<\/p>\n","protected":false},"excerpt":{"rendered":"<p>Pesto mit R\u00fcbenspitzen ist eine der typischsten Spezialit\u00e4ten Apuliens. Es eignet sich hervorragend und schnell zum W\u00fcrzen von Pasta sowie der typischen apulischen Orecchiette-Nudeln. <\/p>\n<p>Verpackt im 220 g Glas<\/p>\n","protected":false},"featured_media":3750,"template":"","meta":[],"product_brand":[46],"product_cat":[111,116],"product_tag":[],"class_list":{"0":"post-3748","1":"product","2":"type-product","3":"status-publish","4":"has-post-thumbnail","6":"product_brand-frantoio-congedi","7":"product_cat-die-speisekammer","8":"product_cat-sottoli","10":"first","11":"instock","12":"taxable","13":"shipping-taxable","14":"purchasable","15":"product-type-simple"},"jetpack_sharing_enabled":true,"_links":{"self":[{"href":"https:\/\/frantoiocongedi.com\/de\/wp-json\/wp\/v2\/product\/3748","targetHints":{"allow":["GET"]}}],"collection":[{"href":"https:\/\/frantoiocongedi.com\/de\/wp-json\/wp\/v2\/product"}],"about":[{"href":"https:\/\/frantoiocongedi.com\/de\/wp-json\/wp\/v2\/types\/product"}],"version-history":[{"count":0,"href":"https:\/\/frantoiocongedi.com\/de\/wp-json\/wp\/v2\/product\/3748\/revisions"}],"wp:featuredmedia":[{"embeddable":true,"href":"https:\/\/frantoiocongedi.com\/de\/wp-json\/wp\/v2\/media\/3750"}],"wp:attachment":[{"href":"https:\/\/frantoiocongedi.com\/de\/wp-json\/wp\/v2\/media?parent=3748"}],"wp:term":[{"taxonomy":"product_brand","embeddable":true,"href":"https:\/\/frantoiocongedi.com\/de\/wp-json\/wp\/v2\/product_brand?post=3748"},{"taxonomy":"product_cat","embeddable":true,"href":"https:\/\/frantoiocongedi.com\/de\/wp-json\/wp\/v2\/product_cat?post=3748"},{"taxonomy":"product_tag","embeddable":true,"href":"https:\/\/frantoiocongedi.com\/de\/wp-json\/wp\/v2\/product_tag?post=3748"}],"curies":[{"name":"wp","href":"https:\/\/api.w.org\/{rel}","templated":true}]}}