{"id":3752,"date":"2025-06-18T11:03:17","date_gmt":"2025-06-18T11:03:17","guid":{"rendered":"https:\/\/frantoiocongedi.com\/product\/maritati-di-grano-senatore-cappelli-500-g\/"},"modified":"2025-06-18T11:03:17","modified_gmt":"2025-06-18T11:03:17","slug":"maritati-di-grano-senatore-cappelli-500-g","status":"publish","type":"product","link":"https:\/\/frantoiocongedi.com\/de\/prodotto\/maritati-di-grano-senatore-cappelli-500-g\/","title":{"rendered":"Maritati di grano Senatore Cappelli &#8211; 500 g"},"content":{"rendered":"<p>F\u00fcr viele Generationen war das Wissen um die Herstellung von Pasta der Beweis, dass sie die n\u00f6tige Reife erreicht haben, um den Bund der Ehe zu schlie\u00dfen.<br \/>\nSeit Jahrhunderten geben M\u00fctter die technischen Geheimnisse und Rezepte an ihre T\u00f6chter weiter, um sicherzustellen, dass sie auch in Krisenzeiten ein Gericht auf den Tisch bringen. Nicht selten erinnern daher die Formen der Pasta an anatomische Teile des Paares.<br \/>\nDies ist der Fall bei den Maritati, die Orecchiette (Symbol der Weiblichkeit) und Makkaroni (Symbol der M\u00e4nnlichkeit) vereinen. Unser Produkt wird 48 Stunden lang bei niedriger Temperatur getrocknet und mit italienischem &#8218;Senatore Cappelli&#8216; Weizen verarbeitet. <\/p>\n","protected":false},"excerpt":{"rendered":"<p>Maritati di grano Senatore Cappelli<br \/>\nWie in alten Zeiten, achtundvierzig Stunden Trocknung bei niedriger Temperatur f\u00fcr ein echtes, typisch italienisches Erlebnis mit &#8218;Senatore Cappelli&#8216; Weizen.<\/p>\n","protected":false},"featured_media":3755,"template":"","meta":[],"product_brand":[46],"product_cat":[111,117],"product_tag":[],"class_list":{"0":"post-3752","1":"product","2":"type-product","3":"status-publish","4":"has-post-thumbnail","6":"product_brand-frantoio-congedi","7":"product_cat-die-speisekammer","8":"product_cat-nudeln","10":"first","11":"instock","12":"taxable","13":"shipping-taxable","14":"purchasable","15":"product-type-simple"},"jetpack_sharing_enabled":true,"_links":{"self":[{"href":"https:\/\/frantoiocongedi.com\/de\/wp-json\/wp\/v2\/product\/3752","targetHints":{"allow":["GET"]}}],"collection":[{"href":"https:\/\/frantoiocongedi.com\/de\/wp-json\/wp\/v2\/product"}],"about":[{"href":"https:\/\/frantoiocongedi.com\/de\/wp-json\/wp\/v2\/types\/product"}],"version-history":[{"count":0,"href":"https:\/\/frantoiocongedi.com\/de\/wp-json\/wp\/v2\/product\/3752\/revisions"}],"wp:featuredmedia":[{"embeddable":true,"href":"https:\/\/frantoiocongedi.com\/de\/wp-json\/wp\/v2\/media\/3755"}],"wp:attachment":[{"href":"https:\/\/frantoiocongedi.com\/de\/wp-json\/wp\/v2\/media?parent=3752"}],"wp:term":[{"taxonomy":"product_brand","embeddable":true,"href":"https:\/\/frantoiocongedi.com\/de\/wp-json\/wp\/v2\/product_brand?post=3752"},{"taxonomy":"product_cat","embeddable":true,"href":"https:\/\/frantoiocongedi.com\/de\/wp-json\/wp\/v2\/product_cat?post=3752"},{"taxonomy":"product_tag","embeddable":true,"href":"https:\/\/frantoiocongedi.com\/de\/wp-json\/wp\/v2\/product_tag?post=3752"}],"curies":[{"name":"wp","href":"https:\/\/api.w.org\/{rel}","templated":true}]}}