{"id":3756,"date":"2025-06-18T11:05:36","date_gmt":"2025-06-18T11:05:36","guid":{"rendered":"https:\/\/frantoiocongedi.com\/product\/sagne-incannulate-di-grano-senatore-cappelli-500-g\/"},"modified":"2025-06-18T11:05:36","modified_gmt":"2025-06-18T11:05:36","slug":"sagne-incannulate-di-grano-senatore-cappelli-500-g","status":"publish","type":"product","link":"https:\/\/frantoiocongedi.com\/de\/prodotto\/sagne-incannulate-di-grano-senatore-cappelli-500-g\/","title":{"rendered":"Sagne incannulate di grano Senatore Cappelli &#8211; 500 g"},"content":{"rendered":"<p>Urspr\u00fcnglich aus dem Salento stammend, sind Sagne &#8217;ncannulate heute in der ganzen Region verbreitet. Es handelt sich um Nudelstreifen aus Hartweizengrie\u00df, Wasser und Salz, die zun\u00e4chst die Form von Nudeln annehmen, dann aber um einen Brenner gedreht werden, damit sie wie Spiralen aussehen. <\/p>\n<p>Einer volkst\u00fcmlichen Legende zufolge geht der Ursprung des Formats auf die Holzkringel zur\u00fcck, die aus dem Hobel des heiligen Joseph kamen. Sie m\u00f6gen den Perlen eines Rosenkranzes \u00e4hneln, aber man k\u00f6nnte auch zu dem Schluss kommen, dass sie eher Tripolinen \u00e4hneln.<\/p>\n<p>Unser Produkt wird 48 Stunden lang bei niedriger Temperatur getrocknet und mit italienischem &#8218;Senatore Cappelli&#8216; Weizen verarbeitet.<\/p>\n","protected":false},"excerpt":{"rendered":"<p>Sagne incannulate di grano Senatore Cappelli<\/p>\n<p>Wie in alten Zeiten, achtundvierzig Stunden Trocknung bei niedriger Temperatur f\u00fcr eine echte, typisch italienische Erfahrung mit &#8218;Senatore Cappelli&#8216; Weizen.<\/p>\n","protected":false},"featured_media":3757,"template":"","meta":[],"product_brand":[46],"product_cat":[111,117],"product_tag":[],"class_list":{"0":"post-3756","1":"product","2":"type-product","3":"status-publish","4":"has-post-thumbnail","6":"product_brand-frantoio-congedi","7":"product_cat-die-speisekammer","8":"product_cat-nudeln","10":"first","11":"instock","12":"taxable","13":"shipping-taxable","14":"purchasable","15":"product-type-simple"},"jetpack_sharing_enabled":true,"_links":{"self":[{"href":"https:\/\/frantoiocongedi.com\/de\/wp-json\/wp\/v2\/product\/3756","targetHints":{"allow":["GET"]}}],"collection":[{"href":"https:\/\/frantoiocongedi.com\/de\/wp-json\/wp\/v2\/product"}],"about":[{"href":"https:\/\/frantoiocongedi.com\/de\/wp-json\/wp\/v2\/types\/product"}],"version-history":[{"count":0,"href":"https:\/\/frantoiocongedi.com\/de\/wp-json\/wp\/v2\/product\/3756\/revisions"}],"wp:featuredmedia":[{"embeddable":true,"href":"https:\/\/frantoiocongedi.com\/de\/wp-json\/wp\/v2\/media\/3757"}],"wp:attachment":[{"href":"https:\/\/frantoiocongedi.com\/de\/wp-json\/wp\/v2\/media?parent=3756"}],"wp:term":[{"taxonomy":"product_brand","embeddable":true,"href":"https:\/\/frantoiocongedi.com\/de\/wp-json\/wp\/v2\/product_brand?post=3756"},{"taxonomy":"product_cat","embeddable":true,"href":"https:\/\/frantoiocongedi.com\/de\/wp-json\/wp\/v2\/product_cat?post=3756"},{"taxonomy":"product_tag","embeddable":true,"href":"https:\/\/frantoiocongedi.com\/de\/wp-json\/wp\/v2\/product_tag?post=3756"}],"curies":[{"name":"wp","href":"https:\/\/api.w.org\/{rel}","templated":true}]}}