{"id":3763,"date":"2025-06-18T11:04:57","date_gmt":"2025-06-18T11:04:57","guid":{"rendered":"https:\/\/frantoiocongedi.com\/product\/orecchiette-di-grano-senatore-cappelli-500-g\/"},"modified":"2025-06-18T11:04:57","modified_gmt":"2025-06-18T11:04:57","slug":"orecchiette-di-grano-senatore-cappelli-500-g","status":"publish","type":"product","link":"https:\/\/frantoiocongedi.com\/de\/prodotto\/orecchiette-di-grano-senatore-cappelli-500-g\/","title":{"rendered":"Orecchiette di grano Senatore Cappelli &#8211; 500 g"},"content":{"rendered":"<p>Selbstgemachte Pasta ist in Apulien eine weit verbreitete Kunst: Orecchiette ist das beliebteste Format in dieser Region. Zu Hause werden sie aus kleinen, etwa anderthalb Zentimeter langen Teigzylindern hergestellt, die mit der abgerundeten Spitze eines Messers oder einem Metallwerkzeug, im Dialekt sferre genannt, \u00fcber das Teigbrett gezogen werden. <\/p>\n<p>Die resultierende Schale sieht aus wie eine kleine \u00c4hre mit einer faltigen Au\u00dfenfl\u00e4che. Unser Produkt wird 48 Stunden lang bei niedriger Temperatur getrocknet und mit italienischem &#8218;Senatore Cappelli&#8216; Weizen verarbeitet. <\/p>\n","protected":false},"excerpt":{"rendered":"<p>Orecchiette di grano Senatore Cappelli<\/p>\n<p>Wie in alten Zeiten, achtundvierzig Stunden Trocknung bei niedriger Temperatur f\u00fcr ein echtes, typisch italienisches Erlebnis mit &#8218;Senatore Cappelli&#8216; Weizen.<\/p>\n","protected":false},"featured_media":3766,"template":"","meta":[],"product_brand":[46],"product_cat":[111,117],"product_tag":[],"class_list":{"0":"post-3763","1":"product","2":"type-product","3":"status-publish","4":"has-post-thumbnail","6":"product_brand-frantoio-congedi","7":"product_cat-die-speisekammer","8":"product_cat-nudeln","10":"first","11":"instock","12":"taxable","13":"shipping-taxable","14":"purchasable","15":"product-type-simple"},"jetpack_sharing_enabled":true,"_links":{"self":[{"href":"https:\/\/frantoiocongedi.com\/de\/wp-json\/wp\/v2\/product\/3763","targetHints":{"allow":["GET"]}}],"collection":[{"href":"https:\/\/frantoiocongedi.com\/de\/wp-json\/wp\/v2\/product"}],"about":[{"href":"https:\/\/frantoiocongedi.com\/de\/wp-json\/wp\/v2\/types\/product"}],"version-history":[{"count":0,"href":"https:\/\/frantoiocongedi.com\/de\/wp-json\/wp\/v2\/product\/3763\/revisions"}],"wp:featuredmedia":[{"embeddable":true,"href":"https:\/\/frantoiocongedi.com\/de\/wp-json\/wp\/v2\/media\/3766"}],"wp:attachment":[{"href":"https:\/\/frantoiocongedi.com\/de\/wp-json\/wp\/v2\/media?parent=3763"}],"wp:term":[{"taxonomy":"product_brand","embeddable":true,"href":"https:\/\/frantoiocongedi.com\/de\/wp-json\/wp\/v2\/product_brand?post=3763"},{"taxonomy":"product_cat","embeddable":true,"href":"https:\/\/frantoiocongedi.com\/de\/wp-json\/wp\/v2\/product_cat?post=3763"},{"taxonomy":"product_tag","embeddable":true,"href":"https:\/\/frantoiocongedi.com\/de\/wp-json\/wp\/v2\/product_tag?post=3763"}],"curies":[{"name":"wp","href":"https:\/\/api.w.org\/{rel}","templated":true}]}}