{"id":3768,"date":"2025-06-18T10:48:11","date_gmt":"2025-06-18T10:48:11","guid":{"rendered":"https:\/\/frantoiocongedi.com\/product\/weissweinessig-025-l\/"},"modified":"2025-06-18T10:48:11","modified_gmt":"2025-06-18T10:48:11","slug":"weissweinessig-025-l","status":"publish","type":"product","link":"https:\/\/frantoiocongedi.com\/de\/prodotto\/weissweinessig-025-l\/","title":{"rendered":"Wei\u00dfweinessig 0,25 l"},"content":{"rendered":"<p>Wei\u00dfweinessig aus der Frantoio Congedi \u00d6lm\u00fchle im Salento<\/p>\n","protected":false},"excerpt":{"rendered":"<p>Wei\u00dfweinessig aus der Frantoio Congedi \u00d6lm\u00fchle im Salento<\/p>\n","protected":false},"featured_media":3770,"template":"","meta":[],"product_brand":[46],"product_cat":[111,120],"product_tag":[],"class_list":{"0":"post-3768","1":"product","2":"type-product","3":"status-publish","4":"has-post-thumbnail","6":"product_brand-frantoio-congedi","7":"product_cat-die-speisekammer","8":"product_cat-essig","10":"first","11":"instock","12":"taxable","13":"shipping-taxable","14":"purchasable","15":"product-type-simple"},"jetpack_sharing_enabled":true,"_links":{"self":[{"href":"https:\/\/frantoiocongedi.com\/de\/wp-json\/wp\/v2\/product\/3768","targetHints":{"allow":["GET"]}}],"collection":[{"href":"https:\/\/frantoiocongedi.com\/de\/wp-json\/wp\/v2\/product"}],"about":[{"href":"https:\/\/frantoiocongedi.com\/de\/wp-json\/wp\/v2\/types\/product"}],"version-history":[{"count":0,"href":"https:\/\/frantoiocongedi.com\/de\/wp-json\/wp\/v2\/product\/3768\/revisions"}],"wp:featuredmedia":[{"embeddable":true,"href":"https:\/\/frantoiocongedi.com\/de\/wp-json\/wp\/v2\/media\/3770"}],"wp:attachment":[{"href":"https:\/\/frantoiocongedi.com\/de\/wp-json\/wp\/v2\/media?parent=3768"}],"wp:term":[{"taxonomy":"product_brand","embeddable":true,"href":"https:\/\/frantoiocongedi.com\/de\/wp-json\/wp\/v2\/product_brand?post=3768"},{"taxonomy":"product_cat","embeddable":true,"href":"https:\/\/frantoiocongedi.com\/de\/wp-json\/wp\/v2\/product_cat?post=3768"},{"taxonomy":"product_tag","embeddable":true,"href":"https:\/\/frantoiocongedi.com\/de\/wp-json\/wp\/v2\/product_tag?post=3768"}],"curies":[{"name":"wp","href":"https:\/\/api.w.org\/{rel}","templated":true}]}}