{"id":4347,"date":"2025-11-19T10:09:45","date_gmt":"2025-11-19T10:09:45","guid":{"rendered":"https:\/\/frantoiocongedi.com\/product\/majoliche-congedi-igp-salento-negroamaro-rosso\/"},"modified":"2026-04-13T13:07:18","modified_gmt":"2026-04-13T13:07:18","slug":"majoliche-congedi-igp-salento-negroamaro-rosso","status":"publish","type":"product","link":"https:\/\/frantoiocongedi.com\/de\/prodotto\/majoliche-congedi-igp-salento-negroamaro-rosso\/","title":{"rendered":"Majoliche Congedi &#8211; IGP Salento Negroamaro Rosso"},"content":{"rendered":"<p>NEGROAMARO ROS\u00c9 WEIN AUS SALENTO<\/p>\n<p><strong><em>Produktionsgebiet<\/em><\/strong>Salento<br \/>\n<strong><em>Trauben:<\/em><\/strong> 100% Negroamaro<br \/>\n<strong><em>Alkoholische St\u00e4rke<\/em><\/strong>: 12.50 % vol.<\/p>\n<p><strong>Verkostungsnotizen<\/strong><\/p>\n<p><strong><em>Farbe<\/em><\/strong>: zartes Kirschrosa<br \/>\n<strong><em>Duftnoten<\/em><\/strong>: intensiv und delikat mit Noten von Kirschen und Himbeeren<br \/>\n<strong><em>Gaumen<\/em><\/strong>: weich, w\u00fcrzig, mit fruchtigem Nachklang<br \/>\n<strong><em>Temperatur zum Servieren<\/em><\/strong>: 8-10\u00b0C<br \/>\n<strong><em>Paarungen<\/em><\/strong>Ausgezeichnet zu allen Mahlzeiten, passt gut zu Nudelgerichten mit Tomatenso\u00dfe, wei\u00dfem Fleisch, Fischsuppen und gebratenen Garnelen am Spie\u00df<\/p>\n","protected":false},"excerpt":{"rendered":"<p>NEGROAMARO ROS\u00c9 WEIN AUS SALENTO ProduktionsgebietSalento Trauben: 100% Negroamaro Alkoholische St\u00e4rke: 12.50 % vol. Verkostungsnotizen Farbe: zartes Kirschrosa Duftnoten: intensiv<\/p>\n","protected":false},"featured_media":4349,"template":"","meta":[],"product_brand":[46],"product_cat":[127],"product_tag":[],"class_list":{"0":"post-4347","1":"product","2":"type-product","3":"status-publish","4":"has-post-thumbnail","6":"product_brand-frantoio-congedi","7":"product_cat-wein","9":"first","10":"instock","11":"taxable","12":"shipping-taxable","13":"purchasable","14":"product-type-simple"},"jetpack_sharing_enabled":true,"_links":{"self":[{"href":"https:\/\/frantoiocongedi.com\/de\/wp-json\/wp\/v2\/product\/4347","targetHints":{"allow":["GET"]}}],"collection":[{"href":"https:\/\/frantoiocongedi.com\/de\/wp-json\/wp\/v2\/product"}],"about":[{"href":"https:\/\/frantoiocongedi.com\/de\/wp-json\/wp\/v2\/types\/product"}],"version-history":[{"count":1,"href":"https:\/\/frantoiocongedi.com\/de\/wp-json\/wp\/v2\/product\/4347\/revisions"}],"predecessor-version":[{"id":2000001718,"href":"https:\/\/frantoiocongedi.com\/de\/wp-json\/wp\/v2\/product\/4347\/revisions\/2000001718"}],"wp:featuredmedia":[{"embeddable":true,"href":"https:\/\/frantoiocongedi.com\/de\/wp-json\/wp\/v2\/media\/4349"}],"wp:attachment":[{"href":"https:\/\/frantoiocongedi.com\/de\/wp-json\/wp\/v2\/media?parent=4347"}],"wp:term":[{"taxonomy":"product_brand","embeddable":true,"href":"https:\/\/frantoiocongedi.com\/de\/wp-json\/wp\/v2\/product_brand?post=4347"},{"taxonomy":"product_cat","embeddable":true,"href":"https:\/\/frantoiocongedi.com\/de\/wp-json\/wp\/v2\/product_cat?post=4347"},{"taxonomy":"product_tag","embeddable":true,"href":"https:\/\/frantoiocongedi.com\/de\/wp-json\/wp\/v2\/product_tag?post=4347"}],"curies":[{"name":"wp","href":"https:\/\/api.w.org\/{rel}","templated":true}]}}