{"id":4355,"date":"2024-12-12T11:09:58","date_gmt":"2024-12-12T11:09:58","guid":{"rendered":"https:\/\/frantoiocongedi.com\/product\/dose-natives-olivenoel-extra-leicht-1l\/"},"modified":"2024-12-12T11:09:58","modified_gmt":"2024-12-12T11:09:58","slug":"dose-natives-olivenoel-extra-leicht-1l","status":"publish","type":"product","link":"https:\/\/frantoiocongedi.com\/de\/prodotto\/dose-natives-olivenoel-extra-leicht-1l\/","title":{"rendered":"Dose Natives Oliven\u00f6l Extra &#8211; Leicht 1l"},"content":{"rendered":"<p><strong>Natives Oliven\u00f6l extra<\/strong><\/p>\n<p>Olivensorten: repr\u00e4sentiert die beste Produktion des Unternehmens von Jahr zu Jahr, da es aus den Sorten gewonnen wird, die sich in der letzten \u00d6lkampagne im Salento am besten gezeigt haben.<br \/>\nSensorisches Profil: ein natives Oliven\u00f6l extra mit einer gold-gr\u00fcnen Farbe, daher f\u00fcr die erfahrensten Verkoster oder einfach f\u00fcr die anspruchsvollsten Gaumen bestimmt.<br \/>\nServiervorschl\u00e4ge: zu marinierten Schalentieren, gratiniertem Gem\u00fcse, Gem\u00fcsep\u00fcrees, ged\u00fcnsteten H\u00fclsenfr\u00fcchten, ersten G\u00e4ngen mit Schalentieren, gekochtem Fisch und frischer Pasta, Filata-K\u00e4se, Edelfischen.<\/p>\n","protected":false},"excerpt":{"rendered":"<p>Bestehend aus den besten Sorten: Favolosa und Leccino.<\/p>\n","protected":false},"featured_media":4356,"template":"","meta":[],"product_brand":[],"product_cat":[129],"product_tag":[],"class_list":{"0":"post-4355","1":"product","2":"type-product","3":"status-publish","4":"has-post-thumbnail","6":"product_cat-ol","8":"first","9":"outofstock","10":"taxable","11":"shipping-taxable","12":"purchasable","13":"product-type-simple"},"jetpack_sharing_enabled":true,"_links":{"self":[{"href":"https:\/\/frantoiocongedi.com\/de\/wp-json\/wp\/v2\/product\/4355","targetHints":{"allow":["GET"]}}],"collection":[{"href":"https:\/\/frantoiocongedi.com\/de\/wp-json\/wp\/v2\/product"}],"about":[{"href":"https:\/\/frantoiocongedi.com\/de\/wp-json\/wp\/v2\/types\/product"}],"version-history":[{"count":0,"href":"https:\/\/frantoiocongedi.com\/de\/wp-json\/wp\/v2\/product\/4355\/revisions"}],"wp:featuredmedia":[{"embeddable":true,"href":"https:\/\/frantoiocongedi.com\/de\/wp-json\/wp\/v2\/media\/4356"}],"wp:attachment":[{"href":"https:\/\/frantoiocongedi.com\/de\/wp-json\/wp\/v2\/media?parent=4355"}],"wp:term":[{"taxonomy":"product_brand","embeddable":true,"href":"https:\/\/frantoiocongedi.com\/de\/wp-json\/wp\/v2\/product_brand?post=4355"},{"taxonomy":"product_cat","embeddable":true,"href":"https:\/\/frantoiocongedi.com\/de\/wp-json\/wp\/v2\/product_cat?post=4355"},{"taxonomy":"product_tag","embeddable":true,"href":"https:\/\/frantoiocongedi.com\/de\/wp-json\/wp\/v2\/product_tag?post=4355"}],"curies":[{"name":"wp","href":"https:\/\/api.w.org\/{rel}","templated":true}]}}