{"id":4359,"date":"2024-12-12T11:06:16","date_gmt":"2024-12-12T11:06:16","guid":{"rendered":"https:\/\/frantoiocongedi.com\/product\/limited-edition-natives-olivenoel-extra-panettone-mit-zartbitterschokolade-und-kandierten-fruechten\/"},"modified":"2024-12-12T11:06:16","modified_gmt":"2024-12-12T11:06:16","slug":"limited-edition-natives-olivenoel-extra-panettone-mit-zartbitterschokolade-und-kandierten-fruechten","status":"publish","type":"product","link":"https:\/\/frantoiocongedi.com\/de\/prodotto\/limited-edition-natives-olivenoel-extra-panettone-mit-zartbitterschokolade-und-kandierten-fruechten\/","title":{"rendered":"LIMITED EDITION &#8211; Natives Oliven\u00f6l Extra Panettone mit Zartbitterschokolade und kandierten Fr\u00fcchten"},"content":{"rendered":"<p>Ein Panettone mit nativem Oliven\u00f6l extra, der die perfekte Balance zwischen dem Duft der Tradition und der Leichtigkeit einer kostbaren Zutat darstellt. Jeder Bissen ist eine Reise, die den Duft des Salento mit dem s\u00fc\u00dfen Zauber der Weihnacht verbindet und Ihnen ein neues Gef\u00fchl vermittelt. <\/p>\n<p>&nbsp;<\/p>\n<p><strong>Zutaten:  <\/strong><\/p>\n<p>Weizenmehl, Wasser, natives Oliven\u00f6l extra, Zucker, Eier, dunkle Schokolade, Sultaninen, kandierte Orangen, kandierte Zitronen, Honig, Bourbon-Vanille, nat\u00fcrliches Livesieto, Salz.<\/p>\n<p><strong>Allergene: Eier und Gluten.<\/strong><\/p>\n<p>&nbsp;<\/p>\n<p><strong>Ges\u00fc\u00dftes, handwerklich hergestelltes Backprodukt mit nat\u00fcrlichem Sauerteig, das einem nat\u00fcrlichen Gewichtsverlust unterliegt.<\/strong><\/p>\n","protected":false},"excerpt":{"rendered":"<p>Ein Panettone mit nativem Oliven\u00f6l extra, der die perfekte Balance zwischen dem Duft der Tradition und der Leichtigkeit einer kostbaren Zutat darstellt. Jeder Bissen ist eine Reise, die den Duft des Salento mit dem s\u00fc\u00dfen Zauber der Weihnacht verbindet und Ihnen ein neues Gef\u00fchl vermittelt. <\/p>\n<p>&nbsp;<\/p>\n<p><strong>Zutaten:  <\/strong><\/p>\n<p>Weizenmehl, Wasser, natives Oliven\u00f6l extra, Zucker, Eier, dunkle Schokolade, Sultaninen, kandierte Orangen, kandierte Zitronen, Honig, Bourbon-Vanille, nat\u00fcrliches Livesieto, Salz.<\/p>\n<p><strong>Allergene: Eier und Gluten.<\/strong><\/p>\n<p>&nbsp;<\/p>\n<p><strong>Ges\u00fc\u00dftes, handwerklich hergestelltes Backprodukt mit nat\u00fcrlichem Sauerteig, das einem nat\u00fcrlichen Gewichtsverlust unterliegt.<\/strong><\/p>\n","protected":false},"featured_media":4360,"template":"","meta":[],"product_brand":[],"product_cat":[112],"product_tag":[],"class_list":{"0":"post-4359","1":"product","2":"type-product","3":"status-publish","4":"has-post-thumbnail","6":"product_cat-geschenk-ideen","8":"first","9":"outofstock","10":"taxable","11":"shipping-taxable","12":"purchasable","13":"product-type-simple"},"jetpack_sharing_enabled":true,"_links":{"self":[{"href":"https:\/\/frantoiocongedi.com\/de\/wp-json\/wp\/v2\/product\/4359","targetHints":{"allow":["GET"]}}],"collection":[{"href":"https:\/\/frantoiocongedi.com\/de\/wp-json\/wp\/v2\/product"}],"about":[{"href":"https:\/\/frantoiocongedi.com\/de\/wp-json\/wp\/v2\/types\/product"}],"version-history":[{"count":0,"href":"https:\/\/frantoiocongedi.com\/de\/wp-json\/wp\/v2\/product\/4359\/revisions"}],"wp:featuredmedia":[{"embeddable":true,"href":"https:\/\/frantoiocongedi.com\/de\/wp-json\/wp\/v2\/media\/4360"}],"wp:attachment":[{"href":"https:\/\/frantoiocongedi.com\/de\/wp-json\/wp\/v2\/media?parent=4359"}],"wp:term":[{"taxonomy":"product_brand","embeddable":true,"href":"https:\/\/frantoiocongedi.com\/de\/wp-json\/wp\/v2\/product_brand?post=4359"},{"taxonomy":"product_cat","embeddable":true,"href":"https:\/\/frantoiocongedi.com\/de\/wp-json\/wp\/v2\/product_cat?post=4359"},{"taxonomy":"product_tag","embeddable":true,"href":"https:\/\/frantoiocongedi.com\/de\/wp-json\/wp\/v2\/product_tag?post=4359"}],"curies":[{"name":"wp","href":"https:\/\/api.w.org\/{rel}","templated":true}]}}