{"id":4424,"date":"2025-06-18T12:19:49","date_gmt":"2025-06-18T12:19:49","guid":{"rendered":"https:\/\/frantoiocongedi.com\/product\/natives-olivenoel-extra-bio-3-l\/"},"modified":"2026-04-07T08:42:50","modified_gmt":"2026-04-07T08:42:50","slug":"natives-olivenoel-extra-bio-3-l","status":"publish","type":"product","link":"https:\/\/frantoiocongedi.com\/de\/prodotto\/natives-olivenoel-extra-bio-3-l\/","title":{"rendered":"Natives Bio-Oliven\u00f6l Extra 3 l"},"content":{"rendered":"<h2>Natives Bio-Oliven\u00f6l extra<\/h2>\n<p>Olivensorte: besteht aus einer Auswahl der Sorten Leccino und Favolosa, die im November geerntet werden.<br \/>\nSensorisches Profil: Das Ergebnis ist ein natives Oliven\u00f6l extra von mittlerer Fruchtigkeit, das in der Nase deutliche pflanzliche Noten aufweist und am Gaumen entschieden und anhaltend ist. Mittelfruchtig mit gro\u00dfer Komplexit\u00e4t, gibt es Noten von Artischocke und gr\u00fcner Olive frei.<br \/>\nServiervorschl\u00e4ge: Mittlere bis vollmundige Gerichte wie erste G\u00e4nge mit Gem\u00fcse, wei\u00dfem Fleisch, Thun- und Schwertfischcarpaccio, gegrilltem Fisch oder Gem\u00fcse. <\/p>\n","protected":false},"excerpt":{"rendered":"<p>Bio ist ein \u00d6l, das aus Oliven gewonnen wird, die ausschlie\u00dflich aus biologischem Anbau stammen. Die Sorten sind Leccino und Favolosa, die typisch f\u00fcr Salento (Apulien) sind und im November ausschlie\u00dflich von Hand geerntet werden. <\/p>\n","protected":false},"featured_media":4426,"template":"","meta":[],"product_brand":[46],"product_cat":[129],"product_tag":[],"class_list":{"0":"post-4424","1":"product","2":"type-product","3":"status-publish","4":"has-post-thumbnail","6":"product_brand-frantoio-congedi","7":"product_cat-ol","9":"first","10":"instock","11":"taxable","12":"shipping-taxable","13":"purchasable","14":"product-type-simple"},"jetpack_sharing_enabled":true,"_links":{"self":[{"href":"https:\/\/frantoiocongedi.com\/de\/wp-json\/wp\/v2\/product\/4424","targetHints":{"allow":["GET"]}}],"collection":[{"href":"https:\/\/frantoiocongedi.com\/de\/wp-json\/wp\/v2\/product"}],"about":[{"href":"https:\/\/frantoiocongedi.com\/de\/wp-json\/wp\/v2\/types\/product"}],"version-history":[{"count":2,"href":"https:\/\/frantoiocongedi.com\/de\/wp-json\/wp\/v2\/product\/4424\/revisions"}],"predecessor-version":[{"id":2000001445,"href":"https:\/\/frantoiocongedi.com\/de\/wp-json\/wp\/v2\/product\/4424\/revisions\/2000001445"}],"wp:featuredmedia":[{"embeddable":true,"href":"https:\/\/frantoiocongedi.com\/de\/wp-json\/wp\/v2\/media\/4426"}],"wp:attachment":[{"href":"https:\/\/frantoiocongedi.com\/de\/wp-json\/wp\/v2\/media?parent=4424"}],"wp:term":[{"taxonomy":"product_brand","embeddable":true,"href":"https:\/\/frantoiocongedi.com\/de\/wp-json\/wp\/v2\/product_brand?post=4424"},{"taxonomy":"product_cat","embeddable":true,"href":"https:\/\/frantoiocongedi.com\/de\/wp-json\/wp\/v2\/product_cat?post=4424"},{"taxonomy":"product_tag","embeddable":true,"href":"https:\/\/frantoiocongedi.com\/de\/wp-json\/wp\/v2\/product_tag?post=4424"}],"curies":[{"name":"wp","href":"https:\/\/api.w.org\/{rel}","templated":true}]}}