{"id":4445,"date":"2025-06-18T12:14:13","date_gmt":"2025-06-18T12:14:13","guid":{"rendered":"https:\/\/frantoiocongedi.com\/product\/flasche-1lt-natives-olivenoel-extra-leicht\/"},"modified":"2026-04-03T13:56:49","modified_gmt":"2026-04-03T13:56:49","slug":"flasche-1lt-natives-olivenoel-extra-leicht","status":"publish","type":"product","link":"https:\/\/frantoiocongedi.com\/de\/prodotto\/flasche-1lt-natives-olivenoel-extra-leicht\/","title":{"rendered":"Flasche 1lt Natives Oliven\u00f6l Extra &#8211; Leicht"},"content":{"rendered":"<p>Natives Oliven\u00f6l extra aus Salento<\/p>\n<p>Sensorisches Profil: ein charakteristisches natives Oliven\u00f6l extra mit einem sanften, anmutigen Aroma und einem s\u00fc\u00dfen, duftenden Geschmack, der zu zarten Mandeln tendiert. Es wird aus reifen Oliven der Qualit\u00e4t &#8218;Ogliarola salentina und Cellina di Nard\u00f2&#8216; gewonnen und nach alten, \u00fcber Jahrhunderte \u00fcberlieferten Methoden hergestellt.<br \/>\nServiervorschl\u00e4ge: Dieses \u00d6l passt hervorragend zu gemischten Gem\u00fcsesalaten, wei\u00dfen Vorspeisen mit Schalentieren, gebratenem Gem\u00fcse, edlem Fisch, gebratenem und gegrilltem wei\u00dfem Fleisch und frischem K\u00e4se. <\/p>\n","protected":false},"excerpt":{"rendered":"<p>Natives Oliven\u00f6l extra aus Salento Sensorisches Profil: ein charakteristisches natives Oliven\u00f6l extra mit einem sanften, anmutigen Aroma und einem s\u00fc\u00dfen,<\/p>\n","protected":false},"featured_media":4447,"template":"","meta":[],"product_brand":[46],"product_cat":[129],"product_tag":[],"class_list":{"0":"post-4445","1":"product","2":"type-product","3":"status-publish","4":"has-post-thumbnail","6":"product_brand-frantoio-congedi","7":"product_cat-ol","9":"first","10":"instock","11":"taxable","12":"shipping-taxable","13":"purchasable","14":"product-type-simple"},"jetpack_sharing_enabled":true,"_links":{"self":[{"href":"https:\/\/frantoiocongedi.com\/de\/wp-json\/wp\/v2\/product\/4445","targetHints":{"allow":["GET"]}}],"collection":[{"href":"https:\/\/frantoiocongedi.com\/de\/wp-json\/wp\/v2\/product"}],"about":[{"href":"https:\/\/frantoiocongedi.com\/de\/wp-json\/wp\/v2\/types\/product"}],"version-history":[{"count":1,"href":"https:\/\/frantoiocongedi.com\/de\/wp-json\/wp\/v2\/product\/4445\/revisions"}],"predecessor-version":[{"id":2000001328,"href":"https:\/\/frantoiocongedi.com\/de\/wp-json\/wp\/v2\/product\/4445\/revisions\/2000001328"}],"wp:featuredmedia":[{"embeddable":true,"href":"https:\/\/frantoiocongedi.com\/de\/wp-json\/wp\/v2\/media\/4447"}],"wp:attachment":[{"href":"https:\/\/frantoiocongedi.com\/de\/wp-json\/wp\/v2\/media?parent=4445"}],"wp:term":[{"taxonomy":"product_brand","embeddable":true,"href":"https:\/\/frantoiocongedi.com\/de\/wp-json\/wp\/v2\/product_brand?post=4445"},{"taxonomy":"product_cat","embeddable":true,"href":"https:\/\/frantoiocongedi.com\/de\/wp-json\/wp\/v2\/product_cat?post=4445"},{"taxonomy":"product_tag","embeddable":true,"href":"https:\/\/frantoiocongedi.com\/de\/wp-json\/wp\/v2\/product_tag?post=4445"}],"curies":[{"name":"wp","href":"https:\/\/api.w.org\/{rel}","templated":true}]}}