{"id":4453,"date":"2025-06-18T12:13:24","date_gmt":"2025-06-18T12:13:24","guid":{"rendered":"https:\/\/frantoiocongedi.com\/product\/natives-olivenoel-extra-ungefiltert-1-l\/"},"modified":"2026-04-03T13:41:50","modified_gmt":"2026-04-03T13:41:50","slug":"natives-olivenoel-extra-ungefiltert-1-l","status":"publish","type":"product","link":"https:\/\/frantoiocongedi.com\/de\/prodotto\/natives-olivenoel-extra-ungefiltert-1-l\/","title":{"rendered":"Natives Oliven\u00f6l extra &#8211; Ungefiltert 1 l"},"content":{"rendered":"<p>Natives Oliven\u00f6l extra aus Salento<\/p>\n<p>Sensorisches Profil: Natives Oliven\u00f6l extra, hergestellt aus einer strengen Auswahl gesunder, reifer Oliven.<br \/>\nEin vollmundiges, angenehm s\u00fc\u00dfes, schmackhaftes natives Oliven\u00f6l extra.<\/p>\n<p>Dank seines Aromas wird er auch den Gaumen der anspruchsvollsten Kunden zufriedenstellen. Er wird nicht gefiltert, sondern nur regelm\u00e4\u00dfig dekantiert.<br \/>\nPairings: Sie werden nichts falsch machen, wenn Sie ihn mit gemischten Gem\u00fcsesalaten, wei\u00dfen Nudelgerichten mit Schalentieren, Gem\u00fcsebeilagen, edlem Fisch, gebratenem, gegrilltem wei\u00dfem Fleisch und frischem K\u00e4se kombinieren. <\/p>\n","protected":false},"excerpt":{"rendered":"<p>Natives Oliven\u00f6l extra, hergestellt aus einer strengen Auswahl gesunder, reifer Oliven. Ein muffiges natives \u00d6l mit einem vollen K\u00f6rper, angenehm s\u00fc\u00df, schmackhaft und aromatisch. Sein Duft wird auch den Gaumen der anspruchsvollsten Kunden zufriedenstellen.  <\/p>\n","protected":false},"featured_media":4455,"template":"","meta":[],"product_brand":[46],"product_cat":[129],"product_tag":[],"class_list":{"0":"post-4453","1":"product","2":"type-product","3":"status-publish","4":"has-post-thumbnail","6":"product_brand-frantoio-congedi","7":"product_cat-ol","9":"first","10":"instock","11":"taxable","12":"shipping-taxable","13":"purchasable","14":"product-type-simple"},"jetpack_sharing_enabled":true,"_links":{"self":[{"href":"https:\/\/frantoiocongedi.com\/de\/wp-json\/wp\/v2\/product\/4453","targetHints":{"allow":["GET"]}}],"collection":[{"href":"https:\/\/frantoiocongedi.com\/de\/wp-json\/wp\/v2\/product"}],"about":[{"href":"https:\/\/frantoiocongedi.com\/de\/wp-json\/wp\/v2\/types\/product"}],"version-history":[{"count":1,"href":"https:\/\/frantoiocongedi.com\/de\/wp-json\/wp\/v2\/product\/4453\/revisions"}],"predecessor-version":[{"id":2000001276,"href":"https:\/\/frantoiocongedi.com\/de\/wp-json\/wp\/v2\/product\/4453\/revisions\/2000001276"}],"wp:featuredmedia":[{"embeddable":true,"href":"https:\/\/frantoiocongedi.com\/de\/wp-json\/wp\/v2\/media\/4455"}],"wp:attachment":[{"href":"https:\/\/frantoiocongedi.com\/de\/wp-json\/wp\/v2\/media?parent=4453"}],"wp:term":[{"taxonomy":"product_brand","embeddable":true,"href":"https:\/\/frantoiocongedi.com\/de\/wp-json\/wp\/v2\/product_brand?post=4453"},{"taxonomy":"product_cat","embeddable":true,"href":"https:\/\/frantoiocongedi.com\/de\/wp-json\/wp\/v2\/product_cat?post=4453"},{"taxonomy":"product_tag","embeddable":true,"href":"https:\/\/frantoiocongedi.com\/de\/wp-json\/wp\/v2\/product_tag?post=4453"}],"curies":[{"name":"wp","href":"https:\/\/api.w.org\/{rel}","templated":true}]}}