{"id":4458,"date":"2025-06-18T12:10:43","date_gmt":"2025-06-18T12:10:43","guid":{"rendered":"https:\/\/frantoiocongedi.com\/product\/natives-olivenoel-extra-bio-05-l\/"},"modified":"2026-04-03T13:50:27","modified_gmt":"2026-04-03T13:50:27","slug":"natives-olivenoel-extra-bio-05-l","status":"publish","type":"product","link":"https:\/\/frantoiocongedi.com\/de\/prodotto\/natives-olivenoel-extra-bio-05-l\/","title":{"rendered":"Natives Oliven\u00f6l Extra &#8211; Bio 0,5 l"},"content":{"rendered":"<p>Natives Bio-Oliven\u00f6l extra<\/p>\n<p><strong>Olivensorte:<\/strong> besteht aus einer Auswahl der Sorten Leccino und Favolosa, die im November geerntet werden.<br \/>\n<strong>Sensorisches Profil:<\/strong> Das Ergebnis ist ein natives Oliven\u00f6l extra von mittlerer Fruchtigkeit, das in der Nase deutliche pflanzliche Noten aufweist und am Gaumen entschieden und anhaltend ist. Es ist mittelfruchtig und sehr komplex und verstr\u00f6mt Noten von Artischocken und gr\u00fcnen Oliven.<br \/>\n<strong>Passt zu:<\/strong> mittelgro\u00dfen bis gro\u00dfen strukturierten Gerichten wie ersten G\u00e4ngen mit Gem\u00fcse, wei\u00dfem Fleisch, Carpaccio von Thunfisch und Schwertfisch, gegrilltem Fisch oder Gem\u00fcse.<\/p>\n","protected":false},"excerpt":{"rendered":"<p>Bio ist ein \u00d6l, das aus Oliven gewonnen wird, die ausschlie\u00dflich aus biologischem Anbau stammen. Die Sorten sind Leccino und Favolosa, die typisch f\u00fcr Salento (Apulien) sind und im November ausschlie\u00dflich von Hand geerntet werden. <\/p>\n","protected":false},"featured_media":4460,"template":"","meta":[],"product_brand":[46],"product_cat":[129],"product_tag":[],"class_list":{"0":"post-4458","1":"product","2":"type-product","3":"status-publish","4":"has-post-thumbnail","6":"product_brand-frantoio-congedi","7":"product_cat-ol","9":"first","10":"instock","11":"taxable","12":"shipping-taxable","13":"purchasable","14":"product-type-simple"},"jetpack_sharing_enabled":true,"_links":{"self":[{"href":"https:\/\/frantoiocongedi.com\/de\/wp-json\/wp\/v2\/product\/4458","targetHints":{"allow":["GET"]}}],"collection":[{"href":"https:\/\/frantoiocongedi.com\/de\/wp-json\/wp\/v2\/product"}],"about":[{"href":"https:\/\/frantoiocongedi.com\/de\/wp-json\/wp\/v2\/types\/product"}],"version-history":[{"count":1,"href":"https:\/\/frantoiocongedi.com\/de\/wp-json\/wp\/v2\/product\/4458\/revisions"}],"predecessor-version":[{"id":2000000496,"href":"https:\/\/frantoiocongedi.com\/de\/wp-json\/wp\/v2\/product\/4458\/revisions\/2000000496"}],"wp:featuredmedia":[{"embeddable":true,"href":"https:\/\/frantoiocongedi.com\/de\/wp-json\/wp\/v2\/media\/4460"}],"wp:attachment":[{"href":"https:\/\/frantoiocongedi.com\/de\/wp-json\/wp\/v2\/media?parent=4458"}],"wp:term":[{"taxonomy":"product_brand","embeddable":true,"href":"https:\/\/frantoiocongedi.com\/de\/wp-json\/wp\/v2\/product_brand?post=4458"},{"taxonomy":"product_cat","embeddable":true,"href":"https:\/\/frantoiocongedi.com\/de\/wp-json\/wp\/v2\/product_cat?post=4458"},{"taxonomy":"product_tag","embeddable":true,"href":"https:\/\/frantoiocongedi.com\/de\/wp-json\/wp\/v2\/product_tag?post=4458"}],"curies":[{"name":"wp","href":"https:\/\/api.w.org\/{rel}","templated":true}]}}