{"id":4490,"date":"2026-01-07T11:56:17","date_gmt":"2026-01-07T11:56:17","guid":{"rendered":"https:\/\/frantoiocongedi.com\/product\/deno-natives-olivenoel-extra-entsteint-3-l\/"},"modified":"2026-04-15T18:25:06","modified_gmt":"2026-04-15T18:25:06","slug":"deno-natives-olivenoel-extra-entsteint-3-l","status":"publish","type":"product","link":"https:\/\/frantoiocongedi.com\/de\/prodotto\/deno-natives-olivenoel-extra-entsteint-3-l\/","title":{"rendered":"Den\u00f2 &#8211; Natives Oliven\u00f6l extra entsteint &#8211; 3 l"},"content":{"rendered":"<p><strong>Den\u00f2 <\/strong>ist das native Oliven\u00f6l extra, das das Ergebnis einer innovativen Technik von Frantoio Congedi ist, bei der der Stein pr\u00e4ventiv von den Steinfr\u00fcchten getrennt wird und nur das Olivenfruchtfleisch verarbeitet wird. Es zeichnet sich durch eine intensive, hellgr\u00fcne Farbe aus und hat einen reichhaltigen und harmonischen Geschmack mit Noten von bitteren und w\u00fcrzigen Fr\u00fcchten. <\/p>\n","protected":false},"excerpt":{"rendered":"<p>Den\u00f2 &#8211; entsteintes natives Oliven\u00f6l extra<\/p>\n<p>Dose 3 Lt. Kaltgepresstes &#8222;DENOCCIOLATO&#8220; 100% italienisches Natives Oliven\u00f6l Extra<\/p>\n","protected":false},"featured_media":4495,"template":"","meta":[],"product_brand":[46],"product_cat":[129],"product_tag":[],"class_list":{"0":"post-4490","1":"product","2":"type-product","3":"status-publish","4":"has-post-thumbnail","6":"product_brand-frantoio-congedi","7":"product_cat-ol","9":"first","10":"instock","11":"taxable","12":"shipping-taxable","13":"purchasable","14":"product-type-simple"},"jetpack_sharing_enabled":true,"_links":{"self":[{"href":"https:\/\/frantoiocongedi.com\/de\/wp-json\/wp\/v2\/product\/4490","targetHints":{"allow":["GET"]}}],"collection":[{"href":"https:\/\/frantoiocongedi.com\/de\/wp-json\/wp\/v2\/product"}],"about":[{"href":"https:\/\/frantoiocongedi.com\/de\/wp-json\/wp\/v2\/types\/product"}],"version-history":[{"count":2,"href":"https:\/\/frantoiocongedi.com\/de\/wp-json\/wp\/v2\/product\/4490\/revisions"}],"predecessor-version":[{"id":2000001838,"href":"https:\/\/frantoiocongedi.com\/de\/wp-json\/wp\/v2\/product\/4490\/revisions\/2000001838"}],"wp:featuredmedia":[{"embeddable":true,"href":"https:\/\/frantoiocongedi.com\/de\/wp-json\/wp\/v2\/media\/4495"}],"wp:attachment":[{"href":"https:\/\/frantoiocongedi.com\/de\/wp-json\/wp\/v2\/media?parent=4490"}],"wp:term":[{"taxonomy":"product_brand","embeddable":true,"href":"https:\/\/frantoiocongedi.com\/de\/wp-json\/wp\/v2\/product_brand?post=4490"},{"taxonomy":"product_cat","embeddable":true,"href":"https:\/\/frantoiocongedi.com\/de\/wp-json\/wp\/v2\/product_cat?post=4490"},{"taxonomy":"product_tag","embeddable":true,"href":"https:\/\/frantoiocongedi.com\/de\/wp-json\/wp\/v2\/product_tag?post=4490"}],"curies":[{"name":"wp","href":"https:\/\/api.w.org\/{rel}","templated":true}]}}