{"id":4520,"date":"2025-06-18T11:54:35","date_gmt":"2025-06-18T11:54:35","guid":{"rendered":"https:\/\/frantoiocongedi.com\/product\/chilipfeffer-natives-olivenoel-extra-gewuerz-025-l\/"},"modified":"2026-04-03T13:40:03","modified_gmt":"2026-04-03T13:40:03","slug":"chilipfeffer-natives-olivenoel-extra-gewuerz-025-l","status":"publish","type":"product","link":"https:\/\/frantoiocongedi.com\/de\/prodotto\/chilipfeffer-natives-olivenoel-extra-gewuerz-025-l\/","title":{"rendered":"Chilipfeffer Natives Oliven\u00f6l Extra Gew\u00fcrz 0,25 l"},"content":{"rendered":"<p>Ein Gew\u00fcrz aus nativem Oliven\u00f6l extra mit Chilipfeffer, hergestellt von der Frantoio Congedi \u00d6lm\u00fchle in Salento, Apulien<\/p>\n","protected":false},"excerpt":{"rendered":"<p>Natives Oliven\u00f6l extra mit Chiligeschmack, hergestellt von der Frantoio Congedi \u00d6lm\u00fchle in Salento, Apulien<\/p>\n","protected":false},"featured_media":4522,"template":"","meta":[],"product_brand":[46],"product_cat":[129],"product_tag":[],"class_list":{"0":"post-4520","1":"product","2":"type-product","3":"status-publish","4":"has-post-thumbnail","6":"product_brand-frantoio-congedi","7":"product_cat-ol","9":"first","10":"instock","11":"taxable","12":"shipping-taxable","13":"purchasable","14":"product-type-simple"},"jetpack_sharing_enabled":true,"_links":{"self":[{"href":"https:\/\/frantoiocongedi.com\/de\/wp-json\/wp\/v2\/product\/4520","targetHints":{"allow":["GET"]}}],"collection":[{"href":"https:\/\/frantoiocongedi.com\/de\/wp-json\/wp\/v2\/product"}],"about":[{"href":"https:\/\/frantoiocongedi.com\/de\/wp-json\/wp\/v2\/types\/product"}],"version-history":[{"count":1,"href":"https:\/\/frantoiocongedi.com\/de\/wp-json\/wp\/v2\/product\/4520\/revisions"}],"predecessor-version":[{"id":2000001266,"href":"https:\/\/frantoiocongedi.com\/de\/wp-json\/wp\/v2\/product\/4520\/revisions\/2000001266"}],"wp:featuredmedia":[{"embeddable":true,"href":"https:\/\/frantoiocongedi.com\/de\/wp-json\/wp\/v2\/media\/4522"}],"wp:attachment":[{"href":"https:\/\/frantoiocongedi.com\/de\/wp-json\/wp\/v2\/media?parent=4520"}],"wp:term":[{"taxonomy":"product_brand","embeddable":true,"href":"https:\/\/frantoiocongedi.com\/de\/wp-json\/wp\/v2\/product_brand?post=4520"},{"taxonomy":"product_cat","embeddable":true,"href":"https:\/\/frantoiocongedi.com\/de\/wp-json\/wp\/v2\/product_cat?post=4520"},{"taxonomy":"product_tag","embeddable":true,"href":"https:\/\/frantoiocongedi.com\/de\/wp-json\/wp\/v2\/product_tag?post=4520"}],"curies":[{"name":"wp","href":"https:\/\/api.w.org\/{rel}","templated":true}]}}