{"id":4528,"date":"2025-06-18T11:44:54","date_gmt":"2025-06-18T11:44:54","guid":{"rendered":"https:\/\/frantoiocongedi.com\/product\/trockenes-tomaten-knoblauch-gewuerz-natives-olivenoel-extra-025-l\/"},"modified":"2026-04-03T13:39:51","modified_gmt":"2026-04-03T13:39:51","slug":"trockenes-tomaten-knoblauch-gewuerz-natives-olivenoel-extra-025-l","status":"publish","type":"product","link":"https:\/\/frantoiocongedi.com\/de\/prodotto\/trockenes-tomaten-knoblauch-gewuerz-natives-olivenoel-extra-025-l\/","title":{"rendered":"Trockenes Tomaten-Knoblauch-Gew\u00fcrz Natives Oliven\u00f6l Extra 0,25 l"},"content":{"rendered":"<p>Ein Gew\u00fcrz aus getrockneten Tomaten und Knoblauch in nativem Oliven\u00f6l extra, hergestellt von der Frantoio Congedi \u00d6lm\u00fchle in Salento, Apulien<\/p>\n<p>&nbsp;<\/p>\n","protected":false},"excerpt":{"rendered":"<p>&nbsp;<\/p>\n<div class=\"columns\">\n<div class=\"column main\">\n<div class=\"product info detailed\">\n<div class=\"product data items\" role=\"tablist\">\n<div id=\"description\" class=\"data item content\" role=\"tabpanel\" aria-labelledby=\"tab-label-description\" data-role=\"content\" aria-hidden=\"false\">\n<div class=\"product attribute description\">\n<div class=\"value\">\n<p>Natives Oliven\u00f6l extra, aromatisiert mit getrockneten Tomaten und Knoblauch, hergestellt von der Frantoio Congedi \u00d6lm\u00fchle in Salento, Apulien<\/p>\n<\/div>\n<\/div>\n<\/div>\n<\/div>\n<\/div>\n<\/div>\n<\/div>\n<p>&nbsp;<\/p>\n","protected":false},"featured_media":4531,"template":"","meta":[],"product_brand":[46],"product_cat":[129],"product_tag":[],"class_list":{"0":"post-4528","1":"product","2":"type-product","3":"status-publish","4":"has-post-thumbnail","6":"product_brand-frantoio-congedi","7":"product_cat-ol","9":"first","10":"instock","11":"taxable","12":"shipping-taxable","13":"purchasable","14":"product-type-simple"},"jetpack_sharing_enabled":true,"_links":{"self":[{"href":"https:\/\/frantoiocongedi.com\/de\/wp-json\/wp\/v2\/product\/4528","targetHints":{"allow":["GET"]}}],"collection":[{"href":"https:\/\/frantoiocongedi.com\/de\/wp-json\/wp\/v2\/product"}],"about":[{"href":"https:\/\/frantoiocongedi.com\/de\/wp-json\/wp\/v2\/types\/product"}],"version-history":[{"count":1,"href":"https:\/\/frantoiocongedi.com\/de\/wp-json\/wp\/v2\/product\/4528\/revisions"}],"predecessor-version":[{"id":2000001264,"href":"https:\/\/frantoiocongedi.com\/de\/wp-json\/wp\/v2\/product\/4528\/revisions\/2000001264"}],"wp:featuredmedia":[{"embeddable":true,"href":"https:\/\/frantoiocongedi.com\/de\/wp-json\/wp\/v2\/media\/4531"}],"wp:attachment":[{"href":"https:\/\/frantoiocongedi.com\/de\/wp-json\/wp\/v2\/media?parent=4528"}],"wp:term":[{"taxonomy":"product_brand","embeddable":true,"href":"https:\/\/frantoiocongedi.com\/de\/wp-json\/wp\/v2\/product_brand?post=4528"},{"taxonomy":"product_cat","embeddable":true,"href":"https:\/\/frantoiocongedi.com\/de\/wp-json\/wp\/v2\/product_cat?post=4528"},{"taxonomy":"product_tag","embeddable":true,"href":"https:\/\/frantoiocongedi.com\/de\/wp-json\/wp\/v2\/product_tag?post=4528"}],"curies":[{"name":"wp","href":"https:\/\/api.w.org\/{rel}","templated":true}]}}