{"id":4538,"date":"2025-06-18T11:41:20","date_gmt":"2025-06-18T11:41:20","guid":{"rendered":"https:\/\/frantoiocongedi.com\/product\/amphora-collection-tuerkis-natives-olivenoel-extra-05-l\/"},"modified":"2026-04-07T08:57:45","modified_gmt":"2026-04-07T08:57:45","slug":"amphora-collection-tuerkis-natives-olivenoel-extra-05-l","status":"publish","type":"product","link":"https:\/\/frantoiocongedi.com\/de\/prodotto\/amphora-collection-tuerkis-natives-olivenoel-extra-05-l\/","title":{"rendered":"Amphora Collection T\u00fcrkis &#8211; Natives Oliven\u00f6l extra &#8211; 0,5 l"},"content":{"rendered":"<p>Natives Oliven\u00f6l extra<\/p>\n<p>Aus einer alten apulischen Tradition im Salento stammt das Projekt &#8218;Anfora Collection&#8216;, das die Kunst der Terrakottabearbeitung und die alte Tradition der Oliven\u00f6lproduktion der Familie Congedi vereint. Wir pr\u00e4sentieren sie Ihnen in verschiedenen Farben und mit einem modernen und raffinierten Design. Sie kann ein originelles Einrichtungsaccessoire sein, mit einem Dosierdeckel.  <\/p>\n<p>Code 0120 &#8211; Amphora T\u00fcrkis Evo 500 ml &#8222;Collection Line&#8220; &#8211; EAN-Code 8052405231208<\/p>\n","protected":false},"excerpt":{"rendered":"<p>Natives Oliven\u00f6l extra Aus einer alten apulischen Tradition im Salento stammt das Projekt &#8218;Anfora Collection&#8216;, das die Kunst der Terrakottabearbeitung<\/p>\n","protected":false},"featured_media":4542,"template":"","meta":[],"product_brand":[46],"product_cat":[112,129],"product_tag":[],"class_list":{"0":"post-4538","1":"product","2":"type-product","3":"status-publish","4":"has-post-thumbnail","6":"product_brand-frantoio-congedi","7":"product_cat-geschenk-ideen","8":"product_cat-ol","10":"first","11":"instock","12":"taxable","13":"shipping-taxable","14":"purchasable","15":"product-type-simple"},"jetpack_sharing_enabled":true,"_links":{"self":[{"href":"https:\/\/frantoiocongedi.com\/de\/wp-json\/wp\/v2\/product\/4538","targetHints":{"allow":["GET"]}}],"collection":[{"href":"https:\/\/frantoiocongedi.com\/de\/wp-json\/wp\/v2\/product"}],"about":[{"href":"https:\/\/frantoiocongedi.com\/de\/wp-json\/wp\/v2\/types\/product"}],"version-history":[{"count":1,"href":"https:\/\/frantoiocongedi.com\/de\/wp-json\/wp\/v2\/product\/4538\/revisions"}],"predecessor-version":[{"id":2000001459,"href":"https:\/\/frantoiocongedi.com\/de\/wp-json\/wp\/v2\/product\/4538\/revisions\/2000001459"}],"wp:featuredmedia":[{"embeddable":true,"href":"https:\/\/frantoiocongedi.com\/de\/wp-json\/wp\/v2\/media\/4542"}],"wp:attachment":[{"href":"https:\/\/frantoiocongedi.com\/de\/wp-json\/wp\/v2\/media?parent=4538"}],"wp:term":[{"taxonomy":"product_brand","embeddable":true,"href":"https:\/\/frantoiocongedi.com\/de\/wp-json\/wp\/v2\/product_brand?post=4538"},{"taxonomy":"product_cat","embeddable":true,"href":"https:\/\/frantoiocongedi.com\/de\/wp-json\/wp\/v2\/product_cat?post=4538"},{"taxonomy":"product_tag","embeddable":true,"href":"https:\/\/frantoiocongedi.com\/de\/wp-json\/wp\/v2\/product_tag?post=4538"}],"curies":[{"name":"wp","href":"https:\/\/api.w.org\/{rel}","templated":true}]}}