{"id":4585,"date":"2025-06-18T11:33:01","date_gmt":"2025-06-18T11:33:01","guid":{"rendered":"https:\/\/frantoiocongedi.com\/product\/taralli-casarecci\/"},"modified":"2025-06-18T11:33:01","modified_gmt":"2025-06-18T11:33:01","slug":"taralli-casarecci","status":"publish","type":"product","link":"https:\/\/frantoiocongedi.com\/de\/prodotto\/taralli-casarecci\/","title":{"rendered":"Taralli Casarecci"},"content":{"rendered":"<h2>Taralli Caserecci Salentini mit Nativem Oliven\u00f6l Extra Congedi: Authentizit\u00e4t und Tradition 300g<\/h2>\n<p>&nbsp;<\/p>\n<p>Die Taralli Caserecci Salentini verk\u00f6rpern die Essenz der kulinarischen Tradition des Salento, die durch handwerkliches K\u00f6nnen und die Verwendung unverf\u00e4lschter Zutaten direkt auf Ihren Tisch kommt. Diese mit Leidenschaft und Hingabe handgefertigten Taralli sind der authentischste Ausdruck des gastronomischen Erbes des Salento, bei dem der Geschmack auf die Einfachheit der hochwertigen Zutaten trifft. <\/p>\n<p>Das native Oliven\u00f6l extra von Congedi, die Hauptzutat dieses Rezepts, wird wegen seiner hervorragenden N\u00e4hrwerte und seines reichhaltigen Geschmacks ausgew\u00e4hlt, der den Taralli einen einzigartigen Duft und eine knackige Konsistenz verleiht. Dieses \u00d6l, das aus den besten apulischen Oliven gewonnen wird, ist die Grundlage, die unsere hausgemachten Taralli nicht nur k\u00f6stlich macht, sondern auch einen Mehrwert f\u00fcr Gesundheit und Wohlbefinden bietet. <\/p>\n<p>Die Taralli Caserecci Salentini sind ideal als Snack zu jeder Tageszeit und passen perfekt zu Vorspeisen, K\u00e4se und lokalen Weinen und bereichern jeden Moment der Geselligkeit mit dem wahren Geschmack S\u00fcditaliens. Ihr Rezept, das von Generation zu Generation weitergegeben wird, ist ein Symbol f\u00fcr die Gastfreundschaft und kulinarische Tradition des Salento und bietet ein Geschmackserlebnis, das von Heimat, Familie und Land spricht. <\/p>\n<p>Mit dem Kauf unserer Taralli Caserecci Salentini mit Nativem Oliven\u00f6l Extra Congedi entscheiden Sie sich f\u00fcr ein Produkt, das die Kultur, den Geschmack und die Tradition des Salento zelebriert. Bestellen Sie jetzt, um Ihren Pausenmomenten einen authentischen und unverwechselbaren Geschmack zu verleihen. <\/p>\n","protected":false},"excerpt":{"rendered":"<p>Taralli Caserecci Salentini mit Nativem Oliven\u00f6l Extra Congedi: Authentizit\u00e4t und Tradition 300g &nbsp; Die Taralli Caserecci Salentini verk\u00f6rpern die Essenz<\/p>\n","protected":false},"featured_media":3708,"template":"","meta":[],"product_brand":[46],"product_cat":[111,110],"product_tag":[],"class_list":{"0":"post-4585","1":"product","2":"type-product","3":"status-publish","4":"has-post-thumbnail","6":"product_brand-frantoio-congedi","7":"product_cat-die-speisekammer","8":"product_cat-taralli","10":"first","11":"instock","12":"taxable","13":"shipping-taxable","14":"purchasable","15":"product-type-simple"},"jetpack_sharing_enabled":true,"_links":{"self":[{"href":"https:\/\/frantoiocongedi.com\/de\/wp-json\/wp\/v2\/product\/4585","targetHints":{"allow":["GET"]}}],"collection":[{"href":"https:\/\/frantoiocongedi.com\/de\/wp-json\/wp\/v2\/product"}],"about":[{"href":"https:\/\/frantoiocongedi.com\/de\/wp-json\/wp\/v2\/types\/product"}],"version-history":[{"count":0,"href":"https:\/\/frantoiocongedi.com\/de\/wp-json\/wp\/v2\/product\/4585\/revisions"}],"wp:featuredmedia":[{"embeddable":true,"href":"https:\/\/frantoiocongedi.com\/de\/wp-json\/wp\/v2\/media\/3708"}],"wp:attachment":[{"href":"https:\/\/frantoiocongedi.com\/de\/wp-json\/wp\/v2\/media?parent=4585"}],"wp:term":[{"taxonomy":"product_brand","embeddable":true,"href":"https:\/\/frantoiocongedi.com\/de\/wp-json\/wp\/v2\/product_brand?post=4585"},{"taxonomy":"product_cat","embeddable":true,"href":"https:\/\/frantoiocongedi.com\/de\/wp-json\/wp\/v2\/product_cat?post=4585"},{"taxonomy":"product_tag","embeddable":true,"href":"https:\/\/frantoiocongedi.com\/de\/wp-json\/wp\/v2\/product_tag?post=4585"}],"curies":[{"name":"wp","href":"https:\/\/api.w.org\/{rel}","templated":true}]}}