{"id":2000000987,"date":"2025-06-18T13:59:22","date_gmt":"2025-06-18T13:59:22","guid":{"rendered":"https:\/\/frantoiocongedi.com\/entreprise\/"},"modified":"2026-04-01T15:15:33","modified_gmt":"2026-04-01T15:15:33","slug":"entreprise","status":"publish","type":"page","link":"https:\/\/frantoiocongedi.com\/fr\/entreprise\/","title":{"rendered":"Entreprise"},"content":{"rendered":"\t\t<div data-elementor-type=\"wp-page\" data-elementor-id=\"2000000987\" class=\"elementor elementor-2000000987\">\n\t\t\t\t<div class=\"wd-negative-gap elementor-element elementor-element-c98be3c e-flex e-con-boxed e-con e-parent\" data-id=\"c98be3c\" data-element_type=\"container\" data-e-type=\"container\">\n\t\t\t\t\t<div class=\"e-con-inner\">\n\t\t\t\t<div class=\"elementor-element elementor-element-d0fbb07 elementor-widget elementor-widget-heading\" data-id=\"d0fbb07\" data-element_type=\"widget\" data-e-type=\"widget\" data-widget_type=\"heading.default\">\n\t\t\t\t<div class=\"elementor-widget-container\">\n\t\t\t\t\t<h2 class=\"elementor-heading-title elementor-size-default\">Notre mission est de valoriser les produits traditionnels du Salento, notre terre, dans le respect de l'environnement et de la tradition familiale.<\/h2>\t\t\t\t<\/div>\n\t\t\t\t<\/div>\n\t\t\t\t<div class=\"elementor-element elementor-element-d1ddf93 color-scheme-inherit text-left elementor-widget elementor-widget-text-editor\" data-id=\"d1ddf93\" data-element_type=\"widget\" data-e-type=\"widget\" data-widget_type=\"text-editor.default\">\n\t\t\t\t<div class=\"elementor-widget-container\">\n\t\t\t\t\t\t\t\t\t<p>Nos atouts sont nombreux. Tout d&rsquo;abord, l&rsquo;une des particularit\u00e9s de notre entreprise d&rsquo;huile d&rsquo;olive dont nous sommes particuli\u00e8rement fiers est l&rsquo;utilisation pour la production de l&rsquo;huile d&rsquo;olive <a href=\"https:\/\/www.oliocongedi.com\/olio-pugliese\" target=\"_blank\" rel=\"noopener\"><strong>huile d&rsquo;olive vierge extra<\/strong> <\/a>de techniques innovantes et de pointe qui nous permettent de travailler de mani\u00e8re totalement durable, en r\u00e9duisant, voire en r\u00e9duisant \u00e0 z\u00e9ro, notre impact sur l&rsquo;environnement. Nous y sommes parvenus gr\u00e2ce \u00e0 diverses astuces <strong>\u00e9co-durables<\/strong>, telles que la r\u00e9utilisation des d\u00e9chets de production comme combustible, engrais et compl\u00e9ment de l&rsquo;alimentation animale, ou l&rsquo;extraction de l&rsquo;\u00e9nergie n\u00e9cessaire \u00e0 l&rsquo;usine de production \u00e0 partir du syst\u00e8me photovolta\u00efque. En outre, gr\u00e2ce \u00e0 des \u00e9quipements modernes, nous sommes parvenus \u00e0 r\u00e9duire la consommation d&rsquo;eau n\u00e9cessaire \u00e0 la production d&rsquo;huile d&rsquo;olive extra vierge, tout en am\u00e9liorant la <strong>qualit\u00e9 du<\/strong> produit final. La combinaison du respect de l&rsquo;environnement et de la recherche de normes de qualit\u00e9 \u00e9lev\u00e9es est le parfait r\u00e9sum\u00e9 de ce qu&rsquo;est l&rsquo;huile d&rsquo;olive extra vierge Congedi.    <\/p>\t\t\t\t\t\t\t\t<\/div>\n\t\t\t\t<\/div>\n\t\t\t\t<div class=\"elementor-element elementor-element-575a14e elementor-widget elementor-widget-image\" data-id=\"575a14e\" data-element_type=\"widget\" data-e-type=\"widget\" data-widget_type=\"image.default\">\n\t\t\t\t<div class=\"elementor-widget-container\">\n\t\t\t\t\t\t\t\t\t\t\t\t\t\t\t<img loading=\"lazy\" decoding=\"async\" width=\"800\" height=\"533\" src=\"https:\/\/frantoiocongedi.com\/wp-content\/uploads\/2025\/06\/azienda.jpg\" class=\"attachment-large size-large wp-image-2000000988\" alt=\"\" srcset=\"https:\/\/frantoiocongedi.com\/wp-content\/uploads\/2025\/06\/azienda.jpg 800w, https:\/\/frantoiocongedi.com\/wp-content\/uploads\/2025\/06\/azienda-150x100.jpg 150w, https:\/\/frantoiocongedi.com\/wp-content\/uploads\/2025\/06\/azienda-300x200.jpg 300w, https:\/\/frantoiocongedi.com\/wp-content\/uploads\/2025\/06\/azienda-768x512.jpg 768w\" sizes=\"auto, (max-width: 800px) 100vw, 800px\" \/>\t\t\t\t\t\t\t\t\t\t\t\t\t\t\t<\/div>\n\t\t\t\t<\/div>\n\t\t\t\t\t<\/div>\n\t\t\t\t<\/div>\n\t\t<div class=\"wd-negative-gap elementor-element elementor-element-144f4f7 e-flex e-con-boxed e-con e-parent\" data-id=\"144f4f7\" data-element_type=\"container\" data-e-type=\"container\">\n\t\t\t\t\t<div class=\"e-con-inner\">\n\t\t\t\t<div class=\"elementor-element elementor-element-67e49a7 color-scheme-inherit text-left elementor-widget elementor-widget-text-editor\" data-id=\"67e49a7\" data-element_type=\"widget\" data-e-type=\"widget\" data-widget_type=\"text-editor.default\">\n\t\t\t\t<div class=\"elementor-widget-container\">\n\t\t\t\t\t\t\t\t\t<p><br>Toute l&rsquo;activit\u00e9 de notre entreprise, des principaux processus de production aux plus petits d\u00e9tails, est prise en charge avec d\u00e9vouement et passion, afin de garantir \u00e0 nos clients l&rsquo;am\u00e9lioration constante et progressive du r\u00e9sultat final. Notre client, v\u00e9ritable pivot autour duquel tourne notre engagement quotidien, et \u00e0 qui nous garantissons <strong>attention<\/strong>, <strong>qualit\u00e9<\/strong> et <strong>innovation<\/strong>, emportera donc chez lui un <strong>produit de la plus haute qualit\u00e9<\/strong>, <strong>100 % italien<\/strong>, une <strong>huile des Pouilles<\/strong>, <a href=\"https:\/\/www.oliocongedi.com\/coltivato-nel-salento\" target=\"_blank\" rel=\"noopener\"><strong>cultiv\u00e9e dans le Salento<\/strong> <\/a>. <\/p><p>Au cours de sa longue histoire, <strong>Olio Congedi<\/strong> a \u00e9t\u00e9 une <strong>entreprise du Salento<\/strong> qui s&rsquo;est toujours distingu\u00e9e par sa volont\u00e9 d&rsquo;am\u00e9liorer constamment et sans cesse la qualit\u00e9 de l&rsquo;huile d <strong>&lsquo;olive<\/strong> extra vierge. <a href=\"https:\/\/www.oliocongedi.com\/olio-extravergine-italiano\" target=\"_blank\" rel=\"noopener\"><strong>l&rsquo;huile d&rsquo;olive vierge extra<\/strong> <\/a>qu&rsquo;elle produit avec fiert\u00e9, depuis le soin de l&rsquo;<strong>olivier<\/strong> jusqu&rsquo;\u00e0 la production et la conservation ult\u00e9rieure de l&rsquo;huile d&rsquo;olive extra vierge du Salento. <a href=\"https:\/\/www.oliocongedi.com\/olio-del-salento\" target=\"_blank\" rel=\"noopener\"><strong>huile d&rsquo;olive extra vierge du Salento<\/strong> <\/a>Cette op\u00e9ration s&rsquo;effectue \u00e0 temp\u00e9rature contr\u00f4l\u00e9e, dans des cuves en acier inoxydable, puis sous azote afin de garantir la qualit\u00e9 du produit lors de son stockage et de son conditionnement.<br><br>La tradition familiale a jou\u00e9 un r\u00f4le fondamental dans l&rsquo;histoire de notre entreprise, car elle a permis la transmission de connaissances et de secrets de gen\u00e8se ancienne qui ont surv\u00e9cu au passage du temps, donnant aujourd&rsquo;hui \u00e0 notre terre, le <a href=\"https:\/\/www.oliocongedi.com\/salento\" target=\"_blank\" rel=\"noopener\"><strong>Salento<\/strong> <\/a>la possibilit\u00e9 d&rsquo;avoir un <strong>produit artisanal<\/strong>, <strong>typique du Salento<\/strong>, qui non seulement r\u00e9pond aux besoins du march\u00e9 en mati\u00e8re d&rsquo;innovation et de durabilit\u00e9, mais qui a une contrepartie qui le rend unique et le distingue de tous les autres : la <strong>force de la tradition<\/strong>. En m\u00eame temps, ce qui contribue de mani\u00e8re significative \u00e0 la production d&rsquo;un produit de qualit\u00e9 sup\u00e9rieure, c&rsquo;est la <strong>grande passion<\/strong> que tous les membres de la famille et les employ\u00e9s consacrent quotidiennement \u00e0 leur travail.  Ce dernier a \u00e9t\u00e9 un \u00e9l\u00e9ment cl\u00e9 dans l&rsquo;obtention de plusieurs prix et r\u00e9compenses. <a href=\"https:\/\/www.oliocongedi.com\/riconoscimenti\" target=\"_blank\" rel=\"noopener\"><strong>prix et r\u00e9compenses<\/strong> <\/a>prix prestigieux dans le secteur.<\/p>\t\t\t\t\t\t\t\t<\/div>\n\t\t\t\t<\/div>\n\t\t\t\t\t<\/div>\n\t\t\t\t<\/div>\n\t\t<div class=\"wd-negative-gap elementor-element elementor-element-40fe323 e-flex e-con-boxed e-con e-parent\" data-id=\"40fe323\" data-element_type=\"container\" data-e-type=\"container\">\n\t\t\t\t\t<div class=\"e-con-inner\">\n\t\t\t\t<div class=\"elementor-element elementor-element-df904a5 elementor-widget elementor-widget-image\" data-id=\"df904a5\" data-element_type=\"widget\" data-e-type=\"widget\" data-widget_type=\"image.default\">\n\t\t\t\t<div class=\"elementor-widget-container\">\n\t\t\t\t\t\t\t\t\t\t\t\t\t\t\t<img loading=\"lazy\" decoding=\"async\" width=\"900\" height=\"600\" src=\"https:\/\/frantoiocongedi.com\/wp-content\/uploads\/2025\/06\/IMG_5655.jpg\" class=\"attachment-large size-large wp-image-2000000989\" alt=\"\" srcset=\"https:\/\/frantoiocongedi.com\/wp-content\/uploads\/2025\/06\/IMG_5655.jpg 900w, https:\/\/frantoiocongedi.com\/wp-content\/uploads\/2025\/06\/IMG_5655-150x100.jpg 150w, https:\/\/frantoiocongedi.com\/wp-content\/uploads\/2025\/06\/IMG_5655-300x200.jpg 300w, https:\/\/frantoiocongedi.com\/wp-content\/uploads\/2025\/06\/IMG_5655-768x512.jpg 768w\" sizes=\"auto, (max-width: 900px) 100vw, 900px\" \/>\t\t\t\t\t\t\t\t\t\t\t\t\t\t\t<\/div>\n\t\t\t\t<\/div>\n\t\t\t\t<div class=\"elementor-element elementor-element-797cfd2 color-scheme-inherit text-left elementor-widget elementor-widget-text-editor\" data-id=\"797cfd2\" data-element_type=\"widget\" data-e-type=\"widget\" data-widget_type=\"text-editor.default\">\n\t\t\t\t<div class=\"elementor-widget-container\">\n\t\t\t\t\t\t\t\t\t<p> <\/p><p>Enfin, l&rsquo;un des atouts de l&rsquo;entreprise, totalement gratuit, est la <strong>mer.<\/strong> La splendide <strong>mer du Salento<\/strong>, du bleu de ses profondeurs, exerce son influence jusqu&rsquo;aux <strong>terres<\/strong> jaunes et ensoleill\u00e9es <strong>du Salento<\/strong>, o\u00f9 s&rsquo;\u00e9tendent les <strong>oliveraies de<\/strong> l&rsquo;entreprise <strong>Olio Congedi<\/strong>, offrant un microclimat favorable \u00e0 la croissance et \u00e0 la conservation saine de l&rsquo;<strong>olivier<\/strong>, permettant ainsi, avant m\u00eame que les <strong>olives<\/strong> ne m\u00fbrissent et ne soient r\u00e9colt\u00e9es, le d\u00e9veloppement d&rsquo;un environnement ayant toutes les qualit\u00e9s requises pour r\u00e9ussir. <\/p><p> <\/p>\t\t\t\t\t\t\t\t<\/div>\n\t\t\t\t<\/div>\n\t\t\t\t\t<\/div>\n\t\t\t\t<\/div>\n\t\t\t\t<\/div>\n\t\t","protected":false},"excerpt":{"rendered":"<p>Notre mission est de valoriser les produits traditionnels du Salento, notre terre, dans le respect de l&rsquo;environnement et de la<\/p>\n","protected":false},"author":1,"featured_media":0,"parent":0,"menu_order":0,"comment_status":"closed","ping_status":"closed","template":"","meta":{"footnotes":""},"class_list":["post-2000000987","page","type-page","status-publish","hentry"],"jetpack_sharing_enabled":true,"_links":{"self":[{"href":"https:\/\/frantoiocongedi.com\/fr\/wp-json\/wp\/v2\/pages\/2000000987","targetHints":{"allow":["GET"]}}],"collection":[{"href":"https:\/\/frantoiocongedi.com\/fr\/wp-json\/wp\/v2\/pages"}],"about":[{"href":"https:\/\/frantoiocongedi.com\/fr\/wp-json\/wp\/v2\/types\/page"}],"author":[{"embeddable":true,"href":"https:\/\/frantoiocongedi.com\/fr\/wp-json\/wp\/v2\/users\/1"}],"replies":[{"embeddable":true,"href":"https:\/\/frantoiocongedi.com\/fr\/wp-json\/wp\/v2\/comments?post=2000000987"}],"version-history":[{"count":1,"href":"https:\/\/frantoiocongedi.com\/fr\/wp-json\/wp\/v2\/pages\/2000000987\/revisions"}],"predecessor-version":[{"id":2000000991,"href":"https:\/\/frantoiocongedi.com\/fr\/wp-json\/wp\/v2\/pages\/2000000987\/revisions\/2000000991"}],"wp:attachment":[{"href":"https:\/\/frantoiocongedi.com\/fr\/wp-json\/wp\/v2\/media?parent=2000000987"}],"curies":[{"name":"wp","href":"https:\/\/api.w.org\/{rel}","templated":true}]}}