{"id":2000000999,"date":"2025-11-19T10:14:12","date_gmt":"2025-11-19T10:14:12","guid":{"rendered":"https:\/\/frantoiocongedi.com\/huile-dolive-italienne\/"},"modified":"2026-04-01T15:16:19","modified_gmt":"2026-04-01T15:16:19","slug":"huile-dolive-italienne","status":"publish","type":"page","link":"https:\/\/frantoiocongedi.com\/fr\/huile-dolive-italienne\/","title":{"rendered":"Huile d&rsquo;olive italienne"},"content":{"rendered":"\n<p>L&rsquo;<strong>huile d&rsquo;olive<\/strong> 100%<strong>italienne<\/strong> a toujours \u00e9t\u00e9 une <strong>garantie<\/strong> qui assure l&rsquo;<strong>authenticit\u00e9 de<\/strong> <strong>nos produits.<\/strong><\/p>\n\n<hr class=\"wp-block-separator has-alpha-channel-opacity\"\/>\n\n<p>Dans nos cat\u00e9gories de produits, huile, m\u00e9diterran\u00e9enne et aromatis\u00e9e, nous garantissons \u00e0 nos clients une <strong>huile d&rsquo;olive italienne<\/strong>!<\/p>\n\n<p>De l&rsquo;union de la <strong>tradition<\/strong> et de l&rsquo;<strong>innovation<\/strong> na\u00eet l&rsquo;huile d&rsquo;olive extra vierge<a href=\"https:\/\/www.oliocongedi.com\/olio-e-salute\/\" target=\"_blank\" rel=\"noopener\"><strong>l&rsquo;huile d&rsquo;olive vierge extra Congedi<\/strong><\/a>. Depuis quatre g\u00e9n\u00e9rations, <strong>Olio Congedi<\/strong> entretient son empire d&rsquo;<strong>oliviers<\/strong> dans les terres chaudes et humides du <a href=\"https:\/\/www.oliocongedi.com\/salento\/\" target=\"_blank\" rel=\"noopener\"><strong>Salento,<\/strong><\/a> au sud des <a href=\"https:\/\/www.oliocongedi.com\/puglia\/\" target=\"_blank\" rel=\"noopener\"><strong>Pouilles,<\/strong><\/a> pour produire une <a href=\"https:\/\/www.oliocongedi.com\/olio-doliva-italiano-puglia\/\" target=\"_blank\" rel=\"noopener\">huile 100% italienne<\/a>, garantie pour le consommateur, fruit de la passion de cette famille pour son travail et de la force de la tradition. Les installations modernes de notre huilerie ont permis de produire une <a href=\"https:\/\/www.oliocongedi.com\/olio-del-salento\/\" target=\"_blank\" rel=\"noopener\">huile de la<\/a> <strong>r\u00e9gion du<\/strong> Salento dans une perspective totalement \u00e9cologique <strong>,<\/strong> avec une <strong>protection<\/strong> maximale <strong>de la terre<\/strong> et un impact environnemental nul.  <\/p>\n\n<p>L&rsquo;<a href=\"https:\/\/www.oliocongedi.com\/coltivato-nel-salento\/\" target=\"_blank\" rel=\"noopener\">huile produite dans le Salento<\/a> a un pourcentage d&rsquo;acidit\u00e9 qui ne d\u00e9passe jamais 1 %, c&rsquo;est donc le meilleur ingr\u00e9dient pour pr\u00e9parer un plat parfait. Quelques gouttes d&rsquo;<strong>huile extra vierge italienne<\/strong>, ajout\u00e9es crues juste avant de servir \u00e0 table, rendront votre plat<strong> plus savoureux<\/strong>, plus <strong>authentique<\/strong> et plus <strong>d\u00e9licieux<\/strong>. <\/p>\n\n<p>Notre huile d&rsquo;olive extra vierge, 100 % italienne, est <strong>reconnue dans le monde entier<\/strong> et a re\u00e7u de nombreux <a href=\"https:\/\/www.oliocongedi.com\/riconoscimenti\/\" target=\"_blank\" rel=\"noopener\">prix et reconnaissances<\/a>. Elle a re\u00e7u l&rsquo;<strong>appellation d&rsquo;origine prot\u00e9g\u00e9e<\/strong> pour la haute qualit\u00e9 du produit, sous le nom d&rsquo;<strong>Olio delle Terre d&rsquo;Otranto<\/strong>, et a re\u00e7u plusieurs <a href=\"https:\/\/www.oliocongedi.com\/qualita-olio-extravergine-pugliese\/\" target=\"_blank\" rel=\"noopener\">certifications de qualit\u00e9<\/a> prestigieuses dans l&rsquo;industrie. <\/p>\n\n<p>En outre, gr\u00e2ce au syst\u00e8me d&rsquo;autocontr\u00f4le H.A.C.C.P., nous garantissons \u00e0 nos clients les <strong>qualit\u00e9s de<\/strong> <strong>s\u00e9curit\u00e9 alimentaire<\/strong> et d&rsquo;<strong>hygi\u00e8ne de<\/strong> l&rsquo;<a href=\"https:\/\/www.oliocongedi.com\/olio-puglia\/\" target=\"_blank\" rel=\"noopener\">huile d&rsquo;olive des Pouilles<\/a> qui caract\u00e9risent chaque phase des processus de production, de transformation et d&rsquo;\u00e9laboration jusqu&rsquo;\u00e0 l&rsquo;obtention du produit final vierge extra.<\/p>\n\n<figure class=\"wp-block-gallery has-nested-images columns-default is-cropped wp-block-gallery-1 is-layout-flex wp-block-gallery-is-layout-flex\">\n<figure class=\"wp-block-image size-large\"><img loading=\"lazy\" decoding=\"async\" width=\"500\" height=\"500\" data-id=\"1087\" src=\"https:\/\/frantoiocongedi.com\/wp-content\/uploads\/2025\/06\/Bag-In-Box-3-Lt.-Olio-Extra-Vergine-di-oliva-100-Italiano-Estratto-a-freddo-22Coratina22-.jpg\" alt=\"\" class=\"wp-image-1087\" srcset=\"https:\/\/frantoiocongedi.com\/wp-content\/uploads\/2025\/06\/Bag-In-Box-3-Lt.-Olio-Extra-Vergine-di-oliva-100-Italiano-Estratto-a-freddo-22Coratina22-.jpg 500w, https:\/\/frantoiocongedi.com\/wp-content\/uploads\/2025\/06\/Bag-In-Box-3-Lt.-Olio-Extra-Vergine-di-oliva-100-Italiano-Estratto-a-freddo-22Coratina22--150x150.jpg 150w, https:\/\/frantoiocongedi.com\/wp-content\/uploads\/2025\/06\/Bag-In-Box-3-Lt.-Olio-Extra-Vergine-di-oliva-100-Italiano-Estratto-a-freddo-22Coratina22--300x300.jpg 300w\" sizes=\"auto, (max-width: 500px) 100vw, 500px\" \/><\/figure>\n\n\n\n<figure class=\"wp-block-image size-large\"><img loading=\"lazy\" decoding=\"async\" width=\"500\" height=\"500\" data-id=\"1084\" src=\"https:\/\/frantoiocongedi.com\/wp-content\/uploads\/2025\/06\/Bag-In-Box-3-Lt.-Olio-Extra-Vergine-di-oliva-100-Italiano-Estratto-a-freddo-22Ogliarola22-.jpg\" alt=\"\" class=\"wp-image-1084\" srcset=\"https:\/\/frantoiocongedi.com\/wp-content\/uploads\/2025\/06\/Bag-In-Box-3-Lt.-Olio-Extra-Vergine-di-oliva-100-Italiano-Estratto-a-freddo-22Ogliarola22-.jpg 500w, https:\/\/frantoiocongedi.com\/wp-content\/uploads\/2025\/06\/Bag-In-Box-3-Lt.-Olio-Extra-Vergine-di-oliva-100-Italiano-Estratto-a-freddo-22Ogliarola22--150x150.jpg 150w, https:\/\/frantoiocongedi.com\/wp-content\/uploads\/2025\/06\/Bag-In-Box-3-Lt.-Olio-Extra-Vergine-di-oliva-100-Italiano-Estratto-a-freddo-22Ogliarola22--300x300.jpg 300w\" sizes=\"auto, (max-width: 500px) 100vw, 500px\" \/><\/figure>\n\n\n\n<figure class=\"wp-block-image size-large\"><img loading=\"lazy\" decoding=\"async\" width=\"500\" height=\"500\" data-id=\"1081\" src=\"https:\/\/frantoiocongedi.com\/wp-content\/uploads\/2025\/06\/Bag-In-Box-3-Lt.-Olio-Extra-Vergine-di-oliva-100-Italiano-Estratto-a-freddo-22DOP22.jpg\" alt=\"\" class=\"wp-image-1081\" srcset=\"https:\/\/frantoiocongedi.com\/wp-content\/uploads\/2025\/06\/Bag-In-Box-3-Lt.-Olio-Extra-Vergine-di-oliva-100-Italiano-Estratto-a-freddo-22DOP22.jpg 500w, https:\/\/frantoiocongedi.com\/wp-content\/uploads\/2025\/06\/Bag-In-Box-3-Lt.-Olio-Extra-Vergine-di-oliva-100-Italiano-Estratto-a-freddo-22DOP22-150x150.jpg 150w, https:\/\/frantoiocongedi.com\/wp-content\/uploads\/2025\/06\/Bag-In-Box-3-Lt.-Olio-Extra-Vergine-di-oliva-100-Italiano-Estratto-a-freddo-22DOP22-300x300.jpg 300w\" sizes=\"auto, (max-width: 500px) 100vw, 500px\" \/><\/figure>\n\n\n\n<figure class=\"wp-block-image size-large\"><img loading=\"lazy\" decoding=\"async\" width=\"500\" height=\"500\" data-id=\"1101\" src=\"https:\/\/frantoiocongedi.com\/wp-content\/uploads\/2025\/06\/Bag-In-Box-3-Lt.-Olio-Extra-Vergine-di-oliva-100-Italiano-Estratto-a-freddo-22Favolosa22.jpg\" alt=\"\" class=\"wp-image-1101\" srcset=\"https:\/\/frantoiocongedi.com\/wp-content\/uploads\/2025\/06\/Bag-In-Box-3-Lt.-Olio-Extra-Vergine-di-oliva-100-Italiano-Estratto-a-freddo-22Favolosa22.jpg 500w, https:\/\/frantoiocongedi.com\/wp-content\/uploads\/2025\/06\/Bag-In-Box-3-Lt.-Olio-Extra-Vergine-di-oliva-100-Italiano-Estratto-a-freddo-22Favolosa22-150x150.jpg 150w, https:\/\/frantoiocongedi.com\/wp-content\/uploads\/2025\/06\/Bag-In-Box-3-Lt.-Olio-Extra-Vergine-di-oliva-100-Italiano-Estratto-a-freddo-22Favolosa22-300x300.jpg 300w\" sizes=\"auto, (max-width: 500px) 100vw, 500px\" \/><\/figure>\n\n\n\n<figure class=\"wp-block-image size-large\"><img loading=\"lazy\" decoding=\"async\" width=\"500\" height=\"500\" data-id=\"1104\" src=\"https:\/\/frantoiocongedi.com\/wp-content\/uploads\/2025\/06\/Bag-In-Box-3-Lt.-Olio-Extra-Vergine-di-oliva-100-Italiano-Estratto-a-freddo-22IGP22-.jpg\" alt=\"\" class=\"wp-image-1104\" srcset=\"https:\/\/frantoiocongedi.com\/wp-content\/uploads\/2025\/06\/Bag-In-Box-3-Lt.-Olio-Extra-Vergine-di-oliva-100-Italiano-Estratto-a-freddo-22IGP22-.jpg 500w, https:\/\/frantoiocongedi.com\/wp-content\/uploads\/2025\/06\/Bag-In-Box-3-Lt.-Olio-Extra-Vergine-di-oliva-100-Italiano-Estratto-a-freddo-22IGP22--150x150.jpg 150w, https:\/\/frantoiocongedi.com\/wp-content\/uploads\/2025\/06\/Bag-In-Box-3-Lt.-Olio-Extra-Vergine-di-oliva-100-Italiano-Estratto-a-freddo-22IGP22--300x300.jpg 300w\" sizes=\"auto, (max-width: 500px) 100vw, 500px\" \/><\/figure>\n<\/figure>\n","protected":false},"excerpt":{"rendered":"<p>L&rsquo;huile d&rsquo;olive 100%italienne a toujours \u00e9t\u00e9 une garantie qui assure l&rsquo;authenticit\u00e9 de nos produits. Dans nos cat\u00e9gories de produits, huile,<\/p>\n","protected":false},"author":1,"featured_media":0,"parent":0,"menu_order":0,"comment_status":"closed","ping_status":"closed","template":"","meta":{"footnotes":""},"class_list":["post-2000000999","page","type-page","status-publish","hentry"],"jetpack_sharing_enabled":true,"_links":{"self":[{"href":"https:\/\/frantoiocongedi.com\/fr\/wp-json\/wp\/v2\/pages\/2000000999","targetHints":{"allow":["GET"]}}],"collection":[{"href":"https:\/\/frantoiocongedi.com\/fr\/wp-json\/wp\/v2\/pages"}],"about":[{"href":"https:\/\/frantoiocongedi.com\/fr\/wp-json\/wp\/v2\/types\/page"}],"author":[{"embeddable":true,"href":"https:\/\/frantoiocongedi.com\/fr\/wp-json\/wp\/v2\/users\/1"}],"replies":[{"embeddable":true,"href":"https:\/\/frantoiocongedi.com\/fr\/wp-json\/wp\/v2\/comments?post=2000000999"}],"version-history":[{"count":1,"href":"https:\/\/frantoiocongedi.com\/fr\/wp-json\/wp\/v2\/pages\/2000000999\/revisions"}],"predecessor-version":[{"id":2000001000,"href":"https:\/\/frantoiocongedi.com\/fr\/wp-json\/wp\/v2\/pages\/2000000999\/revisions\/2000001000"}],"wp:attachment":[{"href":"https:\/\/frantoiocongedi.com\/fr\/wp-json\/wp\/v2\/media?parent=2000000999"}],"curies":[{"name":"wp","href":"https:\/\/api.w.org\/{rel}","templated":true}]}}