{"id":2000001003,"date":"2025-06-18T13:10:55","date_gmt":"2025-06-18T13:10:55","guid":{"rendered":"https:\/\/frantoiocongedi.com\/cycle-de-production\/"},"modified":"2026-04-01T15:16:18","modified_gmt":"2026-04-01T15:16:18","slug":"cycle-de-production","status":"publish","type":"page","link":"https:\/\/frantoiocongedi.com\/fr\/cycle-de-production\/","title":{"rendered":"Cycle de production"},"content":{"rendered":"\t\t<div data-elementor-type=\"wp-page\" data-elementor-id=\"2000001003\" class=\"elementor elementor-2000001003\">\n\t\t\t\t\t\t<section class=\"wd-negative-gap elementor-section elementor-top-section elementor-element elementor-element-1d025e51 elementor-section-boxed elementor-section-height-default elementor-section-height-default\" data-id=\"1d025e51\" data-element_type=\"section\" data-e-type=\"section\">\n\t\t\t\t\t\t<div class=\"elementor-container elementor-column-gap-default\">\n\t\t\t\t\t<div class=\"elementor-column elementor-col-100 elementor-top-column elementor-element elementor-element-51590a3c\" data-id=\"51590a3c\" data-element_type=\"column\" data-e-type=\"column\">\n\t\t\t<div class=\"elementor-widget-wrap elementor-element-populated\">\n\t\t\t\t\t\t<div class=\"elementor-element elementor-element-253b13b2 wd-width-100 elementor-widget elementor-widget-wd_title\" data-id=\"253b13b2\" data-element_type=\"widget\" data-e-type=\"widget\" data-widget_type=\"wd_title.default\">\n\t\t\t\t<div class=\"elementor-widget-container\">\n\t\t\t\t\t\t\t<div class=\"title-wrapper wd-set-mb reset-last-child wd-title-color-primary wd-title-style-bordered wd-title-size-default text-center\">\n\n\t\t\t\t\t\t\t\t\t\t\t<div class=\"title-subtitle subtitle-color-primary subtitle-style-default wd-fontsize-xs\">\n\t\t\t\t\tComment cela se passe-t-il ?\t\t\t\t<\/div>\n\t\t\t\n\t\t\t<div class=\"liner-continer\">\n\t\t\t\t<h4 class=\"woodmart-title-container title wd-fontsize-l\">Le processus de transformation<\/h4> \n\t\t\t\t\t\t\t<\/div>\n\n\t\t\t\t\t\t\t<div class=\"title-after_title reset-last-child wd-fontsize-xs\">\n\t\t\t\t\t<p>Le processus de transformation des olives en huile d'olive extra vierge 100% italienne comprend plusieurs op\u00e9rations pr\u00e9paratoires et \u00e9tudi\u00e9es dans les moindres d\u00e9tails.<\/p>\t\t\t\t<\/div>\n\t\t\t\t\t<\/div>\n\t\t\t\t\t\t<\/div>\n\t\t\t\t<\/div>\n\t\t\t\t<div class=\"elementor-element elementor-element-5d0c33c3 elementor-widget elementor-widget-wd_timeline\" data-id=\"5d0c33c3\" data-element_type=\"widget\" data-e-type=\"widget\" data-widget_type=\"wd_timeline.default\">\n\t\t\t\t<div class=\"elementor-widget-container\">\n\t\t\t\t\t\t\t<div class=\"wd-timeline-wrapper wd-item-shadow wd-line-dashed\">\n\t\t\t<div class=\"woodmart-timeline-line\">\n\t\t\t\t<span class=\"line-dot dot-start\"><\/span>\n\t\t\t\t<span class=\"line-dot dot-end\"><\/span>\n\t\t\t<\/div>\n\n\t\t\t<div class=\"wd-timeline\">\n\t\t\t\t\t\t\t\t\t\t\t\t\t\t\t\t\t\t\t\t<div class=\"wd-timeline-breakpoint elementor-repeater-item-72517f7\">\n\t\t\t\t\t\t\t<span class=\"woodmart-timeline-breakpoint-title\">\n\t\t\t\t\t\t\t\tLa collection\t\t\t\t\t\t\t<\/span>\n\t\t\t\t\t\t<\/div>\n\t\t\t\t\t\t\t\t\t\t\t\t\t\t\t\t\t\t\t\t\t\t\t\t\t<div class=\"wd-timeline-item wd-item-position-left elementor-repeater-item-aef73d4\">\n\t\t\t\t\t\t\t<div class=\"woodmart-timeline-dot\"><\/div>\n\n\t\t\t\t\t\t\t<div class=\"timeline-col timeline-col-primary\">\n\t\t\t\t\t\t\t\t<span class=\"timeline-arrow\"><\/span>\n\t\t\t\t\t\t\t\t\n\t\t\t\t\t\t\t\t\n\t\t\t\t\t\t\t\t<div class=\"wd-timeline-content wd-set-mb reset-last-child\">\n\t\t\t\t\t\t\t\t\t<div class=\"col-content left-history\"><p>La <strong>r\u00e9colte des<\/strong> olives dans les Pouilles commence g\u00e9n\u00e9ralement entre octobre et d\u00e9cembre. Les olives du Salento sont cueillies <strong>directement sur l'arbre<\/strong> au <strong>bon degr\u00e9 de maturit\u00e9<\/strong>, appel\u00e9 <strong>v\u00e9raison<\/strong>. La m\u00e9thode de r\u00e9colte utilis\u00e9e d\u00e9pend de l'arbre ; elle peut \u00eatre en partie m\u00e9canique, par secouage, et en partie manuelle, par cueillette \u00e0 la main. Les olives traditionnelles des Pouilles sont plac\u00e9es dans des caisses ventil\u00e9es et transport\u00e9es imm\u00e9diatement au <strong>moulin \u00e0 huile<\/strong> pour y \u00eatre trait\u00e9es. Cette phase est tr\u00e8s importante pour \u00e9viter le d\u00e9but de la fermentation et de l'oxydation. Pour obtenir une<a href=\"https:\/\/www.oliocongedi.com\/coltivato-nel-salento\" target=\"_blank\" rel=\"noopener\"><strong>huile d'olive vierge extra de qualit\u00e9<\/strong> <strong>cultiv\u00e9e dans le Salento<\/strong><\/a>chaque moment de la transformation doit \u00eatre soigneusement contr\u00f4l\u00e9 et v\u00e9rifi\u00e9 dans ses points critiques, car une erreur au cours de la transformation aurait une incidence d\u00e9cisive sur la qualit\u00e9 du produit. <a href=\"https:\/\/www.oliocongedi.com\/qualita-olio-extravergine-pugliese\" target=\"_blank\" rel=\"noopener\"><strong>qualit\u00e9 du produit<\/strong><\/a> et serait difficilement r\u00e9cup\u00e9rable.     <\/p><\/div><div class=\"col-content right-history\"> <\/div>\t\t\t\t\t\t\t\t<\/div>\n\t\t\t\t\t\t\t<\/div>\n\n\t\t\t\t\t\t\t<div class=\"timeline-col timeline-col-secondary\">\n\t\t\t\t\t\t\t\t<span class=\"timeline-arrow\"><\/span>\n\t\t\t\t\t\t\t\t\t\t\t\t\t\t\t\t\t<div class=\"wd-timeline-image\">\n\t\t\t\t\t\t\t\t\t\t<img loading=\"lazy\" decoding=\"async\" width=\"1500\" height=\"1000\" src=\"https:\/\/frantoiocongedi.com\/wp-content\/uploads\/2025\/06\/2-2.jpg\" class=\"attachment-full size-full\" alt=\"\" srcset=\"https:\/\/frantoiocongedi.com\/wp-content\/uploads\/2025\/06\/2-2.jpg 1500w, https:\/\/frantoiocongedi.com\/wp-content\/uploads\/2025\/06\/2-2-150x100.jpg 150w, https:\/\/frantoiocongedi.com\/wp-content\/uploads\/2025\/06\/2-2-1200x800.jpg 1200w, https:\/\/frantoiocongedi.com\/wp-content\/uploads\/2025\/06\/2-2-300x200.jpg 300w, https:\/\/frantoiocongedi.com\/wp-content\/uploads\/2025\/06\/2-2-1024x683.jpg 1024w, https:\/\/frantoiocongedi.com\/wp-content\/uploads\/2025\/06\/2-2-768x512.jpg 768w\" sizes=\"auto, (max-width: 1500px) 100vw, 1500px\" \/>\t\t\t\t\t\t\t\t\t<\/div>\n\t\t\t\t\t\t\t\t\n\t\t\t\t\t\t\t\t\n\t\t\t\t\t\t\t\t<div class=\"wd-timeline-content wd-set-mb reset-last-child\">\n\t\t\t\t\t\t\t\t\t\t\t\t\t\t\t\t\t<\/div>\n\t\t\t\t\t\t\t<\/div>\n\t\t\t\t\t\t<\/div>\n\t\t\t\t\t\t\t\t\t\t\t\t\t\t\t\t\t\t\t\t\t\t\t\t\t<div class=\"wd-timeline-breakpoint elementor-repeater-item-be949da\">\n\t\t\t\t\t\t\t<span class=\"woodmart-timeline-breakpoint-title\">\n\t\t\t\t\t\t\t\tD\u00e9foliation et lavage\t\t\t\t\t\t\t<\/span>\n\t\t\t\t\t\t<\/div>\n\t\t\t\t\t\t\t\t\t\t\t\t\t\t\t\t\t\t\t\t\t\t\t\t\t<div class=\"wd-timeline-item wd-item-position-right elementor-repeater-item-f40ab6a\">\n\t\t\t\t\t\t\t<div class=\"woodmart-timeline-dot\"><\/div>\n\n\t\t\t\t\t\t\t<div class=\"timeline-col timeline-col-primary\">\n\t\t\t\t\t\t\t\t<span class=\"timeline-arrow\"><\/span>\n\t\t\t\t\t\t\t\t\n\t\t\t\t\t\t\t\t\n\t\t\t\t\t\t\t\t<div class=\"wd-timeline-content wd-set-mb reset-last-child\">\n\t\t\t\t\t\t\t\t\t<p>L'une des premi\u00e8res op\u00e9rations de transformation des olives en huile vierge extra apr\u00e8s la r\u00e9colte est la d\u00e9foliation, qui est importante pour \u00e9liminer les feuilles et les brindilles pourries tomb\u00e9es pendant la r\u00e9colte. Le lavage des olives est important pour \u00e9liminer les odeurs de \"terre\" et de \"terre\" de l'huile des Pouilles, obtenue \u00e0 partir d'olives pr\u00e9sentant des traces de terre, et il est \u00e9galement essentiel pour pr\u00e9server les organes de rupture d'une usure anormale. <\/p>\t\t\t\t\t\t\t\t<\/div>\n\t\t\t\t\t\t\t<\/div>\n\n\t\t\t\t\t\t\t<div class=\"timeline-col timeline-col-secondary\">\n\t\t\t\t\t\t\t\t<span class=\"timeline-arrow\"><\/span>\n\t\t\t\t\t\t\t\t\t\t\t\t\t\t\t\t\t<div class=\"wd-timeline-image\">\n\t\t\t\t\t\t\t\t\t\t<img loading=\"lazy\" decoding=\"async\" width=\"1500\" height=\"1000\" src=\"https:\/\/frantoiocongedi.com\/wp-content\/uploads\/2025\/06\/DSC06022.jpg\" class=\"attachment-full size-full\" alt=\"\" srcset=\"https:\/\/frantoiocongedi.com\/wp-content\/uploads\/2025\/06\/DSC06022.jpg 1500w, https:\/\/frantoiocongedi.com\/wp-content\/uploads\/2025\/06\/DSC06022-150x100.jpg 150w, https:\/\/frantoiocongedi.com\/wp-content\/uploads\/2025\/06\/DSC06022-1200x800.jpg 1200w, https:\/\/frantoiocongedi.com\/wp-content\/uploads\/2025\/06\/DSC06022-300x200.jpg 300w, https:\/\/frantoiocongedi.com\/wp-content\/uploads\/2025\/06\/DSC06022-1024x683.jpg 1024w, https:\/\/frantoiocongedi.com\/wp-content\/uploads\/2025\/06\/DSC06022-768x512.jpg 768w\" sizes=\"auto, (max-width: 1500px) 100vw, 1500px\" \/>\t\t\t\t\t\t\t\t\t<\/div>\n\t\t\t\t\t\t\t\t\n\t\t\t\t\t\t\t\t\n\t\t\t\t\t\t\t\t<div class=\"wd-timeline-content wd-set-mb reset-last-child\">\n\t\t\t\t\t\t\t\t\t\t\t\t\t\t\t\t\t<\/div>\n\t\t\t\t\t\t\t<\/div>\n\t\t\t\t\t\t<\/div>\n\t\t\t\t\t\t\t\t\t\t\t\t\t\t\t\t\t\t\t\t\t\t\t\t\t<div class=\"wd-timeline-breakpoint elementor-repeater-item-85d82fc\">\n\t\t\t\t\t\t\t<span class=\"woodmart-timeline-breakpoint-title\">\n\t\t\t\t\t\t\t\tBroyage\t\t\t\t\t\t\t<\/span>\n\t\t\t\t\t\t<\/div>\n\t\t\t\t\t\t\t\t\t\t\t\t\t\t\t\t\t\t\t\t\t\t\t\t\t<div class=\"wd-timeline-item wd-item-position-left elementor-repeater-item-d06a9fb\">\n\t\t\t\t\t\t\t<div class=\"woodmart-timeline-dot\"><\/div>\n\n\t\t\t\t\t\t\t<div class=\"timeline-col timeline-col-primary\">\n\t\t\t\t\t\t\t\t<span class=\"timeline-arrow\"><\/span>\n\t\t\t\t\t\t\t\t\n\t\t\t\t\t\t\t\t\n\t\t\t\t\t\t\t\t<div class=\"wd-timeline-content wd-set-mb reset-last-child\">\n\t\t\t\t\t\t\t\t\t<p>La trituration est un point critique important pour la qualit\u00e9 de l'huile d'olive vierge extra, car elle affecte les propri\u00e9t\u00e9s organoleptiques et sanitaires du produit artisanal traditionnel des Pouilles qu'est l'huile de Salento. Les olives des Pouilles sont soumises \u00e0 un processus de pressage m\u00e9canique qui produit une forte action de d\u00e9chirement et d'\u00e9crasement de la pulpe, du noyau et de la peau. Ce proc\u00e9d\u00e9 permet d'obtenir un produit de tr\u00e8s haute qualit\u00e9, dont les propri\u00e9t\u00e9s organoleptiques ne varient pas, ce qui permet de maintenir les normes qualitatives et hygi\u00e9niques \u00e9lev\u00e9es du produit typique de la r\u00e9gion de Salento.  <\/p>\t\t\t\t\t\t\t\t<\/div>\n\t\t\t\t\t\t\t<\/div>\n\n\t\t\t\t\t\t\t<div class=\"timeline-col timeline-col-secondary\">\n\t\t\t\t\t\t\t\t<span class=\"timeline-arrow\"><\/span>\n\t\t\t\t\t\t\t\t\t\t\t\t\t\t\t\t\t<div class=\"wd-timeline-image\">\n\t\t\t\t\t\t\t\t\t\t<img loading=\"lazy\" decoding=\"async\" width=\"1500\" height=\"1000\" src=\"https:\/\/frantoiocongedi.com\/wp-content\/uploads\/2025\/06\/12-1.jpg\" class=\"attachment-full size-full\" alt=\"\" srcset=\"https:\/\/frantoiocongedi.com\/wp-content\/uploads\/2025\/06\/12-1.jpg 1500w, https:\/\/frantoiocongedi.com\/wp-content\/uploads\/2025\/06\/12-1-150x100.jpg 150w, https:\/\/frantoiocongedi.com\/wp-content\/uploads\/2025\/06\/12-1-1200x800.jpg 1200w, https:\/\/frantoiocongedi.com\/wp-content\/uploads\/2025\/06\/12-1-300x200.jpg 300w, https:\/\/frantoiocongedi.com\/wp-content\/uploads\/2025\/06\/12-1-1024x683.jpg 1024w, https:\/\/frantoiocongedi.com\/wp-content\/uploads\/2025\/06\/12-1-768x512.jpg 768w\" sizes=\"auto, (max-width: 1500px) 100vw, 1500px\" \/>\t\t\t\t\t\t\t\t\t<\/div>\n\t\t\t\t\t\t\t\t\n\t\t\t\t\t\t\t\t\n\t\t\t\t\t\t\t\t<div class=\"wd-timeline-content wd-set-mb reset-last-child\">\n\t\t\t\t\t\t\t\t\t\t\t\t\t\t\t\t\t<\/div>\n\t\t\t\t\t\t\t<\/div>\n\t\t\t\t\t\t<\/div>\n\t\t\t\t\t\t\t\t\t\t\t\t\t\t\t\t\t\t\t\t\t\t\t\t\t<div class=\"wd-timeline-breakpoint elementor-repeater-item-968e310\">\n\t\t\t\t\t\t\t<span class=\"woodmart-timeline-breakpoint-title\">\n\t\t\t\t\t\t\t\tGramulation\t\t\t\t\t\t\t<\/span>\n\t\t\t\t\t\t<\/div>\n\t\t\t\t\t\t\t\t\t\t\t\t\t\t\t\t\t\t\t\t\t\t\t\t\t<div class=\"wd-timeline-item wd-item-position-right elementor-repeater-item-342b79d\">\n\t\t\t\t\t\t\t<div class=\"woodmart-timeline-dot\"><\/div>\n\n\t\t\t\t\t\t\t<div class=\"timeline-col timeline-col-primary\">\n\t\t\t\t\t\t\t\t<span class=\"timeline-arrow\"><\/span>\n\t\t\t\t\t\t\t\t\n\t\t\t\t\t\t\t\t\n\t\t\t\t\t\t\t\t<div class=\"wd-timeline-content wd-set-mb reset-last-child\">\n\t\t\t\t\t\t\t\t\t<p>La gramolatura repr\u00e9sente un autre point fondamental du processus d'extraction. Pendant l'op\u00e9ration de p\u00e9trissage, la p\u00e2te d'olive Salento, afin de favoriser une action enzymatique positive, est maintenue \u00e0 une temp\u00e9rature de 24-27\u00b0 C et est soumise \u00e0 une lente agitation qui favorise l'agr\u00e9gation de l'huile Salento originale en gouttes d'une taille permettant une s\u00e9paration ult\u00e9rieure par centrifugation. <\/p>\t\t\t\t\t\t\t\t<\/div>\n\t\t\t\t\t\t\t<\/div>\n\n\t\t\t\t\t\t\t<div class=\"timeline-col timeline-col-secondary\">\n\t\t\t\t\t\t\t\t<span class=\"timeline-arrow\"><\/span>\n\t\t\t\t\t\t\t\t\t\t\t\t\t\t\t\t\t<div class=\"wd-timeline-image\">\n\t\t\t\t\t\t\t\t\t\t<img loading=\"lazy\" decoding=\"async\" width=\"1500\" height=\"1000\" src=\"https:\/\/frantoiocongedi.com\/wp-content\/uploads\/2025\/06\/2-2.jpg\" class=\"attachment-full size-full\" alt=\"\" srcset=\"https:\/\/frantoiocongedi.com\/wp-content\/uploads\/2025\/06\/2-2.jpg 1500w, https:\/\/frantoiocongedi.com\/wp-content\/uploads\/2025\/06\/2-2-150x100.jpg 150w, https:\/\/frantoiocongedi.com\/wp-content\/uploads\/2025\/06\/2-2-1200x800.jpg 1200w, https:\/\/frantoiocongedi.com\/wp-content\/uploads\/2025\/06\/2-2-300x200.jpg 300w, https:\/\/frantoiocongedi.com\/wp-content\/uploads\/2025\/06\/2-2-1024x683.jpg 1024w, https:\/\/frantoiocongedi.com\/wp-content\/uploads\/2025\/06\/2-2-768x512.jpg 768w\" sizes=\"auto, (max-width: 1500px) 100vw, 1500px\" \/>\t\t\t\t\t\t\t\t\t<\/div>\n\t\t\t\t\t\t\t\t\n\t\t\t\t\t\t\t\t\n\t\t\t\t\t\t\t\t<div class=\"wd-timeline-content wd-set-mb reset-last-child\">\n\t\t\t\t\t\t\t\t\t\t\t\t\t\t\t\t\t<\/div>\n\t\t\t\t\t\t\t<\/div>\n\t\t\t\t\t\t<\/div>\n\t\t\t\t\t\t\t\t\t\t\t\t\t\t\t\t\t\t\t\t\t\t\t\t\t<div class=\"wd-timeline-breakpoint elementor-repeater-item-797a9bb\">\n\t\t\t\t\t\t\t<span class=\"woodmart-timeline-breakpoint-title\">\n\t\t\t\t\t\t\t\tExtraction\t\t\t\t\t\t\t<\/span>\n\t\t\t\t\t\t<\/div>\n\t\t\t\t\t\t\t\t\t\t\t\t\t\t\t\t\t\t\t\t\t\t\t\t\t<div class=\"wd-timeline-item wd-item-position-left elementor-repeater-item-82ec359\">\n\t\t\t\t\t\t\t<div class=\"woodmart-timeline-dot\"><\/div>\n\n\t\t\t\t\t\t\t<div class=\"timeline-col timeline-col-primary\">\n\t\t\t\t\t\t\t\t<span class=\"timeline-arrow\"><\/span>\n\t\t\t\t\t\t\t\t\n\t\t\t\t\t\t\t\t\n\t\t\t\t\t\t\t\t<div class=\"wd-timeline-content wd-set-mb reset-last-child\">\n\t\t\t\t\t\t\t\t\t<p>Les syst\u00e8mes d'extraction peuvent influencer de mani\u00e8re significative la composition et le profil organoleptique de l'huile d'olive vierge extra.<a href=\"https:\/\/www.oliocongedi.com\/olio-doliva-italiano-puglia\" target=\"_blank\" rel=\"noopener\"><strong>huile d'olive vierge extra<\/strong><\/a> et en particulier sur les substances aromatiques et les composants antioxydants mineurs. Notre <strong>processus de centrifugation continue<\/strong> nous permet d'obtenir <strong>une pr\u00e9sence \u00e9lev\u00e9e de substances ph\u00e9noliques dans l'huile des Pouilles<\/strong>, qui sont importantes pour notre organisme, et gr\u00e2ce \u00e0 une s\u00e9paration soigneuse et pr\u00e9cise de l'huile extra vierge effectu\u00e9e par des machines constamment contr\u00f4l\u00e9es, nous sommes en mesure d'obtenir un produit de haute qualit\u00e9, original de la terre du Salento. <\/p>\t\t\t\t\t\t\t\t<\/div>\n\t\t\t\t\t\t\t<\/div>\n\n\t\t\t\t\t\t\t<div class=\"timeline-col timeline-col-secondary\">\n\t\t\t\t\t\t\t\t<span class=\"timeline-arrow\"><\/span>\n\t\t\t\t\t\t\t\t\t\t\t\t\t\t\t\t\t<div class=\"wd-timeline-image\">\n\t\t\t\t\t\t\t\t\t\t<img loading=\"lazy\" decoding=\"async\" width=\"1500\" height=\"1000\" src=\"https:\/\/frantoiocongedi.com\/wp-content\/uploads\/2025\/06\/DSC09383.jpg\" class=\"attachment-full size-full\" alt=\"\" srcset=\"https:\/\/frantoiocongedi.com\/wp-content\/uploads\/2025\/06\/DSC09383.jpg 1500w, https:\/\/frantoiocongedi.com\/wp-content\/uploads\/2025\/06\/DSC09383-150x100.jpg 150w, https:\/\/frantoiocongedi.com\/wp-content\/uploads\/2025\/06\/DSC09383-1200x800.jpg 1200w, https:\/\/frantoiocongedi.com\/wp-content\/uploads\/2025\/06\/DSC09383-300x200.jpg 300w, https:\/\/frantoiocongedi.com\/wp-content\/uploads\/2025\/06\/DSC09383-1024x683.jpg 1024w, https:\/\/frantoiocongedi.com\/wp-content\/uploads\/2025\/06\/DSC09383-768x512.jpg 768w\" sizes=\"auto, (max-width: 1500px) 100vw, 1500px\" \/>\t\t\t\t\t\t\t\t\t<\/div>\n\t\t\t\t\t\t\t\t\n\t\t\t\t\t\t\t\t\n\t\t\t\t\t\t\t\t<div class=\"wd-timeline-content wd-set-mb reset-last-child\">\n\t\t\t\t\t\t\t\t\t\t\t\t\t\t\t\t\t<\/div>\n\t\t\t\t\t\t\t<\/div>\n\t\t\t\t\t\t<\/div>\n\t\t\t\t\t\t\t\t\t\t\t\t<\/div>\n\t\t<\/div>\n\t\t\t\t\t\t<\/div>\n\t\t\t\t<\/div>\n\t\t\t\t\t<\/div>\n\t\t<\/div>\n\t\t\t\t\t<\/div>\n\t\t<\/section>\n\t\t\t\t<\/div>\n\t\t","protected":false},"excerpt":{"rendered":"<p>Comment cela se passe-t-il ? Le processus de transformation Le processus de transformation des olives en huile d&rsquo;olive extra vierge<\/p>\n","protected":false},"author":1,"featured_media":0,"parent":0,"menu_order":0,"comment_status":"closed","ping_status":"closed","template":"","meta":{"footnotes":""},"class_list":["post-2000001003","page","type-page","status-publish","hentry"],"jetpack_sharing_enabled":true,"_links":{"self":[{"href":"https:\/\/frantoiocongedi.com\/fr\/wp-json\/wp\/v2\/pages\/2000001003","targetHints":{"allow":["GET"]}}],"collection":[{"href":"https:\/\/frantoiocongedi.com\/fr\/wp-json\/wp\/v2\/pages"}],"about":[{"href":"https:\/\/frantoiocongedi.com\/fr\/wp-json\/wp\/v2\/types\/page"}],"author":[{"embeddable":true,"href":"https:\/\/frantoiocongedi.com\/fr\/wp-json\/wp\/v2\/users\/1"}],"replies":[{"embeddable":true,"href":"https:\/\/frantoiocongedi.com\/fr\/wp-json\/wp\/v2\/comments?post=2000001003"}],"version-history":[{"count":1,"href":"https:\/\/frantoiocongedi.com\/fr\/wp-json\/wp\/v2\/pages\/2000001003\/revisions"}],"predecessor-version":[{"id":2000001004,"href":"https:\/\/frantoiocongedi.com\/fr\/wp-json\/wp\/v2\/pages\/2000001003\/revisions\/2000001004"}],"wp:attachment":[{"href":"https:\/\/frantoiocongedi.com\/fr\/wp-json\/wp\/v2\/media?parent=2000001003"}],"curies":[{"name":"wp","href":"https:\/\/api.w.org\/{rel}","templated":true}]}}