{"id":2000001010,"date":"2025-06-18T13:29:43","date_gmt":"2025-06-18T13:29:43","guid":{"rendered":"https:\/\/frantoiocongedi.com\/faveurs\/"},"modified":"2026-04-01T15:16:18","modified_gmt":"2026-04-01T15:16:18","slug":"faveurs","status":"publish","type":"page","link":"https:\/\/frantoiocongedi.com\/fr\/faveurs\/","title":{"rendered":"Faveurs"},"content":{"rendered":"\t\t<div data-elementor-type=\"wp-page\" data-elementor-id=\"2000001010\" class=\"elementor elementor-2000001010\">\n\t\t\t\t<div class=\"wd-negative-gap elementor-element elementor-element-6dfb80d e-flex e-con-boxed e-con e-parent\" data-id=\"6dfb80d\" data-element_type=\"container\" data-e-type=\"container\">\n\t\t\t\t\t<div class=\"e-con-inner\">\n\t\t\t\t<div class=\"elementor-element elementor-element-1ca1c7f elementor-widget elementor-widget-heading\" data-id=\"1ca1c7f\" data-element_type=\"widget\" data-e-type=\"widget\" data-widget_type=\"heading.default\">\n\t\t\t\t<div class=\"elementor-widget-container\">\n\t\t\t\t\t<h2 class=\"elementor-heading-title elementor-size-default\">Faveurs\n<\/h2>\t\t\t\t<\/div>\n\t\t\t\t<\/div>\n\t\t\t\t<div class=\"elementor-element elementor-element-640ef26 elementor-widget elementor-widget-image\" data-id=\"640ef26\" data-element_type=\"widget\" data-e-type=\"widget\" data-widget_type=\"image.default\">\n\t\t\t\t<div class=\"elementor-widget-container\">\n\t\t\t\t\t\t\t\t\t\t\t\t\t\t\t<img loading=\"lazy\" decoding=\"async\" width=\"1024\" height=\"683\" src=\"https:\/\/frantoiocongedi.com\/wp-content\/uploads\/2026\/02\/bomboniere-frantoio-congedi.jpg-1024x683.jpeg\" class=\"attachment-large size-large wp-image-2000001013\" alt=\"\" srcset=\"https:\/\/frantoiocongedi.com\/wp-content\/uploads\/2026\/02\/bomboniere-frantoio-congedi.jpg-1024x683.jpeg 1024w, https:\/\/frantoiocongedi.com\/wp-content\/uploads\/2026\/02\/bomboniere-frantoio-congedi.jpg-300x200.jpeg 300w, https:\/\/frantoiocongedi.com\/wp-content\/uploads\/2026\/02\/bomboniere-frantoio-congedi.jpg-768x512.jpeg 768w, https:\/\/frantoiocongedi.com\/wp-content\/uploads\/2026\/02\/bomboniere-frantoio-congedi.jpg-1536x1024.jpeg 1536w, https:\/\/frantoiocongedi.com\/wp-content\/uploads\/2026\/02\/bomboniere-frantoio-congedi.jpg-1200x800.jpeg 1200w, https:\/\/frantoiocongedi.com\/wp-content\/uploads\/2026\/02\/bomboniere-frantoio-congedi.jpg-150x100.jpeg 150w, https:\/\/frantoiocongedi.com\/wp-content\/uploads\/2026\/02\/bomboniere-frantoio-congedi.jpg.jpeg 1620w\" sizes=\"auto, (max-width: 1024px) 100vw, 1024px\" \/>\t\t\t\t\t\t\t\t\t\t\t\t\t\t\t<\/div>\n\t\t\t\t<\/div>\n\t\t\t\t<div class=\"elementor-element elementor-element-25aea5f color-scheme-inherit text-left elementor-widget elementor-widget-text-editor\" data-id=\"25aea5f\" data-element_type=\"widget\" data-e-type=\"widget\" data-widget_type=\"text-editor.default\">\n\t\t\t\t<div class=\"elementor-widget-container\">\n\t\t\t\t\t\t\t\t\t<p>Les cadeaux sont des petits pr\u00e9sents offerts aux invit\u00e9s lors d&rsquo;un \u00e9v\u00e9nement (mariages, bapt\u00eames, communions, confirmations, anniversaires) pour les remercier d&rsquo;avoir particip\u00e9 \u00e0 une journ\u00e9e importante et leur laisser un souvenir de cette journ\u00e9e.  <\/p><h2>Faveurs sp\u00e9ciales<\/h2><p>Au fil des ann\u00e9es et de la multiplication des \u00e9v\u00e9nements, les faveurs sont devenues des cadeaux de plus en plus importants pour les invit\u00e9s, ce qui a conduit \u00e0 la cr\u00e9ation de nombreux articles nouveaux et personnalis\u00e9s \u00e0 offrir en cadeau, alors que dans le pass\u00e9, les gens se tournaient vers les ornements classiques en verre de Murano, en cristal et en c\u00e9ramique.<\/p><h2>Faveurs par Olio Congedi<\/h2><p>Chez olio Congedi, en tant que producteurs d&rsquo;huile d&rsquo;olive extra vierge, nous avons pens\u00e9 \u00e0 un produit sp\u00e9cial par son aspect, sa qualit\u00e9, l&rsquo;utilisation de notre meilleure huile press\u00e9e \u00e0 froid, soigneusement s\u00e9lectionn\u00e9e \u00e0 partir des meilleures olives, et la personnalisation de l&#8217;emballage.  <br>C&rsquo;est pour vous offrir une faveur ou un cadeau sp\u00e9cial, unique et de qualit\u00e9 que vous ne garderez pas seulement dans votre vitrine comme un ornement, mais que vous utiliserez tous les jours sur votre table. C&rsquo;est pourquoi nous avons cr\u00e9\u00e9 une amphore personnalis\u00e9e dans une gamme de 4 couleurs et remplie de notre huile de qualit\u00e9.  <\/p><h2>Amphore artisanale<\/h2><p>Nos amphores sont enti\u00e8rement fabriqu\u00e9es \u00e0 la main, ce qui permet de conserver leurs couleurs et leurs caract\u00e9ristiques au fil du temps. Une amphore artisanale ajoute \u00e9galement \u00e0 l&rsquo;unicit\u00e9 de l&rsquo;objet, car chaque d\u00e9tail le rend unique.<\/p><h3>Pourquoi avons-nous pens\u00e9 \u00e0 une amphore en c\u00e9ramique ?<\/h3><p>L&rsquo;id\u00e9e d&rsquo;une amphore en c\u00e9ramique nous est venue parce que l&rsquo;histoire nous apprend que l&rsquo;huile, le vin et d&rsquo;autres denr\u00e9es alimentaires \u00e9taient conserv\u00e9s dans de grandes amphores qui pr\u00e9servaient leur qualit\u00e9 et \u00e9taient utilis\u00e9es pour le transport dans les bateaux, garantissant ainsi la conservation et la qualit\u00e9 inalt\u00e9r\u00e9e.  <br>L&rsquo;amphore n&rsquo;\u00e9tant pas transparente, elle ne laisse pas l&rsquo;huile capter la lumi\u00e8re et peut donc \u00eatre conserv\u00e9e au fil du temps sans s&rsquo;alt\u00e9rer.<\/p><h2>Les Amphores<\/h2><p>Nos amphores, revisit\u00e9es dans la forme et la qualit\u00e9 qu&rsquo;offrent les finitions \u00e9maill\u00e9es d&rsquo;aujourd&rsquo;hui, sont un cadeau unique \u00e0 offrir et \u00e0 exposer, tout en \u00e9tant utiles et utilisables au quotidien, car remplies d&rsquo;une huile de qualit\u00e9 choisie pour vous.<\/p><h2>Notre huile d&rsquo;olive extra vierge<\/h2><p>Notre <strong>huile<\/strong> provient des terres du Salento, fabriqu\u00e9e avec amour et soin dans le choix des mati\u00e8res premi\u00e8res, ce qui vous fera savourer le vrai go\u00fbt de l&rsquo;huile d&rsquo;<strong>olive extra vierge<\/strong> 100% made in Italy. Dans notre catalogue vous trouverez diff\u00e9rents types d&rsquo;huile, choisissez celle qui vous pla\u00eet le plus et offrez-la \u00e0 vos invit\u00e9s !<\/p>\t\t\t\t\t\t\t\t<\/div>\n\t\t\t\t<\/div>\n\t\t\t\t\t<\/div>\n\t\t\t\t<\/div>\n\t\t<div class=\"wd-negative-gap elementor-element elementor-element-be2c8d0 e-flex e-con-boxed e-con e-parent\" data-id=\"be2c8d0\" data-element_type=\"container\" data-e-type=\"container\">\n\t\t\t\t\t<div class=\"e-con-inner\">\n\t\t\t\t<div class=\"elementor-element elementor-element-31ebf08 elementor-widget elementor-widget-image\" data-id=\"31ebf08\" data-element_type=\"widget\" data-e-type=\"widget\" data-widget_type=\"image.default\">\n\t\t\t\t<div class=\"elementor-widget-container\">\n\t\t\t\t\t\t\t\t\t\t\t\t\t\t\t<img loading=\"lazy\" decoding=\"async\" width=\"683\" height=\"1024\" src=\"https:\/\/frantoiocongedi.com\/wp-content\/uploads\/2025\/06\/Bomboniera_anfora_Congedi_1-683x1024.jpg\" class=\"attachment-large size-large wp-image-2000001012\" alt=\"\" srcset=\"https:\/\/frantoiocongedi.com\/wp-content\/uploads\/2025\/06\/Bomboniera_anfora_Congedi_1-683x1024.jpg 683w, https:\/\/frantoiocongedi.com\/wp-content\/uploads\/2025\/06\/Bomboniera_anfora_Congedi_1-scaled-150x225.jpg 150w, https:\/\/frantoiocongedi.com\/wp-content\/uploads\/2025\/06\/Bomboniera_anfora_Congedi_1-scaled-1200x1800.jpg 1200w, https:\/\/frantoiocongedi.com\/wp-content\/uploads\/2025\/06\/Bomboniera_anfora_Congedi_1-200x300.jpg 200w, https:\/\/frantoiocongedi.com\/wp-content\/uploads\/2025\/06\/Bomboniera_anfora_Congedi_1-768x1152.jpg 768w, https:\/\/frantoiocongedi.com\/wp-content\/uploads\/2025\/06\/Bomboniera_anfora_Congedi_1-1024x1536.jpg 1024w, https:\/\/frantoiocongedi.com\/wp-content\/uploads\/2025\/06\/Bomboniera_anfora_Congedi_1-1366x2048.jpg 1366w, https:\/\/frantoiocongedi.com\/wp-content\/uploads\/2025\/06\/Bomboniera_anfora_Congedi_1-scaled.jpg 1707w\" sizes=\"auto, (max-width: 683px) 100vw, 683px\" \/>\t\t\t\t\t\t\t\t\t\t\t\t\t\t\t<\/div>\n\t\t\t\t<\/div>\n\t\t\t\t<div class=\"elementor-element elementor-element-040acb7 color-scheme-inherit text-left elementor-widget elementor-widget-text-editor\" data-id=\"040acb7\" data-element_type=\"widget\" data-e-type=\"widget\" data-widget_type=\"text-editor.default\">\n\t\t\t\t<div class=\"elementor-widget-container\">\n\t\t\t\t\t\t\t\t\t<h4>Pourquoi demander un devis ?<\/h4><p>En vous donnant la possibilit\u00e9 de choisir la couleur et la quantit\u00e9 de tous les cadeaux, nous nous assurons que tout est disponible et exp\u00e9di\u00e9 avant l&rsquo;\u00e9v\u00e9nement que vous allez organiser.<\/p>\t\t\t\t\t\t\t\t<\/div>\n\t\t\t\t<\/div>\n\t\t\t\t<div class=\"elementor-element elementor-element-e481400 wd-cf7 elementor-widget elementor-widget-wd_contact_form_7\" data-id=\"e481400\" data-element_type=\"widget\" data-e-type=\"widget\" data-widget_type=\"wd_contact_form_7.default\">\n\t\t\t\t<div class=\"elementor-widget-container\">\n\t\t\t\t\t\n<div class=\"wpcf7 no-js\" id=\"wpcf7-f14-o1\" lang=\"it-IT\" dir=\"ltr\" data-wpcf7-id=\"14\">\n<div class=\"screen-reader-response\"><p role=\"status\" aria-live=\"polite\" aria-atomic=\"true\"><\/p> <ul><\/ul><\/div>\n<form action=\"\/fr\/wp-json\/wp\/v2\/pages\/2000001010#wpcf7-f14-o1\" method=\"post\" class=\"wpcf7-form init\" aria-label=\"Modulo di contatto\" novalidate=\"novalidate\" data-status=\"init\">\n<fieldset class=\"hidden-fields-container\"><input type=\"hidden\" name=\"_wpcf7\" value=\"14\" \/><input type=\"hidden\" name=\"_wpcf7_version\" value=\"6.1.5\" \/><input type=\"hidden\" name=\"_wpcf7_locale\" value=\"it_IT\" \/><input type=\"hidden\" name=\"_wpcf7_unit_tag\" value=\"wpcf7-f14-o1\" \/><input type=\"hidden\" name=\"_wpcf7_container_post\" value=\"0\" \/><input type=\"hidden\" name=\"_wpcf7_posted_data_hash\" value=\"\" \/><input type=\"hidden\" name=\"_wpcf7_recaptcha_response\" value=\"\" \/>\n<\/fieldset>\n<p><label> Il tuo nome<br \/>\n<span class=\"wpcf7-form-control-wrap\" data-name=\"your-name\"><input size=\"40\" maxlength=\"400\" class=\"wpcf7-form-control wpcf7-text wpcf7-validates-as-required\" autocomplete=\"name\" aria-required=\"true\" aria-invalid=\"false\" value=\"\" type=\"text\" name=\"your-name\" \/><\/span> <\/label>\n<\/p>\n<p><label> La tua email<br \/>\n<span class=\"wpcf7-form-control-wrap\" data-name=\"your-email\"><input size=\"40\" maxlength=\"400\" class=\"wpcf7-form-control wpcf7-email wpcf7-validates-as-required wpcf7-text wpcf7-validates-as-email\" autocomplete=\"email\" aria-required=\"true\" aria-invalid=\"false\" value=\"\" type=\"email\" name=\"your-email\" \/><\/span> <\/label>\n<\/p>\n<p><label> Oggetto<br \/>\n<span class=\"wpcf7-form-control-wrap\" data-name=\"your-subject\"><input size=\"40\" maxlength=\"400\" class=\"wpcf7-form-control wpcf7-text wpcf7-validates-as-required\" aria-required=\"true\" aria-invalid=\"false\" value=\"\" type=\"text\" name=\"your-subject\" \/><\/span> <\/label>\n<\/p>\n<p><label> Il tuo messaggio (facoltativo)<br \/>\n<span class=\"wpcf7-form-control-wrap\" data-name=\"your-message\"><textarea cols=\"40\" rows=\"10\" maxlength=\"2000\" class=\"wpcf7-form-control wpcf7-textarea\" aria-invalid=\"false\" name=\"your-message\"><\/textarea><\/span> <\/label>\n<\/p>\n<p><input class=\"wpcf7-form-control wpcf7-submit has-spinner\" type=\"submit\" value=\"Invia\" \/>\n<\/p><p style=\"display: none !important;\" class=\"akismet-fields-container\" data-prefix=\"_wpcf7_ak_\"><label>&#916;<textarea name=\"_wpcf7_ak_hp_textarea\" cols=\"45\" rows=\"8\" maxlength=\"100\"><\/textarea><\/label><input type=\"hidden\" id=\"ak_js_1\" name=\"_wpcf7_ak_js\" value=\"51\"\/><script>document.getElementById( \"ak_js_1\" ).setAttribute( \"value\", ( new Date() ).getTime() );<\/script><\/p><div class=\"wpcf7-response-output\" aria-hidden=\"true\"><\/div>\n<\/form>\n<\/div>\n\t\t\t\t<\/div>\n\t\t\t\t<\/div>\n\t\t\t\t\t<\/div>\n\t\t\t\t<\/div>\n\t\t\t\t<\/div>\n\t\t","protected":false},"excerpt":{"rendered":"<p>Faveurs Les cadeaux sont des petits pr\u00e9sents offerts aux invit\u00e9s lors d&rsquo;un \u00e9v\u00e9nement (mariages, bapt\u00eames, communions, confirmations, anniversaires) pour les<\/p>\n","protected":false},"author":1,"featured_media":0,"parent":0,"menu_order":0,"comment_status":"closed","ping_status":"closed","template":"","meta":{"footnotes":""},"class_list":["post-2000001010","page","type-page","status-publish","hentry"],"jetpack_sharing_enabled":true,"_links":{"self":[{"href":"https:\/\/frantoiocongedi.com\/fr\/wp-json\/wp\/v2\/pages\/2000001010","targetHints":{"allow":["GET"]}}],"collection":[{"href":"https:\/\/frantoiocongedi.com\/fr\/wp-json\/wp\/v2\/pages"}],"about":[{"href":"https:\/\/frantoiocongedi.com\/fr\/wp-json\/wp\/v2\/types\/page"}],"author":[{"embeddable":true,"href":"https:\/\/frantoiocongedi.com\/fr\/wp-json\/wp\/v2\/users\/1"}],"replies":[{"embeddable":true,"href":"https:\/\/frantoiocongedi.com\/fr\/wp-json\/wp\/v2\/comments?post=2000001010"}],"version-history":[{"count":2,"href":"https:\/\/frantoiocongedi.com\/fr\/wp-json\/wp\/v2\/pages\/2000001010\/revisions"}],"predecessor-version":[{"id":2000001017,"href":"https:\/\/frantoiocongedi.com\/fr\/wp-json\/wp\/v2\/pages\/2000001010\/revisions\/2000001017"}],"wp:attachment":[{"href":"https:\/\/frantoiocongedi.com\/fr\/wp-json\/wp\/v2\/media?parent=2000001010"}],"curies":[{"name":"wp","href":"https:\/\/api.w.org\/{rel}","templated":true}]}}