{"id":2000001020,"date":"2025-11-19T10:21:45","date_gmt":"2025-11-19T10:21:45","guid":{"rendered":"https:\/\/frantoiocongedi.com\/huile-dolive-italienne-extra-vierge\/"},"modified":"2026-04-01T15:16:31","modified_gmt":"2026-04-01T15:16:31","slug":"huile-dolive-italienne-extra-vierge","status":"publish","type":"page","link":"https:\/\/frantoiocongedi.com\/fr\/huile-dolive-italienne-extra-vierge\/","title":{"rendered":"Huile d&rsquo;olive italienne extra vierge"},"content":{"rendered":"\n<figure class=\"wp-block-image size-full\"><img loading=\"lazy\" decoding=\"async\" width=\"1125\" height=\"348\" src=\"https:\/\/frantoiocongedi.com\/wp-content\/uploads\/2025\/11\/gambero-rosso.jpg\" alt=\"\" class=\"wp-image-1648\" srcset=\"https:\/\/frantoiocongedi.com\/wp-content\/uploads\/2025\/11\/gambero-rosso.jpg 1125w, https:\/\/frantoiocongedi.com\/wp-content\/uploads\/2025\/11\/gambero-rosso-150x46.jpg 150w\" sizes=\"auto, (max-width: 1125px) 100vw, 1125px\" \/><\/figure>\n\n<p>C&rsquo;est avec fiert\u00e9 que le moulin \u00e0 huile Frantoio Congedi partage avec vous tous, dans le monde entier, son huile d&rsquo;olive extra vierge italienne, fabriqu\u00e9e avec passion et amour&#8230;<\/p>\n\n<hr class=\"wp-block-separator has-alpha-channel-opacity\"\/>\n\n<p>De la r\u00e9colte des olives \u00e0 la mouture, notre principal objectif est de produire pour nos clients de l <strong>&lsquo;huile d&rsquo;olive extra vierge 100 % italienne.<\/strong><\/p>\n\n<p>Depuis 1917, dans la r\u00e9gion ensoleill\u00e9e et luxuriante du <a href=\"https:\/\/www.oliocongedi.com\/salento\" target=\"_blank\" rel=\"noopener\"><strong>Salento, ensoleill\u00e9 et luxuriant<\/strong><\/a>dans les <a href=\"https:\/\/www.oliocongedi.com\/puglia\" target=\"_blank\" rel=\"noopener\"><strong>Pouilles<\/strong><\/a>la famille Congedi, alliant authenticit\u00e9 et sacrifice, tradition et innovation, produit avec fiert\u00e9 de l&rsquo;huile d&rsquo;olive extra vierge italienne de premi\u00e8re qualit\u00e9. <a href=\"https:\/\/www.oliocongedi.com\/olio-del-salento\" target=\"_blank\" rel=\"noopener\"><strong>huile d&rsquo;olive extra vierge italienne de premi\u00e8re qualit\u00e9<\/strong><\/a>.<br\/><br\/>Depuis plus d&rsquo;un si\u00e8cle, la famille Congedi cultive et transforme le principal fruit du <strong><a href=\"https:\/\/www.oliocongedi.com\/salento\" target=\"_blank\" rel=\"noopener\">Salento<\/a><\/strong>aujourd&rsquo;hui export\u00e9 dans le monde entier : l&rsquo;<strong>olive<\/strong>, fruit premier de l&rsquo;arbre qui symbolise la magnifique terre du Salento, l&rsquo;<strong>olivier<\/strong>.<br\/><br\/>On attribue \u00e0 Olio Congedi le m\u00e9rite d&rsquo;avoir modernis\u00e9 le processus de transformation de l&rsquo;huile d&rsquo;olive vierge extra au cours du si\u00e8cle dernier, en alliant <strong>qualit\u00e9<\/strong>, <strong>tradition<\/strong> et<strong> innovation technologique.<\/strong><br\/><br\/>L&rsquo;huile d&rsquo;olive extra vierge est un <strong>\u00e9l\u00e9ment essentiel<\/strong> du <strong>\u00ab\u00a0r\u00e9gime m\u00e9diterran\u00e9en\u00a0\u00bb,<\/strong> reconnu non seulement pour son go\u00fbt, capable de rehausser la saveur de n&rsquo;importe quel plat, mais aussi pour ses bienfaits sur la sant\u00e9 et le corps.<br\/><br\/>Ce qui rend l&rsquo;<strong>huile d&rsquo;olive extra vierge<\/strong> unique par rapport \u00e0 toute autre huile, c&rsquo;est qu&rsquo;elle est la seule \u00e0 \u00eatre obtenue par simple pression de l&rsquo;<strong>olive<\/strong>, sans l&rsquo;aide de solvants chimiques ou d&rsquo;autres interventions industrielles, comme c&rsquo;est le cas pour d&rsquo;autres huiles ou graisses v\u00e9g\u00e9tales. En outre, dans le <strong>moulin \u00e0 huile de Frantoio Congedi<\/strong>, la r\u00e9colte des olives se fait encore \u00e0 la main, afin de ne pas endommager les oliviers en frappant les branches, dans un effort pour toujours privil\u00e9gier la pr\u00e9servation d&rsquo;un environnement unique et merveilleux comme celui du Salento. <br\/><br\/>L&rsquo;ensemble du cycle de production est pris en charge jusqu&rsquo;au dernier d\u00e9tail avec d\u00e9vouement et passion par la <strong>famille Congedi<\/strong>, afin de garantir \u00e0 nos clients l&rsquo;am\u00e9lioration constante et progressive du r\u00e9sultat final. Nous garantissons \u00e0 nos consommateurs l&rsquo;<strong>attention, l&rsquo;innovation, la protection de l&rsquo;environnement<\/strong>, ainsi que la <strong>s\u00e9curit\u00e9 alimentaire<\/strong> et la <strong>plus haute qualit\u00e9<\/strong>, reconnues par les nombreuses certifications obtenues. Notre client ram\u00e8ne chez lui un <a href=\"https:\/\/www.oliocongedi.com\/qualita-olio-extravergine-pugliese\" target=\"_blank\" rel=\"noopener\"><strong>produit d&rsquo;excellente qualit\u00e9<\/strong><\/a><strong>100% italien<\/strong>, une <a href=\"https:\/\/www.oliocongedi.com\/olio-pugliese\" target=\"_blank\" rel=\"noopener\"><strong>une huile des Pouilles<\/strong><\/a><a href=\"https:\/\/www.oliocongedi.com\/coltivato-nel-salento\" target=\"_blank\" rel=\"noopener\">cultiv\u00e9e dans le Salento<\/a>.  <\/p>\n\n<p><\/p>\n","protected":false},"excerpt":{"rendered":"<p>C&rsquo;est avec fiert\u00e9 que le moulin \u00e0 huile Frantoio Congedi partage avec vous tous, dans le monde entier, son huile<\/p>\n","protected":false},"author":1,"featured_media":0,"parent":0,"menu_order":0,"comment_status":"closed","ping_status":"closed","template":"","meta":{"footnotes":""},"class_list":["post-2000001020","page","type-page","status-publish","hentry"],"jetpack_sharing_enabled":true,"_links":{"self":[{"href":"https:\/\/frantoiocongedi.com\/fr\/wp-json\/wp\/v2\/pages\/2000001020","targetHints":{"allow":["GET"]}}],"collection":[{"href":"https:\/\/frantoiocongedi.com\/fr\/wp-json\/wp\/v2\/pages"}],"about":[{"href":"https:\/\/frantoiocongedi.com\/fr\/wp-json\/wp\/v2\/types\/page"}],"author":[{"embeddable":true,"href":"https:\/\/frantoiocongedi.com\/fr\/wp-json\/wp\/v2\/users\/1"}],"replies":[{"embeddable":true,"href":"https:\/\/frantoiocongedi.com\/fr\/wp-json\/wp\/v2\/comments?post=2000001020"}],"version-history":[{"count":1,"href":"https:\/\/frantoiocongedi.com\/fr\/wp-json\/wp\/v2\/pages\/2000001020\/revisions"}],"predecessor-version":[{"id":2000001023,"href":"https:\/\/frantoiocongedi.com\/fr\/wp-json\/wp\/v2\/pages\/2000001020\/revisions\/2000001023"}],"wp:attachment":[{"href":"https:\/\/frantoiocongedi.com\/fr\/wp-json\/wp\/v2\/media?parent=2000001020"}],"curies":[{"name":"wp","href":"https:\/\/api.w.org\/{rel}","templated":true}]}}