{"id":2000001027,"date":"2025-11-19T10:23:18","date_gmt":"2025-11-19T10:23:18","guid":{"rendered":"https:\/\/frantoiocongedi.com\/huile-des-pouilles-2\/"},"modified":"2026-04-01T15:16:31","modified_gmt":"2026-04-01T15:16:31","slug":"huile-des-pouilles-2","status":"publish","type":"page","link":"https:\/\/frantoiocongedi.com\/fr\/huile-des-pouilles-2\/","title":{"rendered":"Huile des Pouilles"},"content":{"rendered":"\n<p>Le climat des Pouilles, la <strong>qualit\u00e9 de<\/strong> nos olives, la <strong>cueillette \u00e0 la main<\/strong> et le <strong>broyage le jour m\u00eame avec extraction \u00e0 froid<\/strong> nous permettent de vous offrir une <strong>huile de Salento d&rsquo;excellente qualit\u00e9.<\/strong><\/p>\n\n<hr class=\"wp-block-separator has-alpha-channel-opacity\"\/>\n\n<p>Nos champs, riches en <strong>oliviers s\u00e9culaires<\/strong>, donnent \u00e0 l&rsquo;<strong>huile des Pouilles<\/strong> une <strong>saveur incomparable<\/strong>, avec laquelle on peut assaisonner ses <strong>plats<\/strong> pour leur donner un <strong>go\u00fbt unique<\/strong>, digne d&rsquo;un <strong>plat d\u00e9licieux<\/strong>.<\/p>\n\n<p>La <strong>tradition familiale<\/strong> et les<strong> analyses d\u00e9taill\u00e9es<\/strong> effectu\u00e9es sur nos <strong>oliviers<\/strong> et nos <strong>sols<\/strong> ont jou\u00e9 un r\u00f4le fondamental dans l&rsquo;objectif d&rsquo;am\u00e9liorer constamment et sans cesse le produit \u00e0 offrir \u00e0 nos clients, en prenant soin de chaque \u00e9tape du cycle de production jusqu&rsquo;au processus m\u00eame de production et de stockage ult\u00e9rieur de l&rsquo;<a href=\"https:\/\/www.oliocongedi.com\/olio-extravergine-italiano\/\" target=\"_blank\" rel=\"noopener\">huile d&rsquo;olive extra vierge italienne<\/a>. <br\/>Gr\u00e2ce au processus de broyage des <strong>olives \u00e0 froid<\/strong>, nous avons r\u00e9ussi au fil des ans \u00e0 obtenir un produit de <strong>haute qualit\u00e9<\/strong>, qui est stock\u00e9 sous temp\u00e9rature contr\u00f4l\u00e9e, avec l&rsquo;utilisation d&rsquo;azote, et dans des r\u00e9servoirs en acier inoxydable, afin de garantir la haute qualit\u00e9 de nos <strong>huiles d&rsquo;olive vierges extra.<\/strong><br\/>L&rsquo;un des points forts de l&rsquo;entreprise est sa proximit\u00e9 avec la <strong>mer<\/strong>, qui offre un microclimat favorable \u00e0 l&rsquo;<strong>usine,<\/strong> ainsi que la <strong>passion<\/strong> que tous les membres de la famille et les employ\u00e9s consacrent quotidiennement \u00e0 leur travail, afin d&rsquo;obtenir la meilleure <strong>qualit\u00e9<\/strong> possible, qui a \u00e9t\u00e9 r\u00e9compens\u00e9e \u00e0 ce jour par divers <a href=\"https:\/\/www.oliocongedi.com\/riconoscimenti\/\" target=\"_blank\" rel=\"noopener\">prix et r\u00e9compenses<\/a>. Parmi ceux-ci, il convient de mentionner la tr\u00e8s prestigieuse reconnaissance du c\u00e9l\u00e8bre magazine<strong> Gambero Rosso<\/strong>, qui a d\u00e9cern\u00e9 \u00e0 l&rsquo;huilerie Frantoio Congedi la note maximale de Trois Feuilles.  <\/p>\n\n<p>Le <strong>climat<\/strong> des <a href=\"https:\/\/www.oliocongedi.com\/puglia\/\" target=\"_blank\" rel=\"noopener\"><strong>Pouilles,<\/strong><\/a> la <strong>qualit\u00e9 de<\/strong> nos <strong>olives, la<\/strong> <strong>cueillette \u00e0 la main<\/strong> et le <strong>broyage le jour m\u00eame<\/strong> avec <strong>extraction \u00e0 froid<\/strong> sont les ingr\u00e9dients cl\u00e9s qui nous permettent de vous offrir une huile des Pouilles de <a href=\"https:\/\/www.oliocongedi.com\/olio-pugliese\/\" target=\"_blank\" rel=\"noopener\"><strong>huile de qualit\u00e9 des Pouilles<\/strong><\/a>.<br\/>Nos champs, riches en <strong>oliviers s\u00e9culaires<\/strong>, donnent \u00e0 l&rsquo;<strong>huile des <a href=\"https:\/\/www.oliocongedi.com\/puglia\/\" target=\"_blank\" rel=\"noopener\">Pouilles<\/a><\/strong> une saveur incomparable, avec laquelle vous pouvez assaisonner vos plats pour leur donner un go\u00fbt unique digne d&rsquo;un plat d\u00e9licieux. L&rsquo;<a href=\"https:\/\/www.oliocongedi.com\/olio-del-salento\/\" target=\"_blank\" rel=\"noopener\">huile d&rsquo;olive extra vierge <\/a>de la r\u00e9gion du <a href=\"https:\/\/www.oliocongedi.com\/salento\/\" target=\"_blank\" rel=\"noopener\">Salento<\/a> est l&rsquo;un des aliments fondamentaux du <strong>r\u00e9gime m\u00e9diterran\u00e9en<\/strong>, connu dans le monde entier pour sa capacit\u00e9 \u00e0 allier bont\u00e9 et attention \u00e0 la sant\u00e9.<br\/>L&rsquo;<a href=\"https:\/\/www.oliocongedi.com\/coltivato-nel-salento\/\" target=\"_blank\" rel=\"noopener\"><strong>huile cultiv\u00e9e dans le Salento<\/strong><\/a> a un pourcentage d&rsquo;acidit\u00e9 qui ne d\u00e9passe jamais 1 %, ce qui en fait le meilleur ingr\u00e9dient pour pr\u00e9parer un plat parfait. Quelques gouttes d&rsquo;huile d&rsquo;olive <a href=\"https:\/\/www.oliocongedi.com\/olio-doliva-italiano-puglia\/\" target=\"_blank\" rel=\"noopener\"><strong>huile d&rsquo;olive extra vierge<\/strong><\/a>ajout\u00e9es \u00e0 cru juste avant de passer \u00e0 table, pour rendre votre plat plus savoureux, plus authentique et plus d\u00e9licieux. De plus, c&rsquo;est parfait car l<a href=\"https:\/\/www.oliocongedi.com\/olio-extravergine-italiano\/\" target=\"_blank\" rel=\"noopener\"><strong>huile extra vierge<\/strong><\/a> est bonne et peut enrichir n&rsquo;importe quel plat, en lui donnant un <strong>go\u00fbt<\/strong> encore plus d\u00e9licieux. <\/p>\n\n<figure class=\"wp-block-gallery has-nested-images columns-default is-cropped wp-block-gallery-1 is-layout-flex wp-block-gallery-is-layout-flex\">\n<figure class=\"wp-block-image\"><img loading=\"lazy\" decoding=\"async\" width=\"741\" height=\"1000\" data-id=\"1072\" src=\"https:\/\/frantoiocongedi.com\/wp-content\/uploads\/2025\/06\/Olio-extra-vergine-di-oliva-Intenso.jpg\" alt=\"\" class=\"wp-image-1072\" srcset=\"https:\/\/frantoiocongedi.com\/wp-content\/uploads\/2025\/06\/Olio-extra-vergine-di-oliva-Intenso.jpg 741w, https:\/\/frantoiocongedi.com\/wp-content\/uploads\/2025\/06\/Olio-extra-vergine-di-oliva-Intenso-150x202.jpg 150w, https:\/\/frantoiocongedi.com\/wp-content\/uploads\/2025\/06\/Olio-extra-vergine-di-oliva-Intenso-222x300.jpg 222w\" sizes=\"auto, (max-width: 741px) 100vw, 741px\" \/><\/figure>\n\n\n\n<figure class=\"wp-block-image\"><img decoding=\"async\" data-id=\"1069\" src=\"https:\/\/frantoiocongedi.com\/wp-content\/uploads\/2025\/06\/Olio-extra-vergine-di-oliva-&#x2013;-Leggero.jpg\" alt=\"\" class=\"wp-image-1069\"\/><\/figure>\n\n\n\n<figure class=\"wp-block-image\"><img loading=\"lazy\" decoding=\"async\" width=\"768\" height=\"1200\" data-id=\"1078\" src=\"https:\/\/frantoiocongedi.com\/wp-content\/uploads\/2025\/06\/Bottiglia-1lt-Olio-extra-vergine-di-oliva-Leggero.jpg\" alt=\"\" class=\"wp-image-1078\" srcset=\"https:\/\/frantoiocongedi.com\/wp-content\/uploads\/2025\/06\/Bottiglia-1lt-Olio-extra-vergine-di-oliva-Leggero.jpg 768w, https:\/\/frantoiocongedi.com\/wp-content\/uploads\/2025\/06\/Bottiglia-1lt-Olio-extra-vergine-di-oliva-Leggero-150x234.jpg 150w, https:\/\/frantoiocongedi.com\/wp-content\/uploads\/2025\/06\/Bottiglia-1lt-Olio-extra-vergine-di-oliva-Leggero-192x300.jpg 192w, https:\/\/frantoiocongedi.com\/wp-content\/uploads\/2025\/06\/Bottiglia-1lt-Olio-extra-vergine-di-oliva-Leggero-655x1024.jpg 655w\" sizes=\"auto, (max-width: 768px) 100vw, 768px\" \/><\/figure>\n\n\n\n<figure class=\"wp-block-image\"><img decoding=\"async\" data-id=\"1075\" src=\"https:\/\/frantoiocongedi.com\/wp-content\/uploads\/2025\/06\/Olio-extra-vergine-di-oliva-&#x2013;-Non-filtrato.jpg\" alt=\"\" class=\"wp-image-1075\"\/><\/figure>\n\n\n\n<figure class=\"wp-block-image\"><img loading=\"lazy\" decoding=\"async\" width=\"741\" height=\"1000\" data-id=\"1066\" src=\"https:\/\/frantoiocongedi.com\/wp-content\/uploads\/2025\/06\/Olio-Extra-Vergine-di-Oliva-Bio.jpg\" alt=\"\" class=\"wp-image-1066\" srcset=\"https:\/\/frantoiocongedi.com\/wp-content\/uploads\/2025\/06\/Olio-Extra-Vergine-di-Oliva-Bio.jpg 741w, https:\/\/frantoiocongedi.com\/wp-content\/uploads\/2025\/06\/Olio-Extra-Vergine-di-Oliva-Bio-150x202.jpg 150w, https:\/\/frantoiocongedi.com\/wp-content\/uploads\/2025\/06\/Olio-Extra-Vergine-di-Oliva-Bio-222x300.jpg 222w\" sizes=\"auto, (max-width: 741px) 100vw, 741px\" \/><\/figure>\n<\/figure>\n","protected":false},"excerpt":{"rendered":"<p>Le climat des Pouilles, la qualit\u00e9 de nos olives, la cueillette \u00e0 la main et le broyage le jour m\u00eame<\/p>\n","protected":false},"author":1,"featured_media":0,"parent":0,"menu_order":0,"comment_status":"closed","ping_status":"closed","template":"","meta":{"footnotes":""},"class_list":["post-2000001027","page","type-page","status-publish","hentry"],"jetpack_sharing_enabled":true,"_links":{"self":[{"href":"https:\/\/frantoiocongedi.com\/fr\/wp-json\/wp\/v2\/pages\/2000001027","targetHints":{"allow":["GET"]}}],"collection":[{"href":"https:\/\/frantoiocongedi.com\/fr\/wp-json\/wp\/v2\/pages"}],"about":[{"href":"https:\/\/frantoiocongedi.com\/fr\/wp-json\/wp\/v2\/types\/page"}],"author":[{"embeddable":true,"href":"https:\/\/frantoiocongedi.com\/fr\/wp-json\/wp\/v2\/users\/1"}],"replies":[{"embeddable":true,"href":"https:\/\/frantoiocongedi.com\/fr\/wp-json\/wp\/v2\/comments?post=2000001027"}],"version-history":[{"count":1,"href":"https:\/\/frantoiocongedi.com\/fr\/wp-json\/wp\/v2\/pages\/2000001027\/revisions"}],"predecessor-version":[{"id":2000001028,"href":"https:\/\/frantoiocongedi.com\/fr\/wp-json\/wp\/v2\/pages\/2000001027\/revisions\/2000001028"}],"wp:attachment":[{"href":"https:\/\/frantoiocongedi.com\/fr\/wp-json\/wp\/v2\/media?parent=2000001027"}],"curies":[{"name":"wp","href":"https:\/\/api.w.org\/{rel}","templated":true}]}}