{"id":2000001031,"date":"2025-11-19T10:12:22","date_gmt":"2025-11-19T10:12:22","guid":{"rendered":"https:\/\/frantoiocongedi.com\/huile-de-salento\/"},"modified":"2026-04-12T08:43:13","modified_gmt":"2026-04-12T08:43:13","slug":"huile-de-salento","status":"publish","type":"page","link":"https:\/\/frantoiocongedi.com\/fr\/huile-de-salento\/","title":{"rendered":"Huile de Salento"},"content":{"rendered":"\n<p>Depuis plus de <strong>quatre g\u00e9n\u00e9rations<\/strong> dans le Salento, nous produisons de l&rsquo;<strong>huile d&rsquo;olive extra vierge de<\/strong> premi\u00e8re qualit\u00e9, en alliant <strong>qualit\u00e9<\/strong>, <strong>tradition<\/strong> et <strong>innovation<\/strong> technologique.<\/p>\n\n\n\n<hr class=\"wp-block-separator has-alpha-channel-opacity\">\n\n\n\n<p>L&rsquo;huile de Salento doit sa fortune, sa d\u00e9licatesse et sa bont\u00e9 au m\u00e9lange particulier d&rsquo;\u00e9l\u00e9ments qui caract\u00e9risent la r\u00e9gion de Salento.<\/p>\n\n\n\n<p>Entre la mer Adriatique \u00e0 l&rsquo;est et la mer Ionienne \u00e0 l&rsquo;ouest, le <strong><a href=\"https:\/\/frantoiocongedi.com\/fr\/salento\/\" data-type=\"link\" data-id=\"https:\/\/frantoiocongedi.com\/it\/salento\/\">Salento<\/a><\/strong>au sud des <strong><a href=\"https:\/\/frantoiocongedi.com\/fr\/pouilles\/\" data-type=\"link\" data-id=\"https:\/\/frantoiocongedi.com\/it\/puglia\/\">Pouilles<\/a><\/strong>est une terre aride et accident\u00e9e, riche en oliviers et en vignobles qui s&rsquo;\u00e9l\u00e8vent entre les rochers.<br><br>L&rsquo;<strong>or du Salento<\/strong> est l&rsquo;<a href=\"https:\/\/frantoiocongedi.com\/fr\/cat\/huile\/\">huile d&rsquo;olive extra vierge<\/a>, la richesse et le bien-\u00eatre d&rsquo;une r\u00e9gion o\u00f9 des milliers d&rsquo;<strong>oliviers<\/strong> peuplent la terre depuis des si\u00e8cles. La pr\u00e9sence de la <strong>mer<\/strong> \u00e0 proximit\u00e9, dont l&rsquo;olivier raffole, favorise sa croissance et enrichit encore son <strong>go\u00fbt<\/strong>, rendant l&rsquo;exp\u00e9rience encore plus agr\u00e9able pour les sens. <br><br>Diff\u00e9rents types d&rsquo;<strong>olives<\/strong> sont r\u00e9colt\u00e9s dans la r\u00e9gion du Salento. Il s&rsquo;agit des esp\u00e8ces <strong>oglialora<\/strong>, <strong>leccina<\/strong> et <strong>cellina<\/strong>. Cette derni\u00e8re, l&rsquo;esp\u00e8ce Cellina di Nard\u00f2, est obtenue \u00e0 partir d&rsquo;un olivier que l&rsquo;on peut d\u00e9finir comme \u00e9tant <strong>\u00e0 haut rendement<\/strong> et <strong>moyennement productif<\/strong>, caract\u00e9ris\u00e9 par une croissance lente et des fruits dont l&rsquo;huile d&rsquo;olive vierge extra n&rsquo;est extraite que lorsqu&rsquo;ils sont bien m\u00fbrs. En revanche, l&rsquo;Ogliarola, la deuxi\u00e8me vari\u00e9t\u00e9 dont on extrait l&rsquo;huile d&rsquo;olive vierge extra dans le Salento, a une <strong>croissance rapide<\/strong> et la m\u00eame robustesse que la Cellina. Elle produit des fruits abondants, parfaitement elliptiques et sym\u00e9triques, qui donnent une <a href=\"https:\/\/frantoiocongedi.com\/fr\/huile-des-pouilles\/\">huile des Pouilles<\/a> universellement reconnue pour sa qualit\u00e9.   <br><br>Le Frantoio <strong>Congedi<\/strong> a toujours recherch\u00e9 et combin\u00e9 l&rsquo;<strong>innovation, la tradition <\/strong>et la<strong> plus haute qualit\u00e9 dans la recherche de la <a href=\"https:\/\/frantoiocongedi.com\/fr\/\">meilleure huile d&rsquo;olive extra vierge<\/a><\/strong>.<br><br>Elle peut se pr\u00e9valoir de nombreuses <a href=\"https:\/\/frantoiocongedi.com\/fr\/remerciements\/\" data-type=\"link\" data-id=\"https:\/\/frantoiocongedi.com\/it\/riconoscimenti\/\">r\u00e9compenses<\/a> et <a href=\"https:\/\/frantoiocongedi.com\/fr\/certifications\/\" data-type=\"link\" data-id=\"https:\/\/frantoiocongedi.com\/it\/certificazioni\/\">certifications<\/a>. En particulier, l&rsquo;<strong>huile d&rsquo;olive extra vierge Terra d&rsquo;Otranto<\/strong> a re\u00e7u la <strong>marque D.O.P.<\/strong> en reconnaissance des qualit\u00e9s organoleptiques et des normes de production de l&rsquo;huile produite. Mais ce n&rsquo;est pas tout : l&rsquo;<strong>huile d&rsquo;olive extra vierge &#8211; Monocultivar Coratina<\/strong> a \u00e9t\u00e9 prim\u00e9e par le c\u00e9l\u00e8bre magazine <strong>Gambero Rosso<\/strong> parmi les <strong>meilleures huiles italiennes<\/strong> avec la <strong>note la plus \u00e9lev\u00e9e<\/strong>: Trois feuilles, Huiles excellentes, avec des parfums et des saveurs extraordinaires !  <\/p>\n\n\n\n<figure class=\"wp-block-gallery has-nested-images columns-default is-cropped wp-block-gallery-1 is-layout-flex wp-block-gallery-is-layout-flex\">\n<figure class=\"wp-block-image size-large\"><a href=\"https:\/\/frantoiocongedi.com\/fr\/prodotto\/huile-dolive-vierge-extra-monocultivar-ogliarola-050-l\/\"><img loading=\"lazy\" decoding=\"async\" width=\"500\" height=\"500\" data-id=\"1063\" src=\"https:\/\/frantoiocongedi.com\/wp-content\/uploads\/2025\/06\/Olio-extra-vergine-di-oliva-Monocultivar-Ogliarola.png\" alt=\"\" class=\"wp-image-1063\" srcset=\"https:\/\/frantoiocongedi.com\/wp-content\/uploads\/2025\/06\/Olio-extra-vergine-di-oliva-Monocultivar-Ogliarola.png 500w, https:\/\/frantoiocongedi.com\/wp-content\/uploads\/2025\/06\/Olio-extra-vergine-di-oliva-Monocultivar-Ogliarola-150x150.png 150w, https:\/\/frantoiocongedi.com\/wp-content\/uploads\/2025\/06\/Olio-extra-vergine-di-oliva-Monocultivar-Ogliarola-300x300.png 300w\" sizes=\"auto, (max-width: 500px) 100vw, 500px\" \/><\/a><\/figure>\n\n\n\n<figure class=\"wp-block-image size-large\"><a href=\"https:\/\/frantoiocongedi.com\/fr\/prodotto\/huile-dolive-vierge-extra-igp-puglia-050-l\/\"><img loading=\"lazy\" decoding=\"async\" width=\"500\" height=\"500\" data-id=\"1060\" src=\"https:\/\/frantoiocongedi.com\/wp-content\/uploads\/2025\/06\/Olio-extra-vergine-di-oliva-IGP-PUGLIA.png\" alt=\"\" class=\"wp-image-1060\" srcset=\"https:\/\/frantoiocongedi.com\/wp-content\/uploads\/2025\/06\/Olio-extra-vergine-di-oliva-IGP-PUGLIA.png 500w, https:\/\/frantoiocongedi.com\/wp-content\/uploads\/2025\/06\/Olio-extra-vergine-di-oliva-IGP-PUGLIA-150x150.png 150w, https:\/\/frantoiocongedi.com\/wp-content\/uploads\/2025\/06\/Olio-extra-vergine-di-oliva-IGP-PUGLIA-300x300.png 300w\" sizes=\"auto, (max-width: 500px) 100vw, 500px\" \/><\/a><\/figure>\n\n\n\n<figure class=\"wp-block-image size-large\"><a href=\"https:\/\/frantoiocongedi.com\/fr\/prodotto\/huile-dolive-vierge-extra-monocultivar-favolosa-050-l\/\"><img loading=\"lazy\" decoding=\"async\" width=\"500\" height=\"500\" data-id=\"1098\" src=\"https:\/\/frantoiocongedi.com\/wp-content\/uploads\/2025\/06\/Olio-extra-vergine-di-oliva-Monocultivar-Favolosa.png\" alt=\"\" class=\"wp-image-1098\" srcset=\"https:\/\/frantoiocongedi.com\/wp-content\/uploads\/2025\/06\/Olio-extra-vergine-di-oliva-Monocultivar-Favolosa.png 500w, https:\/\/frantoiocongedi.com\/wp-content\/uploads\/2025\/06\/Olio-extra-vergine-di-oliva-Monocultivar-Favolosa-150x150.png 150w, https:\/\/frantoiocongedi.com\/wp-content\/uploads\/2025\/06\/Olio-extra-vergine-di-oliva-Monocultivar-Favolosa-300x300.png 300w\" sizes=\"auto, (max-width: 500px) 100vw, 500px\" \/><\/a><\/figure>\n\n\n\n<figure class=\"wp-block-image size-large\"><a href=\"https:\/\/frantoiocongedi.com\/fr\/prodotto\/huile-dolive-vierge-extra-aop-terra-dotranto-050-l\/\"><img decoding=\"async\" data-id=\"1054\" src=\"https:\/\/frantoiocongedi.com\/wp-content\/uploads\/2025\/06\/Olio-extra-vergine-di-oliva-Dop-Terra-dOtranto.png\" alt=\"\" class=\"wp-image-1054\"><\/a><\/figure>\n\n\n\n<figure class=\"wp-block-image size-large\"><a href=\"https:\/\/frantoiocongedi.com\/fr\/prodotto\/huile-dolive-vierge-extra-monocultivar-0-5-lt-coratina\/\"><img loading=\"lazy\" decoding=\"async\" width=\"500\" height=\"500\" data-id=\"1051\" src=\"https:\/\/frantoiocongedi.com\/wp-content\/uploads\/2025\/06\/Olio-extra-vergine-di-oliva-Monocultivar-05-Lt-Coratina.png\" alt=\"\" class=\"wp-image-1051\" srcset=\"https:\/\/frantoiocongedi.com\/wp-content\/uploads\/2025\/06\/Olio-extra-vergine-di-oliva-Monocultivar-05-Lt-Coratina.png 500w, https:\/\/frantoiocongedi.com\/wp-content\/uploads\/2025\/06\/Olio-extra-vergine-di-oliva-Monocultivar-05-Lt-Coratina-150x150.png 150w, https:\/\/frantoiocongedi.com\/wp-content\/uploads\/2025\/06\/Olio-extra-vergine-di-oliva-Monocultivar-05-Lt-Coratina-300x300.png 300w\" sizes=\"auto, (max-width: 500px) 100vw, 500px\" \/><\/a><\/figure>\n<\/figure>\n","protected":false},"excerpt":{"rendered":"<p>Depuis plus de quatre g\u00e9n\u00e9rations dans le Salento, nous produisons de l&rsquo;huile d&rsquo;olive extra vierge de premi\u00e8re qualit\u00e9, en alliant<\/p>\n","protected":false},"author":1,"featured_media":0,"parent":0,"menu_order":0,"comment_status":"closed","ping_status":"closed","template":"","meta":{"footnotes":""},"class_list":["post-2000001031","page","type-page","status-publish","hentry"],"jetpack_sharing_enabled":true,"_links":{"self":[{"href":"https:\/\/frantoiocongedi.com\/fr\/wp-json\/wp\/v2\/pages\/2000001031","targetHints":{"allow":["GET"]}}],"collection":[{"href":"https:\/\/frantoiocongedi.com\/fr\/wp-json\/wp\/v2\/pages"}],"about":[{"href":"https:\/\/frantoiocongedi.com\/fr\/wp-json\/wp\/v2\/types\/page"}],"author":[{"embeddable":true,"href":"https:\/\/frantoiocongedi.com\/fr\/wp-json\/wp\/v2\/users\/1"}],"replies":[{"embeddable":true,"href":"https:\/\/frantoiocongedi.com\/fr\/wp-json\/wp\/v2\/comments?post=2000001031"}],"version-history":[{"count":5,"href":"https:\/\/frantoiocongedi.com\/fr\/wp-json\/wp\/v2\/pages\/2000001031\/revisions"}],"predecessor-version":[{"id":2000001679,"href":"https:\/\/frantoiocongedi.com\/fr\/wp-json\/wp\/v2\/pages\/2000001031\/revisions\/2000001679"}],"wp:attachment":[{"href":"https:\/\/frantoiocongedi.com\/fr\/wp-json\/wp\/v2\/media?parent=2000001031"}],"curies":[{"name":"wp","href":"https:\/\/api.w.org\/{rel}","templated":true}]}}