{"id":3503,"date":"2025-06-18T13:06:17","date_gmt":"2025-06-18T13:06:17","guid":{"rendered":"https:\/\/frantoiocongedi.com\/durabilite-et-biodiversite\/"},"modified":"2026-04-03T09:58:37","modified_gmt":"2026-04-03T09:58:37","slug":"durabilite-et-biodiversite","status":"publish","type":"page","link":"https:\/\/frantoiocongedi.com\/fr\/durabilite-et-biodiversite\/","title":{"rendered":"Durabilit\u00e9 et biodiversit\u00e9"},"content":{"rendered":"\t\t<div data-elementor-type=\"wp-page\" data-elementor-id=\"3503\" class=\"elementor elementor-3503\">\n\t\t\t\t<div class=\"wd-negative-gap elementor-element elementor-element-1e0e65d e-flex e-con-boxed e-con e-parent\" data-id=\"1e0e65d\" data-element_type=\"container\" data-e-type=\"container\">\n\t\t\t\t\t<div class=\"e-con-inner\">\n\t\t\t\t<div class=\"elementor-element elementor-element-ddb6609 elementor-widget elementor-widget-heading\" data-id=\"ddb6609\" data-element_type=\"widget\" data-e-type=\"widget\" data-widget_type=\"heading.default\">\n\t\t\t\t<div class=\"elementor-widget-container\">\n\t\t\t\t\t<h2 class=\"elementor-heading-title elementor-size-default\">Ajouter un texte ici Prendre \u00e0 c\u0153ur le sort de l'environnement est le devoir de chacun.<\/h2>\t\t\t\t<\/div>\n\t\t\t\t<\/div>\n\t\t\t\t\t<\/div>\n\t\t\t\t<\/div>\n\t\t<div class=\"wd-negative-gap elementor-element elementor-element-b022dbc e-flex e-con-boxed e-con e-parent\" data-id=\"b022dbc\" data-element_type=\"container\" data-e-type=\"container\">\n\t\t\t\t\t<div class=\"e-con-inner\">\n\t\t\t\t<div class=\"elementor-element elementor-element-e765635 color-scheme-inherit text-left elementor-widget elementor-widget-text-editor\" data-id=\"e765635\" data-element_type=\"widget\" data-e-type=\"widget\" data-widget_type=\"text-editor.default\">\n\t\t\t\t<div class=\"elementor-widget-container\">\n\t\t\t\t\t\t\t\t\t<p>Outre la croissance au niveau strictement agricole, Frantoio Oleario Congedi investit depuis plusieurs ann\u00e9es dans la durabilit\u00e9 environnementale, en mettant l&rsquo;accent sur les sources d&rsquo;\u00e9nergie renouvelables, les \u00e9conomies d&rsquo;\u00e9nergie et la r\u00e9duction du CO2. Depuis 2010, un syst\u00e8me photovolta\u00efque de pointe a \u00e9t\u00e9 install\u00e9 dans l&rsquo;usine, qui couvre la totalit\u00e9 des besoins en \u00e9nergie pour la production d&rsquo;huile. Le grignon est \u00e9galement r\u00e9cup\u00e9r\u00e9 gr\u00e2ce \u00e0 une installation qui s\u00e9pare la pulpe du grignon de l&rsquo;amande.  <\/p><p>Alors que la pulpe est utilis\u00e9e comme engrais dans les champs, l&rsquo;amande est utilis\u00e9e pour produire du grignon, un combustible respectueux de l&rsquo;environnement et \u00e0 faible impact qui est utilis\u00e9 \u00e0 la fois pour chauffer l&rsquo;ensemble de l&rsquo;usine et pour alimenter le cycle de production de l&rsquo;huile.<\/p><p>Le Frantoio Congedi a investi dans un important projet \u00e9ducatif mettant en avant les pratiques de r\u00e9utilisation des d\u00e9chets issus de la production d&rsquo;huile. D&rsquo;autres choix \u00e9cologiques dans le Frantoio Congedi sont l&rsquo;utilisation de chariots \u00e9l\u00e9vateurs \u00e9lectriques pour le transport et le stockage des marchandises et des lumi\u00e8res LED \u00e0 faible consommation d&rsquo;\u00e9nergie. <\/p><p>Enfin, la campagne \u00ab\u00a0sans plastique\u00a0\u00bb, parce que l&rsquo;\u00e9limination du plastique de l&rsquo;entreprise est un acte de responsabilit\u00e9, a \u00e9t\u00e9 mise en \u0153uvre en fabriquant des bouteilles d&rsquo;eau en aluminium qui permettent aux employ\u00e9s de puiser de l&rsquo;eau potable dans des distributeurs d&rsquo;une mani\u00e8re pratique et durable.<\/p>\t\t\t\t\t\t\t\t<\/div>\n\t\t\t\t<\/div>\n\t\t\t\t<div class=\"elementor-element elementor-element-4b67e5a elementor-widget elementor-widget-heading\" data-id=\"4b67e5a\" data-element_type=\"widget\" data-e-type=\"widget\" data-widget_type=\"heading.default\">\n\t\t\t\t<div class=\"elementor-widget-container\">\n\t\t\t\t\t<h2 class=\"elementor-heading-title elementor-size-default\">Le go\u00fbt de la biodiversit\u00e9<\/h2>\t\t\t\t<\/div>\n\t\t\t\t<\/div>\n\t\t\t\t<div class=\"elementor-element elementor-element-c172f0c color-scheme-inherit text-left elementor-widget elementor-widget-text-editor\" data-id=\"c172f0c\" data-element_type=\"widget\" data-e-type=\"widget\" data-widget_type=\"text-editor.default\">\n\t\t\t\t<div class=\"elementor-widget-container\">\n\t\t\t\t\t\t\t\t\t<p>Tomate, noix, amande, chicor\u00e9e, pomme, herbe coup\u00e9e, herbes aromatiques, f\u00e8ves, baies, autant de senteurs que les huiles d&rsquo;olive vierges extra nous offrent, autant de cultivars et autant d&rsquo;\u00e9motions, signe de la riche biodiversit\u00e9 dont nous disposons. Notre huile provient exclusivement de cultivars typiques du territoire sur lequel nous op\u00e9rons, car ce sont les vari\u00e9t\u00e9s autochtones qui donnent un sens \u00e0 notre travail et un caract\u00e8re unique \u00e0 notre produit. <\/p>\t\t\t\t\t\t\t\t<\/div>\n\t\t\t\t<\/div>\n\t\t\t\t\t<\/div>\n\t\t\t\t<\/div>\n\t\t\t\t<\/div>\n\t\t","protected":false},"excerpt":{"rendered":"<p>Se pr\u00e9occuper du sort de l&rsquo;environnement est le devoir de chacun. Outre la croissance au niveau strictement agricole, Frantoio Oleario<\/p>\n","protected":false},"author":1,"featured_media":0,"parent":0,"menu_order":0,"comment_status":"closed","ping_status":"closed","template":"","meta":{"footnotes":""},"class_list":["post-3503","page","type-page","status-publish","hentry"],"jetpack_sharing_enabled":true,"_links":{"self":[{"href":"https:\/\/frantoiocongedi.com\/fr\/wp-json\/wp\/v2\/pages\/3503","targetHints":{"allow":["GET"]}}],"collection":[{"href":"https:\/\/frantoiocongedi.com\/fr\/wp-json\/wp\/v2\/pages"}],"about":[{"href":"https:\/\/frantoiocongedi.com\/fr\/wp-json\/wp\/v2\/types\/page"}],"author":[{"embeddable":true,"href":"https:\/\/frantoiocongedi.com\/fr\/wp-json\/wp\/v2\/users\/1"}],"replies":[{"embeddable":true,"href":"https:\/\/frantoiocongedi.com\/fr\/wp-json\/wp\/v2\/comments?post=3503"}],"version-history":[{"count":3,"href":"https:\/\/frantoiocongedi.com\/fr\/wp-json\/wp\/v2\/pages\/3503\/revisions"}],"predecessor-version":[{"id":2000001175,"href":"https:\/\/frantoiocongedi.com\/fr\/wp-json\/wp\/v2\/pages\/3503\/revisions\/2000001175"}],"wp:attachment":[{"href":"https:\/\/frantoiocongedi.com\/fr\/wp-json\/wp\/v2\/media?parent=3503"}],"curies":[{"name":"wp","href":"https:\/\/api.w.org\/{rel}","templated":true}]}}