{"id":3508,"date":"2025-06-18T12:52:31","date_gmt":"2025-06-18T12:52:31","guid":{"rendered":"https:\/\/frantoiocongedi.com\/certifications\/"},"modified":"2026-02-25T11:19:43","modified_gmt":"2026-02-25T11:19:43","slug":"certifications","status":"publish","type":"page","link":"https:\/\/frantoiocongedi.com\/fr\/certifications\/","title":{"rendered":"Certifications"},"content":{"rendered":"\t\t<div data-elementor-type=\"wp-page\" data-elementor-id=\"3508\" class=\"elementor elementor-3508\">\n\t\t\t\t<div class=\"wd-negative-gap elementor-element elementor-element-5623860 e-flex e-con-boxed e-con e-parent\" data-id=\"5623860\" data-element_type=\"container\" data-e-type=\"container\">\n\t\t\t\t\t<div class=\"e-con-inner\">\n\t\t\t\t<div class=\"elementor-element elementor-element-3c47a1e elementor-widget elementor-widget-heading\" data-id=\"3c47a1e\" data-element_type=\"widget\" data-e-type=\"widget\" data-widget_type=\"heading.default\">\n\t\t\t\t<div class=\"elementor-widget-container\">\n\t\t\t\t\t<h2 class=\"elementor-heading-title elementor-size-default\">La qualit\u00e9 est toujours le r\u00e9sultat d'un travail certifi\u00e9<\/h2>\t\t\t\t<\/div>\n\t\t\t\t<\/div>\n\t\t\t\t\t<\/div>\n\t\t\t\t<\/div>\n\t\t<div class=\"wd-negative-gap elementor-element elementor-element-075dfe0 e-flex e-con-boxed e-con e-parent\" data-id=\"075dfe0\" data-element_type=\"container\" data-e-type=\"container\">\n\t\t\t\t\t<div class=\"e-con-inner\">\n\t\t\t\t<div class=\"elementor-element elementor-element-8a5c196 elementor-widget elementor-widget-spacer\" data-id=\"8a5c196\" data-element_type=\"widget\" data-e-type=\"widget\" data-widget_type=\"spacer.default\">\n\t\t\t\t<div class=\"elementor-widget-container\">\n\t\t\t\t\t\t\t<div class=\"elementor-spacer\">\n\t\t\t<div class=\"elementor-spacer-inner\"><\/div>\n\t\t<\/div>\n\t\t\t\t\t\t<\/div>\n\t\t\t\t<\/div>\n\t\t\t\t\t<\/div>\n\t\t\t\t<\/div>\n\t\t<div class=\"wd-negative-gap elementor-element elementor-element-5069d31 e-flex e-con-boxed e-con e-parent\" data-id=\"5069d31\" data-element_type=\"container\" data-e-type=\"container\">\n\t\t\t\t\t<div class=\"e-con-inner\">\n\t\t<div class=\"elementor-element elementor-element-a7db58f e-con-full e-flex e-con e-child\" data-id=\"a7db58f\" data-element_type=\"container\" data-e-type=\"container\">\n\t\t\t\t<\/div>\n\t\t<div class=\"elementor-element elementor-element-9d50e4d e-con-full e-flex e-con e-child\" data-id=\"9d50e4d\" data-element_type=\"container\" data-e-type=\"container\">\n\t\t\t\t<div class=\"elementor-element elementor-element-0873f3f elementor-widget elementor-widget-image\" data-id=\"0873f3f\" data-element_type=\"widget\" data-e-type=\"widget\" data-widget_type=\"image.default\">\n\t\t\t\t<div class=\"elementor-widget-container\">\n\t\t\t\t\t\t\t\t\t\t\t\t\t\t\t<img loading=\"lazy\" decoding=\"async\" width=\"690\" height=\"520\" src=\"https:\/\/frantoiocongedi.com\/wp-content\/uploads\/2025\/06\/BRCGS_CERT_FOOD_LOGO_CMYK_2.jpg\" class=\"attachment-large size-large wp-image-3510\" alt=\"\" srcset=\"https:\/\/frantoiocongedi.com\/wp-content\/uploads\/2025\/06\/BRCGS_CERT_FOOD_LOGO_CMYK_2.jpg 690w, https:\/\/frantoiocongedi.com\/wp-content\/uploads\/2025\/06\/BRCGS_CERT_FOOD_LOGO_CMYK_2-150x113.jpg 150w, https:\/\/frantoiocongedi.com\/wp-content\/uploads\/2025\/06\/BRCGS_CERT_FOOD_LOGO_CMYK_2-300x226.jpg 300w\" sizes=\"auto, (max-width: 690px) 100vw, 690px\" \/>\t\t\t\t\t\t\t\t\t\t\t\t\t\t\t<\/div>\n\t\t\t\t<\/div>\n\t\t\t\t<\/div>\n\t\t<div class=\"elementor-element elementor-element-9798f55 e-con-full e-flex e-con e-child\" data-id=\"9798f55\" data-element_type=\"container\" data-e-type=\"container\">\n\t\t\t\t<div class=\"elementor-element elementor-element-9f02479 elementor-widget elementor-widget-image\" data-id=\"9f02479\" data-element_type=\"widget\" data-e-type=\"widget\" data-widget_type=\"image.default\">\n\t\t\t\t<div class=\"elementor-widget-container\">\n\t\t\t\t\t\t\t\t\t\t\t\t\t\t\t<img loading=\"lazy\" decoding=\"async\" width=\"928\" height=\"556\" src=\"https:\/\/frantoiocongedi.com\/wp-content\/uploads\/2025\/06\/ifs_food_2_.png\" class=\"attachment-large size-large wp-image-3511\" alt=\"\" srcset=\"https:\/\/frantoiocongedi.com\/wp-content\/uploads\/2025\/06\/ifs_food_2_.png 928w, https:\/\/frantoiocongedi.com\/wp-content\/uploads\/2025\/06\/ifs_food_2_-150x90.png 150w, https:\/\/frantoiocongedi.com\/wp-content\/uploads\/2025\/06\/ifs_food_2_-300x180.png 300w, https:\/\/frantoiocongedi.com\/wp-content\/uploads\/2025\/06\/ifs_food_2_-768x460.png 768w\" sizes=\"auto, (max-width: 928px) 100vw, 928px\" \/>\t\t\t\t\t\t\t\t\t\t\t\t\t\t\t<\/div>\n\t\t\t\t<\/div>\n\t\t\t\t<\/div>\n\t\t<div class=\"elementor-element elementor-element-90f5b93 e-con-full e-flex e-con e-child\" data-id=\"90f5b93\" data-element_type=\"container\" data-e-type=\"container\">\n\t\t\t\t<\/div>\n\t\t\t\t\t<\/div>\n\t\t\t\t<\/div>\n\t\t<div class=\"wd-negative-gap elementor-element elementor-element-52e0840 e-flex e-con-boxed e-con e-parent\" data-id=\"52e0840\" data-element_type=\"container\" data-e-type=\"container\">\n\t\t\t\t\t<div class=\"e-con-inner\">\n\t\t\t\t<div class=\"elementor-element elementor-element-f583307 color-scheme-inherit text-left elementor-widget elementor-widget-text-editor\" data-id=\"f583307\" data-element_type=\"widget\" data-e-type=\"widget\" data-widget_type=\"text-editor.default\">\n\t\t\t\t<div class=\"elementor-widget-container\">\n\t\t\t\t\t\t\t\t\t<p>Depuis 1917, l&rsquo;objectif premier du Frantoio Oleario Congedi est d&rsquo;atteindre un niveau de qualit\u00e9 \u00e9lev\u00e9. Aujourd&rsquo;hui, le moulin garantit la s\u00e9curit\u00e9 alimentaire et les qualit\u00e9s hygi\u00e9nico-sanitaires qui caract\u00e9risent chaque \u00e9tape des processus de production, de transformation et de pr\u00e9paration jusqu&rsquo;\u00e0 l&rsquo;obtention du produit fini, et permet au consommateur de suivre les mouvements de son produit, de son origine \u00e0 sa destination commerciale, gr\u00e2ce au syst\u00e8me de tra\u00e7abilit\u00e9 certifi\u00e9 de la cha\u00eene d&rsquo;approvisionnement, qui suit la mati\u00e8re premi\u00e8re depuis le champ jusqu&rsquo;au produit fini emball\u00e9. <\/p><p>Ce syst\u00e8me est fondamental car il garantit une plus grande transparence et la bonne information du consommateur final, qui exige de conna\u00eetre le lieu exact de production des olives et leur traitement ult\u00e9rieur dans le moulin. Le moulin a \u00e9galement obtenu la certification selon les normes internationales de s\u00e9curit\u00e9 alimentaire BRC et IFS, une exigence d\u00e9sormais fondamentale pour de nombreuses cha\u00eenes de distribution europ\u00e9ennes. <\/p>\t\t\t\t\t\t\t\t<\/div>\n\t\t\t\t<\/div>\n\t\t\t\t\t<\/div>\n\t\t\t\t<\/div>\n\t\t\t\t<\/div>\n\t\t","protected":false},"excerpt":{"rendered":"<p>La qualit\u00e9 est toujours le r\u00e9sultat d&rsquo;un travail certifi\u00e9 Depuis 1917, l&rsquo;objectif premier du Frantoio Oleario Congedi est d&rsquo;atteindre un<\/p>\n","protected":false},"author":1,"featured_media":0,"parent":0,"menu_order":0,"comment_status":"closed","ping_status":"closed","template":"","meta":{"footnotes":""},"class_list":["post-3508","page","type-page","status-publish","hentry"],"jetpack_sharing_enabled":true,"_links":{"self":[{"href":"https:\/\/frantoiocongedi.com\/fr\/wp-json\/wp\/v2\/pages\/3508","targetHints":{"allow":["GET"]}}],"collection":[{"href":"https:\/\/frantoiocongedi.com\/fr\/wp-json\/wp\/v2\/pages"}],"about":[{"href":"https:\/\/frantoiocongedi.com\/fr\/wp-json\/wp\/v2\/types\/page"}],"author":[{"embeddable":true,"href":"https:\/\/frantoiocongedi.com\/fr\/wp-json\/wp\/v2\/users\/1"}],"replies":[{"embeddable":true,"href":"https:\/\/frantoiocongedi.com\/fr\/wp-json\/wp\/v2\/comments?post=3508"}],"version-history":[{"count":1,"href":"https:\/\/frantoiocongedi.com\/fr\/wp-json\/wp\/v2\/pages\/3508\/revisions"}],"predecessor-version":[{"id":3512,"href":"https:\/\/frantoiocongedi.com\/fr\/wp-json\/wp\/v2\/pages\/3508\/revisions\/3512"}],"wp:attachment":[{"href":"https:\/\/frantoiocongedi.com\/fr\/wp-json\/wp\/v2\/media?parent=3508"}],"curies":[{"name":"wp","href":"https:\/\/api.w.org\/{rel}","templated":true}]}}