{"id":3514,"date":"2025-06-18T12:59:27","date_gmt":"2025-06-18T12:59:27","guid":{"rendered":"https:\/\/frantoiocongedi.com\/cultive-dans-le-salento\/"},"modified":"2026-02-25T11:19:47","modified_gmt":"2026-02-25T11:19:47","slug":"cultive-dans-le-salento","status":"publish","type":"page","link":"https:\/\/frantoiocongedi.com\/fr\/cultive-dans-le-salento\/","title":{"rendered":"Cultiv\u00e9 dans le Salento"},"content":{"rendered":"\t\t<div data-elementor-type=\"wp-page\" data-elementor-id=\"3514\" class=\"elementor elementor-3514\">\n\t\t\t\t<div class=\"wd-negative-gap elementor-element elementor-element-486d34e e-flex e-con-boxed e-con e-parent\" data-id=\"486d34e\" data-element_type=\"container\" data-e-type=\"container\">\n\t\t\t\t\t<div class=\"e-con-inner\">\n\t\t\t\t<div class=\"elementor-element elementor-element-cef4447 elementor-widget elementor-widget-heading\" data-id=\"cef4447\" data-element_type=\"widget\" data-e-type=\"widget\" data-widget_type=\"heading.default\">\n\t\t\t\t<div class=\"elementor-widget-container\">\n\t\t\t\t\t<h2 class=\"elementor-heading-title elementor-size-default\">D\u00e9couvrez la saveur unique de notre merveilleux pays<\/h2>\t\t\t\t<\/div>\n\t\t\t\t<\/div>\n\t\t\t\t<div class=\"elementor-element elementor-element-e973cb7 color-scheme-inherit text-left elementor-widget elementor-widget-text-editor\" data-id=\"e973cb7\" data-element_type=\"widget\" data-e-type=\"widget\" data-widget_type=\"text-editor.default\">\n\t\t\t\t<div class=\"elementor-widget-container\">\n\t\t\t\t\t\t\t\t\t<p><em>D\u00e9couvrez la <strong>saveur unique<\/strong> de notre <strong>merveilleuse terre<\/strong>. L&rsquo;<a href=\"https:\/\/www.oliocongedi.com\/it\/olio-del-salento\" target=\"_blank\" rel=\"noopener\">huile de Salento<\/a> doit sa fortune, sa saveur et sa bont\u00e9 au m\u00e9lange particulier d&rsquo;\u00e9l\u00e9ments qui caract\u00e9risent le <a href=\"https:\/\/www.oliocongedi.com\/it\/salento\" target=\"_blank\" rel=\"noopener\"><strong>territoire du Salento<\/strong><\/a>Le Salento est une terre magique du sud de l&rsquo;Italie, qui abrite des endroits o\u00f9 la nature est encore intacte et o\u00f9 la rencontre <strong>entre la mer et la terre<\/strong> cr\u00e9e des paysages \u00e0 couper le souffle et r\u00e9g\u00e9n\u00e8re l&rsquo;\u00e2me et le c\u0153ur. <\/em><\/p>\t\t\t\t\t\t\t\t<\/div>\n\t\t\t\t<\/div>\n\t\t\t\t<div class=\"elementor-element elementor-element-4d8ad57 color-scheme-inherit text-left elementor-widget elementor-widget-text-editor\" data-id=\"4d8ad57\" data-element_type=\"widget\" data-e-type=\"widget\" data-widget_type=\"text-editor.default\">\n\t\t\t\t<div class=\"elementor-widget-container\">\n\t\t\t\t\t\t\t\t\t<p>Situ\u00e9e entre les deux mers, l&rsquo;Adriatique \u00e0 l&rsquo;est et la mer Ionienne \u00e0 l&rsquo;ouest, <a href=\"https:\/\/www.oliocongedi.com\/it\/puglia\" target=\"_blank\" rel=\"noopener\"><strong>au sud des Pouilles<\/strong><\/a>le <a href=\"https:\/\/www.oliocongedi.com\/it\/salento\" target=\"_blank\" rel=\"noopener\"><strong>Salento<\/strong> <\/a>se caract\u00e9rise par un relief particuli\u00e8rement accident\u00e9 et sec, o\u00f9 la roche karstique ouvre des br\u00e8ches soudaines dans le terrain, avec des plateaux o\u00f9 les <strong>champs cultiv\u00e9s<\/strong>, les <strong>vignobles<\/strong> et les <strong>oliveraies<\/strong> \u00e9mergent parmi les rochers, r\u00e9sultat de si\u00e8cles de travail patient de g\u00e9n\u00e9rations d&rsquo;agriculteurs, \u00e0 qui revient le m\u00e9rite d&rsquo;avoir fourni un sol fertile pour la production de l&rsquo;<a href=\"https:\/\/www.oliocongedi.com\/it\/olio-doliva-italiano-puglia\" target=\"_blank\" rel=\"noopener\">huile d&rsquo;olive italienne.<\/a><\/p>\t\t\t\t\t\t\t\t<\/div>\n\t\t\t\t<\/div>\n\t\t\t\t\t<\/div>\n\t\t\t\t<\/div>\n\t\t<div class=\"wd-negative-gap elementor-element elementor-element-846561a e-flex e-con-boxed e-con e-parent\" data-id=\"846561a\" data-element_type=\"container\" data-e-type=\"container\">\n\t\t\t\t\t<div class=\"e-con-inner\">\n\t\t<div class=\"elementor-element elementor-element-142f07b e-con-full e-flex e-con e-child\" data-id=\"142f07b\" data-element_type=\"container\" data-e-type=\"container\">\n\t\t\t\t<div class=\"elementor-element elementor-element-2eef9db elementor-widget elementor-widget-heading\" data-id=\"2eef9db\" data-element_type=\"widget\" data-e-type=\"widget\" data-widget_type=\"heading.default\">\n\t\t\t\t<div class=\"elementor-widget-container\">\n\t\t\t\t\t<h2 class=\"elementor-heading-title elementor-size-default\">Une couleur splendide, un go\u00fbt d\u00e9licieux, un ar\u00f4me irr\u00e9sistible.<\/h2>\t\t\t\t<\/div>\n\t\t\t\t<\/div>\n\t\t\t\t<div class=\"elementor-element elementor-element-d298677 color-scheme-inherit text-left elementor-widget elementor-widget-text-editor\" data-id=\"d298677\" data-element_type=\"widget\" data-e-type=\"widget\" data-widget_type=\"text-editor.default\">\n\t\t\t\t<div class=\"elementor-widget-container\">\n\t\t\t\t\t\t\t\t\t<p>La pr\u00e9sence de la mer \u00e0 proximit\u00e9, que l&rsquo;olivier aime, favorise sa croissance et enrichit encore son go\u00fbt, ce qui rend l&rsquo;exp\u00e9rience encore plus agr\u00e9able pour les sens.<\/p><p>Une couleur splendide, un go\u00fbt d\u00e9licieux, un ar\u00f4me puissant. La plupart des <strong>oliviers<\/strong> dont on tire l&rsquo;huile d&rsquo;olive vierge extra appartiennent aux esp\u00e8ces monovari\u00e9tales <strong>Favolosa, Coratina, Leccino et Frantoio<\/strong>. <\/p>\t\t\t\t\t\t\t\t<\/div>\n\t\t\t\t<\/div>\n\t\t\t\t<\/div>\n\t\t<div class=\"elementor-element elementor-element-615e21e e-con-full e-flex e-con e-child\" data-id=\"615e21e\" data-element_type=\"container\" data-e-type=\"container\">\n\t\t\t\t<div class=\"elementor-element elementor-element-e82ec39 elementor-widget elementor-widget-image\" data-id=\"e82ec39\" data-element_type=\"widget\" data-e-type=\"widget\" data-widget_type=\"image.default\">\n\t\t\t\t<div class=\"elementor-widget-container\">\n\t\t\t\t\t\t\t\t\t\t\t\t\t\t\t<img loading=\"lazy\" decoding=\"async\" width=\"900\" height=\"900\" src=\"https:\/\/frantoiocongedi.com\/wp-content\/uploads\/2025\/06\/collage-olio.png\" class=\"attachment-large size-large wp-image-3518\" alt=\"\" srcset=\"https:\/\/frantoiocongedi.com\/wp-content\/uploads\/2025\/06\/collage-olio.png 900w, https:\/\/frantoiocongedi.com\/wp-content\/uploads\/2025\/06\/collage-olio-600x600.png 600w, https:\/\/frantoiocongedi.com\/wp-content\/uploads\/2025\/06\/collage-olio-150x150.png 150w, https:\/\/frantoiocongedi.com\/wp-content\/uploads\/2025\/06\/collage-olio-300x300.png 300w, https:\/\/frantoiocongedi.com\/wp-content\/uploads\/2025\/06\/collage-olio-768x768.png 768w\" sizes=\"auto, (max-width: 900px) 100vw, 900px\" \/>\t\t\t\t\t\t\t\t\t\t\t\t\t\t\t<\/div>\n\t\t\t\t<\/div>\n\t\t\t\t<\/div>\n\t\t\t\t\t<\/div>\n\t\t\t\t<\/div>\n\t\t<div class=\"wd-negative-gap elementor-element elementor-element-2b3542e e-flex e-con-boxed e-con e-parent\" data-id=\"2b3542e\" data-element_type=\"container\" data-e-type=\"container\">\n\t\t\t\t\t<div class=\"e-con-inner\">\n\t\t\t\t<div class=\"elementor-element elementor-element-88b3969 color-scheme-inherit text-left elementor-widget elementor-widget-text-editor\" data-id=\"88b3969\" data-element_type=\"widget\" data-e-type=\"widget\" data-widget_type=\"text-editor.default\">\n\t\t\t\t<div class=\"elementor-widget-container\">\n\t\t\t\t\t\t\t\t\t<p>La premi\u00e8re esp\u00e8ce se caract\u00e9rise par des <strong>arbres rustiques<\/strong> \u00e0 <strong>croissance lente<\/strong> et des fruits dont l&rsquo;<strong>huile d&rsquo;olive vierge extra<\/strong> ne peut \u00eatre extraite qu&rsquo;\u00e0 pleine maturit\u00e9. La Cellina est une vari\u00e9t\u00e9 d&rsquo;olivier \u00e0 haut rendement et \u00e0 productivit\u00e9 moyenne, caract\u00e9ris\u00e9e par des fruits de forme elliptique et de sym\u00e9trie l\u00e9g\u00e8rement irr\u00e9guli\u00e8re. <\/p><p>En revanche, l&rsquo;Ogliarola, la deuxi\u00e8me vari\u00e9t\u00e9 dont on extrait l&rsquo;huile d&rsquo;olive vierge extra dans le Salento, de <strong>croissance rapide<\/strong> et de <strong>m\u00eame robustesse que la Cellina<\/strong>, produit des fruits abondants, parfaitement elliptiques et sym\u00e9triques, qui donnent une <a href=\"https:\/\/www.oliocongedi.com\/it\/olio-puglia\" target=\"_blank\" rel=\"noopener\">huile des Pouilles<\/a> <strong>universellement reconnue<\/strong> pour sa qualit\u00e9, et dont le pourcentage de rendement est tr\u00e8s \u00e9lev\u00e9.<\/p>\t\t\t\t\t\t\t\t<\/div>\n\t\t\t\t<\/div>\n\t\t\t\t\t<\/div>\n\t\t\t\t<\/div>\n\t\t<div class=\"wd-negative-gap elementor-element elementor-element-53866b9 e-flex e-con-boxed e-con e-parent\" data-id=\"53866b9\" data-element_type=\"container\" data-e-type=\"container\">\n\t\t\t\t\t<div class=\"e-con-inner\">\n\t\t\t\t<div class=\"elementor-element elementor-element-cced17f elementor-widget elementor-widget-image\" data-id=\"cced17f\" data-element_type=\"widget\" data-e-type=\"widget\" data-widget_type=\"image.default\">\n\t\t\t\t<div class=\"elementor-widget-container\">\n\t\t\t\t\t\t\t\t\t\t\t\t\t\t\t<img loading=\"lazy\" decoding=\"async\" width=\"1000\" height=\"667\" src=\"https:\/\/frantoiocongedi.com\/wp-content\/uploads\/2025\/06\/ulivi-tramonto.jpg\" class=\"attachment-large size-large wp-image-3519\" alt=\"\" srcset=\"https:\/\/frantoiocongedi.com\/wp-content\/uploads\/2025\/06\/ulivi-tramonto.jpg 1000w, https:\/\/frantoiocongedi.com\/wp-content\/uploads\/2025\/06\/ulivi-tramonto-150x100.jpg 150w, https:\/\/frantoiocongedi.com\/wp-content\/uploads\/2025\/06\/ulivi-tramonto-300x200.jpg 300w, https:\/\/frantoiocongedi.com\/wp-content\/uploads\/2025\/06\/ulivi-tramonto-768x512.jpg 768w\" sizes=\"auto, (max-width: 1000px) 100vw, 1000px\" \/>\t\t\t\t\t\t\t\t\t\t\t\t\t\t\t<\/div>\n\t\t\t\t<\/div>\n\t\t\t\t<div class=\"elementor-element elementor-element-68c318e color-scheme-inherit text-left elementor-widget elementor-widget-text-editor\" data-id=\"68c318e\" data-element_type=\"widget\" data-e-type=\"widget\" data-widget_type=\"text-editor.default\">\n\t\t\t\t<div class=\"elementor-widget-container\">\n\t\t\t\t\t\t\t\t\t<p>L&rsquo;<a href=\"https:\/\/www.oliocongedi.com\/it\/olio-del-salento\" target=\"_blank\" rel=\"noopener\">huile de Salento<\/a> est connue dans le monde entier pour sa valeur en tant que <strong>produit typique du Salento<\/strong>, un produit de la <strong>tradition des Pouilles<\/strong> export\u00e9 dans de nombreux pays du monde, et a remport\u00e9 de nombreux <a href=\"https:\/\/www.oliocongedi.com\/it\/riconoscimenti\" target=\"_blank\" rel=\"noopener\">prix et reconnaissances<\/a>. Parmi les plus importants, l<a href=\"https:\/\/www.oliocongedi.com\/it\/salento\" target=\"_blank\" rel=\"noopener\"><strong>huile de Salento<\/strong><\/a> a obtenu l&rsquo;<strong>appellation d&rsquo;origine prot\u00e9g\u00e9e<\/strong> pour la<a href=\"https:\/\/www.oliocongedi.com\/it\/qualita-olio-extravergine-pugliese\" target=\"_blank\" rel=\"noopener\">haute qualit\u00e9 de son produit<\/a>, sous le nom d&rsquo;<strong>Olio delle Terre d&rsquo;Otranto<\/strong>. Les olives sont encore <strong>r\u00e9colt\u00e9es \u00e0 la main<\/strong>, \u00e9vitant ainsi les traumatismes et les chocs du processus de r\u00e9colte, qui s&rsquo;effectue par percussion des branches, et sont imm\u00e9diatement broy\u00e9es et transform\u00e9es dans les usines de production, entreprises industrielles modernes ou anciens moulins aux techniques traditionnelles, pour obtenir la <strong><a href=\"https:\/\/www.oliocongedi.com\/it\/\" target=\"_blank\" rel=\"noopener\">meilleure huile d&rsquo;olive extra vierge<\/a> possible<\/strong>, l&rsquo;un des aliments de base de notre cuisine et du <a href=\"https:\/\/www.oliocongedi.com\/it\/olio-e-salute\" target=\"_blank\" rel=\"noopener\">r\u00e9gime m\u00e9diterran\u00e9en sain et nutritif<\/a>.  <br><br>L&rsquo;<a href=\"https:\/\/www.oliocongedi.com\/it\/coltivato-nel-salento\" target=\"_blank\" rel=\"noopener\">huile produite dans le Salento<\/a> est strictement extra vierge et son pourcentage d&rsquo;acidit\u00e9 ne d\u00e9passe jamais 0,8 %, ce qui en fait un accompagnement <strong>id\u00e9al<\/strong> pour nos plats, nos soupes et nos salades. Compte tenu de <strong>sa force<\/strong> et de son <strong>go\u00fbt<\/strong>, il suffit de quelques gouttes, d&rsquo;un filet d&rsquo;<a href=\"https:\/\/www.oliocongedi.com\/it\/olio-extravergine-italiano\" target=\"_blank\" rel=\"noopener\">huile d&rsquo;olive extra vierge italienne<\/a> ajout\u00e9 \u00e0 cru juste avant de servir, pour donner \u00e0 nos plats la touche suppl\u00e9mentaire qui les rendra parfaits. <\/p>\t\t\t\t\t\t\t\t<\/div>\n\t\t\t\t<\/div>\n\t\t\t\t\t<\/div>\n\t\t\t\t<\/div>\n\t\t\t\t<\/div>\n\t\t","protected":false},"excerpt":{"rendered":"<p>D\u00e9couvrez la saveur unique de notre merveilleux pays D\u00e9couvrez la saveur unique de notre merveilleuse terre. L&rsquo;huile de Salento doit<\/p>\n","protected":false},"author":1,"featured_media":0,"parent":0,"menu_order":0,"comment_status":"closed","ping_status":"closed","template":"","meta":{"footnotes":""},"class_list":["post-3514","page","type-page","status-publish","hentry"],"jetpack_sharing_enabled":true,"_links":{"self":[{"href":"https:\/\/frantoiocongedi.com\/fr\/wp-json\/wp\/v2\/pages\/3514","targetHints":{"allow":["GET"]}}],"collection":[{"href":"https:\/\/frantoiocongedi.com\/fr\/wp-json\/wp\/v2\/pages"}],"about":[{"href":"https:\/\/frantoiocongedi.com\/fr\/wp-json\/wp\/v2\/types\/page"}],"author":[{"embeddable":true,"href":"https:\/\/frantoiocongedi.com\/fr\/wp-json\/wp\/v2\/users\/1"}],"replies":[{"embeddable":true,"href":"https:\/\/frantoiocongedi.com\/fr\/wp-json\/wp\/v2\/comments?post=3514"}],"version-history":[{"count":1,"href":"https:\/\/frantoiocongedi.com\/fr\/wp-json\/wp\/v2\/pages\/3514\/revisions"}],"predecessor-version":[{"id":3520,"href":"https:\/\/frantoiocongedi.com\/fr\/wp-json\/wp\/v2\/pages\/3514\/revisions\/3520"}],"wp:attachment":[{"href":"https:\/\/frantoiocongedi.com\/fr\/wp-json\/wp\/v2\/media?parent=3514"}],"curies":[{"name":"wp","href":"https:\/\/api.w.org\/{rel}","templated":true}]}}