{"id":3555,"date":"2025-06-18T12:55:55","date_gmt":"2025-06-18T12:55:55","guid":{"rendered":"https:\/\/frantoiocongedi.com\/le-petrole-et-la-sante\/"},"modified":"2026-02-25T11:19:47","modified_gmt":"2026-02-25T11:19:47","slug":"le-petrole-et-la-sante","status":"publish","type":"page","link":"https:\/\/frantoiocongedi.com\/fr\/le-petrole-et-la-sante\/","title":{"rendered":"Le p\u00e9trole et la sant\u00e9"},"content":{"rendered":"\t\t<div data-elementor-type=\"wp-page\" data-elementor-id=\"3555\" class=\"elementor elementor-3555\">\n\t\t\t\t<div class=\"elementor-element elementor-element-ba521a8 e-con-full e-flex e-con e-parent\" data-id=\"ba521a8\" data-element_type=\"container\" data-e-type=\"container\">\n\t\t\t\t<div class=\"elementor-element elementor-element-ad85069 elementor-widget elementor-widget-heading\" data-id=\"ad85069\" data-element_type=\"widget\" data-e-type=\"widget\" data-widget_type=\"heading.default\">\n\t\t\t\t<div class=\"elementor-widget-container\">\n\t\t\t\t\t<h2 class=\"elementor-heading-title elementor-size-default\">L'huile d'olive extra vierge de qualit\u00e9 est bonne pour vous parce qu'elle est bonne<\/h2>\t\t\t\t<\/div>\n\t\t\t\t<\/div>\n\t\t\t\t<div class=\"elementor-element elementor-element-14b7664 color-scheme-inherit text-left elementor-widget elementor-widget-text-editor\" data-id=\"14b7664\" data-element_type=\"widget\" data-e-type=\"widget\" data-widget_type=\"text-editor.default\">\n\t\t\t\t<div class=\"elementor-widget-container\">\n\t\t\t\t\t\t\t\t\t<p><em>Notre <strong>huile<\/strong> est bonne pour la <strong>sant\u00e9 !<\/strong> L&rsquo;<a href=\"https:\/\/www.oliocongedi.com\/olio-doliva-italiano-puglia\/\" target=\"_blank\" rel=\"noopener\">huile d&rsquo;olive extra vierge<\/a> est un aliment de base du <strong>\u00ab\u00a0r\u00e9gime m\u00e9diterran\u00e9en\u00a0\u00bb<\/strong> qui, depuis quelques ann\u00e9es, est synonyme de go\u00fbt et de sant\u00e9 dans le monde entier. En effet, par rapport aux autres condiments d&rsquo;origine v\u00e9g\u00e9tale, l&rsquo;<strong>huile d&rsquo;<\/strong> <strong>olive extra vierge<\/strong> est certainement la plus savoureuse, mais aussi la plus b\u00e9n\u00e9fique. <\/em><\/p>\t\t\t\t\t\t\t\t<\/div>\n\t\t\t\t<\/div>\n\t\t\t\t<div class=\"elementor-element elementor-element-0480567 color-scheme-inherit text-left elementor-widget elementor-widget-text-editor\" data-id=\"0480567\" data-element_type=\"widget\" data-e-type=\"widget\" data-widget_type=\"text-editor.default\">\n\t\t\t\t<div class=\"elementor-widget-container\">\n\t\t\t\t\t\t\t\t\t<p>Cette caract\u00e9ristique d\u00e9coule avant tout du fait qu&rsquo;il s&rsquo;agit de la seule huile obtenue par simple pression de <strong>l&rsquo;olive,<\/strong> sans l&rsquo;aide de solvants chimiques ou d&rsquo;autres interventions industrielles, comme c&rsquo;est le cas pour d&rsquo;autres huiles ou graisses v\u00e9g\u00e9tales. L&rsquo;<a href=\"https:\/\/www.oliocongedi.com\/olio-extravergine-italiano\/\" target=\"_blank\" rel=\"noopener\">huile d&rsquo;olive extra vierge<\/a> contient de puissants antioxydants, la <strong>vitamine E<\/strong> et les <strong>polyph\u00e9nols<\/strong>, en quantit\u00e9s significatives. <\/p><p>De plus, l&rsquo;<a href=\"https:\/\/www.oliocongedi.com\/qualita-olio-extravergine-pugliese\/\" target=\"_blank\" rel=\"noopener\">huile d&rsquo;olive extra vierge de qualit\u00e9<\/a> est bonne pour vous parce qu&rsquo;elle est <strong>bonne : elle<\/strong> ajoute et rehausse la saveur des aliments et constitue le condiment le mieux \u00e9quilibr\u00e9 en mati\u00e8res grasses. En effet, elle est pauvre en graisses satur\u00e9es, principales responsables de l&rsquo;augmentation du taux de cholest\u00e9rol dans le sang, elle est riche en graisses mono-insatur\u00e9es, c&rsquo;est-\u00e0-dire en acide ol\u00e9ique, et elle contient des graisses polyinsatur\u00e9es essentielles w6 et w3 dans un rapport correct l&rsquo;une par rapport \u00e0 l&rsquo;autre, et pratiquement similaires aux graisses du lait maternel, ce qui a une influence positive sur notre organisme. <\/p><p>Dans la plupart des huiles de graines, les graisses polyinsatur\u00e9es w6 et w3, en plus de ne pas avoir un rapport optimal, sont pr\u00e9sentes en grandes quantit\u00e9s, ce qui entra\u00eene la formation de radicaux libres et engage la vitamine E exclusivement dans son r\u00f4le antioxydant, annulant ainsi son activit\u00e9 vitaminique.<\/p>\t\t\t\t\t\t\t\t<\/div>\n\t\t\t\t<\/div>\n\t\t\t\t<div class=\"elementor-element elementor-element-68475c7 elementor-widget elementor-widget-heading\" data-id=\"68475c7\" data-element_type=\"widget\" data-e-type=\"widget\" data-widget_type=\"heading.default\">\n\t\t\t\t<div class=\"elementor-widget-container\">\n\t\t\t\t\t<h2 class=\"elementor-heading-title elementor-size-default\">Une vie saine passe par une alimentation saine<\/h2>\t\t\t\t<\/div>\n\t\t\t\t<\/div>\n\t\t\t\t<div class=\"elementor-element elementor-element-ec92b2c color-scheme-inherit text-left elementor-widget elementor-widget-text-editor\" data-id=\"ec92b2c\" data-element_type=\"widget\" data-e-type=\"widget\" data-widget_type=\"text-editor.default\">\n\t\t\t\t<div class=\"elementor-widget-container\">\n\t\t\t\t\t\t\t\t\t<p>C&rsquo;est le concept qui sous-tend les \u00e9tudes entreprises vers les ann\u00e9es 1970 par le scientifique am\u00e9ricain <strong>Ancel Keys<\/strong>, dont les r\u00e9sultats ont \u00e9t\u00e9 r\u00e9sum\u00e9s dans le <strong>\u00ab\u00a0r\u00e9gime m\u00e9diterran\u00e9en\u00a0\u00bb<\/strong>.<br>En r\u00e9sum\u00e9, il a \u00e9t\u00e9 intuitionn\u00e9 puis d\u00e9montr\u00e9 par des recherches men\u00e9es pendant 20 ans en Finlande, au Japon, en Gr\u00e8ce, en Italie, en Hollande, aux \u00c9tats-Unis et en Yougoslavie, que le r\u00e9gime alimentaire des peuples riverains de la <strong>M\u00e9diterran\u00e9e<\/strong> d\u00e9termine une esp\u00e9rance de vie des adultes parmi les plus \u00e9lev\u00e9es au monde ; avec des r\u00e9ductions drastiques de l&rsquo;incidence des maladies coronariennes, de certains types de tumeurs et aussi de nombreuses autres maladies toutes corr\u00e9l\u00e9es au style d&rsquo;alimentation.<\/p><p>Un<strong> r\u00e9gime alimentaire sain<\/strong> implique tout d&rsquo;abord de manger des quantit\u00e9s mod\u00e9r\u00e9es d&rsquo;aliments, puis de pr\u00eater attention \u00e0 la composition chimique des aliments.<br>Le mod\u00e8le alimentaire d\u00e9velopp\u00e9 par Ancel Keys, connu sous le nom de \u00ab\u00a0r\u00e9gime m\u00e9diterran\u00e9en\u00a0\u00bb, fonde son raisonnement sur certains <strong>aliments<\/strong>, et parmi ceux-ci, en ce qui concerne le type de lipides \u00e0 consommer, se trouve l&rsquo;<strong>huile d&rsquo;olive extra vierge<\/strong>. L&rsquo;huile dans le r\u00e9gime m\u00e9diterran\u00e9en, gr\u00e2ce \u00e0 sa concentration en acides gras monoinsatur\u00e9s et polyinsatur\u00e9s, joue un r\u00f4le fondamental. <\/p>\t\t\t\t\t\t\t\t<\/div>\n\t\t\t\t<\/div>\n\t\t\t\t<div class=\"elementor-element elementor-element-1b1bfe4 elementor-widget elementor-widget-image\" data-id=\"1b1bfe4\" data-element_type=\"widget\" data-e-type=\"widget\" data-widget_type=\"image.default\">\n\t\t\t\t<div class=\"elementor-widget-container\">\n\t\t\t\t\t\t\t\t\t\t\t\t\t\t\t<img loading=\"lazy\" decoding=\"async\" width=\"1000\" height=\"667\" src=\"https:\/\/frantoiocongedi.com\/wp-content\/uploads\/2025\/06\/olio-e-salute_1.jpg\" class=\"attachment-large size-large wp-image-3571\" alt=\"\" srcset=\"https:\/\/frantoiocongedi.com\/wp-content\/uploads\/2025\/06\/olio-e-salute_1.jpg 1000w, https:\/\/frantoiocongedi.com\/wp-content\/uploads\/2025\/06\/olio-e-salute_1-150x100.jpg 150w, https:\/\/frantoiocongedi.com\/wp-content\/uploads\/2025\/06\/olio-e-salute_1-300x200.jpg 300w, https:\/\/frantoiocongedi.com\/wp-content\/uploads\/2025\/06\/olio-e-salute_1-768x512.jpg 768w\" sizes=\"auto, (max-width: 1000px) 100vw, 1000px\" \/>\t\t\t\t\t\t\t\t\t\t\t\t\t\t\t<\/div>\n\t\t\t\t<\/div>\n\t\t\t\t<div class=\"elementor-element elementor-element-eb30fa1 elementor-widget elementor-widget-heading\" data-id=\"eb30fa1\" data-element_type=\"widget\" data-e-type=\"widget\" data-widget_type=\"heading.default\">\n\t\t\t\t<div class=\"elementor-widget-container\">\n\t\t\t\t\t<h2 class=\"elementor-heading-title elementor-size-default\">Huile d'olive extra vierge et autres mati\u00e8res grasses<\/h2>\t\t\t\t<\/div>\n\t\t\t\t<\/div>\n\t\t\t\t<div class=\"elementor-element elementor-element-89da830 color-scheme-inherit text-left elementor-widget elementor-widget-text-editor\" data-id=\"89da830\" data-element_type=\"widget\" data-e-type=\"widget\" data-widget_type=\"text-editor.default\">\n\t\t\t\t<div class=\"elementor-widget-container\">\n\t\t\t\t\t\t\t\t\t<p>Toutes les graisses et les huiles contiennent 98 % de triglyc\u00e9rides, eux-m\u00eames constitu\u00e9s d&rsquo;acides gras. Les acides gras peuvent \u00eatre sous forme satur\u00e9e, sous forme monoinsatur\u00e9e et enfin sous forme polyinsatur\u00e9e. Pour trouver le bon \u00e9quilibre dans notre alimentation, il faut savoir que.. :  <\/p><p>Les <strong>acides gras satur\u00e9s<\/strong>, abondants dans les graisses animales, augmentent consid\u00e9rablement le taux de cholest\u00e9rol sanguin, avec toutes les cons\u00e9quences que l&rsquo;on conna\u00eet aujourd&rsquo;hui sur l&rsquo;ath\u00e9roscl\u00e9rose et les maladies coronariennes ;<\/p><p>Les <strong>acides gras polyinsatur\u00e9s (linol\u00e9ique et linol\u00e9nique)<\/strong>, qui sont abondants dans les huiles de graines, r\u00e9duisent le cholest\u00e9rol LDL (le mauvais) dans le sang, mais aussi le cholest\u00e9rol HDL (le bon !). Encore faut-il savoir que les organismes animaux ne sont pas capables de fabriquer les acides linol\u00e9iques et linol\u00e9niques, et qu&rsquo;il faut donc les consommer dans notre alimentation. MAIS SANS EN ABUSER ! En effet, les acides polyinsatur\u00e9s sont \u00e9galement tr\u00e8s instables et leur exc\u00e8s, en plus d&rsquo;\u00eatre inutile, est m\u00eame n\u00e9faste pour l&rsquo;organisme. Ils s&rsquo;oxydent tr\u00e8s rapidement, formant des radicaux libres, contribuant ainsi au vieillissement cellulaire, et provoquant des cancers de diverses natures, en particulier le cancer du c\u00f4lon et du sein.    <\/p><p>Les <strong>acides gras mono-insatur\u00e9s (acide ol\u00e9ique)<\/strong>, abondants dans l&rsquo;huile d&rsquo;olive, r\u00e9duisent significativement le cholest\u00e9rol LDL (le mauvais !) sans diminuer le bon cholest\u00e9rol ou cholest\u00e9rol HDL. Ils pr\u00e9sentent \u00e9galement une excellente r\u00e9sistance \u00e0 l&rsquo;oxydation. <\/p>\t\t\t\t\t\t\t\t<\/div>\n\t\t\t\t<\/div>\n\t\t\t\t<div class=\"elementor-element elementor-element-66b6bca elementor-widget elementor-widget-heading\" data-id=\"66b6bca\" data-element_type=\"widget\" data-e-type=\"widget\" data-widget_type=\"heading.default\">\n\t\t\t\t<div class=\"elementor-widget-container\">\n\t\t\t\t\t<h2 class=\"elementor-heading-title elementor-size-default\">Un concentr\u00e9 d'antioxydants<\/h2>\t\t\t\t<\/div>\n\t\t\t\t<\/div>\n\t\t\t\t<\/div>\n\t\t<div class=\"wd-negative-gap elementor-element elementor-element-5639e7c e-flex e-con-boxed e-con e-parent\" data-id=\"5639e7c\" data-element_type=\"container\" data-e-type=\"container\">\n\t\t\t\t\t<div class=\"e-con-inner\">\n\t\t\t\t<div class=\"elementor-element elementor-element-0a7be27 color-scheme-inherit text-left elementor-widget elementor-widget-text-editor\" data-id=\"0a7be27\" data-element_type=\"widget\" data-e-type=\"widget\" data-widget_type=\"text-editor.default\">\n\t\t\t\t<div class=\"elementor-widget-container\">\n\t\t\t\t\t\t\t\t\t<p><strong>Vitamine \u00ab\u00a0E\u00a0\u00bb :<\/strong> l&rsquo;oxydation des graisses est contrecarr\u00e9e par les antioxydants pr\u00e9sents dans l&rsquo;aliment lui-m\u00eame. Un bon \u00e9quilibre est atteint lorsque le rapport entre la vitamine E et l&rsquo;acide linol\u00e9ique est sup\u00e9rieur \u00e0 0,79. Dans les huiles de graines, ce rapport est d\u00e9favorable et varie entre 0,30 et 0,50, alors que dans l&rsquo;huile d&rsquo;olive, il est de 1,87, c&rsquo;est-\u00e0-dire plus de deux fois sup\u00e9rieur \u00e0 ce qui est n\u00e9cessaire pour \u00e9viter la formation d&rsquo;endoperoxydes qui, en activant l&rsquo;agr\u00e9gation plaquettaire, augmentent le risque de thrombose.Le bon rapport entre la vitamine E et les acides polyinsatur\u00e9s combat \u00e9galement la formation de radicaux libres dans l&rsquo;organisme, contrant ainsi les processus de vieillissement des structures cellulaires, la canc\u00e9rogen\u00e8se, les l\u00e9sions h\u00e9patiques et l&rsquo;ath\u00e9roscl\u00e9rose proprement dite.  <\/p><p><strong>Polyph\u00e9nols :<\/strong> L&rsquo;olive est une heureuse exception dans le monde naturel : il s&rsquo;agit d&rsquo;un fruit dans lequel la graisse est pr\u00e9sente en petite partie dans la graine (le noyau) et le reste dans le fruit aqueux. En revanche, dans les huiles d\u00e9riv\u00e9es des graines, la graisse est enti\u00e8rement contenue dans la graine. La nature a donc dot\u00e9 l&rsquo;olive, et donc son huile, d&rsquo;un groupe de substances, puissants antioxydants en plus de la teneur \u00e9lev\u00e9e en vitamine \u00ab\u00a0E\u00a0\u00bb : les polyph\u00e9nols. Outre leur action antioxydante, ils jouent \u00e9galement un r\u00f4le tr\u00e8s important en donnant \u00e0 l&rsquo;huile d&rsquo;olive extra vierge ce go\u00fbt vif, l\u00e9g\u00e8rement amer et piquant qui joue un r\u00f4le physiologique tr\u00e8s important dans la nutrition, en am\u00e9liorant la palatabilit\u00e9 des aliments et en les rendant plus faciles \u00e0 dig\u00e9rer.   <\/p>\t\t\t\t\t\t\t\t<\/div>\n\t\t\t\t<\/div>\n\t\t\t\t\t<\/div>\n\t\t\t\t<\/div>\n\t\t\t\t<\/div>\n\t\t","protected":false},"excerpt":{"rendered":"<p>L&rsquo;huile d&rsquo;olive extra vierge de qualit\u00e9 est bonne pour vous parce qu&rsquo;elle est bonne Notre huile est bonne pour la<\/p>\n","protected":false},"author":1,"featured_media":0,"parent":0,"menu_order":0,"comment_status":"closed","ping_status":"closed","template":"","meta":{"footnotes":""},"class_list":["post-3555","page","type-page","status-publish","hentry"],"jetpack_sharing_enabled":true,"_links":{"self":[{"href":"https:\/\/frantoiocongedi.com\/fr\/wp-json\/wp\/v2\/pages\/3555","targetHints":{"allow":["GET"]}}],"collection":[{"href":"https:\/\/frantoiocongedi.com\/fr\/wp-json\/wp\/v2\/pages"}],"about":[{"href":"https:\/\/frantoiocongedi.com\/fr\/wp-json\/wp\/v2\/types\/page"}],"author":[{"embeddable":true,"href":"https:\/\/frantoiocongedi.com\/fr\/wp-json\/wp\/v2\/users\/1"}],"replies":[{"embeddable":true,"href":"https:\/\/frantoiocongedi.com\/fr\/wp-json\/wp\/v2\/comments?post=3555"}],"version-history":[{"count":1,"href":"https:\/\/frantoiocongedi.com\/fr\/wp-json\/wp\/v2\/pages\/3555\/revisions"}],"predecessor-version":[{"id":3572,"href":"https:\/\/frantoiocongedi.com\/fr\/wp-json\/wp\/v2\/pages\/3555\/revisions\/3572"}],"wp:attachment":[{"href":"https:\/\/frantoiocongedi.com\/fr\/wp-json\/wp\/v2\/media?parent=3555"}],"curies":[{"name":"wp","href":"https:\/\/api.w.org\/{rel}","templated":true}]}}