{"id":3626,"date":"2024-03-15T14:59:16","date_gmt":"2024-03-15T14:59:16","guid":{"rendered":"https:\/\/frantoiocongedi.com\/lhistoire\/"},"modified":"2026-04-13T20:12:16","modified_gmt":"2026-04-13T20:12:16","slug":"lhistoire","status":"publish","type":"page","link":"https:\/\/frantoiocongedi.com\/fr\/lhistoire\/","title":{"rendered":"L&rsquo;histoire"},"content":{"rendered":"\t\t<div data-elementor-type=\"wp-page\" data-elementor-id=\"3626\" class=\"elementor elementor-3626\">\n\t\t\t\t<div class=\"wd-negative-gap elementor-element elementor-element-f512870 e-flex e-con-boxed e-con e-parent\" data-id=\"f512870\" data-element_type=\"container\" data-e-type=\"container\">\n\t\t\t\t\t<div class=\"e-con-inner\">\n\t\t<div class=\"elementor-element elementor-element-769b672 e-con-full e-flex e-con e-child\" data-id=\"769b672\" data-element_type=\"container\" data-e-type=\"container\">\n\t\t\t\t<div class=\"elementor-element elementor-element-4394cb6 elementor-widget elementor-widget-wd_image_or_svg\" data-id=\"4394cb6\" data-element_type=\"widget\" data-e-type=\"widget\" data-widget_type=\"wd_image_or_svg.default\">\n\t\t\t\t<div class=\"elementor-widget-container\">\n\t\t\t\t\t\n\t\t<div class=\"wd-image text-left\">\n\t\t\t\t\t\t\t\t\t\t\t\t\t<\/div>\n\n\t\t\t\t\t\t<\/div>\n\t\t\t\t<\/div>\n\t\t\t\t<div class=\"elementor-element elementor-element-618ad1e wd-width-100 elementor-widget elementor-widget-wd_title\" data-id=\"618ad1e\" data-element_type=\"widget\" data-e-type=\"widget\" data-widget_type=\"wd_title.default\">\n\t\t\t\t<div class=\"elementor-widget-container\">\n\t\t\t\t\t\t\t<div class=\"title-wrapper wd-set-mb reset-last-child wd-title-color-default wd-title-style-default wd-title-size-default text-left\">\n\n\t\t\t\n\t\t\t<div class=\"liner-continer\">\n\t\t\t\t<h4 class=\"woodmart-title-container title wd-fontsize-l\">L'histoire d'une famille et de son amour pour l'huile d'olive extra vierge<\/h4> \n\t\t\t\t\t\t\t<\/div>\n\n\t\t\t\t\t<\/div>\n\t\t\t\t\t\t<\/div>\n\t\t\t\t<\/div>\n\t\t\t\t<div class=\"elementor-element elementor-element-2ed134e elementor-widget elementor-widget-wd_text_block\" data-id=\"2ed134e\" data-element_type=\"widget\" data-e-type=\"widget\" data-widget_type=\"wd_text_block.default\">\n\t\t\t\t<div class=\"elementor-widget-container\">\n\t\t\t\t\t\t\t<div class=\"wd-text-block reset-last-child text-left\">\n\t\t\t\n\t\t\t<h5 class=\"heading_title\"><em>Depuis quatre g\u00e9n\u00e9rations, sur les terres ensoleill\u00e9es et luxuriantes du Salento, dans les Pouilles, la famille Congedi, alliant authenticit\u00e9 et sacrifice, tradition et innovation, produit avec fiert\u00e9 une huile d'olive vierge extra pure et de premi\u00e8re qualit\u00e9.<\/em><\/h5>\n\t\t\t\t\t<\/div>\n\t\t\t\t\t\t<\/div>\n\t\t\t\t<\/div>\n\t\t\t\t<div class=\"elementor-element elementor-element-de48fed elementor-widget elementor-widget-wd_text_block\" data-id=\"de48fed\" data-element_type=\"widget\" data-e-type=\"widget\" data-widget_type=\"wd_text_block.default\">\n\t\t\t\t<div class=\"elementor-widget-container\">\n\t\t\t\t\t\t\t<div class=\"wd-text-block reset-last-child text-left\">\n\t\t\t\n\t\t\t<p>Depuis plus d'un si\u00e8cle, la famille Congedi cultive et transforme le principal fruit du <a href=\"https:\/\/www.oliocongedi.com\/salento\" target=\"_blank\" rel=\"noopener\"><strong>Salento<\/strong><\/a>aujourd'hui export\u00e9 dans le monde entier : l'olive, fruit premier de l'arbre qui symbolise la magnifique terre du Salento, l'<strong>olivier<\/strong>. Depuis quatre g\u00e9n\u00e9rations, cette passion a donn\u00e9 naissance \u00e0 l'huile d'olive extra vierge la plus pure. <a href=\"https:\/\/www.oliocongedi.com\/olio-del-salento\" target=\"_blank\" rel=\"noopener\"><strong>huile d'olive extra vierge la plus pure<\/strong><\/a>et s'est transmise de p\u00e8re en fils, comme toute valeur ancienne et anachronique qu'il convient de pr\u00e9server avec soin et de ne pas laisser dans le pass\u00e9, parce qu'elle est trop pr\u00e9cieuse pour \u00eatre abandonn\u00e9e. <\/p>\n\t\t\t\t\t<\/div>\n\t\t\t\t\t\t<\/div>\n\t\t\t\t<\/div>\n\t\t\t\t<\/div>\n\t\t<div class=\"elementor-element elementor-element-51ccb3a e-con-full e-flex e-con e-child\" data-id=\"51ccb3a\" data-element_type=\"container\" data-e-type=\"container\">\n\t\t\t\t<div class=\"elementor-element elementor-element-9ba85a7 wd-width-100 elementor-widget elementor-widget-wd_video\" data-id=\"9ba85a7\" data-element_type=\"widget\" data-e-type=\"widget\" data-widget_type=\"wd_video.default\">\n\t\t\t\t<div class=\"elementor-widget-container\">\n\t\t\t\t\t\n\t\t<div class=\"wd-el-video wd-action-without wd-video-hosted\">\n\t\t\t\t\t\t\t<video src=\"https:\/\/frantoiocongedi.com\/wp-content\/uploads\/2025\/06\/Olio-Congedi-Dettagli-Nuove-Bottiglie.mp4\" playsinline loop muted autoplay><\/video>\t\t\t\n\t\t\t\n\t\t\t\n\t\t\t\t\t<\/div>\n\t\t\t\t\t\t<\/div>\n\t\t\t\t<\/div>\n\t\t\t\t<\/div>\n\t\t\t\t\t<\/div>\n\t\t\t\t<\/div>\n\t\t<div class=\"wd-negative-gap elementor-element elementor-element-05a4f08 wd-section-stretch-content e-flex e-con-boxed e-con e-parent\" data-id=\"05a4f08\" data-element_type=\"container\" data-e-type=\"container\" data-settings=\"{&quot;background_background&quot;:&quot;classic&quot;}\">\n\t\t\t\t\t<div class=\"e-con-inner\">\n\t\t\t\t<div class=\"elementor-element elementor-element-c01917d wd-width-100 elementor-widget elementor-widget-wd_images_gallery\" data-id=\"c01917d\" data-element_type=\"widget\" data-e-type=\"widget\" data-widget_type=\"wd_images_gallery.default\">\n\t\t\t\t<div class=\"elementor-widget-container\">\n\t\t\t\t\t\t\t<div class=\"wd-images-gallery wd-carousel-container\" style=\"--wd-align-items:center; --wd-justify-content:center;\">\n\t\t\t\t\t\t\t<div class=\"wd-carousel-inner\">\n\t\t\t\t\t\t<div class=\"wd-carousel wd-grid\" data-scroll_per_page=\"yes\" style=\"--wd-col-lg:5;--wd-col-md:4;--wd-col-sm:2;--wd-gap-lg:30px;--wd-gap-sm:10px;\">\n\t\t\t\t\t\t\t\t\t<div class=\"wd-carousel-wrap\">\n\t\t\t\t\t\t\t\t\t\t\t\t\t\t\t\t\t\t<div class=\"wd-gallery-item wd-carousel-item\">\n\t\t\t\t\t\t\n\t\t\t\t\t\t<img loading=\"lazy\" decoding=\"async\" width=\"1000\" height=\"1500\" src=\"https:\/\/frantoiocongedi.com\/wp-content\/uploads\/2025\/06\/DSC09393-copia.jpg\" class=\"attachment-full size-full\" alt=\"DSC09393 copia\" srcset=\"https:\/\/frantoiocongedi.com\/wp-content\/uploads\/2025\/06\/DSC09393-copia.jpg 1000w, https:\/\/frantoiocongedi.com\/wp-content\/uploads\/2025\/06\/DSC09393-copia-150x225.jpg 150w, https:\/\/frantoiocongedi.com\/wp-content\/uploads\/2025\/06\/DSC09393-copia-200x300.jpg 200w, https:\/\/frantoiocongedi.com\/wp-content\/uploads\/2025\/06\/DSC09393-copia-683x1024.jpg 683w, https:\/\/frantoiocongedi.com\/wp-content\/uploads\/2025\/06\/DSC09393-copia-768x1152.jpg 768w\" sizes=\"auto, (max-width: 1000px) 100vw, 1000px\" \/>\n\t\t\t\t\t\t\t\t\t\t\t<\/div>\n\t\t\t\t\t\t\t\t\t\t\t\t\t\t\t<div class=\"wd-gallery-item wd-carousel-item\">\n\t\t\t\t\t\t\n\t\t\t\t\t\t<img loading=\"lazy\" decoding=\"async\" width=\"1000\" height=\"1500\" src=\"https:\/\/frantoiocongedi.com\/wp-content\/uploads\/2025\/06\/DSC09421-copia-3.jpg\" class=\"attachment-full size-full\" alt=\"DSC09421 copia 3\" srcset=\"https:\/\/frantoiocongedi.com\/wp-content\/uploads\/2025\/06\/DSC09421-copia-3.jpg 1000w, https:\/\/frantoiocongedi.com\/wp-content\/uploads\/2025\/06\/DSC09421-copia-3-150x225.jpg 150w, https:\/\/frantoiocongedi.com\/wp-content\/uploads\/2025\/06\/DSC09421-copia-3-200x300.jpg 200w, https:\/\/frantoiocongedi.com\/wp-content\/uploads\/2025\/06\/DSC09421-copia-3-683x1024.jpg 683w, https:\/\/frantoiocongedi.com\/wp-content\/uploads\/2025\/06\/DSC09421-copia-3-768x1152.jpg 768w\" sizes=\"auto, (max-width: 1000px) 100vw, 1000px\" \/>\n\t\t\t\t\t\t\t\t\t\t\t<\/div>\n\t\t\t\t\t\t\t\t\t\t\t\t\t\t\t<div class=\"wd-gallery-item wd-carousel-item\">\n\t\t\t\t\t\t\n\t\t\t\t\t\t<img loading=\"lazy\" decoding=\"async\" width=\"1000\" height=\"1500\" src=\"https:\/\/frantoiocongedi.com\/wp-content\/uploads\/2025\/06\/DSC09344-copia.jpg\" class=\"attachment-full size-full\" alt=\"DSC09344 copia\" srcset=\"https:\/\/frantoiocongedi.com\/wp-content\/uploads\/2025\/06\/DSC09344-copia.jpg 1000w, https:\/\/frantoiocongedi.com\/wp-content\/uploads\/2025\/06\/DSC09344-copia-150x225.jpg 150w, https:\/\/frantoiocongedi.com\/wp-content\/uploads\/2025\/06\/DSC09344-copia-200x300.jpg 200w, https:\/\/frantoiocongedi.com\/wp-content\/uploads\/2025\/06\/DSC09344-copia-683x1024.jpg 683w, https:\/\/frantoiocongedi.com\/wp-content\/uploads\/2025\/06\/DSC09344-copia-768x1152.jpg 768w\" sizes=\"auto, (max-width: 1000px) 100vw, 1000px\" \/>\n\t\t\t\t\t\t\t\t\t\t\t<\/div>\n\t\t\t\t\t\t\t\t\t\t\t\t\t\t\t<div class=\"wd-gallery-item wd-carousel-item\">\n\t\t\t\t\t\t\n\t\t\t\t\t\t<img loading=\"lazy\" decoding=\"async\" width=\"1000\" height=\"1500\" src=\"https:\/\/frantoiocongedi.com\/wp-content\/uploads\/2025\/06\/DSC09260-copia.jpg\" class=\"attachment-full size-full\" alt=\"DSC09260 copia\" srcset=\"https:\/\/frantoiocongedi.com\/wp-content\/uploads\/2025\/06\/DSC09260-copia.jpg 1000w, https:\/\/frantoiocongedi.com\/wp-content\/uploads\/2025\/06\/DSC09260-copia-150x225.jpg 150w, https:\/\/frantoiocongedi.com\/wp-content\/uploads\/2025\/06\/DSC09260-copia-200x300.jpg 200w, https:\/\/frantoiocongedi.com\/wp-content\/uploads\/2025\/06\/DSC09260-copia-683x1024.jpg 683w, https:\/\/frantoiocongedi.com\/wp-content\/uploads\/2025\/06\/DSC09260-copia-768x1152.jpg 768w\" sizes=\"auto, (max-width: 1000px) 100vw, 1000px\" \/>\n\t\t\t\t\t\t\t\t\t\t\t<\/div>\n\t\t\t\t\t\t\t\t\t\t\t\t\t\t\t<div class=\"wd-gallery-item wd-carousel-item\">\n\t\t\t\t\t\t\n\t\t\t\t\t\t<img loading=\"lazy\" decoding=\"async\" width=\"1000\" height=\"1500\" src=\"https:\/\/frantoiocongedi.com\/wp-content\/uploads\/2025\/06\/37.jpg\" class=\"attachment-full size-full\" alt=\"37\" srcset=\"https:\/\/frantoiocongedi.com\/wp-content\/uploads\/2025\/06\/37.jpg 1000w, https:\/\/frantoiocongedi.com\/wp-content\/uploads\/2025\/06\/37-150x225.jpg 150w, https:\/\/frantoiocongedi.com\/wp-content\/uploads\/2025\/06\/37-200x300.jpg 200w, https:\/\/frantoiocongedi.com\/wp-content\/uploads\/2025\/06\/37-683x1024.jpg 683w, https:\/\/frantoiocongedi.com\/wp-content\/uploads\/2025\/06\/37-768x1152.jpg 768w\" sizes=\"auto, (max-width: 1000px) 100vw, 1000px\" \/>\n\t\t\t\t\t\t\t\t\t\t\t<\/div>\n\t\t\t\t\t\t\t\t\t\t\t\t\t\t\t<div class=\"wd-gallery-item wd-carousel-item\">\n\t\t\t\t\t\t\n\t\t\t\t\t\t<img loading=\"lazy\" decoding=\"async\" width=\"1000\" height=\"1500\" src=\"https:\/\/frantoiocongedi.com\/wp-content\/uploads\/2025\/06\/TAPPO-3.jpg\" class=\"attachment-full size-full\" alt=\"TAPPO 3\" srcset=\"https:\/\/frantoiocongedi.com\/wp-content\/uploads\/2025\/06\/TAPPO-3.jpg 1000w, https:\/\/frantoiocongedi.com\/wp-content\/uploads\/2025\/06\/TAPPO-3-150x225.jpg 150w, https:\/\/frantoiocongedi.com\/wp-content\/uploads\/2025\/06\/TAPPO-3-200x300.jpg 200w, https:\/\/frantoiocongedi.com\/wp-content\/uploads\/2025\/06\/TAPPO-3-683x1024.jpg 683w, https:\/\/frantoiocongedi.com\/wp-content\/uploads\/2025\/06\/TAPPO-3-768x1152.jpg 768w\" sizes=\"auto, (max-width: 1000px) 100vw, 1000px\" \/>\n\t\t\t\t\t\t\t\t\t\t\t<\/div>\n\t\t\t\t\t\t\t\t\t\t\t\t\t\t\t<div class=\"wd-gallery-item wd-carousel-item\">\n\t\t\t\t\t\t\n\t\t\t\t\t\t<img loading=\"lazy\" decoding=\"async\" width=\"1000\" height=\"1500\" src=\"https:\/\/frantoiocongedi.com\/wp-content\/uploads\/2025\/06\/OLIO-TARTUFO-3.jpg\" class=\"attachment-full size-full\" alt=\"OLIO TARTUFO 3\" srcset=\"https:\/\/frantoiocongedi.com\/wp-content\/uploads\/2025\/06\/OLIO-TARTUFO-3.jpg 1000w, https:\/\/frantoiocongedi.com\/wp-content\/uploads\/2025\/06\/OLIO-TARTUFO-3-150x225.jpg 150w, https:\/\/frantoiocongedi.com\/wp-content\/uploads\/2025\/06\/OLIO-TARTUFO-3-200x300.jpg 200w, https:\/\/frantoiocongedi.com\/wp-content\/uploads\/2025\/06\/OLIO-TARTUFO-3-683x1024.jpg 683w, https:\/\/frantoiocongedi.com\/wp-content\/uploads\/2025\/06\/OLIO-TARTUFO-3-768x1152.jpg 768w\" sizes=\"auto, (max-width: 1000px) 100vw, 1000px\" \/>\n\t\t\t\t\t\t\t\t\t\t\t<\/div>\n\t\t\t\t\t\t\t\t\t\t\t\t\t\t\t\t<\/div>\n\t\t\t\t\t\t\t\t<\/div>\n\t\t\t\t\t\t\t\t\t\t\t\t\t\t<div class=\"wd-nav-arrows wd-pos-sep wd-hover-1 wd-icon-1\">\n\t\t\t<div class=\"wd-btn-arrow wd-prev wd-disabled\">\n\t\t\t\t<div class=\"wd-arrow-inner\"><\/div>\n\t\t\t<\/div>\n\t\t\t<div class=\"wd-btn-arrow wd-next\">\n\t\t\t\t<div class=\"wd-arrow-inner\"><\/div>\n\t\t\t<\/div>\n\t\t<\/div>\n\t\t\t\t\t\t\n\t\t\t\t<\/div>\n\n\t\t\t\t\t\t\t\t\t\t\t\t\t<\/div>\n\t\t\t\t\t\t<\/div>\n\t\t\t\t<\/div>\n\t\t\t\t<div class=\"elementor-element elementor-element-eec4b9e elementor-widget elementor-widget-wd_marquee\" data-id=\"eec4b9e\" data-element_type=\"widget\" data-e-type=\"widget\" data-widget_type=\"wd_marquee.default\">\n\t\t\t\t<div class=\"elementor-widget-container\">\n\t\t\t\t\t\t\t<div class=\"wd-marquee \">\n\t\t\t<div class=\"wd-marquee-content\">\n\t\t\t\t\t\t\t<span class=\"wd-marquee-item\">\n\t\t\t\t\n\t\t\t\t\t\t\t\t\tFrantoio Congedi \/ Huile d'olive vierge extra\t\t\t\t\n\t\t\t\t\t\t\t<\/span>\n\t\t\t\t\t\t<\/div>\n\t\t\t<div class=\"wd-marquee-content\">\n\t\t\t\t\t\t\t<span class=\"wd-marquee-item\">\n\t\t\t\t\n\t\t\t\t\t\t\t\t\tFrantoio Congedi \/ Huile d'olive vierge extra\t\t\t\t\n\t\t\t\t\t\t\t<\/span>\n\t\t\t\t\t\t<\/div>\n\t\t<\/div>\n\t\t\t\t\t\t<\/div>\n\t\t\t\t<\/div>\n\t\t\t\t\t<\/div>\n\t\t\t\t<\/div>\n\t\t<div class=\"wd-negative-gap elementor-element elementor-element-78ff699 e-flex e-con-boxed e-con e-parent\" data-id=\"78ff699\" data-element_type=\"container\" data-e-type=\"container\">\n\t\t\t\t\t<div class=\"e-con-inner\">\n\t\t<div class=\"elementor-element elementor-element-9d092cc e-con-full e-flex e-con e-child\" data-id=\"9d092cc\" data-element_type=\"container\" data-e-type=\"container\">\n\t\t<div class=\"elementor-element elementor-element-1eedc19 e-con-full e-flex e-con e-child\" data-id=\"1eedc19\" data-element_type=\"container\" data-e-type=\"container\">\n\t\t\t\t<div class=\"elementor-element elementor-element-41f0dc0 wd-width-100 elementor-widget elementor-widget-wd_title\" data-id=\"41f0dc0\" data-element_type=\"widget\" data-e-type=\"widget\" data-widget_type=\"wd_title.default\">\n\t\t\t\t<div class=\"elementor-widget-container\">\n\t\t\t\t\t\t\t<div class=\"title-wrapper wd-set-mb reset-last-child wd-title-color-default wd-title-style-default wd-title-size-default text-left\">\n\n\t\t\t\n\t\t\t<div class=\"liner-continer\">\n\t\t\t\t<h4 class=\"woodmart-title-container title wd-fontsize-l\">Les d\u00e9buts<\/h4> \n\t\t\t\t\t\t\t<\/div>\n\n\t\t\t\t\t<\/div>\n\t\t\t\t\t\t<\/div>\n\t\t\t\t<\/div>\n\t\t\t\t<div class=\"elementor-element elementor-element-40f5bb8 elementor-widget elementor-widget-wd_text_block\" data-id=\"40f5bb8\" data-element_type=\"widget\" data-e-type=\"widget\" data-widget_type=\"wd_text_block.default\">\n\t\t\t\t<div class=\"elementor-widget-container\">\n\t\t\t\t\t\t\t<div class=\"wd-text-block reset-last-child text-left\">\n\t\t\t\n\t\t\t<p>C'est ainsi que Luce Damiani a donn\u00e9 naissance \u00e0 une histoire marqu\u00e9e par le courage et le d\u00e9vouement, d\u00e9fiant les conventions d'un monde o\u00f9 il n'y avait de place que pour les hommes. En <strong>1917<\/strong>, elle a transform\u00e9 la terre h\u00e9rit\u00e9e de son p\u00e8re en une r\u00e9alit\u00e9 productive moderne. L'agriculture est le lien entre les g\u00e9n\u00e9rations et les souvenirs familiaux, une v\u00e9ritable ligne de vie pour les origines. Parmi ses sept enfants, le fils a\u00een\u00e9 Antonio Congedi, ma\u00eetre huilier, a h\u00e9rit\u00e9 de l'obstination de sa m\u00e8re et a encore am\u00e9lior\u00e9 l'entreprise, en innovant le processus de transformation de l'<a href=\"https:\/\/www.oliocongedi.com\/olio-extravergine-italiano\" target=\"_blank\" rel=\"noopener\"><strong>huile d'olive vierge extra<\/strong><\/a>. C'est ainsi qu'il a habilement fait \u00e9voluer la production de l'huile d'olive extra vierge des Pouilles vers l'huile d'olive extra vierge.<a href=\"https:\/\/www.oliocongedi.com\/olio-pugliese\" target=\"_blank\" rel=\"noopener\"><strong>huile des Pouilles<\/strong><\/a>et en particulier de l'huile<a href=\"https:\/\/www.oliocongedi.com\/coltivato-nel-salento\" target=\"_blank\" rel=\"noopener\"><strong>huile cultiv\u00e9e dans le Salento<\/strong><\/a>Il s'agit d'une terre comme le Salento qui, souvent abandonn\u00e9e \u00e0 elle-m\u00eame, a eu la possibilit\u00e9 de se faire un nom, gr\u00e2ce \u00e0 ceux qui ont su exploiter avec intelligence et passion ce que la terre donne sans effort.    <\/p>\n\t\t\t\t\t<\/div>\n\t\t\t\t\t\t<\/div>\n\t\t\t\t<\/div>\n\t\t\t\t<\/div>\n\t\t<div class=\"elementor-element elementor-element-d0379f6 e-con-full e-flex e-con e-child\" data-id=\"d0379f6\" data-element_type=\"container\" data-e-type=\"container\">\n\t\t\t\t<div class=\"elementor-element elementor-element-fd62e09 elementor-widget elementor-widget-wd_image_or_svg\" data-id=\"fd62e09\" data-element_type=\"widget\" data-e-type=\"widget\" data-widget_type=\"wd_image_or_svg.default\">\n\t\t\t\t<div class=\"elementor-widget-container\">\n\t\t\t\t\t\n\t\t<div class=\"wd-image text-left\">\n\t\t\t\t\t\t\t\t<img loading=\"lazy\" decoding=\"async\" width=\"664\" height=\"758\" src=\"https:\/\/frantoiocongedi.com\/wp-content\/uploads\/2025\/06\/la_storia.jpg\" class=\"attachment-full size-full\" alt=\"\" srcset=\"https:\/\/frantoiocongedi.com\/wp-content\/uploads\/2025\/06\/la_storia.jpg 664w, https:\/\/frantoiocongedi.com\/wp-content\/uploads\/2025\/06\/la_storia-150x171.jpg 150w, https:\/\/frantoiocongedi.com\/wp-content\/uploads\/2025\/06\/la_storia-263x300.jpg 263w\" sizes=\"auto, (max-width: 664px) 100vw, 664px\" \/>\t\t\t\t\t<\/div>\n\n\t\t\t\t\t\t<\/div>\n\t\t\t\t<\/div>\n\t\t\t\t<\/div>\n\t\t\t\t<\/div>\n\t\t\t\t\t<\/div>\n\t\t\t\t<\/div>\n\t\t<div class=\"wd-negative-gap elementor-element elementor-element-d57715e wd-section-stretch e-flex e-con-boxed e-con e-parent\" data-id=\"d57715e\" data-element_type=\"container\" data-e-type=\"container\" data-settings=\"{&quot;background_background&quot;:&quot;classic&quot;}\">\n\t\t\t\t\t<div class=\"e-con-inner\">\n\t\t\t\t<div class=\"elementor-element elementor-element-489e308 wd-width-100 elementor-widget elementor-widget-wd_title\" data-id=\"489e308\" data-element_type=\"widget\" data-e-type=\"widget\" data-widget_type=\"wd_title.default\">\n\t\t\t\t<div class=\"elementor-widget-container\">\n\t\t\t\t\t\t\t<div class=\"title-wrapper wd-set-mb reset-last-child wd-title-color-default wd-title-style-default wd-title-size-default text-center\">\n\n\t\t\t\n\t\t\t<div class=\"liner-continer\">\n\t\t\t\t<h4 class=\"woodmart-title-container title wd-fontsize-l\">L'\u00e9volution<\/h4> \n\t\t\t\t\t\t\t<\/div>\n\n\t\t\t\t\t\t\t<div class=\"title-after_title reset-last-child wd-fontsize-xs\">\n\t\t\t\t\t<p>En 1989, la production d'huile d'olive <a href=\"https:\/\/www.oliocongedi.com\/olio-del-salento\" target=\"_blank\" rel=\"noopener\"><strong>huile d'olive extra vierge<\/strong><\/a> passe aux mains de Luigi, son fils a\u00een\u00e9, qui, suivant les conseils de son p\u00e8re, allie <strong>qualit\u00e9<\/strong>, <strong>tradition<\/strong> et <strong>innovation technologique<\/strong>, avec la pr\u00e9cieuse contribution de ses fils Ettore et Matteo, qui, apr\u00e8s avoir termin\u00e9 leurs \u00e9tudes, viennent diriger l'entreprise. La nouvelle g\u00e9n\u00e9ration, \u00e0 la t\u00eate d'une entreprise salentine riche d'une histoire de plusieurs d\u00e9cennies, se r\u00e9invente pour moderniser la production de l'huile d'olive cultiv\u00e9e dans le Salento.<a href=\"https:\/\/www.oliocongedi.com\/coltivato-nel-salento\" target=\"_blank\" rel=\"noopener\"><strong>l'huile cultiv\u00e9e dans le Salento<\/strong><\/a>C'est Ettore et Matteo qui ont eu l'id\u00e9e d'installer le premier d\u00e9canteur centrifuge, qui permet de ne produire aucun d\u00e9chet de transformation, amenant ainsi l'entreprise \u00e0 r\u00e9aliser l'un de ses grands d\u00e9sirs en 2014 : \u00eatre totalement <strong>\u00e9co-durable<\/strong>. <\/p>\t\t\t\t<\/div>\n\t\t\t\t\t<\/div>\n\t\t\t\t\t\t<\/div>\n\t\t\t\t<\/div>\n\t\t\t\t<div class=\"elementor-element elementor-element-783c5c0 elementor-widget elementor-widget-image\" data-id=\"783c5c0\" data-element_type=\"widget\" data-e-type=\"widget\" data-widget_type=\"image.default\">\n\t\t\t\t<div class=\"elementor-widget-container\">\n\t\t\t\t\t\t\t\t\t\t\t\t\t\t\t<img loading=\"lazy\" decoding=\"async\" width=\"1000\" height=\"667\" src=\"https:\/\/frantoiocongedi.com\/wp-content\/uploads\/2025\/06\/fratelli-congedo.jpg\" class=\"attachment-large size-large wp-image-3628\" alt=\"\" srcset=\"https:\/\/frantoiocongedi.com\/wp-content\/uploads\/2025\/06\/fratelli-congedo.jpg 1000w, https:\/\/frantoiocongedi.com\/wp-content\/uploads\/2025\/06\/fratelli-congedo-150x100.jpg 150w, https:\/\/frantoiocongedi.com\/wp-content\/uploads\/2025\/06\/fratelli-congedo-300x200.jpg 300w, https:\/\/frantoiocongedi.com\/wp-content\/uploads\/2025\/06\/fratelli-congedo-768x512.jpg 768w\" sizes=\"auto, (max-width: 1000px) 100vw, 1000px\" \/>\t\t\t\t\t\t\t\t\t\t\t\t\t\t\t<\/div>\n\t\t\t\t<\/div>\n\t\t\t\t<div class=\"elementor-element elementor-element-ed67692 elementor-widget elementor-widget-wd_text_block\" data-id=\"ed67692\" data-element_type=\"widget\" data-e-type=\"widget\" data-widget_type=\"wd_text_block.default\">\n\t\t\t\t<div class=\"elementor-widget-container\">\n\t\t\t\t\t\t\t<div class=\"wd-text-block reset-last-child text-center\">\n\t\t\t\n\t\t\t<p><em>La tradition et la technologie de pointe conduisent l'entreprise vers de nouveaux objectifs, qui la voient r\u00e9compens\u00e9e et mentionn\u00e9e dans les guides industriels les plus prestigieux. Et c'est avec fiert\u00e9 qu'aujourd'hui, le Frantoio Congedi partage son huile faite de passion et d'amour avec vous tous, dans le monde entier... <\/em><\/p>\n\t\t\t\t\t<\/div>\n\t\t\t\t\t\t<\/div>\n\t\t\t\t<\/div>\n\t\t\t\t\t<\/div>\n\t\t\t\t<\/div>\n\t\t\t\t<\/div>\n\t\t","protected":false},"excerpt":{"rendered":"<p>L&rsquo;histoire d&rsquo;une famille et de son amour pour l&rsquo;huile d&rsquo;olive extra vierge Depuis quatre g\u00e9n\u00e9rations, sur les terres ensoleill\u00e9es et<\/p>\n","protected":false},"author":1,"featured_media":0,"parent":0,"menu_order":0,"comment_status":"closed","ping_status":"closed","template":"","meta":{"footnotes":""},"class_list":["post-3626","page","type-page","status-publish","hentry"],"jetpack_sharing_enabled":true,"_links":{"self":[{"href":"https:\/\/frantoiocongedi.com\/fr\/wp-json\/wp\/v2\/pages\/3626","targetHints":{"allow":["GET"]}}],"collection":[{"href":"https:\/\/frantoiocongedi.com\/fr\/wp-json\/wp\/v2\/pages"}],"about":[{"href":"https:\/\/frantoiocongedi.com\/fr\/wp-json\/wp\/v2\/types\/page"}],"author":[{"embeddable":true,"href":"https:\/\/frantoiocongedi.com\/fr\/wp-json\/wp\/v2\/users\/1"}],"replies":[{"embeddable":true,"href":"https:\/\/frantoiocongedi.com\/fr\/wp-json\/wp\/v2\/comments?post=3626"}],"version-history":[{"count":3,"href":"https:\/\/frantoiocongedi.com\/fr\/wp-json\/wp\/v2\/pages\/3626\/revisions"}],"predecessor-version":[{"id":2000001747,"href":"https:\/\/frantoiocongedi.com\/fr\/wp-json\/wp\/v2\/pages\/3626\/revisions\/2000001747"}],"wp:attachment":[{"href":"https:\/\/frantoiocongedi.com\/fr\/wp-json\/wp\/v2\/media?parent=3626"}],"curies":[{"name":"wp","href":"https:\/\/api.w.org\/{rel}","templated":true}]}}