{"id":3668,"date":"2025-06-17T16:53:22","date_gmt":"2025-06-17T16:53:22","guid":{"rendered":"https:\/\/frantoiocongedi.com\/politique-de-confidentialite\/"},"modified":"2026-02-25T11:20:17","modified_gmt":"2026-02-25T11:20:17","slug":"politique-de-confidentialite","status":"publish","type":"page","link":"https:\/\/frantoiocongedi.com\/fr\/politique-de-confidentialite\/","title":{"rendered":"Politique de confidentialit\u00e9"},"content":{"rendered":"\n<h2 class=\"wp-block-heading\">Informations fournies conform\u00e9ment \u00e0 l&rsquo;article 13 du r\u00e8glement (UE) 2016\/679 (ci-apr\u00e8s d\u00e9nomm\u00e9 \u00ab\u00a0le r\u00e8glement\u00a0\u00bb) &#8211; aux utilisateurs qui acc\u00e8dent au site web www.frantoiocongedi.com <\/h2>\n\n<p>Par la pr\u00e9sente politique, <strong> OLEARIA CONGEDI SRL<\/strong>, propri\u00e9taire de la marque et du site frantoiocongedi.com, entend informer les utilisateurs qui visitent le site \u00ab\u00a0frantoiocongedi.com\u00a0\u00bb (ci-apr\u00e8s le \u00ab\u00a0Site\u00a0\u00bb) de la politique adopt\u00e9e en mati\u00e8re de protection des donn\u00e9es personnelles, en soulignant son engagement et son attention \u00e0 l&rsquo;\u00e9gard de la protection de la vie priv\u00e9e des visiteurs du Site. Nous vous prions de lire attentivement notre politique de confidentialit\u00e9, qui s&rsquo;applique aussi bien si vous acc\u00e9dez au site et d\u00e9cidez simplement de le parcourir en utilisant nos services, sans acheter aucun produit, que si vous d\u00e9cidez d&rsquo;effectuer un achat. <\/p>\n\n<p>La navigation \u00e0 l&rsquo;int\u00e9rieur du Site est gratuite et ne n\u00e9cessite aucune inscription, \u00e0 l&rsquo;exception de certaines zones dans lesquelles l&rsquo;utilisateur peut librement et express\u00e9ment fournir une s\u00e9rie de donn\u00e9es le concernant afin d&rsquo;acc\u00e9der \u00e0 des services sp\u00e9cifiquement identifi\u00e9s (par exemple, pour pouvoir proc\u00e9der \u00e0 des achats, s&rsquo;abonner \u00e0 la newsletter ou demander des informations, etc.)<\/p>\n\n<p>Lorsque, par cons\u00e9quent, le visiteur a l&rsquo;intention de fournir ses propres donn\u00e9es personnelles pour acc\u00e9der \u00e0 ces services suppl\u00e9mentaires, il en sera express\u00e9ment inform\u00e9 conform\u00e9ment au d\u00e9cret l\u00e9gislatif n\u00b0 196 du 30 juin 2003, \u00ab\u00a0Code de protection des donn\u00e9es personnelles\u00a0\u00bb, (le \u00ab\u00a0Code\u00a0\u00bb) et au R\u00e8glement UE 679\/2016 \u00ab\u00a0R\u00e8glement g\u00e9n\u00e9ral sur la protection des donn\u00e9es\u00a0\u00bb (le \u00ab\u00a0R\u00e8glement\u00a0\u00bb) avec une indication (\u00e0 titre d&rsquo;exemple) des finalit\u00e9s et des modalit\u00e9s d&rsquo;utilisation des donn\u00e9es par frantoiocongedi.com, ainsi que le droit de demander \u00e0 tout moment l&rsquo;effacement des donn\u00e9es ou leur mise \u00e0 jour. Toute r\u00e9f\u00e9rence au Code contenue dans la Politique de confidentialit\u00e9, et dans le Site en g\u00e9n\u00e9ral, doit \u00eatre comprise comme valable et efficace dans les limites et dans la mesure o\u00f9 les r\u00e8gles auxquelles il est fait r\u00e9f\u00e9rence resteront en vigueur apr\u00e8s l&rsquo;entr\u00e9e en vigueur du R\u00e8glement (25 mai 2018).   <\/p>\n\n<p>Le site n&rsquo;est pas destin\u00e9 \u00e0 \u00eatre utilis\u00e9 par des enfants de moins de seize ans, auxquels il est \u00e9galement interdit de cr\u00e9er un compte ou de fournir des informations personnelles.<\/p>\n\n<p>Conform\u00e9ment au Code et au R\u00e8glement, <strong>OLEARIA CONGEDI SRL<\/strong> fournit les informations suivantes.<\/p>\n\n<h2 class=\"wp-block-heading\"><strong>Le contr\u00f4leur des donn\u00e9es et les responsables du traitement des donn\u00e9es<\/strong><\/h2>\n\n<p>Le responsable du traitement des donn\u00e9es personnelles est <strong>OLEARIA CONGEDI SRL<\/strong>, dont le si\u00e8ge social se trouve \u00e0 Via Mare snc &#8211; C.da Masseria Bianco, 73059 Ugento (LE), P.IVA 04230250757, Reg. Imp di LECCE, e-mail info@frantoiocongedi.com. <\/p>\n\n<h2 class=\"wp-block-heading\"><strong>1. OBJET DU TRAITEMENT<\/strong><\/h2>\n\n<p>Le contr\u00f4leur traite des donn\u00e9es personnelles d&rsquo;identification (par exemple, le pr\u00e9nom, le nom, la raison sociale, l&rsquo;adresse, le num\u00e9ro de t\u00e9l\u00e9phone, le courrier \u00e9lectronique, les r\u00e9f\u00e9rences bancaires et de paiement), ci-apr\u00e8s d\u00e9nomm\u00e9es \u00ab\u00a0donn\u00e9es personnelles\u00a0\u00bb ou \u00ab\u00a0donn\u00e9es\u00a0\u00bb, que vous avez communiqu\u00e9es lors de la conclusion de contrats portant sur les services du contr\u00f4leur.<\/p>\n\n<h2 class=\"wp-block-heading\"><strong>2. BUT<\/strong><\/h2>\n\n<p>Vos donn\u00e9es personnelles sont trait\u00e9es A) sans votre consentement expr\u00e8s (art. 24 lett. a), b), c) du Code de la protection de la vie priv\u00e9e et art. 6 lett. b), e) GDPR), pour les finalit\u00e9s de service suivantes : &#8211; conclure des contrats pour les services du contr\u00f4leur ; &#8211; remplir les obligations pr\u00e9contractuelles, contractuelles et fiscales d\u00e9coulant des relations existantes avec vous ; &#8211; remplir les obligations pr\u00e9vues par la loi, par un r\u00e8glement, par la l\u00e9gislation de l&rsquo;UE ou par une ordonnance de l&rsquo;Autorit\u00e9 (comme la lutte contre le blanchiment d&rsquo;argent) ; &#8211; exercer les droits du contr\u00f4leur, par exemple le droit de d\u00e9fense en justice ; B) uniquement avec votre consentement sp\u00e9cifique et s\u00e9par\u00e9 (art. 23 et 130 du Code de la vie priv\u00e9e). B) uniquement avec votre consentement sp\u00e9cifique et distinct (articles 23 et 130 du Code de la protection de la vie priv\u00e9e et article 7 du RGPD), aux fins de marketing suivantes : &#8211; pour vous envoyer des bulletins d&rsquo;information, des communications commerciales et\/ou du mat\u00e9riel publicitaire sur les produits ou services offerts par le responsable du traitement et des enqu\u00eates de satisfaction sur la qualit\u00e9 des services ; &#8211; pour vous envoyer des communications commerciales et\/ou promotionnelles et\/ou des contacts t\u00e9l\u00e9phoniques de la part de tiers par e-mail, courrier postal et\/ou SMS et\/ou contacts t\u00e9l\u00e9phoniques. Nous vous signalons que si vous \u00eates d\u00e9j\u00e0 notre client, nous pourrons vous envoyer des communications commerciales relatives \u00e0 des services et produits du responsable du traitement similaires \u00e0 ceux que vous avez d\u00e9j\u00e0 utilis\u00e9s, sauf si vous n&rsquo;\u00eates pas d&rsquo;accord (art. 130 c. 4 du Code de la protection de la vie priv\u00e9e).        <\/p>\n\n<p>Aucune inscription n&rsquo;est requise pour acc\u00e9der au site. Il existe cependant des sections du site qui n\u00e9cessitent une inscription ou l&rsquo;utilisation d&rsquo;un nom d&rsquo;utilisateur et d&rsquo;un mot de passe (par exemple, pour s&rsquo;inscrire dans l&rsquo;espace personnel, ou pour compl\u00e9ter le processus d&rsquo;achat en ligne), ou des services pour l&rsquo;utilisation desquels il est n\u00e9cessaire de fournir vos donn\u00e9es (par exemple, vos donn\u00e9es peuvent \u00eatre n\u00e9cessaires pour acc\u00e9der aux services de la newsletter, pour nous contacter, etc.) <\/p>\n\n<p>Dans le cas o\u00f9 frantoiocongedi.com acquiert des informations et des donn\u00e9es personnelles, il informera les utilisateurs \u00e0 l&rsquo;avance des objectifs pour lesquels ces donn\u00e9es sont demand\u00e9es et de la fa\u00e7on dont elles seront utilis\u00e9es. Si n\u00e9cessaire, frantoiocongedi.com obtiendra le consentement sp\u00e9cifique de l&rsquo;utilisateur pour l&rsquo;utilisation des donn\u00e9es. \u00c0 titre d&rsquo;exemple, des donn\u00e9es personnelles telles que le nom et le pr\u00e9nom, le num\u00e9ro de t\u00e9l\u00e9phone, l&rsquo;adresse \u00e9lectronique et d&rsquo;autres informations que l&rsquo;utilisateur accepte de fournir pour utiliser les services du site en remplissant un formulaire d&rsquo;inscription sp\u00e9cifique (par exemple pour acc\u00e9der \u00e0 la zone r\u00e9serv\u00e9e du site) peuvent \u00eatre demand\u00e9es. frantoiocongedi.com utilisera les donn\u00e9es personnelles collect\u00e9es en ligne uniquement aux fins indiqu\u00e9es lors de l&rsquo;inscription.   <\/p>\n\n<p><em>Bulletins d&rsquo;information et communications commerciales<\/em><\/p>\n\n<p>L&rsquo;utilisateur peut choisir volontairement de recevoir des bulletins d&rsquo;information et des communications commerciales. Le site demande un consentement explicite et libre avant d&rsquo;entreprendre de telles initiatives promotionnelles et peut demander \u00e0 l&rsquo;utilisateur des informations suppl\u00e9mentaires afin de cr\u00e9er des communications personnalis\u00e9es et plus pertinentes. L&rsquo;utilisateur peut toujours retirer facilement son consentement, qui constitue la base juridique de ce traitement (article 6, paragraphe 1, point a), du r\u00e8glement).  <\/p>\n\n<p><em>Commandes commerciales<\/em><\/p>\n\n<p>Lors de la commande, frantoiocongedi.com demande \u00e0 l&rsquo;utilisateur de fournir des donn\u00e9es personnelles dans le but essentiel de fournir le service ou le bien achet\u00e9, y compris \u00e9galement la phase apr\u00e8s-vente (par exemple, le suivi de la livraison, les services d&rsquo;assistance, la satisfaction du client) et la pr\u00e9vention de la fraude et de l&rsquo;utilisation indue du site. La base juridique du traitement est l&rsquo;ex\u00e9cution des obligations contractuelles (art. 6.1.b du r\u00e8glement). Pour les paiements, le site fait appel \u00e0 des fournisseurs tiers et ne stocke aucune information bancaire appartenant \u00e0 l&rsquo;utilisateur. Le responsable du traitement n&rsquo;a aucun contr\u00f4le sur le fournisseur de ce type de service et l&rsquo;utilisateur doit donc se r\u00e9f\u00e9rer \u00e0 la politique de confidentialit\u00e9 et aux conditions de service de ce fournisseur.   <\/p>\n\n<p><em>Profilage<\/em><\/p>\n\n<p>L&rsquo;objectif du profilage est de proposer des produits, des services et des initiatives plus adapt\u00e9s aux pr\u00e9f\u00e9rences, aux habitudes et aux int\u00e9r\u00eats des utilisateurs. Les donn\u00e9es personnelles peuvent \u00e9galement \u00eatre utilis\u00e9es \u00e0 des fins de remarketing, de reciblage ou de profilage par l&rsquo;interm\u00e9diaire de tiers (par exemple, les r\u00e9seaux sociaux). En ce qui concerne les utilisateurs du site, il est dans l&rsquo;int\u00e9r\u00eat l\u00e9gitime du site de traiter les donn\u00e9es personnelles afin d&rsquo;offrir des services plus int\u00e9ressants et personnalis\u00e9s en am\u00e9liorant la performance du site.  <\/p>\n\n<p><em>Mineurs<\/em><\/p>\n\n<p>Le site invite les parents et toutes les personnes qui encadrent des mineurs \u00e0 leur apprendre \u00e0 traiter les donn\u00e9es personnelles sur Internet de mani\u00e8re s\u00fbre et responsable. Les mineurs ne doivent pas transmettre de donn\u00e9es personnelles au site sans le consentement de leurs parents. Le site s&rsquo;engage \u00e0 ne pas collecter intentionnellement les donn\u00e9es personnelles des mineurs, \u00e0 ne pas les utiliser de quelque mani\u00e8re que ce soit et \u00e0 ne pas les communiquer \u00e0 des tiers.  <\/p>\n\n<h2 class=\"wp-block-heading\"><strong>3. M\u00c9THODES, DUR\u00c9E DU TRAITEMENT DES DONN\u00c9ES ET \u00c9TENDUE DE LA COMMUNICATION<\/strong><\/h2>\n\n<p>Le traitement de vos donn\u00e9es personnelles est effectu\u00e9 au moyen des op\u00e9rations indiqu\u00e9es \u00e0 l&rsquo;article 4 du Code de la protection de la vie priv\u00e9e et \u00e0 l&rsquo;article 4 n\u00b0 2 du RGPD, \u00e0 savoir : &#8211; collecte, enregistrement, organisation, conservation, consultation, traitement, modification, s\u00e9lection, extraction, comparaison, utilisation, interconnexion, blocage, communication, effacement et destruction des donn\u00e9es. Vos donn\u00e9es \u00e0 caract\u00e8re personnel font l&rsquo;objet d&rsquo;un traitement sur papier et d&rsquo;un traitement \u00e9lectronique et\/ou automatis\u00e9. Le responsable du traitement traitera vos donn\u00e9es personnelles pendant la dur\u00e9e n\u00e9cessaire \u00e0 la r\u00e9alisation des objectifs susmentionn\u00e9s et, en tout \u00e9tat de cause, pendant une dur\u00e9e maximale de 10 ans \u00e0 compter de la cessation de la relation \u00e0 des fins de service et pendant une dur\u00e9e maximale de 2 ans \u00e0 compter de la collecte des donn\u00e9es \u00e0 des fins de marketing.     <\/p>\n\n<h2 class=\"wp-block-heading\"><strong>4. L&rsquo;ACC\u00c8S AUX DONN\u00c9ES<\/strong><\/h2>\n\n<p>A) et 2.B) : &#8211; aux employ\u00e9s et collaborateurs du Titulaire du traitement et \u00e0 l&rsquo;\u00e9tranger, en qualit\u00e9 de responsables et\/ou de charg\u00e9s du traitement interne et\/ou d&rsquo;administrateurs de syst\u00e8mes ; &#8211; aux soci\u00e9t\u00e9s tierces ou autres entit\u00e9s (\u00e0 titre d&rsquo;exemple, \u00e9tablissements de cr\u00e9dit, cabinets professionnels, etc.) qui exercent des activit\u00e9s de sous-traitance pour le compte du Titulaire du traitement, en qualit\u00e9 de charg\u00e9s du traitement externe. Les donn\u00e9es peuvent \u00eatre trait\u00e9es aussi bien par voie \u00e9lectronique que sur papier (par exemple pour la gestion des achats sur le Site). frantoiocongedi.com garantit le traitement licite et correct des donn\u00e9es personnelles fournies par le biais du Site, dans le plein respect de la r\u00e9glementation en vigueur, ainsi que la confidentialit\u00e9 maximale des donn\u00e9es fournies lors de l&rsquo;enregistrement. Toutes les informations collect\u00e9es sont transmises dans une connexion prot\u00e9g\u00e9e afin d&rsquo;\u00e9viter qu&rsquo;elles ne soient intercept\u00e9es par des tiers.    <\/p>\n\n<p>Les donn\u00e9es fournies par les utilisateurs seront trait\u00e9es pendant les p\u00e9riodes stipul\u00e9es dans les informations sp\u00e9cifiques fournies au moment de la collecte des donn\u00e9es.<\/p>\n\n<p>En ce qui concerne la dur\u00e9e de conservation des donn\u00e9es collect\u00e9es \u00e0 l&rsquo;aide d&rsquo;outils de profilage (par exemple, les cookies), veuillez consulter notre politique en mati\u00e8re de cookies.<\/p>\n\n<p>Les donn\u00e9es ne seront pas communiqu\u00e9es ou divulgu\u00e9es \u00e0 des tiers, sauf dans les limites et les conditions express\u00e9ment indiqu\u00e9es dans la notice d&rsquo;information fournie \u00e0 l&rsquo;utilisateur de temps \u00e0 autre et sous r\u00e9serve du consentement pr\u00e9alable de l&rsquo;utilisateur.<\/p>\n\n<h2 class=\"wp-block-heading\"><strong>5. LA COMMUNICATION DE DONN\u00c9ES<\/strong><\/h2>\n\n<p>Sans avoir besoin de votre consentement expr\u00e8s (ex art. 24 lett. a), b), d) Privacy Code et art. 6 lett. b) et c) GDPR), le Titulaire du traitement peut communiquer vos donn\u00e9es pour les finalit\u00e9s vis\u00e9es \u00e0 l&rsquo;art. 2.A) aux organes de contr\u00f4le, aux autorit\u00e9s judiciaires, ainsi qu&rsquo;aux sujets auxquels la communication est l\u00e9galement obligatoire pour l&rsquo;accomplissement des finalit\u00e9s susmentionn\u00e9es. Ces sujets traiteront les donn\u00e9es en leur qualit\u00e9 de responsables autonomes du traitement. Vos donn\u00e9es ne seront pas diffus\u00e9es.       <\/p>\n\n<p>Le responsable du traitement peut transf\u00e9rer les donn\u00e9es personnelles de l&rsquo;utilisateur \u00e0 des tiers qualifi\u00e9s de sous-traitants ou de responsables du traitement afin d&rsquo;effectuer les op\u00e9rations techniques ou commerciales n\u00e9cessaires \u00e0 l&rsquo;ex\u00e9cution des services li\u00e9s \u00e0 l&rsquo;am\u00e9lioration de la gestion du site (par exemple, messagers et op\u00e9rateurs postaux ; agences publicitaires, commerciales et de m\u00e9dias sociaux ; fournisseurs de services informatiques ; fournisseurs de services de paiement ; fournisseurs de services d&rsquo;assistance \u00e0 la client\u00e8le). Dans ces cas, la fourniture de donn\u00e9es est essentielle pour remplir les engagements contractuels et am\u00e9liorer les performances du site. Le responsable du traitement s&rsquo;engage, par le biais d&rsquo;accords sur le traitement des donn\u00e9es, \u00e0 veiller \u00e0 ce que les responsables traitent les donn\u00e9es de mani\u00e8re appropri\u00e9e et s\u00fbre.  <\/p>\n\n<p>L&rsquo;utilisateur peut demander la liste des responsables du traitement en utilisant l&rsquo;adresse \u00e9lectronique du responsable du traitement. En outre, le responsable du traitement peut \u00eatre tenu de partager vos donn\u00e9es \u00e0 caract\u00e8re personnel lorsque la loi ou une d\u00e9cision d&rsquo;une autorit\u00e9 publique l&rsquo;exige ou pour prot\u00e9ger ses propres droits ou ceux d&rsquo;un tiers. <\/p>\n\n<p><em>Sites de tiers<\/em><\/p>\n\n<p>Cette politique ne couvre pas les autres sites ou plateformes vers lesquels le site peut renvoyer (par exemple les banni\u00e8res, publicit\u00e9s et autres liens vers des sites ou plateformes tiers) auxquels vous \u00eates invit\u00e9s \u00e0 vous r\u00e9f\u00e9rer en lisant la politique de cookies correspondante.<\/p>\n\n<h2 class=\"wp-block-heading\"><strong>6. TRANSFERT DE DONN\u00c9ES<\/strong><\/h2>\n\n<p>Les donn\u00e9es personnelles sont stock\u00e9es dans les locaux du contr\u00f4leur des donn\u00e9es au sein de l&rsquo;Union europ\u00e9enne. En tout \u00e9tat de cause, il est entendu que le contr\u00f4leur des donn\u00e9es aura le droit, si cela s&rsquo;av\u00e8re n\u00e9cessaire, de d\u00e9placer les serveurs en dehors de l&rsquo;UE. Dans ce cas, le responsable du traitement assure d&rsquo;ores et d\u00e9j\u00e0 que le transfert des donn\u00e9es en dehors de l&rsquo;UE s&rsquo;effectuera dans le respect des dispositions l\u00e9gales applicables, sous r\u00e9serve de la stipulation des clauses contractuelles types pr\u00e9vues par la Commission europ\u00e9enne.  <\/p>\n\n<p>Le traitement li\u00e9 aux services fournis par le site est effectu\u00e9 dans les locaux de <strong><strong>OLEARIA CONGEDI SRL<\/strong> <\/strong> indiqu\u00e9s au point 1 ci-dessus et sont effectu\u00e9s par les responsables du traitement du D\u00e9partement Marketing, ainsi que par les soci\u00e9t\u00e9s qui fournissent des services fonctionnels pour la gestion du Site, d\u00e9sign\u00e9es comme responsables externes du traitement.<\/p>\n\n<h2 class=\"wp-block-heading\"><strong>7. NATURE DES DONN\u00c9ES \u00c0 FOURNIR ET CONS\u00c9QUENCES D&rsquo;UN REFUS DE R\u00c9PONDRE<\/strong><\/h2>\n\n<p>La fourniture des donn\u00e9es aux fins de l&rsquo;article 2.A) est obligatoire. En leur absence, nous ne pourrons pas vous garantir les services de l&rsquo;article 2.A). En revanche, la fourniture de donn\u00e9es aux fins de l&rsquo;article 2.B) est facultative. Vous pouvez donc d\u00e9cider de ne pas fournir de donn\u00e9es ou de refuser par la suite la possibilit\u00e9 de traiter les donn\u00e9es d\u00e9j\u00e0 fournies : dans ce cas, vous ne pourrez pas recevoir de bulletins d&rsquo;information, de communications commerciales et de mat\u00e9riel publicitaire relatifs aux Services offerts par le Propri\u00e9taire. Vous continuerez toutefois \u00e0 b\u00e9n\u00e9ficier des services vis\u00e9s \u00e0 l&rsquo;article 2). Par le biais d&rsquo;une communication \u00e0 envoyer \u00e0 l&rsquo;adresse \u00e9lectronique<strong> info@frantoiocongedi.com<\/strong>, vous pouvez \u00e0 tout moment exercer vos droits conform\u00e9ment aux articles 15 \u00e0 23 du r\u00e8glement, notamment savoir quelles donn\u00e9es nous traitons, comment et \u00e0 quelles fins nous les utilisons, modifier les donn\u00e9es que vous nous avez fournies ou les supprimer, nous demander de limiter l&rsquo;utilisation de vos donn\u00e9es, demander \u00e0 recevoir ou \u00e0 transmettre vos donn\u00e9es, sans pr\u00e9judice de la possibilit\u00e9 de modifier votre consentement (s&rsquo;il y en a un). Vous pouvez \u00e9galement toujours vous opposer au traitement de vos donn\u00e9es effectu\u00e9 notamment \u00e0 des fins de marketing ou d&rsquo;analyse de vos pr\u00e9f\u00e9rences.          <\/p>\n\n<h2 class=\"wp-block-heading\"><strong>8. DROITS DE LA PERSONNE CONCERN\u00c9E<\/strong><\/h2>\n\n<p>En votre qualit\u00e9 de personne concern\u00e9e, vous disposez des droits vis\u00e9s \u00e0 l&rsquo;article 7 du Code de la protection de la vie priv\u00e9e et \u00e0 l&rsquo;article 15 du RGPD, et notamment des droits suivants &#8211; obtenir la confirmation de l&rsquo;existence ou non de donn\u00e9es personnelles vous concernant, m\u00eame si elles ne sont pas encore enregistr\u00e9es, et la communication de ces donn\u00e9es sous forme intelligible ; &#8211; obtenir des informations sur l&rsquo;origine des donn\u00e9es personnelles, les finalit\u00e9s et les modalit\u00e9s du traitement et la logique appliqu\u00e9e en cas de traitement effectu\u00e9 \u00e0 l&rsquo;aide d&rsquo;instruments \u00e9lectroniques, ainsi que l&rsquo;identit\u00e9 du responsable du traitement, des responsables du traitement et du repr\u00e9sentant d\u00e9sign\u00e9 aux termes de l&rsquo;art. 5, alin\u00e9a 2 du Code de la protection de la vie priv\u00e9e et de l&rsquo;art. 3, alin\u00e9a 1 du RGPD ; &#8211; obtenir la mise \u00e0 jour, la rectification ou, le cas \u00e9ch\u00e9ant, l&rsquo;int\u00e9gration des donn\u00e9es personnelles vous concernant. 3, alin\u00e9a 1, GDPR ; &#8211; obtenir la mise \u00e0 jour, la rectification ou, le cas \u00e9ch\u00e9ant, l&rsquo;int\u00e9gration des donn\u00e9es ; l&rsquo;effacement, la transformation sous forme anonyme ou le blocage des donn\u00e9es trait\u00e9es en violation de la loi, y compris les donn\u00e9es dont la conservation n&rsquo;est pas n\u00e9cessaire au regard des finalit\u00e9s pour lesquelles elles ont \u00e9t\u00e9 collect\u00e9es ou trait\u00e9es ult\u00e9rieurement ; &#8211; le cas \u00e9ch\u00e9ant, disposer \u00e9galement des droits vis\u00e9s \u00e0 l&rsquo;article 16-21 GDPR (droit \u00e0 la rectification). 16-21 GDPR (droit de rectification, droit \u00e0 l&rsquo;oubli, droit \u00e0 la limitation du traitement, droit \u00e0 la portabilit\u00e9 des donn\u00e9es, droit d&rsquo;opposition), ainsi que le droit d&rsquo;introduire une r\u00e9clamation aupr\u00e8s de l&rsquo;autorit\u00e9 de contr\u00f4le. Conform\u00e9ment \u00e0 l&rsquo;article 13, paragraphe 2, et \u00e0 l&rsquo;article 14, paragraphe 2, du RGPD, vous disposez d&rsquo;un droit d&rsquo;acc\u00e8s \u00e0 vos donn\u00e9es personnelles. 14 para. 2 GDPR vous avez le droit de conna\u00eetre : &#8211; la dur\u00e9e de conservation de vos donn\u00e9es personnelles &#8211; de demander au responsable du traitement l&rsquo;acc\u00e8s et la rectification ou l&rsquo;effacement de vos donn\u00e9es personnelles ou la limitation du traitement de vos donn\u00e9es personnelles ou de vous opposer au traitement de vos donn\u00e9es personnelles, ainsi que le droit \u00e0 la portabilit\u00e9 des donn\u00e9es ; Limit\u00e9 aux donn\u00e9es personnelles qui ne sont pas collect\u00e9es dans vos locaux, vous avez le droit de &#8211; de d\u00e9poser une plainte aupr\u00e8s d&rsquo;une autorit\u00e9 de contr\u00f4le ; &#8211; de conna\u00eetre la source d&rsquo;o\u00f9 proviennent vos donn\u00e9es \u00e0 caract\u00e8re personnel et, le cas \u00e9ch\u00e9ant, de savoir si les donn\u00e9es proviennent de sources accessibles au public ; &#8211; de savoir s&rsquo;il existe un processus d\u00e9cisionnel automatis\u00e9, y compris le profilage vis\u00e9 \u00e0 l&rsquo;article 22, paragraphes 1 et 4, du RGPD, et, au moins dans ce cas, d&rsquo;obtenir des informations utiles sur la logique utilis\u00e9e, ainsi que sur l&rsquo;importance et les cons\u00e9quences attendues d&rsquo;un tel traitement pour vous.     <\/p>\n\n<h2 class=\"wp-block-heading\"><strong>9. LES MODALIT\u00c9S D&rsquo;EXERCICE DES DROITS<\/strong><\/h2>\n\n<p>Vous pouvez exercer vos droits \u00e0 tout moment en envoyant :<\/p>\n\n<p>lettre recommand\u00e9e a.r. \u00e0 : <strong><strong>OLEARIA CONGEDI SRL<\/strong> <\/strong> <\/p>\n\n<p>Via Mare snc &#8211; C.da Masseria Bianco, 73059 Ugento (LE), un e-mail \u00e0 : info@frantoiocongedi.com<\/p>\n\n<h2 class=\"wp-block-heading\"><strong>10. PROPRI\u00c9TAIRE, DIRECTEURS ET PERSONNES NOMM\u00c9ES<\/strong><\/h2>\n\n<p>Le responsable du traitement des donn\u00e9es est :<\/p>\n\n<p><strong><strong>OLEARIA CONGEDI SRL<\/strong> <\/strong><\/p>\n\n<p>Via F. Quarta 65\/S &#8211; 73055 Racale (LE).<\/p>\n\n<p>Responsable DPO <strong><strong>OLEARIA CONGEDI SRL<\/strong> <\/strong> <\/p>\n\n<p>La liste mise \u00e0 jour des responsables et des personnes charg\u00e9es du traitement est conserv\u00e9e au si\u00e8ge du Responsable du traitement. frantoiocongedi.com se r\u00e9serve le droit de r\u00e9viser, modifier ou simplement mettre \u00e0 jour, en tout ou en partie, \u00e0 sa seule discr\u00e9tion, de quelque mani\u00e8re que ce soit et\/ou \u00e0 tout moment, sans pr\u00e9avis, la pr\u00e9sente Politique de Confidentialit\u00e9, \u00e9galement en consid\u00e9ration des changements l\u00e9gislatifs ou r\u00e9glementaires en mati\u00e8re de protection des donn\u00e9es personnelles. Les modifications et mises \u00e0 jour de la politique de confidentialit\u00e9 seront notifi\u00e9es aux utilisateurs par l&rsquo;envoi d&rsquo;e-mails aux utilisateurs enregistr\u00e9s du site et par leur publication sur la page d&rsquo;accueil du site, et seront contraignantes d\u00e8s qu&rsquo;elles seront publi\u00e9es et communiqu\u00e9es. Nous vous demandons donc d&rsquo;acc\u00e9der r\u00e9guli\u00e8rement \u00e0 cette section pour v\u00e9rifier la publication de la politique de confidentialit\u00e9 la plus r\u00e9cente et mise \u00e0 jour ou de consulter votre bo\u00eete de r\u00e9ception \u00e9lectronique.   <\/p>\n","protected":false},"excerpt":{"rendered":"<p>Informations fournies conform\u00e9ment \u00e0 l&rsquo;article 13 du r\u00e8glement (UE) 2016\/679 (ci-apr\u00e8s d\u00e9nomm\u00e9 \u00ab\u00a0le r\u00e8glement\u00a0\u00bb) &#8211; aux utilisateurs qui acc\u00e8dent au<\/p>\n","protected":false},"author":1,"featured_media":0,"parent":0,"menu_order":0,"comment_status":"closed","ping_status":"open","template":"","meta":{"footnotes":""},"class_list":["post-3668","page","type-page","status-publish","hentry"],"jetpack_sharing_enabled":true,"_links":{"self":[{"href":"https:\/\/frantoiocongedi.com\/fr\/wp-json\/wp\/v2\/pages\/3668","targetHints":{"allow":["GET"]}}],"collection":[{"href":"https:\/\/frantoiocongedi.com\/fr\/wp-json\/wp\/v2\/pages"}],"about":[{"href":"https:\/\/frantoiocongedi.com\/fr\/wp-json\/wp\/v2\/types\/page"}],"author":[{"embeddable":true,"href":"https:\/\/frantoiocongedi.com\/fr\/wp-json\/wp\/v2\/users\/1"}],"replies":[{"embeddable":true,"href":"https:\/\/frantoiocongedi.com\/fr\/wp-json\/wp\/v2\/comments?post=3668"}],"version-history":[{"count":1,"href":"https:\/\/frantoiocongedi.com\/fr\/wp-json\/wp\/v2\/pages\/3668\/revisions"}],"predecessor-version":[{"id":3671,"href":"https:\/\/frantoiocongedi.com\/fr\/wp-json\/wp\/v2\/pages\/3668\/revisions\/3671"}],"wp:attachment":[{"href":"https:\/\/frantoiocongedi.com\/fr\/wp-json\/wp\/v2\/media?parent=3668"}],"curies":[{"name":"wp","href":"https:\/\/api.w.org\/{rel}","templated":true}]}}